{"id":10153,"date":"2018-09-05T12:16:00","date_gmt":"2018-09-05T11:16:00","guid":{"rendered":"https:\/\/afarangabroad.com\/?p=10153"},"modified":"2020-05-01T04:46:11","modified_gmt":"2020-05-01T03:46:11","slug":"ladyboys-vietnam","status":"publish","type":"page","link":"https:\/\/afarangabroad.com\/de\/ladyboys-vietnam\/","title":{"rendered":"Wo man in Vietnam Ladyboys findet"},"content":{"rendered":"<p>Vietnam ist legend\u00e4r, und das wird durch sein unglaubliches Nachtleben untermauert. Wenn Sie das Wort Ladyboy erw\u00e4hnen, denken die meisten Sextouristen an Bangkok. Nun, die Dinge \u00e4ndern sich in Vietnam und ich werde Ihnen sagen, wo Sie mit einer kleinen Gemeinschaft von Ladyboys in Vietnam Spa\u00df haben k\u00f6nnen.<\/p>\n<p>Wenn Sie kostenlos Ladyboys in Vietnam treffen wollen,\u00a0<a href=\"https:\/\/afarangabroad.com\/de\/vietnamesische-amorette\/\" target=\"_blank\" rel=\"noopener noreferrer\">Lesen Sie diesen Artikel<\/a>.<a href=\"https:\/\/afarangabroad.com\/de\/vietnamesische-amorette\/\" target=\"_blank\" rel=\"noopener noreferrer\"><img loading=\"lazy\" decoding=\"async\" class=\"aligncenter size-large wp-image-7258\" src=\"https:\/\/afarangabroad.com\/wp-content\/uploads\/2016\/06\/Meet-Viet-Girls1-1024x691.png\" sizes=\"(max-width: 600px) 100vw, 600px\" srcset=\"https:\/\/afarangabroad.com\/wp-content\/uploads\/2016\/06\/Meet-Viet-Girls1-1024x691.png 1024w, https:\/\/afarangabroad.com\/wp-content\/uploads\/2016\/06\/Meet-Viet-Girls1-300x202.png 300w, https:\/\/afarangabroad.com\/wp-content\/uploads\/2016\/06\/Meet-Viet-Girls1-720x486.png 720w, https:\/\/afarangabroad.com\/wp-content\/uploads\/2016\/06\/Meet-Viet-Girls1.png 1038w\" alt=\"\" width=\"600\" height=\"405\" \/><\/a><\/p>\n<p>Im Laufe der Jahre hat die <a href=\"https:\/\/www.forbes.com\/sites\/ralphjennings\/2017\/05\/25\/after-same-sex-marriage-in-taiwan-spotlight-turns-to-this-asian-country\/\">LGBT<\/a> ist in Vietnam im Kommen. Die \u00f6rtliche Gemeinschaft wird immer aufgeschlossener, obwohl die Beh\u00f6rden nur wenig Anstrengungen unternehmen, um sie zu legalisieren.<\/p>\n<p>Wie in den meisten anderen L\u00e4ndern w\u00fcrde man meinen, dass Hanoi der richtige Ort ist, wenn man auf Ladyboys steht. Das ist in Vietnam nicht der Fall. Saigon, lokal bekannt als Ho Chi Minh, hat eine h\u00f6here Konzentration von Ladyboys Bars.<\/p>\n<p>Saigon befindet sich am Fu\u00dfe der Thai-Region. Hier sind vietnamesische Ladyboys in gr\u00f6\u00dferer Zahl anzutreffen, die sich entlang der Haupttouristenattraktionen zur Schau stellen und hoffen, einen Kunden f\u00fcr die Nacht zu bekommen.<\/p>\n<p>Verwandt: lernen, wie man M\u00e4dchen kennenlernt auf <a href=\"https:\/\/afarangabroad.com\/de\/tinder-vietnam\/\">Zunder in Vietnam<\/a>.<\/p>\n<p>If you have ever been with Thai ladyboys, there won\u2019t be much difference in our case. The appearance is similar although ones in Thai have a more feminine appearance thanks to years of hormone replacement treatments.<\/p>\n<p>Es gibt zwar nat\u00fcrliche Ladyboys, aber die meisten sind k\u00fcnstlich. Dies erkl\u00e4rt die geringe Konzentration von Transsexuellen in Vietnam angesichts der wirtschaftlichen Lage des Landes und der hohen Kosten der Operation.<\/p>\n<p>Enough with the dynamics of ladyboys in Vietnam, let\u2019s get to the details you need to get laid by a ladyboy in Vietnam.<\/p>\n<h2 style=\"text-align: center;\"><strong>Dating-Seiten <\/strong><\/h2>\n<h3><strong>Vietnam Amor <\/strong><\/h3>\n<p><a href=\"https:\/\/afarangabroad.com\/de\/vietnamesische-amorette\/\">Vietnam Amor<\/a> ist eine weitere praktikable Option, um Ladyboys in Vietnam zu finden. Im Gegensatz zu MyLadyboyDate ist Vietnam Cupid darauf ausgerichtet, M\u00e4dchen und Jungs zu verkuppeln, aber es gibt auch eine ziemlich gro\u00dfe Anzahl von Ladyboys.<\/p>\n<p>There&#8217;s also a lot of <a href=\"https:\/\/afarangabroad.com\/de\/hanoi-madchen\/\">normale M\u00e4dchen in Hanoi<\/a> und <a href=\"https:\/\/afarangabroad.com\/de\/girls-ho-chi-minh\/\">Frauen aus Saigon<\/a> dort.<\/p>","protected":false},"excerpt":{"rendered":"<p>Vietnam is legendary and this is backed by its incredible nightlife. If you mention the word ladyboy, most sex tourists will think of Bangkok. Well, things are changing in Vietnam and I will tell you where to have fun with a small community of ladyboys in Vietnam. If you want to meet ladyboys in Vietnam [&hellip;]<\/p>","protected":false},"author":2,"featured_media":8379,"parent":0,"menu_order":0,"comment_status":"open","ping_status":"open","template":"","meta":{"_exactmetrics_skip_tracking":false,"_exactmetrics_sitenote_active":false,"_exactmetrics_sitenote_note":"","_exactmetrics_sitenote_category":0,"footnotes":""},"categories":[328],"tags":[],"class_list":["post-10153","page","type-page","status-publish","has-post-thumbnail","hentry","category-vietnam"],"yoast_head":"<!-- This site is optimized with the Yoast SEO plugin v20.1 - https:\/\/yoast.com\/wordpress\/plugins\/seo\/ -->\n<title>Where to find ladyboys in Vietnam - A Farang Abroad<\/title>\n<meta name=\"description\" content=\"In this article I&#039;ll show you where to meet ladyboys in Vietnam for free. As well as bars and clubs I&#039;ll also show you where to meet them online before your trip.\" \/>\n<meta name=\"robots\" content=\"index, follow, max-snippet:-1, max-image-preview:large, max-video-preview:-1\" \/>\n<link rel=\"canonical\" href=\"https:\/\/afarangabroad.com\/de\/ladyboys-vietnam\/\" \/>\n<meta property=\"og:locale\" content=\"de_DE\" \/>\n<meta property=\"og:type\" content=\"article\" \/>\n<meta property=\"og:title\" content=\"Where to find ladyboys in Vietnam - A Farang Abroad\" \/>\n<meta property=\"og:description\" content=\"In this article I&#039;ll show you where to meet ladyboys in Vietnam for free. As well as bars and clubs I&#039;ll also show you where to meet them online before your trip.\" \/>\n<meta property=\"og:url\" content=\"https:\/\/afarangabroad.com\/de\/ladyboys-vietnam\/\" \/>\n<meta property=\"og:site_name\" content=\"A Farang Abroad\" \/>\n<meta property=\"article:modified_time\" content=\"2020-05-01T03:46:11+00:00\" \/>\n<meta property=\"og:image\" content=\"https:\/\/afarangabroad.com\/wp-content\/uploads\/2017\/04\/Sexy-Vietnam-girl.jpg\" \/>\n\t<meta property=\"og:image:width\" content=\"854\" \/>\n\t<meta property=\"og:image:height\" content=\"1280\" \/>\n\t<meta property=\"og:image:type\" content=\"image\/jpeg\" \/>\n<meta name=\"twitter:label1\" content=\"Gesch\u00e4tzte Lesezeit\" \/>\n\t<meta name=\"twitter:data1\" content=\"4\u00a0Minuten\" \/>\n<script type=\"application\/ld+json\" class=\"yoast-schema-graph\">{\"@context\":\"https:\/\/schema.org\",\"@graph\":[{\"@type\":\"WebPage\",\"@id\":\"https:\/\/afarangabroad.com\/ladyboys-vietnam\/\",\"url\":\"https:\/\/afarangabroad.com\/ladyboys-vietnam\/\",\"name\":\"Where to find ladyboys in Vietnam - A Farang Abroad\",\"isPartOf\":{\"@id\":\"https:\/\/afarangabroad.com\/#website\"},\"datePublished\":\"2018-09-05T11:16:00+00:00\",\"dateModified\":\"2020-05-01T03:46:11+00:00\",\"description\":\"In this article I'll show you where to meet ladyboys in Vietnam for free. As well as bars and clubs I'll also show you where to meet them online before your trip.\",\"breadcrumb\":{\"@id\":\"https:\/\/afarangabroad.com\/ladyboys-vietnam\/#breadcrumb\"},\"inLanguage\":\"de\",\"potentialAction\":[{\"@type\":\"ReadAction\",\"target\":[\"https:\/\/afarangabroad.com\/ladyboys-vietnam\/\"]}]},{\"@type\":\"BreadcrumbList\",\"@id\":\"https:\/\/afarangabroad.com\/ladyboys-vietnam\/#breadcrumb\",\"itemListElement\":[{\"@type\":\"ListItem\",\"position\":1,\"name\":\"Home\",\"item\":\"https:\/\/afarangabroad.com\/\"},{\"@type\":\"ListItem\",\"position\":2,\"name\":\"Where to find ladyboys in Vietnam\"}]},{\"@type\":\"WebSite\",\"@id\":\"https:\/\/afarangabroad.com\/#website\",\"url\":\"https:\/\/afarangabroad.com\/\",\"name\":\"A Farang Abroad\",\"description\":\"Your secret guide to Asia&#039;s sexiest nightlife.\",\"potentialAction\":[{\"@type\":\"SearchAction\",\"target\":{\"@type\":\"EntryPoint\",\"urlTemplate\":\"https:\/\/afarangabroad.com\/?s={search_term_string}\"},\"query-input\":\"required name=search_term_string\"}],\"inLanguage\":\"de\"}]}<\/script>\n<!-- \/ Yoast SEO plugin. -->","yoast_head_json":{"title":"Where to find ladyboys in Vietnam - A Farang Abroad","description":"In this article I'll show you where to meet ladyboys in Vietnam for free. As well as bars and clubs I'll also show you where to meet them online before your trip.","robots":{"index":"index","follow":"follow","max-snippet":"max-snippet:-1","max-image-preview":"max-image-preview:large","max-video-preview":"max-video-preview:-1"},"canonical":"https:\/\/afarangabroad.com\/de\/ladyboys-vietnam\/","og_locale":"de_DE","og_type":"article","og_title":"Where to find ladyboys in Vietnam - A Farang Abroad","og_description":"In this article I'll show you where to meet ladyboys in Vietnam for free. As well as bars and clubs I'll also show you where to meet them online before your trip.","og_url":"https:\/\/afarangabroad.com\/de\/ladyboys-vietnam\/","og_site_name":"A Farang Abroad","article_modified_time":"2020-05-01T03:46:11+00:00","og_image":[{"width":854,"height":1280,"url":"https:\/\/afarangabroad.com\/wp-content\/uploads\/2017\/04\/Sexy-Vietnam-girl.jpg","type":"image\/jpeg"}],"twitter_misc":{"Gesch\u00e4tzte Lesezeit":"4\u00a0Minuten"},"schema":{"@context":"https:\/\/schema.org","@graph":[{"@type":"WebPage","@id":"https:\/\/afarangabroad.com\/ladyboys-vietnam\/","url":"https:\/\/afarangabroad.com\/ladyboys-vietnam\/","name":"Where to find ladyboys in Vietnam - A Farang Abroad","isPartOf":{"@id":"https:\/\/afarangabroad.com\/#website"},"datePublished":"2018-09-05T11:16:00+00:00","dateModified":"2020-05-01T03:46:11+00:00","description":"In this article I'll show you where to meet ladyboys in Vietnam for free. As well as bars and clubs I'll also show you where to meet them online before your trip.","breadcrumb":{"@id":"https:\/\/afarangabroad.com\/ladyboys-vietnam\/#breadcrumb"},"inLanguage":"de","potentialAction":[{"@type":"ReadAction","target":["https:\/\/afarangabroad.com\/ladyboys-vietnam\/"]}]},{"@type":"BreadcrumbList","@id":"https:\/\/afarangabroad.com\/ladyboys-vietnam\/#breadcrumb","itemListElement":[{"@type":"ListItem","position":1,"name":"Home","item":"https:\/\/afarangabroad.com\/"},{"@type":"ListItem","position":2,"name":"Where to find ladyboys in Vietnam"}]},{"@type":"WebSite","@id":"https:\/\/afarangabroad.com\/#website","url":"https:\/\/afarangabroad.com\/","name":"A Farang Abroad","description":"Your secret guide to Asia&#039;s sexiest nightlife.","potentialAction":[{"@type":"SearchAction","target":{"@type":"EntryPoint","urlTemplate":"https:\/\/afarangabroad.com\/?s={search_term_string}"},"query-input":"required name=search_term_string"}],"inLanguage":"de"}]}},"_links":{"self":[{"href":"https:\/\/afarangabroad.com\/de\/wp-json\/wp\/v2\/pages\/10153"}],"collection":[{"href":"https:\/\/afarangabroad.com\/de\/wp-json\/wp\/v2\/pages"}],"about":[{"href":"https:\/\/afarangabroad.com\/de\/wp-json\/wp\/v2\/types\/page"}],"author":[{"embeddable":true,"href":"https:\/\/afarangabroad.com\/de\/wp-json\/wp\/v2\/users\/2"}],"replies":[{"embeddable":true,"href":"https:\/\/afarangabroad.com\/de\/wp-json\/wp\/v2\/comments?post=10153"}],"version-history":[{"count":0,"href":"https:\/\/afarangabroad.com\/de\/wp-json\/wp\/v2\/pages\/10153\/revisions"}],"wp:featuredmedia":[{"embeddable":true,"href":"https:\/\/afarangabroad.com\/de\/wp-json\/wp\/v2\/media\/8379"}],"wp:attachment":[{"href":"https:\/\/afarangabroad.com\/de\/wp-json\/wp\/v2\/media?parent=10153"}],"wp:term":[{"taxonomy":"category","embeddable":true,"href":"https:\/\/afarangabroad.com\/de\/wp-json\/wp\/v2\/categories?post=10153"},{"taxonomy":"post_tag","embeddable":true,"href":"https:\/\/afarangabroad.com\/de\/wp-json\/wp\/v2\/tags?post=10153"}],"curies":[{"name":"wp","href":"https:\/\/api.w.org\/{rel}","templated":true}]}}