{"id":10156,"date":"2018-09-05T12:35:04","date_gmt":"2018-09-05T11:35:04","guid":{"rendered":"https:\/\/afarangabroad.com\/?p=10156"},"modified":"2019-09-22T13:31:15","modified_gmt":"2019-09-22T12:31:15","slug":"ladyboys-in-phuket","status":"publish","type":"page","link":"https:\/\/afarangabroad.com\/de\/ladyboys-in-phuket\/","title":{"rendered":"6 Orte, an denen man Ladyboys in Phuket findet"},"content":{"rendered":"<p>Es gibt eine Explosion von<a href=\"https:\/\/afarangabroad.com\/de\/ladyboys-in-phuket\/\"> Ladyboys in Thailand<\/a>. mit vielen Ladyboys in Phuket auch f\u00fcr dich.<\/p>\n<p>The number\u00a0one way to meet\u00a0Ladyboys in Phuket is through dating sites like\u00a0<a href=\"https:\/\/afarangabroad.com\/de\/recommends\/ladyboydating\/\" target=\"_blank\" rel=\"nofollow noopener noreferrer\">Thail\u00e4ndisch Freundlich<\/a>. Sie k\u00f6nnen M\u00e4dchen nach Geschlecht filtern, einschlie\u00dflich Ladyboys, oder Sie k\u00f6nnen sie drau\u00dfen in Bars und Clubs treffen.<\/p>\n<p><a href=\"https:\/\/afarangabroad.com\/de\/recommends\/ladyboydating\/\" target=\"_blank\" rel=\"nofollow noopener noreferrer\"><img loading=\"lazy\" decoding=\"async\" class=\"aligncenter wp-image-7640 size-large\" src=\"https:\/\/afarangabroad.com\/wp-content\/uploads\/2015\/10\/ladyboys-1024x691.png\" sizes=\"(max-width: 600px) 100vw, 600px\" srcset=\"https:\/\/afarangabroad.com\/wp-content\/uploads\/2015\/10\/ladyboys-1024x691.png 1024w, https:\/\/afarangabroad.com\/wp-content\/uploads\/2015\/10\/ladyboys-300x202.png 300w, https:\/\/afarangabroad.com\/wp-content\/uploads\/2015\/10\/ladyboys-768x518.png 768w, https:\/\/afarangabroad.com\/wp-content\/uploads\/2015\/10\/ladyboys-720x486.png 720w, https:\/\/afarangabroad.com\/wp-content\/uploads\/2015\/10\/ladyboys.png 1038w\" alt=\"Ladyboys\" width=\"678\" height=\"458\" \/><\/a><\/p>\n<p>The rise in number is to quench the thirst of guys looking for their\u00a0 services. If you are a serious ladyboy lover or want to try them, you&#8217;ll find plenty of ladyboys in Phuket.<\/p>\n<p>W\u00e4hrend es in anderen St\u00e4dten Thailands eine gro\u00dfe Anzahl von Ladyboys gibt, gilt Phuket als die Shemale-Insel. Bangkok ist zu hektisch und Pattaya hat keine sauberen Str\u00e4nde. Dies macht Phuket besser f\u00fcr Touristen und die Ladyboys str\u00f6men in die Stadt, um ihren Aufenthalt noch besser zu machen.<\/p>\n<p><em>Sie m\u00f6chten wissen, wo Sie in Phuket hingehen k\u00f6nnen? Dann lesen Sie meine Reisef\u00fchrer \u00fcber:<\/em><\/p>\n<p><a href=\"https:\/\/afarangabroad.com\/de\/best-go-go-bars-phuket\/\">Die besten Go-Go-Bars in Phuket<\/a><\/p>\n<p><a href=\"https:\/\/afarangabroad.com\/de\/sex-massage-phuket\/\">Wo findet man Sex-Massagen in Patong<\/a><\/p>\n<p>Wie man sich trifft <a href=\"https:\/\/afarangabroad.com\/de\/freiberufler-phuket\/\">Freiberufler in Phuket<\/a><\/p>\n<p>So how exactly is the scene? If you understand the hustle before one become an attractive ladyboy, you might assume that they do it for financial reasons.\u00a0 This is not to say that all ladyboys are hookers.<\/p>\n<p>Take Patong for instance, it\u2019s a major tourist attraction where you will meet ladyboys working in regular day jobs such as hotels, restaurants, bars, cafes, shopping malls etc. I was surprised to find some in the real estate industry which is booming in Phuket.<\/p>","protected":false},"excerpt":{"rendered":"<p>There is an explosion of ladyboys in Thailand. with many ladyboys in Phuket for you too. The number\u00a0one way to meet\u00a0Ladyboys in Phuket is through dating sites like\u00a0Thai Friendly. You can filter girls by gender including ladyboys, or you can meet them outside in bars and clubs. The rise in number is to quench the [&hellip;]<\/p>","protected":false},"author":2,"featured_media":10193,"parent":0,"menu_order":0,"comment_status":"open","ping_status":"closed","template":"","meta":{"_exactmetrics_skip_tracking":false,"_exactmetrics_sitenote_active":false,"_exactmetrics_sitenote_note":"","_exactmetrics_sitenote_category":0,"footnotes":""},"categories":[331],"tags":[],"class_list":["post-10156","page","type-page","status-publish","has-post-thumbnail","hentry","category-phuket-nightlife"],"yoast_head":"<!-- This site is optimized with the Yoast SEO plugin v20.1 - https:\/\/yoast.com\/wordpress\/plugins\/seo\/ -->\n<title>6 Places to find ladyboys in Phuket - A Farang Abroad<\/title>\n<meta name=\"description\" content=\"Are you looking to meet ladyboys in Phuket? In this article I&#039;ll show you where to find the best Phuket ladbyoys, how much they cost and how to make connections before you even get to Phuket!\" \/>\n<meta name=\"robots\" content=\"index, follow, max-snippet:-1, max-image-preview:large, max-video-preview:-1\" \/>\n<link rel=\"canonical\" href=\"https:\/\/afarangabroad.com\/de\/ladyboys-in-phuket\/\" \/>\n<meta property=\"og:locale\" content=\"de_DE\" \/>\n<meta property=\"og:type\" content=\"article\" \/>\n<meta property=\"og:title\" content=\"6 Places to find ladyboys in Phuket - A Farang Abroad\" \/>\n<meta property=\"og:description\" content=\"Are you looking to meet ladyboys in Phuket? In this article I&#039;ll show you where to find the best Phuket ladbyoys, how much they cost and how to make connections before you even get to Phuket!\" \/>\n<meta property=\"og:url\" content=\"https:\/\/afarangabroad.com\/de\/ladyboys-in-phuket\/\" \/>\n<meta property=\"og:site_name\" content=\"A Farang Abroad\" \/>\n<meta property=\"article:modified_time\" content=\"2019-09-22T12:31:15+00:00\" \/>\n<meta property=\"og:image\" content=\"https:\/\/afarangabroad.com\/wp-content\/uploads\/2018\/09\/Ladyboys-in-Phuket.jpg\" \/>\n\t<meta property=\"og:image:width\" content=\"640\" \/>\n\t<meta property=\"og:image:height\" content=\"426\" \/>\n\t<meta property=\"og:image:type\" content=\"image\/jpeg\" \/>\n<meta name=\"twitter:label1\" content=\"Gesch\u00e4tzte Lesezeit\" \/>\n\t<meta name=\"twitter:data1\" content=\"8\u00a0Minuten\" \/>\n<script type=\"application\/ld+json\" class=\"yoast-schema-graph\">{\"@context\":\"https:\/\/schema.org\",\"@graph\":[{\"@type\":\"WebPage\",\"@id\":\"https:\/\/afarangabroad.com\/ladyboys-in-phuket\/\",\"url\":\"https:\/\/afarangabroad.com\/ladyboys-in-phuket\/\",\"name\":\"6 Places to find ladyboys in Phuket - A Farang Abroad\",\"isPartOf\":{\"@id\":\"https:\/\/afarangabroad.com\/#website\"},\"datePublished\":\"2018-09-05T11:35:04+00:00\",\"dateModified\":\"2019-09-22T12:31:15+00:00\",\"description\":\"Are you looking to meet ladyboys in Phuket? In this article I'll show you where to find the best Phuket ladbyoys, how much they cost and how to make connections before you even get to Phuket!\",\"breadcrumb\":{\"@id\":\"https:\/\/afarangabroad.com\/ladyboys-in-phuket\/#breadcrumb\"},\"inLanguage\":\"de\",\"potentialAction\":[{\"@type\":\"ReadAction\",\"target\":[\"https:\/\/afarangabroad.com\/ladyboys-in-phuket\/\"]}]},{\"@type\":\"BreadcrumbList\",\"@id\":\"https:\/\/afarangabroad.com\/ladyboys-in-phuket\/#breadcrumb\",\"itemListElement\":[{\"@type\":\"ListItem\",\"position\":1,\"name\":\"Home\",\"item\":\"https:\/\/afarangabroad.com\/\"},{\"@type\":\"ListItem\",\"position\":2,\"name\":\"6 Places to find ladyboys in Phuket\"}]},{\"@type\":\"WebSite\",\"@id\":\"https:\/\/afarangabroad.com\/#website\",\"url\":\"https:\/\/afarangabroad.com\/\",\"name\":\"A Farang Abroad\",\"description\":\"Your secret guide to Asia&#039;s sexiest nightlife.\",\"potentialAction\":[{\"@type\":\"SearchAction\",\"target\":{\"@type\":\"EntryPoint\",\"urlTemplate\":\"https:\/\/afarangabroad.com\/?s={search_term_string}\"},\"query-input\":\"required name=search_term_string\"}],\"inLanguage\":\"de\"}]}<\/script>\n<!-- \/ Yoast SEO plugin. -->","yoast_head_json":{"title":"6 Places to find ladyboys in Phuket - A Farang Abroad","description":"Are you looking to meet ladyboys in Phuket? In this article I'll show you where to find the best Phuket ladbyoys, how much they cost and how to make connections before you even get to Phuket!","robots":{"index":"index","follow":"follow","max-snippet":"max-snippet:-1","max-image-preview":"max-image-preview:large","max-video-preview":"max-video-preview:-1"},"canonical":"https:\/\/afarangabroad.com\/de\/ladyboys-in-phuket\/","og_locale":"de_DE","og_type":"article","og_title":"6 Places to find ladyboys in Phuket - A Farang Abroad","og_description":"Are you looking to meet ladyboys in Phuket? In this article I'll show you where to find the best Phuket ladbyoys, how much they cost and how to make connections before you even get to Phuket!","og_url":"https:\/\/afarangabroad.com\/de\/ladyboys-in-phuket\/","og_site_name":"A Farang Abroad","article_modified_time":"2019-09-22T12:31:15+00:00","og_image":[{"width":"640","height":"426","url":"https:\/\/afarangabroad.com\/wp-content\/uploads\/2018\/09\/Ladyboys-in-Phuket.jpg","type":"image\/jpeg"}],"twitter_misc":{"Gesch\u00e4tzte Lesezeit":"8\u00a0Minuten"},"schema":{"@context":"https:\/\/schema.org","@graph":[{"@type":"WebPage","@id":"https:\/\/afarangabroad.com\/ladyboys-in-phuket\/","url":"https:\/\/afarangabroad.com\/ladyboys-in-phuket\/","name":"6 Places to find ladyboys in Phuket - A Farang Abroad","isPartOf":{"@id":"https:\/\/afarangabroad.com\/#website"},"datePublished":"2018-09-05T11:35:04+00:00","dateModified":"2019-09-22T12:31:15+00:00","description":"Are you looking to meet ladyboys in Phuket? In this article I'll show you where to find the best Phuket ladbyoys, how much they cost and how to make connections before you even get to Phuket!","breadcrumb":{"@id":"https:\/\/afarangabroad.com\/ladyboys-in-phuket\/#breadcrumb"},"inLanguage":"de","potentialAction":[{"@type":"ReadAction","target":["https:\/\/afarangabroad.com\/ladyboys-in-phuket\/"]}]},{"@type":"BreadcrumbList","@id":"https:\/\/afarangabroad.com\/ladyboys-in-phuket\/#breadcrumb","itemListElement":[{"@type":"ListItem","position":1,"name":"Home","item":"https:\/\/afarangabroad.com\/"},{"@type":"ListItem","position":2,"name":"6 Places to find ladyboys in Phuket"}]},{"@type":"WebSite","@id":"https:\/\/afarangabroad.com\/#website","url":"https:\/\/afarangabroad.com\/","name":"A Farang Abroad","description":"Your secret guide to Asia&#039;s sexiest nightlife.","potentialAction":[{"@type":"SearchAction","target":{"@type":"EntryPoint","urlTemplate":"https:\/\/afarangabroad.com\/?s={search_term_string}"},"query-input":"required name=search_term_string"}],"inLanguage":"de"}]}},"_links":{"self":[{"href":"https:\/\/afarangabroad.com\/de\/wp-json\/wp\/v2\/pages\/10156"}],"collection":[{"href":"https:\/\/afarangabroad.com\/de\/wp-json\/wp\/v2\/pages"}],"about":[{"href":"https:\/\/afarangabroad.com\/de\/wp-json\/wp\/v2\/types\/page"}],"author":[{"embeddable":true,"href":"https:\/\/afarangabroad.com\/de\/wp-json\/wp\/v2\/users\/2"}],"replies":[{"embeddable":true,"href":"https:\/\/afarangabroad.com\/de\/wp-json\/wp\/v2\/comments?post=10156"}],"version-history":[{"count":0,"href":"https:\/\/afarangabroad.com\/de\/wp-json\/wp\/v2\/pages\/10156\/revisions"}],"wp:featuredmedia":[{"embeddable":true,"href":"https:\/\/afarangabroad.com\/de\/wp-json\/wp\/v2\/media\/10193"}],"wp:attachment":[{"href":"https:\/\/afarangabroad.com\/de\/wp-json\/wp\/v2\/media?parent=10156"}],"wp:term":[{"taxonomy":"category","embeddable":true,"href":"https:\/\/afarangabroad.com\/de\/wp-json\/wp\/v2\/categories?post=10156"},{"taxonomy":"post_tag","embeddable":true,"href":"https:\/\/afarangabroad.com\/de\/wp-json\/wp\/v2\/tags?post=10156"}],"curies":[{"name":"wp","href":"https:\/\/api.w.org\/{rel}","templated":true}]}}