{"id":10159,"date":"2018-09-05T12:47:48","date_gmt":"2018-09-05T11:47:48","guid":{"rendered":"https:\/\/afarangabroad.com\/?p=10159"},"modified":"2019-01-07T04:51:55","modified_gmt":"2019-01-07T04:51:55","slug":"best-massages-saigon","status":"publish","type":"page","link":"https:\/\/afarangabroad.com\/de\/beste-massagen-saigon\/","title":{"rendered":"6 Beste Massagen in Saigon"},"content":{"rendered":"<p>Vietnam ist ein gro\u00dfartiges Reiseziel. Die Erkundung der St\u00e4dte macht Spa\u00df, aber Ihr K\u00f6rper wird nach etwas Entspannung schreien. Eine Massage in Saigon ist das Sahneh\u00e4ubchen auf Ihrer Vietnamreise.<\/p>\n<p>Wenn Sie in Vietnam kostenlos Sex haben wollen,\u00a0<a href=\"https:\/\/afarangabroad.com\/de\/vietnamesische-amorette\/\" target=\"_blank\" rel=\"noopener\">Lesen Sie diesen Artikel<\/a>.<\/p>\n<p><a href=\"https:\/\/afarangabroad.com\/de\/vietnamesische-amorette\/\" target=\"_blank\" rel=\"noopener\"><img loading=\"lazy\" decoding=\"async\" class=\"aligncenter size-large wp-image-7258\" src=\"https:\/\/afarangabroad.com\/wp-content\/uploads\/2016\/06\/Meet-Viet-Girls1-1024x691.png\" sizes=\"(max-width: 600px) 100vw, 600px\" srcset=\"https:\/\/afarangabroad.com\/wp-content\/uploads\/2016\/06\/Meet-Viet-Girls1-1024x691.png 1024w, https:\/\/afarangabroad.com\/wp-content\/uploads\/2016\/06\/Meet-Viet-Girls1-300x202.png 300w, https:\/\/afarangabroad.com\/wp-content\/uploads\/2016\/06\/Meet-Viet-Girls1-720x486.png 720w, https:\/\/afarangabroad.com\/wp-content\/uploads\/2016\/06\/Meet-Viet-Girls1.png 1038w\" alt=\"\" width=\"600\" height=\"405\" \/><\/a><\/p>\n<p>Massagen in Ho-Chi-Minh-Stadt haben zwar einen guten Ruf, aber die Qualit\u00e4t der Massagen ist unterschiedlich. Auch hier suchen Sie vielleicht nach etwas Preisg\u00fcnstigem, das Ihren K\u00f6rper dennoch verw\u00f6hnt.<\/p>\n<p>Hier sind die besten Massagezentren in Saigon, lokal bekannt als Ho Chi Minh. F\u00fcr die Einheimischen sind diese Salons hochpreisig, aber wenn man sie mit den nordamerikanischen Preisen vergleicht, sind sie ein gutes Schn\u00e4ppchen.<\/p>\n<p>Alle Therapeuten in der unten Massage Saigon sind qualifiziert, um verschiedene Arten von Massage einschlie\u00dflich der traditionellen vietnamesischen und <a href=\"https:\/\/afarangabroad.com\/de\/gluckliche-massagen-bangkok\/\">Massage im thail\u00e4ndischen Stil<\/a>. Au\u00dferdem befinden sie sich in der N\u00e4he des Touristengebiets von Saigon.<\/p>\n<h2>Temple Leaf Spa<\/h2>\n<p>Das Temple Leaf Spa ist ein Paradies f\u00fcr alle, die eine Massage in einer angenehmen Umgebung w\u00fcnschen. Der friedliche Zustand und das Aroma versetzen Sie vor der eigentlichen Massage in eine entspannte Stimmung.<\/p>\n<p>From its d\u00e9cor to the great reception, Temple Leaf Spa is a highly recommended spa for massage Saigon.<\/p>\n<p>Lesen Sie auch meine aktualisierte <a href=\"https:\/\/afarangabroad.com\/de\/massagen-vietnam\/\">Leitfaden f\u00fcr Sexmassage in Vietnam<\/a>.<\/p>\n<p>Es gibt eine Reihe von Massagen, wobei die 90-Minuten-Massage mein Favorit ist. Alle Ho-Chi-Minh-Stadt-Massagen beinhalten einen Sch\u00f6nheitsservice, z. B. ein K\u00f6rperpeeling und eine Tonerdemaske, um sicherzustellen, dass Sie v\u00f6llig entspannt sind.<\/p>\n<p><iframe loading=\"lazy\" width=\"678\" height=\"381\" src=\"https:\/\/www.youtube.com\/embed\/YTHslCOekAo?feature=oembed\" frameborder=\"0\" allow=\"autoplay; encrypted-media\" allowfullscreen><\/iframe><\/p>","protected":false},"excerpt":{"rendered":"<p>Vietnam is a great tourist destination. Exploring its cities is fun but your body will be screaming for something relaxing. Massage Saigon is an icing sugar on your Vietnam tour. If you want to get laid in Vietnam for free,\u00a0check out this article. While Ho Chi Minh City massage has earned a good reputation, the [&hellip;]<\/p>","protected":false},"author":2,"featured_media":10126,"parent":0,"menu_order":0,"comment_status":"open","ping_status":"closed","template":"","meta":{"_exactmetrics_skip_tracking":false,"_exactmetrics_sitenote_active":false,"_exactmetrics_sitenote_note":"","_exactmetrics_sitenote_category":0,"footnotes":""},"categories":[328],"tags":[],"class_list":["post-10159","page","type-page","status-publish","has-post-thumbnail","hentry","category-vietnam"],"yoast_head":"<!-- This site is optimized with the Yoast SEO plugin v20.1 - https:\/\/yoast.com\/wordpress\/plugins\/seo\/ -->\n<title>6 Best massages in Saigon - A Farang Abroad<\/title>\n<meta name=\"description\" content=\"In this article I show you where to get the best massages in Saigon, whether you want a normal massage or something with a happy ending, in this article you&#039;ll learn everything.\" \/>\n<meta name=\"robots\" content=\"index, follow, max-snippet:-1, max-image-preview:large, max-video-preview:-1\" \/>\n<link rel=\"canonical\" href=\"https:\/\/afarangabroad.com\/de\/beste-massagen-saigon\/\" \/>\n<meta property=\"og:locale\" content=\"de_DE\" \/>\n<meta property=\"og:type\" content=\"article\" \/>\n<meta property=\"og:title\" content=\"6 Best massages in Saigon - A Farang Abroad\" \/>\n<meta property=\"og:description\" content=\"In this article I show you where to get the best massages in Saigon, whether you want a normal massage or something with a happy ending, in this article you&#039;ll learn everything.\" \/>\n<meta property=\"og:url\" content=\"https:\/\/afarangabroad.com\/de\/beste-massagen-saigon\/\" \/>\n<meta property=\"og:site_name\" content=\"A Farang Abroad\" \/>\n<meta property=\"article:modified_time\" content=\"2019-01-07T04:51:55+00:00\" \/>\n<meta property=\"og:image\" content=\"https:\/\/afarangabroad.com\/wp-content\/uploads\/2018\/08\/handjob-massage-in-Bali.jpg\" \/>\n\t<meta property=\"og:image:width\" content=\"640\" \/>\n\t<meta property=\"og:image:height\" content=\"426\" \/>\n\t<meta property=\"og:image:type\" content=\"image\/jpeg\" \/>\n<meta name=\"twitter:label1\" content=\"Gesch\u00e4tzte Lesezeit\" \/>\n\t<meta name=\"twitter:data1\" content=\"6\u00a0Minuten\" \/>\n<script type=\"application\/ld+json\" class=\"yoast-schema-graph\">{\"@context\":\"https:\/\/schema.org\",\"@graph\":[{\"@type\":\"WebPage\",\"@id\":\"https:\/\/afarangabroad.com\/best-massages-saigon\/\",\"url\":\"https:\/\/afarangabroad.com\/best-massages-saigon\/\",\"name\":\"6 Best massages in Saigon - A Farang Abroad\",\"isPartOf\":{\"@id\":\"https:\/\/afarangabroad.com\/#website\"},\"datePublished\":\"2018-09-05T11:47:48+00:00\",\"dateModified\":\"2019-01-07T04:51:55+00:00\",\"description\":\"In this article I show you where to get the best massages in Saigon, whether you want a normal massage or something with a happy ending, in this article you'll learn everything.\",\"breadcrumb\":{\"@id\":\"https:\/\/afarangabroad.com\/best-massages-saigon\/#breadcrumb\"},\"inLanguage\":\"de\",\"potentialAction\":[{\"@type\":\"ReadAction\",\"target\":[\"https:\/\/afarangabroad.com\/best-massages-saigon\/\"]}]},{\"@type\":\"BreadcrumbList\",\"@id\":\"https:\/\/afarangabroad.com\/best-massages-saigon\/#breadcrumb\",\"itemListElement\":[{\"@type\":\"ListItem\",\"position\":1,\"name\":\"Home\",\"item\":\"https:\/\/afarangabroad.com\/\"},{\"@type\":\"ListItem\",\"position\":2,\"name\":\"6 Best massages in Saigon\"}]},{\"@type\":\"WebSite\",\"@id\":\"https:\/\/afarangabroad.com\/#website\",\"url\":\"https:\/\/afarangabroad.com\/\",\"name\":\"A Farang Abroad\",\"description\":\"Your secret guide to Asia&#039;s sexiest nightlife.\",\"potentialAction\":[{\"@type\":\"SearchAction\",\"target\":{\"@type\":\"EntryPoint\",\"urlTemplate\":\"https:\/\/afarangabroad.com\/?s={search_term_string}\"},\"query-input\":\"required name=search_term_string\"}],\"inLanguage\":\"de\"}]}<\/script>\n<!-- \/ Yoast SEO plugin. -->","yoast_head_json":{"title":"6 Best massages in Saigon - A Farang Abroad","description":"In this article I show you where to get the best massages in Saigon, whether you want a normal massage or something with a happy ending, in this article you'll learn everything.","robots":{"index":"index","follow":"follow","max-snippet":"max-snippet:-1","max-image-preview":"max-image-preview:large","max-video-preview":"max-video-preview:-1"},"canonical":"https:\/\/afarangabroad.com\/de\/beste-massagen-saigon\/","og_locale":"de_DE","og_type":"article","og_title":"6 Best massages in Saigon - A Farang Abroad","og_description":"In this article I show you where to get the best massages in Saigon, whether you want a normal massage or something with a happy ending, in this article you'll learn everything.","og_url":"https:\/\/afarangabroad.com\/de\/beste-massagen-saigon\/","og_site_name":"A Farang Abroad","article_modified_time":"2019-01-07T04:51:55+00:00","og_image":[{"width":"640","height":"426","url":"https:\/\/afarangabroad.com\/wp-content\/uploads\/2018\/08\/handjob-massage-in-Bali.jpg","type":"image\/jpeg"}],"twitter_misc":{"Gesch\u00e4tzte Lesezeit":"6\u00a0Minuten"},"schema":{"@context":"https:\/\/schema.org","@graph":[{"@type":"WebPage","@id":"https:\/\/afarangabroad.com\/best-massages-saigon\/","url":"https:\/\/afarangabroad.com\/best-massages-saigon\/","name":"6 Best massages in Saigon - A Farang Abroad","isPartOf":{"@id":"https:\/\/afarangabroad.com\/#website"},"datePublished":"2018-09-05T11:47:48+00:00","dateModified":"2019-01-07T04:51:55+00:00","description":"In this article I show you where to get the best massages in Saigon, whether you want a normal massage or something with a happy ending, in this article you'll learn everything.","breadcrumb":{"@id":"https:\/\/afarangabroad.com\/best-massages-saigon\/#breadcrumb"},"inLanguage":"de","potentialAction":[{"@type":"ReadAction","target":["https:\/\/afarangabroad.com\/best-massages-saigon\/"]}]},{"@type":"BreadcrumbList","@id":"https:\/\/afarangabroad.com\/best-massages-saigon\/#breadcrumb","itemListElement":[{"@type":"ListItem","position":1,"name":"Home","item":"https:\/\/afarangabroad.com\/"},{"@type":"ListItem","position":2,"name":"6 Best massages in Saigon"}]},{"@type":"WebSite","@id":"https:\/\/afarangabroad.com\/#website","url":"https:\/\/afarangabroad.com\/","name":"A Farang Abroad","description":"Your secret guide to Asia&#039;s sexiest nightlife.","potentialAction":[{"@type":"SearchAction","target":{"@type":"EntryPoint","urlTemplate":"https:\/\/afarangabroad.com\/?s={search_term_string}"},"query-input":"required name=search_term_string"}],"inLanguage":"de"}]}},"_links":{"self":[{"href":"https:\/\/afarangabroad.com\/de\/wp-json\/wp\/v2\/pages\/10159"}],"collection":[{"href":"https:\/\/afarangabroad.com\/de\/wp-json\/wp\/v2\/pages"}],"about":[{"href":"https:\/\/afarangabroad.com\/de\/wp-json\/wp\/v2\/types\/page"}],"author":[{"embeddable":true,"href":"https:\/\/afarangabroad.com\/de\/wp-json\/wp\/v2\/users\/2"}],"replies":[{"embeddable":true,"href":"https:\/\/afarangabroad.com\/de\/wp-json\/wp\/v2\/comments?post=10159"}],"version-history":[{"count":0,"href":"https:\/\/afarangabroad.com\/de\/wp-json\/wp\/v2\/pages\/10159\/revisions"}],"wp:featuredmedia":[{"embeddable":true,"href":"https:\/\/afarangabroad.com\/de\/wp-json\/wp\/v2\/media\/10126"}],"wp:attachment":[{"href":"https:\/\/afarangabroad.com\/de\/wp-json\/wp\/v2\/media?parent=10159"}],"wp:term":[{"taxonomy":"category","embeddable":true,"href":"https:\/\/afarangabroad.com\/de\/wp-json\/wp\/v2\/categories?post=10159"},{"taxonomy":"post_tag","embeddable":true,"href":"https:\/\/afarangabroad.com\/de\/wp-json\/wp\/v2\/tags?post=10159"}],"curies":[{"name":"wp","href":"https:\/\/api.w.org\/{rel}","templated":true}]}}