{"id":10225,"date":"2019-03-31T15:18:32","date_gmt":"2019-03-31T14:18:32","guid":{"rendered":"https:\/\/afarangabroad.com\/?p=10225"},"modified":"2024-10-16T23:38:54","modified_gmt":"2024-10-16T22:38:54","slug":"sex-guangzhou","status":"publish","type":"page","link":"https:\/\/afarangabroad.com\/de\/sex-guangzhou\/","title":{"rendered":"7 Orte f\u00fcr Sex in Guangzhou"},"content":{"rendered":"<p>In this article you&#8217;ll learn where to find sex in Gungzhou, from clubs to brothels.<\/p>\n<p>Mit seiner hohen Bev\u00f6lkerungszahl, <a href=\"https:\/\/afarangabroad.com\/de\/nachtleben-in-guangzhou\/\">Nachtleben in Guangzhou<\/a> hat viele s\u00fc\u00dfe M\u00e4dchen, die bereit sind, Sex anzubieten, wenn Sie das Geld haben. Dieser Leitfaden zielt darauf ab, Ihnen diese die besten Orte, um Sex in Guangzhou zu finden.<\/p>\n<p>Willst du in Guangzhou kostenlos Sex haben,\u00a0<a href=\"https:\/\/afarangabroad.com\/de\/china-love-cupid-review\/\" target=\"_blank\" rel=\"noopener noreferrer\">Lesen Sie diesen Artikel<\/a>.<a href=\"https:\/\/afarangabroad.com\/de\/china-love-cupid-review\/\" target=\"_blank\" rel=\"noopener noreferrer\"><img loading=\"lazy\" decoding=\"async\" class=\"aligncenter size-large wp-image-8477\" src=\"https:\/\/afarangabroad.com\/wp-content\/uploads\/2017\/05\/meet-sexy-chiense-girls-1024x691.png\" sizes=\"(max-width: 678px) 100vw, 678px\" srcset=\"https:\/\/afarangabroad.com\/wp-content\/uploads\/2017\/05\/meet-sexy-chiense-girls-1024x691.png 1024w, https:\/\/afarangabroad.com\/wp-content\/uploads\/2017\/05\/meet-sexy-chiense-girls-300x202.png 300w, https:\/\/afarangabroad.com\/wp-content\/uploads\/2017\/05\/meet-sexy-chiense-girls-768x518.png 768w, https:\/\/afarangabroad.com\/wp-content\/uploads\/2017\/05\/meet-sexy-chiense-girls-720x486.png 720w, https:\/\/afarangabroad.com\/wp-content\/uploads\/2017\/05\/meet-sexy-chiense-girls.png 1038w\" alt=\"\" width=\"678\" height=\"458\" \/><\/a>China mag im Vergleich zu Thailand oder Vietnam kein gro\u00dfes Sextouristenziel sein, aber die meisten der Nutten hier sind jeden Cent wert. Vor allem die M\u00e4dchen in Guangzhou sind charmant, schlank und unterhaltsam.<\/p>\n<p>M\u00e4dchen vom Festland kleiden sich in Guangzhou oft gerne gut, mit einem winzigen Kleid und hohen Abs\u00e4tzen. Machen Sie einen Spaziergang durch eines der Viertel und Sie werden erstaunt sein, was diese Stadt zu bieten hat.<\/p>\n<p>Bevor wir zu den Orten kommen, an denen man in Guangzhou Sex finden kann, m\u00f6chte ich Sie auf einige Nachteile dieser M\u00e4dchen aufmerksam machen: die Sprache.<\/p>\n<p>Wie in vielen anderen fremden L\u00e4ndern m\u00fcssen Sie sich mit der Sprachbarriere arrangieren. In Guangzhou sind die meisten M\u00e4dchen, die in der Sexindustrie arbeiten, unter 25 und dabei, Englisch zu lernen. Nur wenige von ihnen k\u00f6nnen sich anst\u00e4ndig auf Englisch unterhalten.<\/p>\n<p><img loading=\"lazy\" decoding=\"async\" class=\"aligncenter size-full wp-image-11846\" src=\"https:\/\/afarangabroad.com\/wp-content\/uploads\/2018\/10\/guangzhou-for-sex.jpg\" alt=\"guangzhou f\u00fcr sex\" width=\"640\" height=\"424\" srcset=\"https:\/\/afarangabroad.com\/wp-content\/uploads\/2018\/10\/guangzhou-for-sex.jpg 640w, https:\/\/afarangabroad.com\/wp-content\/uploads\/2018\/10\/guangzhou-for-sex-300x199.jpg 300w\" sizes=\"(max-width: 640px) 100vw, 640px\" \/><\/p>\n<p>For such reasons, it\u2019s better if you have precise locations on where to bone these cute girls without too much talking. If you prefer day game, I suggest you learn some Chinese phrases as a conversation is somewhat mandatory for a successful encounter.<\/p>\n<p>Verwandt: lernen, wo man <a href=\"https:\/\/afarangabroad.com\/de\/shanghai-hookers\/\">Nutten in Shanghai finden<\/a> oder die besten Orte f\u00fcr <a href=\"https:\/\/afarangabroad.com\/de\/sex-in-peking\/\">Sex in Peking<\/a>.<\/p>\n<p>For those who prefer going for it after nightfall, things are a bit easier. Most of these hookers will be drunk or in a business mode to do a lot of talking. Again, if you pick up someone at a nightclub and suggest you find some \u201cquieter\u201d place, it\u2019s not much about socializing.<\/p>\n<p>Nach der Auflistung einiger Top-Spots, um M\u00e4dchen f\u00fcr Sex in Guangzhou zu finden, werde ich Ihnen \u00fcber China Cupid erz\u00e4hlen, eine der besten Dating-Seiten in China mit allen Arten von M\u00e4dchen, von Nutten zu guten M\u00e4dchen.<\/p>","protected":false},"excerpt":{"rendered":"<p>In this article you&#8217;ll learn where to find sex in Gungzhou, from clubs to brothels. With its high population, Guangzhou nightlife has plenty of cute girls ready to offer sex if you have the cash. This guide aims to provide you this the best places to find sex in Guangzhou. Want to get laid for [&hellip;]<\/p>","protected":false},"author":2,"featured_media":11846,"parent":0,"menu_order":0,"comment_status":"open","ping_status":"closed","template":"","meta":{"_exactmetrics_skip_tracking":false,"_exactmetrics_sitenote_active":false,"_exactmetrics_sitenote_note":"","_exactmetrics_sitenote_category":0,"footnotes":""},"categories":[334],"tags":[],"class_list":["post-10225","page","type-page","status-publish","has-post-thumbnail","hentry","category-china"],"yoast_head":"<!-- This site is optimized with the Yoast SEO plugin v20.1 - https:\/\/yoast.com\/wordpress\/plugins\/seo\/ -->\n<title>7 Places For Sex in Guangzhou - A Farang Abroad<\/title>\n<meta name=\"description\" content=\"In this guide you&#039;ll learn where to find sex in Guangzhou China. I&#039;ll provide you with the friendly brothels and the best bars and clubs in the city.\" \/>\n<meta name=\"robots\" content=\"index, follow, max-snippet:-1, max-image-preview:large, max-video-preview:-1\" \/>\n<link rel=\"canonical\" href=\"https:\/\/afarangabroad.com\/de\/sex-guangzhou\/\" \/>\n<meta property=\"og:locale\" content=\"de_DE\" \/>\n<meta property=\"og:type\" content=\"article\" \/>\n<meta property=\"og:title\" content=\"7 Places For Sex in Guangzhou - A Farang Abroad\" \/>\n<meta property=\"og:description\" content=\"In this guide you&#039;ll learn where to find sex in Guangzhou China. I&#039;ll provide you with the friendly brothels and the best bars and clubs in the city.\" \/>\n<meta property=\"og:url\" content=\"https:\/\/afarangabroad.com\/de\/sex-guangzhou\/\" \/>\n<meta property=\"og:site_name\" content=\"A Farang Abroad\" \/>\n<meta property=\"article:modified_time\" content=\"2024-10-16T22:38:54+00:00\" \/>\n<meta property=\"og:image\" content=\"https:\/\/afarangabroad.com\/wp-content\/uploads\/2018\/10\/guangzhou-for-sex.jpg\" \/>\n\t<meta property=\"og:image:width\" content=\"640\" \/>\n\t<meta property=\"og:image:height\" content=\"424\" \/>\n\t<meta property=\"og:image:type\" content=\"image\/jpeg\" \/>\n<meta name=\"twitter:label1\" content=\"Gesch\u00e4tzte Lesezeit\" \/>\n\t<meta name=\"twitter:data1\" content=\"8\u00a0Minuten\" \/>\n<script type=\"application\/ld+json\" class=\"yoast-schema-graph\">{\"@context\":\"https:\/\/schema.org\",\"@graph\":[{\"@type\":\"WebPage\",\"@id\":\"https:\/\/afarangabroad.com\/sex-guangzhou\/\",\"url\":\"https:\/\/afarangabroad.com\/sex-guangzhou\/\",\"name\":\"7 Places For Sex in Guangzhou - A Farang Abroad\",\"isPartOf\":{\"@id\":\"https:\/\/afarangabroad.com\/#website\"},\"datePublished\":\"2019-03-31T14:18:32+00:00\",\"dateModified\":\"2024-10-16T22:38:54+00:00\",\"description\":\"In this guide you'll learn where to find sex in Guangzhou China. I'll provide you with the friendly brothels and the best bars and clubs in the city.\",\"breadcrumb\":{\"@id\":\"https:\/\/afarangabroad.com\/sex-guangzhou\/#breadcrumb\"},\"inLanguage\":\"de\",\"potentialAction\":[{\"@type\":\"ReadAction\",\"target\":[\"https:\/\/afarangabroad.com\/sex-guangzhou\/\"]}]},{\"@type\":\"BreadcrumbList\",\"@id\":\"https:\/\/afarangabroad.com\/sex-guangzhou\/#breadcrumb\",\"itemListElement\":[{\"@type\":\"ListItem\",\"position\":1,\"name\":\"Home\",\"item\":\"https:\/\/afarangabroad.com\/\"},{\"@type\":\"ListItem\",\"position\":2,\"name\":\"7 Places For Sex in Guangzhou\"}]},{\"@type\":\"WebSite\",\"@id\":\"https:\/\/afarangabroad.com\/#website\",\"url\":\"https:\/\/afarangabroad.com\/\",\"name\":\"A Farang Abroad\",\"description\":\"Your secret guide to Asia&#039;s sexiest nightlife.\",\"potentialAction\":[{\"@type\":\"SearchAction\",\"target\":{\"@type\":\"EntryPoint\",\"urlTemplate\":\"https:\/\/afarangabroad.com\/?s={search_term_string}\"},\"query-input\":\"required name=search_term_string\"}],\"inLanguage\":\"de\"}]}<\/script>\n<!-- \/ Yoast SEO plugin. -->","yoast_head_json":{"title":"7 Places For Sex in Guangzhou - A Farang Abroad","description":"In this guide you'll learn where to find sex in Guangzhou China. I'll provide you with the friendly brothels and the best bars and clubs in the city.","robots":{"index":"index","follow":"follow","max-snippet":"max-snippet:-1","max-image-preview":"max-image-preview:large","max-video-preview":"max-video-preview:-1"},"canonical":"https:\/\/afarangabroad.com\/de\/sex-guangzhou\/","og_locale":"de_DE","og_type":"article","og_title":"7 Places For Sex in Guangzhou - A Farang Abroad","og_description":"In this guide you'll learn where to find sex in Guangzhou China. I'll provide you with the friendly brothels and the best bars and clubs in the city.","og_url":"https:\/\/afarangabroad.com\/de\/sex-guangzhou\/","og_site_name":"A Farang Abroad","article_modified_time":"2024-10-16T22:38:54+00:00","og_image":[{"width":640,"height":424,"url":"https:\/\/afarangabroad.com\/wp-content\/uploads\/2018\/10\/guangzhou-for-sex.jpg","type":"image\/jpeg"}],"twitter_misc":{"Gesch\u00e4tzte Lesezeit":"8\u00a0Minuten"},"schema":{"@context":"https:\/\/schema.org","@graph":[{"@type":"WebPage","@id":"https:\/\/afarangabroad.com\/sex-guangzhou\/","url":"https:\/\/afarangabroad.com\/sex-guangzhou\/","name":"7 Places For Sex in Guangzhou - A Farang Abroad","isPartOf":{"@id":"https:\/\/afarangabroad.com\/#website"},"datePublished":"2019-03-31T14:18:32+00:00","dateModified":"2024-10-16T22:38:54+00:00","description":"In this guide you'll learn where to find sex in Guangzhou China. I'll provide you with the friendly brothels and the best bars and clubs in the city.","breadcrumb":{"@id":"https:\/\/afarangabroad.com\/sex-guangzhou\/#breadcrumb"},"inLanguage":"de","potentialAction":[{"@type":"ReadAction","target":["https:\/\/afarangabroad.com\/sex-guangzhou\/"]}]},{"@type":"BreadcrumbList","@id":"https:\/\/afarangabroad.com\/sex-guangzhou\/#breadcrumb","itemListElement":[{"@type":"ListItem","position":1,"name":"Home","item":"https:\/\/afarangabroad.com\/"},{"@type":"ListItem","position":2,"name":"7 Places For Sex in Guangzhou"}]},{"@type":"WebSite","@id":"https:\/\/afarangabroad.com\/#website","url":"https:\/\/afarangabroad.com\/","name":"A Farang Abroad","description":"Your secret guide to Asia&#039;s sexiest nightlife.","potentialAction":[{"@type":"SearchAction","target":{"@type":"EntryPoint","urlTemplate":"https:\/\/afarangabroad.com\/?s={search_term_string}"},"query-input":"required name=search_term_string"}],"inLanguage":"de"}]}},"_links":{"self":[{"href":"https:\/\/afarangabroad.com\/de\/wp-json\/wp\/v2\/pages\/10225"}],"collection":[{"href":"https:\/\/afarangabroad.com\/de\/wp-json\/wp\/v2\/pages"}],"about":[{"href":"https:\/\/afarangabroad.com\/de\/wp-json\/wp\/v2\/types\/page"}],"author":[{"embeddable":true,"href":"https:\/\/afarangabroad.com\/de\/wp-json\/wp\/v2\/users\/2"}],"replies":[{"embeddable":true,"href":"https:\/\/afarangabroad.com\/de\/wp-json\/wp\/v2\/comments?post=10225"}],"version-history":[{"count":1,"href":"https:\/\/afarangabroad.com\/de\/wp-json\/wp\/v2\/pages\/10225\/revisions"}],"predecessor-version":[{"id":513644,"href":"https:\/\/afarangabroad.com\/de\/wp-json\/wp\/v2\/pages\/10225\/revisions\/513644"}],"wp:featuredmedia":[{"embeddable":true,"href":"https:\/\/afarangabroad.com\/de\/wp-json\/wp\/v2\/media\/11846"}],"wp:attachment":[{"href":"https:\/\/afarangabroad.com\/de\/wp-json\/wp\/v2\/media?parent=10225"}],"wp:term":[{"taxonomy":"category","embeddable":true,"href":"https:\/\/afarangabroad.com\/de\/wp-json\/wp\/v2\/categories?post=10225"},{"taxonomy":"post_tag","embeddable":true,"href":"https:\/\/afarangabroad.com\/de\/wp-json\/wp\/v2\/tags?post=10225"}],"curies":[{"name":"wp","href":"https:\/\/api.w.org\/{rel}","templated":true}]}}