{"id":10287,"date":"2018-10-24T16:35:08","date_gmt":"2018-10-24T15:35:08","guid":{"rendered":"https:\/\/afarangabroad.com\/?p=10287"},"modified":"2024-10-16T06:16:04","modified_gmt":"2024-10-16T05:16:04","slug":"ladyboys-in-japan","status":"publish","type":"page","link":"https:\/\/afarangabroad.com\/de\/ladyboys-in-japan\/","title":{"rendered":"Beste Orte, um Ladyboys in Japan zu treffen"},"content":{"rendered":"<p>Die besten Orte, um Ladyboys in Japan zu treffen, sind eine schwierige Aufgabe, aber das ist von Stadt zu Stadt unterschiedlich. In Tokio zum Beispiel gibt es viele Ladyboys und die wildesten LGBT-Szenen in Japan. Wie genau finden Sie also die s\u00fc\u00dfesten Shemales in Japan? Nun, hier sind alle Informationen, die Sie brauchen.<\/p>\n<p>Wenn Sie einheimische M\u00e4dchen in Kyoto kostenlos kennenlernen m\u00f6chten,\u00a0<a href=\"https:\/\/afarangabroad.com\/de\/japan-cupid-ruckblick\/\" target=\"_blank\" rel=\"noopener noreferrer\">Lesen Sie diesen Artikel<\/a>.<a href=\"https:\/\/afarangabroad.com\/de\/japan-cupid-ruckblick\/\" target=\"_blank\" rel=\"noopener noreferrer\"><img loading=\"lazy\" decoding=\"async\" class=\"aligncenter size-large wp-image-9678\" src=\"https:\/\/afarangabroad.com\/wp-content\/uploads\/2018\/04\/jap-1024x691.png\" sizes=\"(max-width: 678px) 100vw, 678px\" srcset=\"https:\/\/afarangabroad.com\/wp-content\/uploads\/2018\/04\/jap-1024x691.png 1024w, https:\/\/afarangabroad.com\/wp-content\/uploads\/2018\/04\/jap-300x202.png 300w, https:\/\/afarangabroad.com\/wp-content\/uploads\/2018\/04\/jap-768x518.png 768w, https:\/\/afarangabroad.com\/wp-content\/uploads\/2018\/04\/jap.png 1038w\" alt=\"\" width=\"678\" height=\"458\" \/><\/a><\/p>\n<p>Before we dive into it, it\u2019s good to get around some technicalities in this LGBT. Ladyboys in Japan are commonly referred to as \u2018newhalf\u2019.<\/p>\n<p>If you are new to this ladyboys thing, watch for names like shemales, Trans, bi etc. As per Japan, look for signs that say \u2018newhalf in Tokyo\u2019 or whichever city you are in.<\/p>\n<p>Das zweite, was Sie wissen m\u00fcssen, ist, dass Japan ziemlich fremdenfeindlich ist. In den Gro\u00dfst\u00e4dten l\u00e4uft alles ganz normal, aber wenn Sie in abgelegene St\u00e4dte ziehen, k\u00f6nnten Sie auf Feindseligkeit sto\u00dfen, zumindest was die Art und Weise angeht, wie man Sie ansieht.<\/p>\n<p>Foreigners are often called \u2018gaijin\u2019 with most entertainment not hospitable to foreigners. This means as you target for the hottest ladyboys in Japan, ensure they like foreigners.<\/p>\n<p>Um die ganze Verwirrung und m\u00f6gliche Ablehnung zu vermeiden, empfiehlt es sich, dass du deinen Ladyboy-Liebhaber online findest. Hier kannst du in ihrem Profil \u00fcberpr\u00fcfen, ob sie mit Ausl\u00e4ndern zusammen sind oder nicht. Wenn nicht angegeben, k\u00f6nnen Sie fragen.<\/p>\n<h3><strong>Andere Dinge, die Sie \u00fcber die LGBT-Kultur in Japan wissen sollten<\/strong><\/h3>\n<p>Das Nachtleben in Japan ist schwer zu durchschauen, wenn Jungs auf der Suche nach M\u00e4dchen sind. Das wird noch m\u00fchsamer, wenn man Ladyboys ins Spiel bringt.<\/p>\n<p>The culture shock in Japan is quite intense and that is why those establishment hosting gaijin list as gaijin friendly. If a place is not listed as gaijin friendly don\u2019t waste your time trying to impress its ladyboys.<\/p>\n<p>Diese Vergn\u00fcgungsviertel liegen jedoch zwischen strikt gaijinfrei und gaijinfreundlich, w\u00e4hrend andere eine Politik der offenen T\u00fcr verfolgen.<\/p>\n<p>The open door entertainment areas will allow you in or not depending on how they feel. This means you can always try but if they say you aren\u2019t getting in, don\u2019t push or it.<\/p>","protected":false},"excerpt":{"rendered":"<p>The best spots to meet ladyboys in Japan is an uphill task but this varies with the city. Tokyo, for example, has plenty of ladyboys and the wildest LGBT scenes in Japan. So how exactly do you go about finding the cutest shemales in Japan? Well here is all the information that you need. If [&hellip;]<\/p>","protected":false},"author":2,"featured_media":10343,"parent":0,"menu_order":0,"comment_status":"open","ping_status":"closed","template":"","meta":{"_exactmetrics_skip_tracking":false,"_exactmetrics_sitenote_active":false,"_exactmetrics_sitenote_note":"","_exactmetrics_sitenote_category":0,"footnotes":""},"categories":[335],"tags":[],"class_list":["post-10287","page","type-page","status-publish","has-post-thumbnail","hentry","category-japan"],"yoast_head":"<!-- This site is optimized with the Yoast SEO plugin v20.1 - https:\/\/yoast.com\/wordpress\/plugins\/seo\/ -->\n<title>Best Places To Meet Ladyboys In Japan - A Farang Abroad<\/title>\n<meta name=\"description\" content=\"In this article I&#039;ll show you were to find ladyboys in Japan. Whether you&#039;re looking for a normal or freelancer ladyboy, here you&#039;ll find out how.\" \/>\n<meta name=\"robots\" content=\"index, follow, max-snippet:-1, max-image-preview:large, max-video-preview:-1\" \/>\n<link rel=\"canonical\" href=\"https:\/\/afarangabroad.com\/de\/ladyboys-in-japan\/\" \/>\n<meta property=\"og:locale\" content=\"de_DE\" \/>\n<meta property=\"og:type\" content=\"article\" \/>\n<meta property=\"og:title\" content=\"Best Places To Meet Ladyboys In Japan - A Farang Abroad\" \/>\n<meta property=\"og:description\" content=\"In this article I&#039;ll show you were to find ladyboys in Japan. Whether you&#039;re looking for a normal or freelancer ladyboy, here you&#039;ll find out how.\" \/>\n<meta property=\"og:url\" content=\"https:\/\/afarangabroad.com\/de\/ladyboys-in-japan\/\" \/>\n<meta property=\"og:site_name\" content=\"A Farang Abroad\" \/>\n<meta property=\"article:modified_time\" content=\"2024-10-16T05:16:04+00:00\" \/>\n<meta property=\"og:image\" content=\"https:\/\/afarangabroad.com\/wp-content\/uploads\/2018\/10\/ladyboy-japan-drag-show.jpg\" \/>\n\t<meta property=\"og:image:width\" content=\"640\" \/>\n\t<meta property=\"og:image:height\" content=\"480\" \/>\n\t<meta property=\"og:image:type\" content=\"image\/jpeg\" \/>\n<meta name=\"twitter:label1\" content=\"Gesch\u00e4tzte Lesezeit\" \/>\n\t<meta name=\"twitter:data1\" content=\"7\u00a0Minuten\" \/>\n<script type=\"application\/ld+json\" class=\"yoast-schema-graph\">{\"@context\":\"https:\/\/schema.org\",\"@graph\":[{\"@type\":\"WebPage\",\"@id\":\"https:\/\/afarangabroad.com\/ladyboys-in-japan\/\",\"url\":\"https:\/\/afarangabroad.com\/ladyboys-in-japan\/\",\"name\":\"Best Places To Meet Ladyboys In Japan - A Farang Abroad\",\"isPartOf\":{\"@id\":\"https:\/\/afarangabroad.com\/#website\"},\"datePublished\":\"2018-10-24T15:35:08+00:00\",\"dateModified\":\"2024-10-16T05:16:04+00:00\",\"description\":\"In this article I'll show you were to find ladyboys in Japan. Whether you're looking for a normal or freelancer ladyboy, here you'll find out how.\",\"breadcrumb\":{\"@id\":\"https:\/\/afarangabroad.com\/ladyboys-in-japan\/#breadcrumb\"},\"inLanguage\":\"de\",\"potentialAction\":[{\"@type\":\"ReadAction\",\"target\":[\"https:\/\/afarangabroad.com\/ladyboys-in-japan\/\"]}]},{\"@type\":\"BreadcrumbList\",\"@id\":\"https:\/\/afarangabroad.com\/ladyboys-in-japan\/#breadcrumb\",\"itemListElement\":[{\"@type\":\"ListItem\",\"position\":1,\"name\":\"Home\",\"item\":\"https:\/\/afarangabroad.com\/\"},{\"@type\":\"ListItem\",\"position\":2,\"name\":\"Best Places To Meet Ladyboys In Japan\"}]},{\"@type\":\"WebSite\",\"@id\":\"https:\/\/afarangabroad.com\/#website\",\"url\":\"https:\/\/afarangabroad.com\/\",\"name\":\"A Farang Abroad\",\"description\":\"Your secret guide to Asia&#039;s sexiest nightlife.\",\"potentialAction\":[{\"@type\":\"SearchAction\",\"target\":{\"@type\":\"EntryPoint\",\"urlTemplate\":\"https:\/\/afarangabroad.com\/?s={search_term_string}\"},\"query-input\":\"required name=search_term_string\"}],\"inLanguage\":\"de\"}]}<\/script>\n<!-- \/ Yoast SEO plugin. -->","yoast_head_json":{"title":"Best Places To Meet Ladyboys In Japan - A Farang Abroad","description":"In this article I'll show you were to find ladyboys in Japan. Whether you're looking for a normal or freelancer ladyboy, here you'll find out how.","robots":{"index":"index","follow":"follow","max-snippet":"max-snippet:-1","max-image-preview":"max-image-preview:large","max-video-preview":"max-video-preview:-1"},"canonical":"https:\/\/afarangabroad.com\/de\/ladyboys-in-japan\/","og_locale":"de_DE","og_type":"article","og_title":"Best Places To Meet Ladyboys In Japan - A Farang Abroad","og_description":"In this article I'll show you were to find ladyboys in Japan. Whether you're looking for a normal or freelancer ladyboy, here you'll find out how.","og_url":"https:\/\/afarangabroad.com\/de\/ladyboys-in-japan\/","og_site_name":"A Farang Abroad","article_modified_time":"2024-10-16T05:16:04+00:00","og_image":[{"width":640,"height":480,"url":"https:\/\/afarangabroad.com\/wp-content\/uploads\/2018\/10\/ladyboy-japan-drag-show.jpg","type":"image\/jpeg"}],"twitter_misc":{"Gesch\u00e4tzte Lesezeit":"7\u00a0Minuten"},"schema":{"@context":"https:\/\/schema.org","@graph":[{"@type":"WebPage","@id":"https:\/\/afarangabroad.com\/ladyboys-in-japan\/","url":"https:\/\/afarangabroad.com\/ladyboys-in-japan\/","name":"Best Places To Meet Ladyboys In Japan - A Farang Abroad","isPartOf":{"@id":"https:\/\/afarangabroad.com\/#website"},"datePublished":"2018-10-24T15:35:08+00:00","dateModified":"2024-10-16T05:16:04+00:00","description":"In this article I'll show you were to find ladyboys in Japan. Whether you're looking for a normal or freelancer ladyboy, here you'll find out how.","breadcrumb":{"@id":"https:\/\/afarangabroad.com\/ladyboys-in-japan\/#breadcrumb"},"inLanguage":"de","potentialAction":[{"@type":"ReadAction","target":["https:\/\/afarangabroad.com\/ladyboys-in-japan\/"]}]},{"@type":"BreadcrumbList","@id":"https:\/\/afarangabroad.com\/ladyboys-in-japan\/#breadcrumb","itemListElement":[{"@type":"ListItem","position":1,"name":"Home","item":"https:\/\/afarangabroad.com\/"},{"@type":"ListItem","position":2,"name":"Best Places To Meet Ladyboys In Japan"}]},{"@type":"WebSite","@id":"https:\/\/afarangabroad.com\/#website","url":"https:\/\/afarangabroad.com\/","name":"A Farang Abroad","description":"Your secret guide to Asia&#039;s sexiest nightlife.","potentialAction":[{"@type":"SearchAction","target":{"@type":"EntryPoint","urlTemplate":"https:\/\/afarangabroad.com\/?s={search_term_string}"},"query-input":"required name=search_term_string"}],"inLanguage":"de"}]}},"_links":{"self":[{"href":"https:\/\/afarangabroad.com\/de\/wp-json\/wp\/v2\/pages\/10287"}],"collection":[{"href":"https:\/\/afarangabroad.com\/de\/wp-json\/wp\/v2\/pages"}],"about":[{"href":"https:\/\/afarangabroad.com\/de\/wp-json\/wp\/v2\/types\/page"}],"author":[{"embeddable":true,"href":"https:\/\/afarangabroad.com\/de\/wp-json\/wp\/v2\/users\/2"}],"replies":[{"embeddable":true,"href":"https:\/\/afarangabroad.com\/de\/wp-json\/wp\/v2\/comments?post=10287"}],"version-history":[{"count":4,"href":"https:\/\/afarangabroad.com\/de\/wp-json\/wp\/v2\/pages\/10287\/revisions"}],"predecessor-version":[{"id":513613,"href":"https:\/\/afarangabroad.com\/de\/wp-json\/wp\/v2\/pages\/10287\/revisions\/513613"}],"wp:featuredmedia":[{"embeddable":true,"href":"https:\/\/afarangabroad.com\/de\/wp-json\/wp\/v2\/media\/10343"}],"wp:attachment":[{"href":"https:\/\/afarangabroad.com\/de\/wp-json\/wp\/v2\/media?parent=10287"}],"wp:term":[{"taxonomy":"category","embeddable":true,"href":"https:\/\/afarangabroad.com\/de\/wp-json\/wp\/v2\/categories?post=10287"},{"taxonomy":"post_tag","embeddable":true,"href":"https:\/\/afarangabroad.com\/de\/wp-json\/wp\/v2\/tags?post=10287"}],"curies":[{"name":"wp","href":"https:\/\/api.w.org\/{rel}","templated":true}]}}