{"id":10290,"date":"2018-10-24T16:49:16","date_gmt":"2018-10-24T15:49:16","guid":{"rendered":"https:\/\/afarangabroad.com\/?p=10290"},"modified":"2024-10-22T03:06:42","modified_gmt":"2024-10-22T02:06:42","slug":"russian-girls-in-bangkok","status":"publish","type":"page","link":"https:\/\/afarangabroad.com\/de\/russische-madchen-in-bangkok\/","title":{"rendered":"7 Orte, um russische M\u00e4dchen in Bangkok zu finden"},"content":{"rendered":"<p>In this article you&#8217;ll learn where to find Russian girls in Bangkok<\/p>\n<p>Thailand ist sicher ein sch\u00f6nes Land, aber hier sehen wir es als ein Top-Sex-Touristenziel. Wenn Sie eine Zeit Ihres Lebens mit M\u00e4dchen haben wollen und nicht graben Ihre Taschen trocken, dann Kopf nach Bangkok. In dieser Stadt werden Sie nicht nur thail\u00e4ndische M\u00e4dchen treffen, sondern auch ausl\u00e4ndische M\u00e4dchen, z.B. russische M\u00e4dchen in Bangkok.<\/p>\n<p>Wenn Sie sich&nbsp;<strong>kostenloser Sex in Thailand<\/strong>&nbsp;<a title=\"Mit Thai Friendly eine Thai-Freundin finden\" href=\"https:\/\/afarangabroad.com\/de\/thai-cupid-dating-site\/\" target=\"_blank\" rel=\"noopener noreferrer\">dann lesen Sie diesen Artikel<\/a>.<a href=\"https:\/\/afarangabroad.com\/de\/thai-cupid-dating-site\/\" target=\"_blank\" rel=\"noopener noreferrer\"><img loading=\"lazy\" decoding=\"async\" class=\"aligncenter wp-image-7259 size-large\" src=\"https:\/\/afarangabroad.com\/wp-content\/uploads\/2016\/06\/Meet-Thai-girls1-1024x691.png\" sizes=\"(max-width: 678px) 100vw, 678px\" srcset=\"https:\/\/afarangabroad.com\/wp-content\/uploads\/2016\/06\/Meet-Thai-girls1-1024x691.png 1024w, https:\/\/afarangabroad.com\/wp-content\/uploads\/2016\/06\/Meet-Thai-girls1-300x202.png 300w, https:\/\/afarangabroad.com\/wp-content\/uploads\/2016\/06\/Meet-Thai-girls1-720x486.png 720w, https:\/\/afarangabroad.com\/wp-content\/uploads\/2016\/06\/Meet-Thai-girls1.png 1038w\" alt=\"Meet Thai girls\" width=\"678\" height=\"458\"><\/a><\/p>\n<p>Du k\u00f6nntest viele Thai-M\u00e4dchen genossen haben und m\u00f6chtest den Geschmack \u00e4ndern. Russische M\u00e4dchen sehen k\u00f6rperlich anders aus, also verstehe ich den Drang zu wissen, was sie unter ihren knappen Kleidern verbergen.<\/p>\n<p>Bangkok is like Jack of all trades. You don\u2019t have to eat the same meal \u201cThai girls\u201d every time you have a boner. You can explore more girls here, like in this case a Russian girl or even an African girl.<\/p>\n<p>Note that not all expatriate women in Bangkok are hookers. With this, I means don\u2019t walk in a bar or other entertainment avenues and expect to have sex with her since you promise to throw some dollars her way.<\/p>\n<p>Dieser Beitrag ist f\u00fcr diejenigen, die wissen wollen, wo man Russen in Bangkok treffen kann.<\/p>\n<h2>Treffen Sie alleinstehende russische Frauen, die in Bangkok reisen<\/h2>\n<p>Bangkok ist ein beliebtes Ziel f\u00fcr Rucksacktouristen. In den letzten Jahren hat die Zahl der weiblichen Alleinreisenden stark zugenommen, was zu einer guten Flut von Nachtschw\u00e4rmern f\u00fchrt.<\/p>\n<\/p>\n\n\n<h2 class=\"wp-block-heading\">Body Bliss Massage Bangkok<\/h2>\n\n\n\n<p>Body Bliss Massage ist eine neue, aber sehr gute Outcall-Massage, wo Sie Handjobs in Bangkok bekommen k\u00f6nnen. Sie bieten Dienstleistungen sowohl f\u00fcr M\u00e4nner als auch f\u00fcr Frauen.<\/p>\n\n\n<div class=\"wp-block-image\">\n<figure class=\"aligncenter size-large is-resized\"><a href=\"https:\/\/bodyblissbangkok.com\/\" target=\"_blank\" rel=\"nofollow noopener\"><img loading=\"lazy\" decoding=\"async\" width=\"575\" height=\"1024\" src=\"https:\/\/afarangabroad.com\/wp-content\/uploads\/2023\/12\/body-bliss-massage-575x1024.jpg\" alt=\"body bliss massage\" class=\"wp-image-513386\" style=\"width:399px;height:711px\" srcset=\"https:\/\/afarangabroad.com\/wp-content\/uploads\/2023\/12\/body-bliss-massage-575x1024.jpg 575w, https:\/\/afarangabroad.com\/wp-content\/uploads\/2023\/12\/body-bliss-massage-168x300.jpg 168w, https:\/\/afarangabroad.com\/wp-content\/uploads\/2023\/12\/body-bliss-massage-768x1368.jpg 768w, https:\/\/afarangabroad.com\/wp-content\/uploads\/2023\/12\/body-bliss-massage-862x1536.jpg 862w, https:\/\/afarangabroad.com\/wp-content\/uploads\/2023\/12\/body-bliss-massage.jpg 904w\" sizes=\"(max-width: 575px) 100vw, 575px\" \/><\/a><\/figure><\/div>\n\n\n<p>Sie haben eine Reihe von Massagen einschlie\u00dflich seifig und Prostata. Sie k\u00f6nnen alle ihre M\u00e4dchen sehen, aber besuchen Sie ihre Website unter <a href=\"http:\/\/www.bodyblissbangkok.com\/\" target=\"_blank\" rel=\"nofollow noopener\">BodyBlissBangkok.com<\/a><\/p>\n\n\n\n<h2 class=\"wp-block-heading\">Exotisches Bangkok<\/h2>\n\n\n\n<p>Exotic Bangkok ist der neueste Anbieter von Outcall\/Incall-Massagen. Sie haben alles von tantrischen, zu Nuru, zu perversen Massagen. Sie haben einige der besten M\u00e4dchen in Bangkok. F\u00fcr Incall-Massagen finden Sie sie in der Sukhumvit 20. Sie k\u00f6nnen ihre Angebote hier sehen: <a href=\"https:\/\/exoticmassagebangkok.com\/\">ExoticMassageBangkok.com<\/a><\/p>\n\n\n<div class=\"wp-block-image\">\n<figure class=\"aligncenter is-resized\"><a href=\"https:\/\/exoticmassagebangkok.com\/\"><img loading=\"lazy\" decoding=\"async\" width=\"691\" height=\"1024\" src=\"https:\/\/afarangabroad.com\/wp-content\/uploads\/2024\/08\/image_123650291-691x1024.jpg\" alt=\"\" class=\"wp-image-513539\" style=\"width:400px\" srcset=\"https:\/\/afarangabroad.com\/wp-content\/uploads\/2024\/08\/image_123650291-691x1024.jpg 691w, https:\/\/afarangabroad.com\/wp-content\/uploads\/2024\/08\/image_123650291-202x300.jpg 202w, https:\/\/afarangabroad.com\/wp-content\/uploads\/2024\/08\/image_123650291.jpg 700w\" sizes=\"(max-width: 691px) 100vw, 691px\" \/><\/a><\/figure><\/div>\n\n<h2>\u00a0<\/h2>\n<h3>Khao Sak Stra\u00dfe<\/h3>\n<p>Um russische M\u00e4dchen in Bangkok zu treffen, sollten Sie die Khao Sak Road besuchen, ein Paradies f\u00fcr Rucksacktouristen. Hier gibt es zahlreiche Hotels, Diskotheken, Bars und L\u00e4den.<\/p>\n<p>You can tell it\u2019s a tourist area from its lively atmosphere starting early morning late to the evening. You can approach plenty of women in the streets and offer to buy her a drink before you call it a day.<\/p>\n<p>Das Gute an Rucksacktouristen ist, dass sie mutig sind. Russische M\u00e4dchen in der Khao Sak Stra\u00dfe sind nicht nur hier, um die Natur zu erkunden, sondern die meisten wollen Menschen aus der ganzen Welt treffen und Erfahrungen teilen.<\/p>\n<p>Das hei\u00dft, die Frauen sind lustig, offen f\u00fcr Partys und auch f\u00fcr Sex.<\/p>\n<p>Die Khao Sak Road ist kein Bienenstock f\u00fcr russische Nutten, aber Sie k\u00f6nnen viele <a href=\"https:\/\/afarangabroad.com\/de\/prostituierte-huren-phuket\/\">Spa\u00df mit russischen Br\u00fcnetten.<\/a><\/p>\n<h4>Orte, an denen man russische M\u00e4dchen in der Khao Sak Stra\u00dfe findet<\/h4>\n<p>Der Club, das Cliff und das Deep sind einige der besten Clubs in Khao Sak, um vor\u00fcbergehende russische M\u00e4dchen in Bangkok zu treffen.<\/p>\n<p>Um hei\u00dfe russische Blondinen anzumachen, suchen Sie sich einen Tisch und halten Sie Ausschau nach einer Gruppe ausl\u00e4ndischer M\u00e4dchen ohne M\u00e4nner. Sie sind meist in einer Gruppe von 3+ M\u00e4dchen.<\/p>\n<p>Ich rate davon ab, zwei M\u00e4dchen anzusprechen. Denn die Wahrscheinlichkeit, dass sie mit dir geht und ihre Freundin zur\u00fcckbleibt, ist gering.<\/p>\n<p>Sie k\u00f6nnen damit beginnen, langen Augenkontakt herzustellen und zu sehen, ob sie l\u00e4chelt. Wenn sie empf\u00e4nglich ist, gehen Sie zum Tisch und sagen mit einem breiten L\u00e4cheln ein einfaches HI.<\/p>\n<p>Wenn du am Tisch sitzt, musst du Augenkontakt mit dem russischen M\u00e4dchen halten, das du willst. Wenn das M\u00e4dchen dich wirklich mag, wird sie das Gespr\u00e4ch in Gang halten. Von dort aus k\u00f6nnen Sie Getr\u00e4nke bestellen und sehen, wo die Sache endet.<\/p>\n<p>Wenn nicht, gehen Sie zur\u00fcck zu Ihrem Tisch und zielen Sie auf Ihr n\u00e4chstes Ziel.<\/p>\n<p><img loading=\"lazy\" decoding=\"async\" class=\"aligncenter size-full wp-image-10330\" src=\"https:\/\/afarangabroad.com\/wp-content\/uploads\/2018\/10\/russian-girl-Bangkok.jpg\" alt=\"russian women in Bangkok\" width=\"640\" height=\"425\" srcset=\"https:\/\/afarangabroad.com\/wp-content\/uploads\/2018\/10\/russian-girl-Bangkok.jpg 640w, https:\/\/afarangabroad.com\/wp-content\/uploads\/2018\/10\/russian-girl-Bangkok-300x199.jpg 300w\" sizes=\"(max-width: 640px) 100vw, 640px\" \/><\/p>\n<p>Wenn Sie sich eine entspannte Umgebung w\u00fcnschen, gehen Sie in eine der beliebten Bars auf Khao sak. Viele M\u00e4dchen genie\u00dfen es, nach einem langen Wandertag einen Drink zu nehmen.<\/p>\n<p>Conversation is easier to have in a bar and you can have dinner here too. Some of the popular bars to meet Russian girls on Khao Sak road include Brick Bar, Gazebo and Gulliver\u2019s.<\/p>\n<p>An den Wochenenden sind die meisten Bars hier voll und es ist daher normal, dass man sich den Tisch mit einer Gruppe von Frauen teilt. Das macht es viel einfacher, ein Gespr\u00e4ch zu beginnen.<\/p>\n<h2>Treffen Sie russische M\u00e4dchen, die in Bangkok leben<\/h2>\n<h3>Royal City Avenue<\/h3>\n<p>RCA ist Bangkoks gr\u00f6\u00dfte Ausgehgegend. An den Wochenenden str\u00f6men B\u00fcroangestellte in die Gegend und schaffen eine gute Plattform, um mit ausl\u00e4ndischen M\u00e4dchen zu interagieren, die in Bangkok arbeiten.<\/p>\n<p>Vor Jahren war RCA bei Thail\u00e4ndern beliebt, aber jetzt zieht es an den Wochenenden mehr Ausl\u00e4nder an.<\/p>\n<p>Dies sind die drei ber\u00fchmten Clubs, in denen man russische M\u00e4dchen in Bangkok treffen kann.<\/p>\n<ul>\n<li>Schlank auf 29\/22-32 RCA<\/li>\n<li>Flix<\/li>\n<li>Route 66 auf 29\/33 -48 RCA<\/li>\n<\/ul>\n<p>Getr\u00e4nke kosten hier mehr als in anderen Lokalen der Stadt. Aber ein Wodka erregt immer die Aufmerksamkeit der russischen M\u00e4dchen.<\/p>\n<h3>Sukhumvit Stra\u00dfe<\/h3>\n<p>Diese Stra\u00dfe f\u00fchrt quer durch Bangkok und ist ein Tummelplatz f\u00fcr Nachtschw\u00e4rmer und lebenslustige Auswanderer.<\/p>\n<p>Die Sukhumvit Soi 11 ist mit ihren vielen Bars und Kneipen ein guter Anlaufpunkt.<\/p>\n<h4>Londoner Pub<\/h4>\n<p>The bar is located on Sukhumvit Soi 33 and lots of foreign girls, Russians included turn up here every day for cheap drinks and socialize. Wednesday is known as teacher\u2019s night and these foreign girls are horny and willing to get laid.<\/p>\n<h4>Die Stiere<\/h4>\n<p>Diese Bar befindet sich in der Sukhumvit Soi 33\/1 und bietet jeden Donnerstag einen Lehrerabend an.<\/p>\n<h4>Koi-Bar<\/h4>\n<p>In der Koi-Bar findet jeden Donnerstag eine Model-Nacht statt. Die russischen M\u00e4dchen in Bangkok hier sind super sexy. Sie besser bringen alle Beute und Bargeld f\u00fcr Getr\u00e4nke als M\u00e4dchen Erwartung in dieser Bar ist hoch.<\/p>\n<h4>Das Nest<\/h4>\n<p>Diese Bar befindet sich auf dem Dach des Fonix Hotels, 33\/33 Sukhumvit Soi 11. Dieser Ort ist fantastisch und wert, um russische Frauen in Bangkok zu treffen.<\/p>\n<h2>Treffen Sie russische M\u00e4dchen in Bangkok online<\/h2>\n<p>Sch\u00f6ne M\u00e4dchen in Bangkok zu treffen, muss nicht in Clubs und Bars sein. Wenn mongering in diesen Allee verwenden ist nicht Ihr Ding oder verwenden Sie zu viel Zeit, dann <a href=\"https:\/\/theartofcharm.com\/dating-tips\/meet-girl-online\/\">M\u00e4dchen online treffen<\/a> ist der richtige Weg.<\/p>\n<p>In Bangkok gibt es gute Websites, um einheimische und ausl\u00e4ndische Single-Frauen zu treffen. Thaicupid ist eine der besten, mit mehr als 500 russischen M\u00e4dchen, die bereit sind, etwas Spa\u00df mit einem potenziellen Partner zu haben.<\/p>\n<p>Alles, was Sie tun m\u00fcssen, ist sich anzumelden und Ihr Profil einzurichten, in dem Sie angeben, dass Sie russische M\u00e4dchen in Bangkok treffen m\u00f6chten.<\/p>\n<h2>Internationale Veranstaltungen<\/h2>\n<p>It\u2019s easy to know when and where international events will be happening in Bangkok. Just Google.<\/p>\n<p>Use these events to interact with other expatriates. In the process, you will know Bangkok from an expat&#8217;s eye making the process of finding a Russian girl you like easy.<\/p>\n<p>Achten Sie auf die Veranstaltungen, die mehr Frauen anziehen, da sie die Chancen erh\u00f6hen, russische Br\u00fcnetten zu treffen.<\/p>\n<h2>Treffpunkte in Bangkok f\u00fcr russische Frauen<\/h2>\n<p>There are organized groups in Bangkok that attract young and single girls. One is \u201cThe Bangkok Language exchange meet up by Tao.\u201d<\/p>\n<p>Diese Gruppen sind voll von einsamen und geilen Expat-Frauen, die in Bangkok leben. <a href=\"https:\/\/romancecompass.com\/blog\/how-to-treat-russian-women\/how-to-get-a-russian-woman-interested-in-you\/\">Ann\u00e4herung an russische M\u00e4dchen<\/a> bei diesen Treffen bedeutet, dass man sich f\u00fcr das Erlernen von Fremdsprachen interessiert, aber die Chancen, Sex zu haben, sind hoch.<\/p>\n<h2>Treffen Sie russische Nutten in Bangkok<\/h2>\n<p>Bangkok ist ein Paradies f\u00fcr Sextouristen. Das bedeutet, dass eine Menge Geld im Umlauf ist, um russische M\u00e4dchen anzuziehen, die einen guten Lebensunterhalt verdienen wollen.<\/p>\n<p>Die meisten russischen Nutten in Bangkok sind in Clubs als T\u00e4nzerinnen zu finden oder arbeiten in Escort-Agenturen.<\/p>\n<h3>Soi \u00be Nana, Sukhumvit<\/h3>\n<p>Diese Stra\u00dfe ist der Mittelpunkt der Sexindustrie in Bangkok. Sie finden hier russische, afrikanische und nat\u00fcrlich auch einheimische M\u00e4dchen.<\/p>\n<h4>Hotel Grace<\/h4>\n<p>This hotel, for example, is packed with Russian and other foreign women waiting to customers. If you don\u2019t find a brunette of your taste moves to the discos.<\/p>\n<p>Preis: USD$100-150 f\u00fcr die ganze Nacht, US$50 f\u00fcr kurze Zeit<\/p>\n<h4>Bamboo Bar<\/h4>\n<p>Diese Bar befindet sich gegen\u00fcber dem Grace Hotel und ist f\u00fcr ihre Live-Bands bekannt. Sie k\u00f6nnen hier russische, afrikanische und einheimische M\u00e4dchen treffen.<\/p>\n<p>Preis: Der Eintritt kostet 200 Baht oder USD$7<\/p>\n<p>Alle M\u00e4dchen sind Freiberufler und verlangen 1500 Baht f\u00fcr die ganze Nacht. Dies entspricht US$50.<\/p>\n<p>Die Preise variieren je nach Sch\u00f6nheit, Verf\u00fcgbarkeit und Bereitschaft.<\/p>\n<p><img loading=\"lazy\" decoding=\"async\" class=\"aligncenter size-full wp-image-10331\" src=\"https:\/\/afarangabroad.com\/wp-content\/uploads\/2018\/10\/russian-girl-in-Bangkok.jpg\" alt=\"russian girl in Bangkok\" width=\"640\" height=\"427\" srcset=\"https:\/\/afarangabroad.com\/wp-content\/uploads\/2018\/10\/russian-girl-in-Bangkok.jpg 640w, https:\/\/afarangabroad.com\/wp-content\/uploads\/2018\/10\/russian-girl-in-Bangkok-300x200.jpg 300w\" sizes=\"(max-width: 640px) 100vw, 640px\" \/><\/p>\n<p>A bottle of Black label cost 2000 baht \u2013 2500 baht, plus 1000 baht for a mixer.<\/p>\n<p>Die Kosten f\u00fcr die Getr\u00e4nke sind recht teuer, aber im Vergleich zu dem Spa\u00df, den Sie haben werden, ist es das meiner Meinung nach wert.<\/p>\n<h4>Rajah Hotel<\/h4>\n<p>Dies ist eine weitere gute Anlaufstelle f\u00fcr russische M\u00e4dchen in Bangkok. Fragen Sie in der Lobby den Mann mit einem Notizblock und Stift, ob Sie ein russisches M\u00e4dchen haben k\u00f6nnen.<\/p>\n<p>Sie werden in den zweiten Stock begleitet, wo sich alle Blondinen aufhalten. Der Sex mit diesen M\u00e4dchen kostet Sie zwischen 2000-3000 Baht.<\/p>\n<p>Sie k\u00f6nnen auch russische Nutten in Bangkok finden, die vor gro\u00dfen Diskotheken wie Gulliver, Climax und Insanity stehen.<\/p>\n<p>Die Kosten f\u00fcr diese M\u00e4dchen belaufen sich auf 1500-2200 Baht, also 50-75 USD.<\/p>\n<h2>Bangkok Begleitservice<\/h2>\n<p>Es gibt mehrere Begleitagenturen, aber die beste ist Bangkok Russian Escort.<\/p>\n<p>Preis: Es beginnt bei 8000 Baht pro Stunde. Russische Escort ist gut f\u00fcr diejenigen, die neben Sex auch eine erstklassige Begleitung suchen.<\/p>\n<p>As per street hookers, there aren\u2019t many Russians. In the streets, you will find African and mostly local girls. The cost for a street hooker in Bangkok is 1500 baht longtime.<\/p>\n<p>Wenn Sie sich\u00a0<strong>kostenloser Sex in Thailand<\/strong>\u00a0<a title=\"Mit Thai Friendly eine Thai-Freundin finden\" href=\"https:\/\/afarangabroad.com\/de\/thai-cupid-dating-site\/\" target=\"_blank\" rel=\"noopener noreferrer\">dann lesen Sie diesen Artikel<\/a>.<a href=\"https:\/\/afarangabroad.com\/de\/thai-cupid-dating-site\/\" target=\"_blank\" rel=\"noopener noreferrer\"><img loading=\"lazy\" decoding=\"async\" class=\"aligncenter wp-image-7259 size-large\" src=\"https:\/\/afarangabroad.com\/wp-content\/uploads\/2016\/06\/Meet-Thai-girls1-1024x691.png\" sizes=\"(max-width: 678px) 100vw, 678px\" srcset=\"https:\/\/afarangabroad.com\/wp-content\/uploads\/2016\/06\/Meet-Thai-girls1-1024x691.png 1024w, https:\/\/afarangabroad.com\/wp-content\/uploads\/2016\/06\/Meet-Thai-girls1-300x202.png 300w, https:\/\/afarangabroad.com\/wp-content\/uploads\/2016\/06\/Meet-Thai-girls1-720x486.png 720w, https:\/\/afarangabroad.com\/wp-content\/uploads\/2016\/06\/Meet-Thai-girls1.png 1038w\" alt=\"Meet Thai girls\" width=\"678\" height=\"458\" \/><\/a><\/p>\n<p>Fanden Sie diesen Beitrag \u00fcber russische M\u00e4dchen in Bangkok hilfreich? Wir haben auch \u00e4hnliche Beitr\u00e4ge dar\u00fcber, wo man Thai-M\u00e4dchen und Ladyboys findet.<\/p>","protected":false},"excerpt":{"rendered":"<p>In this article you&#8217;ll learn where to find Russian girls in Bangkok Thailand is a beautiful country for sure but here we see it a top sex tourist destination. If you want to have a time of your life with girls and not dig your pockets dry, then head to Bangkok. In this city, you [&hellip;]<\/p>","protected":false},"author":2,"featured_media":10331,"parent":0,"menu_order":0,"comment_status":"open","ping_status":"closed","template":"","meta":{"_exactmetrics_skip_tracking":false,"_exactmetrics_sitenote_active":false,"_exactmetrics_sitenote_note":"","_exactmetrics_sitenote_category":0,"footnotes":""},"categories":[298],"tags":[],"class_list":["post-10290","page","type-page","status-publish","has-post-thumbnail","hentry","category-bangkok-nightlife"],"yoast_head":"<!-- This site is optimized with the Yoast SEO plugin v20.1 - https:\/\/yoast.com\/wordpress\/plugins\/seo\/ -->\n<title>7 Places to find Russian girls in Bangkok - A Farang Abroad<\/title>\n<meta name=\"description\" content=\"In this article you&#039;ll learn where to meet hot Russian girls in Bangkok. From the best clubs, bars and online if you want to pay for Russian escorts.\" \/>\n<meta name=\"robots\" content=\"index, follow, max-snippet:-1, max-image-preview:large, max-video-preview:-1\" \/>\n<link rel=\"canonical\" href=\"https:\/\/afarangabroad.com\/de\/russische-madchen-in-bangkok\/\" \/>\n<meta property=\"og:locale\" content=\"de_DE\" \/>\n<meta property=\"og:type\" content=\"article\" \/>\n<meta property=\"og:title\" content=\"7 Places to find Russian girls in Bangkok - A Farang Abroad\" \/>\n<meta property=\"og:description\" content=\"In this article you&#039;ll learn where to meet hot Russian girls in Bangkok. From the best clubs, bars and online if you want to pay for Russian escorts.\" \/>\n<meta property=\"og:url\" content=\"https:\/\/afarangabroad.com\/de\/russische-madchen-in-bangkok\/\" \/>\n<meta property=\"og:site_name\" content=\"A Farang Abroad\" \/>\n<meta property=\"article:modified_time\" content=\"2024-10-22T02:06:42+00:00\" \/>\n<meta property=\"og:image\" content=\"https:\/\/afarangabroad.com\/wp-content\/uploads\/2018\/10\/russian-girl-in-Bangkok.jpg\" \/>\n\t<meta property=\"og:image:width\" content=\"640\" \/>\n\t<meta property=\"og:image:height\" content=\"427\" \/>\n\t<meta property=\"og:image:type\" content=\"image\/jpeg\" \/>\n<meta name=\"twitter:label1\" content=\"Gesch\u00e4tzte Lesezeit\" \/>\n\t<meta name=\"twitter:data1\" content=\"9\u00a0Minuten\" \/>\n<script type=\"application\/ld+json\" class=\"yoast-schema-graph\">{\"@context\":\"https:\/\/schema.org\",\"@graph\":[{\"@type\":\"WebPage\",\"@id\":\"https:\/\/afarangabroad.com\/russian-girls-in-bangkok\/\",\"url\":\"https:\/\/afarangabroad.com\/russian-girls-in-bangkok\/\",\"name\":\"7 Places to find Russian girls in Bangkok - A Farang Abroad\",\"isPartOf\":{\"@id\":\"https:\/\/afarangabroad.com\/#website\"},\"datePublished\":\"2018-10-24T15:49:16+00:00\",\"dateModified\":\"2024-10-22T02:06:42+00:00\",\"description\":\"In this article you'll learn where to meet hot Russian girls in Bangkok. From the best clubs, bars and online if you want to pay for Russian escorts.\",\"breadcrumb\":{\"@id\":\"https:\/\/afarangabroad.com\/russian-girls-in-bangkok\/#breadcrumb\"},\"inLanguage\":\"de\",\"potentialAction\":[{\"@type\":\"ReadAction\",\"target\":[\"https:\/\/afarangabroad.com\/russian-girls-in-bangkok\/\"]}]},{\"@type\":\"BreadcrumbList\",\"@id\":\"https:\/\/afarangabroad.com\/russian-girls-in-bangkok\/#breadcrumb\",\"itemListElement\":[{\"@type\":\"ListItem\",\"position\":1,\"name\":\"Home\",\"item\":\"https:\/\/afarangabroad.com\/\"},{\"@type\":\"ListItem\",\"position\":2,\"name\":\"7 Places to find Russian girls in Bangkok\"}]},{\"@type\":\"WebSite\",\"@id\":\"https:\/\/afarangabroad.com\/#website\",\"url\":\"https:\/\/afarangabroad.com\/\",\"name\":\"A Farang Abroad\",\"description\":\"Your secret guide to Asia&#039;s sexiest nightlife.\",\"potentialAction\":[{\"@type\":\"SearchAction\",\"target\":{\"@type\":\"EntryPoint\",\"urlTemplate\":\"https:\/\/afarangabroad.com\/?s={search_term_string}\"},\"query-input\":\"required name=search_term_string\"}],\"inLanguage\":\"de\"}]}<\/script>\n<!-- \/ Yoast SEO plugin. -->","yoast_head_json":{"title":"7 Places to find Russian girls in Bangkok - A Farang Abroad","description":"In this article you'll learn where to meet hot Russian girls in Bangkok. From the best clubs, bars and online if you want to pay for Russian escorts.","robots":{"index":"index","follow":"follow","max-snippet":"max-snippet:-1","max-image-preview":"max-image-preview:large","max-video-preview":"max-video-preview:-1"},"canonical":"https:\/\/afarangabroad.com\/de\/russische-madchen-in-bangkok\/","og_locale":"de_DE","og_type":"article","og_title":"7 Places to find Russian girls in Bangkok - A Farang Abroad","og_description":"In this article you'll learn where to meet hot Russian girls in Bangkok. From the best clubs, bars and online if you want to pay for Russian escorts.","og_url":"https:\/\/afarangabroad.com\/de\/russische-madchen-in-bangkok\/","og_site_name":"A Farang Abroad","article_modified_time":"2024-10-22T02:06:42+00:00","og_image":[{"width":640,"height":427,"url":"https:\/\/afarangabroad.com\/wp-content\/uploads\/2018\/10\/russian-girl-in-Bangkok.jpg","type":"image\/jpeg"}],"twitter_misc":{"Gesch\u00e4tzte Lesezeit":"9\u00a0Minuten"},"schema":{"@context":"https:\/\/schema.org","@graph":[{"@type":"WebPage","@id":"https:\/\/afarangabroad.com\/russian-girls-in-bangkok\/","url":"https:\/\/afarangabroad.com\/russian-girls-in-bangkok\/","name":"7 Places to find Russian girls in Bangkok - A Farang Abroad","isPartOf":{"@id":"https:\/\/afarangabroad.com\/#website"},"datePublished":"2018-10-24T15:49:16+00:00","dateModified":"2024-10-22T02:06:42+00:00","description":"In this article you'll learn where to meet hot Russian girls in Bangkok. From the best clubs, bars and online if you want to pay for Russian escorts.","breadcrumb":{"@id":"https:\/\/afarangabroad.com\/russian-girls-in-bangkok\/#breadcrumb"},"inLanguage":"de","potentialAction":[{"@type":"ReadAction","target":["https:\/\/afarangabroad.com\/russian-girls-in-bangkok\/"]}]},{"@type":"BreadcrumbList","@id":"https:\/\/afarangabroad.com\/russian-girls-in-bangkok\/#breadcrumb","itemListElement":[{"@type":"ListItem","position":1,"name":"Home","item":"https:\/\/afarangabroad.com\/"},{"@type":"ListItem","position":2,"name":"7 Places to find Russian girls in Bangkok"}]},{"@type":"WebSite","@id":"https:\/\/afarangabroad.com\/#website","url":"https:\/\/afarangabroad.com\/","name":"A Farang Abroad","description":"Your secret guide to Asia&#039;s sexiest nightlife.","potentialAction":[{"@type":"SearchAction","target":{"@type":"EntryPoint","urlTemplate":"https:\/\/afarangabroad.com\/?s={search_term_string}"},"query-input":"required name=search_term_string"}],"inLanguage":"de"}]}},"_links":{"self":[{"href":"https:\/\/afarangabroad.com\/de\/wp-json\/wp\/v2\/pages\/10290"}],"collection":[{"href":"https:\/\/afarangabroad.com\/de\/wp-json\/wp\/v2\/pages"}],"about":[{"href":"https:\/\/afarangabroad.com\/de\/wp-json\/wp\/v2\/types\/page"}],"author":[{"embeddable":true,"href":"https:\/\/afarangabroad.com\/de\/wp-json\/wp\/v2\/users\/2"}],"replies":[{"embeddable":true,"href":"https:\/\/afarangabroad.com\/de\/wp-json\/wp\/v2\/comments?post=10290"}],"version-history":[{"count":10,"href":"https:\/\/afarangabroad.com\/de\/wp-json\/wp\/v2\/pages\/10290\/revisions"}],"predecessor-version":[{"id":513612,"href":"https:\/\/afarangabroad.com\/de\/wp-json\/wp\/v2\/pages\/10290\/revisions\/513612"}],"wp:featuredmedia":[{"embeddable":true,"href":"https:\/\/afarangabroad.com\/de\/wp-json\/wp\/v2\/media\/10331"}],"wp:attachment":[{"href":"https:\/\/afarangabroad.com\/de\/wp-json\/wp\/v2\/media?parent=10290"}],"wp:term":[{"taxonomy":"category","embeddable":true,"href":"https:\/\/afarangabroad.com\/de\/wp-json\/wp\/v2\/categories?post=10290"},{"taxonomy":"post_tag","embeddable":true,"href":"https:\/\/afarangabroad.com\/de\/wp-json\/wp\/v2\/tags?post=10290"}],"curies":[{"name":"wp","href":"https:\/\/api.w.org\/{rel}","templated":true}]}}