{"id":15,"date":"2013-02-11T23:42:00","date_gmt":"2013-02-11T23:42:00","guid":{"rendered":"https:\/\/afarangabroad.com\/uncategorized\/finding-a-girlfriend-in-bangkok-nightclubs\/"},"modified":"2024-10-22T03:07:06","modified_gmt":"2024-10-22T02:07:06","slug":"finding-girlfriend-in-bangkok-nightclubs","status":"publish","type":"page","link":"https:\/\/afarangabroad.com\/de\/freundin-in-bangkoker-nachtclubs-finden\/","title":{"rendered":"Eine Thai-Freundin in Bangkoks Nachtclubs finden"},"content":{"rendered":"<p dir=\"ltr\"><span lang=\"EN-US\">Bangkok gets a bit of a bad rep for being full of hookers and ladyboys (which it is) but being a cosmopolitan city of 8 million people there are still plenty of places to meet normal chicks for the \u2018girlfriend experience&#8217; in Bangkok to get your self a Thai Girlfriend.<\/span><\/p>\n<p><i>Der folgende Beitrag wurde eingesandt von <\/i><a href=\"http:\/\/www.rakeback.com\/author\/james-spillane\/\" target=\"_blank\" rel=\"noopener\">James Spillane<i>ein Auswanderer aus Bangkok.<\/i><\/a><\/p>\n<p>Willst du Sex haben in <strong>Thailand umsonst<\/strong>dann <a href=\"https:\/\/afarangabroad.com\/de\/thai-friendly-dating\/\" target=\"_blank\" rel=\"noopener\">diesen Artikel lesen<\/a>.<\/p>\n<p><!-- [if gte mso 9]><xml> <w:WordDocument>  <w:View>Normal<\/w:View>  <w:Zoom>0<\/w:Zoom>  <w:PunctuationKerning\/>  <w:ValidateAgainstSchemas\/>  <w:SaveIfXMLInvalid>false<\/w:SaveIfXMLInvalid>  <w:IgnoreMixedContent>false<\/w:IgnoreMixedContent>  <w:AlwaysShowPlaceholderText>false<\/w:AlwaysShowPlaceholderText>  <w:Compatibility>   <w:BreakWrappedTables\/>   <w:SnapToGridInCell\/>   <w:WrapTextWithPunct\/>   <w:UseAsianBreakRules\/>   <w:DontGrowAutofit\/>  <\/w:Compatibility>  <w:BrowserLevel>MicrosoftInternetExplorer4<\/w:BrowserLevel> <\/w:WordDocument><\/xml><![endif]--><\/p>\n<p><span lang=\"EN-US\">Below is a subjective snapshot of the crowd you\u2019ll tend to find at different night clubs in Bangkok. <\/span><\/p>\n<p><span lang=\"EN-US\">In allen unten genannten Lokalen ist ein Ausweis erforderlich (20+) und es gilt eine elegante, legere Kleiderordnung, d. h. Hosen, geschlossene Schuhe, keine zerrissenen Kleidungsst\u00fccke und idealerweise ein Kragen. In allen Lokalen k\u00f6nnen Sie eine nicht ausgetrunkene Flasche am Ende des Abends zur\u00fcckgeben und die Karte f\u00fcr freien Eintritt in den n\u00e4chsten 30 Tagen verwenden.<\/span><\/p>\n<h2>Tipps, wie man in thail\u00e4ndischen Nachtclubs eine Freundin f\u00fcr Bangkok findet<\/h2>\n<p><span style=\"color: #0000ff;\"><b><span lang=\"EN-US\">Fr\u00fche T\u00fcren<\/span><\/b><\/span><\/p>\n<p><b><span style=\"text-decoration: underline;\"><span lang=\"EN-US\">Route 66 (auf RCA)<\/span><\/span><\/b><span lang=\"EN-US\">\u2013 a roughly 50\/50 split of normal young Thai chicks with jobs, degrees, iPhones etc, Thai \/ western guys, thanks to the club being featured in Lonely Planet. <\/span><\/p>\n<p><span lang=\"EN-US\">Thai girls gets in free. On the one hand at Route 66 you can blend in and Thai girls are not shy to talk to farang, but on the flip side there\u2019s a fair amount of competition. Work the outside game to avoid heaving crowds on Fri \/ Sat night and the loud mainstream music. Nice place to find yourself a potential Bangkok girlfriend.<\/span><\/p>\n<p><i><span lang=\"EN-US\">Profi-Tipp<\/span><\/i><span lang=\"EN-US\"> \u2013 the vouchers that you get for the 300 baht entrance fee can be liquidity put towards a bottle, mixers, or ice, not your usual \u20181 free drink\u2019 type cover.<\/span><\/p>\n<table cellspacing=\"0\" cellpadding=\"0\" align=\"center\">\n<tbody>\n<tr>\n<td><a href=\"https:\/\/afarangabroad.com\/wp-content\/uploads\/2013\/02\/funky+villa1.jpg\"><img loading=\"lazy\" decoding=\"async\" src=\"https:\/\/afarangabroad.com\/wp-content\/uploads\/2013\/02\/funky+villa.jpg\" alt=\"\" width=\"320\" height=\"264\" border=\"0\"><\/a><\/td>\n<\/tr>\n<tr>\n<td>100% Frau!<\/td>\n<\/tr>\n<\/tbody>\n<\/table>\n<p><b><span style=\"text-decoration: underline;\"><span lang=\"EN-US\">Schlank (auf RCA)<\/span><\/span><\/b><span lang=\"EN-US\">\u2013 next to Route 66, with slightly more expensive cover and bottle prices, there are a few more Thai girls and less white guys to be found here. Again, hookers don\u2019t apply their trade here and the <a href=\"https:\/\/afarangabroad.com\/de\/thai-women\/\">Thail\u00e4ndische Frauen<\/a> sind meist von Geburt an biologische Weibchen.<\/span><\/p>\n\n\n<h2 class=\"wp-block-heading\">Body Bliss Massage Bangkok<\/h2>\n\n\n\n<p>Body Bliss Massage ist eine neue, aber sehr gute Outcall-Massage, wo Sie Handjobs in Bangkok bekommen k\u00f6nnen. Sie bieten Dienstleistungen sowohl f\u00fcr M\u00e4nner als auch f\u00fcr Frauen.<\/p>\n\n\n<div class=\"wp-block-image\">\n<figure class=\"aligncenter size-large is-resized\"><a href=\"https:\/\/bodyblissbangkok.com\/\" target=\"_blank\" rel=\"noreferrer noopener\"><img loading=\"lazy\" decoding=\"async\" width=\"575\" height=\"1024\" src=\"https:\/\/afarangabroad.com\/wp-content\/uploads\/2023\/12\/body-bliss-massage-575x1024.jpg\" alt=\"body bliss massage\" class=\"wp-image-513386\" style=\"width:203px;height:362px\" srcset=\"https:\/\/afarangabroad.com\/wp-content\/uploads\/2023\/12\/body-bliss-massage-575x1024.jpg 575w, https:\/\/afarangabroad.com\/wp-content\/uploads\/2023\/12\/body-bliss-massage-168x300.jpg 168w, https:\/\/afarangabroad.com\/wp-content\/uploads\/2023\/12\/body-bliss-massage-768x1368.jpg 768w, https:\/\/afarangabroad.com\/wp-content\/uploads\/2023\/12\/body-bliss-massage-862x1536.jpg 862w, https:\/\/afarangabroad.com\/wp-content\/uploads\/2023\/12\/body-bliss-massage.jpg 904w\" sizes=\"(max-width: 575px) 100vw, 575px\" \/><\/a><\/figure><\/div>\n\n\n<p>Sie haben eine Reihe von Massagen einschlie\u00dflich seifig und Prostata. Sie k\u00f6nnen alle ihre M\u00e4dchen sehen, aber besuchen Sie ihre Website unter <a href=\"http:\/\/www.bodyblissbangkok.com\/\" target=\"_blank\" rel=\"nofollow noopener\">BodyBlissBangkok.com<\/a><\/p>\n\n\n\n<h2 class=\"wp-block-heading\">Exotisches Bangkok<\/h2>\n\n\n\n<p>Exotic Bangkok ist der neueste Anbieter von Outcall\/Incall-Massagen. Sie haben alles von tantrischen, zu Nuru, zu perversen Massagen. Sie haben einige der besten M\u00e4dchen in Bangkok. F\u00fcr Incall-Massagen finden Sie sie in der Sukhumvit 20. Sie k\u00f6nnen ihre Angebote hier sehen: <a href=\"https:\/\/exoticmassagebangkok.com\/\">ExoticMassageBangkok.com<\/a><\/p>\n\n\n<div class=\"wp-block-image\">\n<figure class=\"aligncenter\"><a href=\"https:\/\/exoticmassagebangkok.com\/\"><img loading=\"lazy\" decoding=\"async\" width=\"691\" height=\"1024\" src=\"https:\/\/afarangabroad.com\/wp-content\/uploads\/2024\/08\/image_123650291-691x1024.jpg\" alt=\"\" class=\"wp-image-513539\" srcset=\"https:\/\/afarangabroad.com\/wp-content\/uploads\/2024\/08\/image_123650291-691x1024.jpg 691w, https:\/\/afarangabroad.com\/wp-content\/uploads\/2024\/08\/image_123650291-202x300.jpg 202w, https:\/\/afarangabroad.com\/wp-content\/uploads\/2024\/08\/image_123650291.jpg 700w\" sizes=\"(max-width: 691px) 100vw, 691px\" \/><\/a><\/figure><\/div>\n\n\n<p><em>Auf dem Weg nach Chaing Mai<\/em>? Lesen Sie meinen Leitfaden, wo Sie <a href=\"https:\/\/afarangabroad.com\/de\/chiang-mai-girls\/\">M\u00e4dchen in Chiang Mai kennenlernen<\/a> und die besten <a href=\"https:\/\/afarangabroad.com\/de\/happy-ending-massage-chiang-mai\/\">Happy-End-Massagen in Chaing Mai<\/a>.<\/p>\n\n\n\n<p><span lang=\"EN-US\"> Model nights on Tuesdays bring in a lot of talent. When leaving with girls walk left and past all the taxi touts who want to take you to hooker-infested after hours spots they get commission at \u2013 on the main road flag down a taxi that\u2019ll actually put the meter on. Another legit place to find a decent Thai girls.<br><\/span><\/p>\n\n\n\n<p><em>Verwandt: lernen, wo man findet&nbsp;&nbsp;<a title=\"Lektion \u00fcber Thai-Nutten\" href=\"https:\/\/afarangabroad.com\/de\/2015\/03\/thailandische-nutten\/\" target=\"_blank\" rel=\"noopener\">Thail\u00e4ndische Nutten<\/a>&nbsp;in Bangkok.<\/em><\/p>\n\n\n\n<p><i><span lang=\"EN-US\">Profi-Tipp<\/span><\/i><span lang=\"EN-US\"> \u2013 Flix, the dance music room on the left, stays open after hours once the main hip hop room closes.<\/span><\/p>\n\n\n\n<figure class=\"wp-block-image\"><a href=\"https:\/\/afarangabroad.com\/de\/thai-friendly-dating\/\"><img loading=\"lazy\" decoding=\"async\" width=\"728\" height=\"90\" src=\"https:\/\/afarangabroad.com\/wp-content\/uploads\/2014\/12\/Thai-friendly.jpg\" alt=\"Thail\u00e4ndisch freundlich\" class=\"wp-image-4358\" srcset=\"https:\/\/afarangabroad.com\/wp-content\/uploads\/2014\/12\/Thai-friendly.jpg 728w, https:\/\/afarangabroad.com\/wp-content\/uploads\/2014\/12\/Thai-friendly-300x37.jpg 300w, https:\/\/afarangabroad.com\/wp-content\/uploads\/2014\/12\/Thai-friendly-600x74.jpg 600w, https:\/\/afarangabroad.com\/wp-content\/uploads\/2014\/12\/Thai-friendly-720x89.jpg 720w\" sizes=\"(max-width: 728px) 100vw, 728px\" \/><\/a><\/figure>\n\n\n\n<p><b><span style=\"text-decoration: underline;\"><span lang=\"EN-US\">Funky Villa (Thonglor Soi 10)<\/span><\/span><\/b><b><span lang=\"EN-US\"> \u2013<\/span><\/b><span lang=\"EN-US\"> a majority Thai crowd, with women way outnumbering heterosexual Asian guys. You\u2019ll stand out, but will need to be on your game. Thai girls in these places are pretty hi so and often shy to be seen talking to farang because of the association with prostitution. Similar spots next door that people roll into after Funky closes include Demo and Safehouse. Pick up phone numbers for second dates and meeting up at after hour spots.<\/span><\/p>\n\n\n\n<p><i><span lang=\"EN-US\">Profi-Tipp<\/span><\/i><span lang=\"EN-US\">\u2013 the 1k baht Smirnoff vodka bottle is one of the cheapest of any Bangkok nightclub, and admits 5 people in free. <\/span><\/p>\n\n\n\n<p><b><span style=\"text-decoration: underline;\"><span lang=\"EN-US\">Nung Len (Soi Ekkamai)<\/span><\/span><\/b><b><span lang=\"EN-US\">\u2013<\/span><\/b><span lang=\"EN-US\"> noch mehr <a title=\"Was ist ein Hi So Thai??\" href=\"https:\/\/afarangabroad.com\/de\/2014\/03\/hi-so-thai\/\" target=\"_blank\" rel=\"noopener\">hallo also<\/a> than Funky Villa, girls seem to come here to be seen. Like a beautiful people\u2019s club, prepare to fall in love every five minutes. Button up shirts and chinos are recommended. Freshen up for the pooyings and try to learn a few Thai phrases. A good place to start the night and walk around with a 160 baht beer. Bourbon street and Tororo sushi are some trendy spots on this soi (Sukhumvit 63).<\/span><\/p>\n\n\n\n<figure class=\"wp-block-table\"><table><tbody><tr><td><a href=\"https:\/\/afarangabroad.com\/wp-content\/uploads\/2013\/02\/bebier1.jpg\"><img loading=\"lazy\" decoding=\"async\" src=\"https:\/\/afarangabroad.com\/wp-content\/uploads\/2013\/02\/bebier.jpg\" alt=\"\" width=\"320\" height=\"240\" border=\"0\"><\/a><\/td><\/tr><tr><td>&nbsp;<\/td><\/tr><\/tbody><\/table><\/figure>\n\n\n\n<p><i><span lang=\"EN-US\">Profi-Tipp<\/span><\/i><span lang=\"EN-US\"> \u2013 If staying longer in a concerted effort to bag a hi so, arrive early, get a bottle and set up shop at a good vantage point in Escobar, the attached building with a DJ booth and more dance type music.<\/span><\/p>\n\n\n\n<h2 class=\"wp-block-heading\"><span style=\"color: #0000ff;\"><b><span lang=\"EN-US\">Spots nach Feierabend<\/span><\/b><\/span><\/h2>\n\n\n\n<p><b><span style=\"text-decoration: underline;\"><span lang=\"EN-US\">Scratchdog (Sukhumvit Soi 20)<\/span><\/span><\/b><span lang=\"EN-US\">\u2013 In the basement of the flashy Windsor Suites hotel, Scratchdog is a cosy venue with intimately small tables and plenty of eye candy. Being a touristy area, there are a few more farang and Japanese in the mix.<\/span><\/p>\n\n\n\n<p>It&#8217;s much easier to meet and date girls in nightclubs than using <a href=\"https:\/\/afarangabroad.com\/de\/tinder-thailand\/\">Tinder in Thailand<\/a>.<\/p>\n\n\n\n<p><span lang=\"EN-US\"> In die Flaschen passen 5 Personen, die billigste ist 1,5k Wodka, oder f\u00fcr 400 Baht erh\u00e4lt eine Person ein Freigetr\u00e4nk. Shisha ist auch verf\u00fcgbar, um an Ihrem Tisch zu rauchen. <\/span><\/p>\n\n\n\n<p><i><span lang=\"EN-US\">Profi-Tipp<\/span><\/i><span lang=\"EN-US\"> \u2013 Some <a title=\"5 Wege um Thai Bar Girls zu erkennen\" href=\"https:\/\/afarangabroad.com\/de\/5-wege-thailandische-bar-madchen-zu-stoppen\/\" target=\"_blank\" rel=\"noopener\">Thai Bar M\u00e4dchen<\/a> do come here because it\u2019s Sukhumvit, but they\u2019re usually easy to spot lurking by the DJ booth and edge of the dance floor.<\/span><\/p>\n\n\n\n<p><b><span style=\"text-decoration: underline;\"><span lang=\"EN-US\">Wip 168 (Soi Thonglor)<\/span><\/span><\/b><span lang=\"EN-US\">\u2013 Following the pattern, Wip is full of hot Thai girls and the good news now is they\u2019ll be drunker, as Wip is an after hours spot, filling up from 2 to 6am. <\/span><\/p>\n\n\n\n<p><span lang=\"EN-US\">With blasting house and techno music, the long rectangular grid of tables is perfect for doing the rounds approaching chicks. It can take 30 minutes to do a complete rotation, and with it being so dark people won\u2019t notice you\u2019re bouncing from girl to girl.<\/span><\/p>\n\n\n\n<p>M\u00e4dchen in Thailand sind viel einfacher zu treffen als <a href=\"https:\/\/afarangabroad.com\/de\/hongkong-rotlichtviertel\/\">Nutten in Hongkong<\/a> oder <a href=\"https:\/\/afarangabroad.com\/de\/macau-girls\/\">Frauen in Macau<\/a>.<\/p>\n\n\n\n<p><i><span lang=\"EN-US\">Profi-Tipp<\/span><\/i><span lang=\"EN-US\">\u2013 use the outside corridor to enter and exit the club at different strategic points with ease, and scout out the coaches near the bathrooms and food stands for victims.<\/span><\/p>\n\n\n\n<figure class=\"wp-block-table\"><table><tbody><tr><td><a href=\"https:\/\/afarangabroad.com\/wp-content\/uploads\/2013\/02\/nan+len1.jpg\"><img loading=\"lazy\" decoding=\"async\" src=\"https:\/\/afarangabroad.com\/wp-content\/uploads\/2013\/02\/nan+len.jpg\" alt=\"\" width=\"320\" height=\"240\" border=\"0\"><\/a><\/td><\/tr><tr><td>Du bist so lustig<\/td><\/tr><\/tbody><\/table><\/figure>\n\n\n\n<p><span lang=\"EN-US\">Eine alternative M\u00f6glichkeit, M\u00e4dchen kennenzulernen, ist die Nutzung von Thai Friendly, um eine Freundin in Bangkok zu finden.<\/span><\/p>\n\n\n\n<p>Verwandte Lekt\u00fcre: Lesen Sie meinen Artikel dar\u00fcber, wie man M\u00e4dchen auf <a href=\"https:\/\/afarangabroad.com\/de\/thai-cupid-dating-site\/\">Thail\u00e4ndischer Amor<\/a> und was Sie dar\u00fcber wissen sollten <a href=\"https:\/\/afarangabroad.com\/de\/isaan-girls\/\">Issan M\u00e4dchen in Thailand<\/a>.<\/p>\n\n\n\n<p><span lang=\"EN-US\">I would suggest signing up now to see how easy it is. The first month is vital as you will get swamped with messages and it&#8217;s a great way to setup dates for when you land in Thailand.<br><\/span><\/p>\n\n\n<div class=\"wp-block-image\">\n<figure class=\"aligncenter\"><a href=\"https:\/\/afarangabroad.com\/de\/thai-friendly-dating\/\" target=\"_blank\" rel=\"noopener\"><img loading=\"lazy\" decoding=\"async\" width=\"1024\" height=\"691\" src=\"https:\/\/afarangabroad.com\/wp-content\/uploads\/2016\/06\/Meet-Thai-girls-1024x691.png\" alt=\"Meet Thai girls\" class=\"wp-image-7256\" srcset=\"https:\/\/afarangabroad.com\/wp-content\/uploads\/2016\/06\/Meet-Thai-girls-1024x691.png 1024w, https:\/\/afarangabroad.com\/wp-content\/uploads\/2016\/06\/Meet-Thai-girls-300x202.png 300w, https:\/\/afarangabroad.com\/wp-content\/uploads\/2016\/06\/Meet-Thai-girls-720x486.png 720w, https:\/\/afarangabroad.com\/wp-content\/uploads\/2016\/06\/Meet-Thai-girls.png 1038w\" sizes=\"(max-width: 1024px) 100vw, 1024px\" \/><\/a><\/figure><\/div>","protected":false},"excerpt":{"rendered":"<p>Bangkok gets a bit of a bad rep for being full of hookers and ladyboys (which it is) but being a cosmopolitan city of 8 million people there are still plenty of places to meet normal chicks for the \u2018girlfriend experience&#8217; in Bangkok to get your self a Thai Girlfriend. The following post was sent [&hellip;]<\/p>","protected":false},"author":2,"featured_media":294,"parent":0,"menu_order":0,"comment_status":"open","ping_status":"open","template":"","meta":{"_exactmetrics_skip_tracking":false,"_exactmetrics_sitenote_active":false,"_exactmetrics_sitenote_note":"","_exactmetrics_sitenote_category":0,"footnotes":""},"categories":[323],"tags":[75,74,71,73,70,69,72,77,78,76],"class_list":["post-15","page","type-page","status-publish","has-post-thumbnail","hentry","category-thailand-girls","tag-bangkok-afterhours","tag-bangkok-club","tag-gfe","tag-girl-friend-experience","tag-isan-gf","tag-thai-clubs","tag-thai-gf","tag-thai-girl","tag-thai-nightlife","tag-thailand-girlfriend"],"yoast_head":"<!-- This site is optimized with the Yoast SEO plugin v20.1 - https:\/\/yoast.com\/wordpress\/plugins\/seo\/ -->\n<title>Finding a Thai Girlfriend in Bangkok Nightclubs - A Farang Abroad<\/title>\n<meta name=\"description\" content=\"This post lists ways on Finding a Thai Girlfriend in Bangkok in Bangkok, tips and strategies to use to get the girl of your dreams with little effort.\" \/>\n<meta name=\"robots\" content=\"index, follow, max-snippet:-1, max-image-preview:large, max-video-preview:-1\" \/>\n<link rel=\"canonical\" href=\"https:\/\/afarangabroad.com\/de\/freundin-in-bangkoker-nachtclubs-finden\/\" \/>\n<meta property=\"og:locale\" content=\"de_DE\" \/>\n<meta property=\"og:type\" content=\"article\" \/>\n<meta property=\"og:title\" content=\"Finding a Thai Girlfriend in Bangkok Nightclubs - A Farang Abroad\" \/>\n<meta property=\"og:description\" content=\"This post lists ways on Finding a Thai Girlfriend in Bangkok in Bangkok, tips and strategies to use to get the girl of your dreams with little effort.\" \/>\n<meta property=\"og:url\" content=\"https:\/\/afarangabroad.com\/de\/freundin-in-bangkoker-nachtclubs-finden\/\" \/>\n<meta property=\"og:site_name\" content=\"A Farang Abroad\" \/>\n<meta property=\"article:modified_time\" content=\"2024-10-22T02:07:06+00:00\" \/>\n<meta property=\"og:image\" content=\"https:\/\/afarangabroad.com\/wp-content\/uploads\/2013\/02\/bebier1.jpg\" \/>\n\t<meta property=\"og:image:width\" content=\"500\" \/>\n\t<meta property=\"og:image:height\" content=\"375\" \/>\n\t<meta property=\"og:image:type\" content=\"image\/jpeg\" \/>\n<meta name=\"twitter:label1\" content=\"Gesch\u00e4tzte Lesezeit\" \/>\n\t<meta name=\"twitter:data1\" content=\"7\u00a0Minuten\" \/>\n<script type=\"application\/ld+json\" class=\"yoast-schema-graph\">{\"@context\":\"https:\/\/schema.org\",\"@graph\":[{\"@type\":\"WebPage\",\"@id\":\"https:\/\/afarangabroad.com\/finding-girlfriend-in-bangkok-nightclubs\/\",\"url\":\"https:\/\/afarangabroad.com\/finding-girlfriend-in-bangkok-nightclubs\/\",\"name\":\"Finding a Thai Girlfriend in Bangkok Nightclubs - A Farang Abroad\",\"isPartOf\":{\"@id\":\"https:\/\/afarangabroad.com\/#website\"},\"datePublished\":\"2013-02-11T23:42:00+00:00\",\"dateModified\":\"2024-10-22T02:07:06+00:00\",\"description\":\"This post lists ways on Finding a Thai Girlfriend in Bangkok in Bangkok, tips and strategies to use to get the girl of your dreams with little effort.\",\"breadcrumb\":{\"@id\":\"https:\/\/afarangabroad.com\/finding-girlfriend-in-bangkok-nightclubs\/#breadcrumb\"},\"inLanguage\":\"de\",\"potentialAction\":[{\"@type\":\"ReadAction\",\"target\":[\"https:\/\/afarangabroad.com\/finding-girlfriend-in-bangkok-nightclubs\/\"]}]},{\"@type\":\"BreadcrumbList\",\"@id\":\"https:\/\/afarangabroad.com\/finding-girlfriend-in-bangkok-nightclubs\/#breadcrumb\",\"itemListElement\":[{\"@type\":\"ListItem\",\"position\":1,\"name\":\"Home\",\"item\":\"https:\/\/afarangabroad.com\/\"},{\"@type\":\"ListItem\",\"position\":2,\"name\":\"Finding a Thai Girlfriend in Bangkok Nightclubs\"}]},{\"@type\":\"WebSite\",\"@id\":\"https:\/\/afarangabroad.com\/#website\",\"url\":\"https:\/\/afarangabroad.com\/\",\"name\":\"A Farang Abroad\",\"description\":\"Your secret guide to Asia&#039;s sexiest nightlife.\",\"potentialAction\":[{\"@type\":\"SearchAction\",\"target\":{\"@type\":\"EntryPoint\",\"urlTemplate\":\"https:\/\/afarangabroad.com\/?s={search_term_string}\"},\"query-input\":\"required name=search_term_string\"}],\"inLanguage\":\"de\"}]}<\/script>\n<!-- \/ Yoast SEO plugin. -->","yoast_head_json":{"title":"Finding a Thai Girlfriend in Bangkok Nightclubs - A Farang Abroad","description":"This post lists ways on Finding a Thai Girlfriend in Bangkok in Bangkok, tips and strategies to use to get the girl of your dreams with little effort.","robots":{"index":"index","follow":"follow","max-snippet":"max-snippet:-1","max-image-preview":"max-image-preview:large","max-video-preview":"max-video-preview:-1"},"canonical":"https:\/\/afarangabroad.com\/de\/freundin-in-bangkoker-nachtclubs-finden\/","og_locale":"de_DE","og_type":"article","og_title":"Finding a Thai Girlfriend in Bangkok Nightclubs - A Farang Abroad","og_description":"This post lists ways on Finding a Thai Girlfriend in Bangkok in Bangkok, tips and strategies to use to get the girl of your dreams with little effort.","og_url":"https:\/\/afarangabroad.com\/de\/freundin-in-bangkoker-nachtclubs-finden\/","og_site_name":"A Farang Abroad","article_modified_time":"2024-10-22T02:07:06+00:00","og_image":[{"width":500,"height":375,"url":"https:\/\/afarangabroad.com\/wp-content\/uploads\/2013\/02\/bebier1.jpg","type":"image\/jpeg"}],"twitter_misc":{"Gesch\u00e4tzte Lesezeit":"7\u00a0Minuten"},"schema":{"@context":"https:\/\/schema.org","@graph":[{"@type":"WebPage","@id":"https:\/\/afarangabroad.com\/finding-girlfriend-in-bangkok-nightclubs\/","url":"https:\/\/afarangabroad.com\/finding-girlfriend-in-bangkok-nightclubs\/","name":"Finding a Thai Girlfriend in Bangkok Nightclubs - A Farang Abroad","isPartOf":{"@id":"https:\/\/afarangabroad.com\/#website"},"datePublished":"2013-02-11T23:42:00+00:00","dateModified":"2024-10-22T02:07:06+00:00","description":"This post lists ways on Finding a Thai Girlfriend in Bangkok in Bangkok, tips and strategies to use to get the girl of your dreams with little effort.","breadcrumb":{"@id":"https:\/\/afarangabroad.com\/finding-girlfriend-in-bangkok-nightclubs\/#breadcrumb"},"inLanguage":"de","potentialAction":[{"@type":"ReadAction","target":["https:\/\/afarangabroad.com\/finding-girlfriend-in-bangkok-nightclubs\/"]}]},{"@type":"BreadcrumbList","@id":"https:\/\/afarangabroad.com\/finding-girlfriend-in-bangkok-nightclubs\/#breadcrumb","itemListElement":[{"@type":"ListItem","position":1,"name":"Home","item":"https:\/\/afarangabroad.com\/"},{"@type":"ListItem","position":2,"name":"Finding a Thai Girlfriend in Bangkok Nightclubs"}]},{"@type":"WebSite","@id":"https:\/\/afarangabroad.com\/#website","url":"https:\/\/afarangabroad.com\/","name":"A Farang Abroad","description":"Your secret guide to Asia&#039;s sexiest nightlife.","potentialAction":[{"@type":"SearchAction","target":{"@type":"EntryPoint","urlTemplate":"https:\/\/afarangabroad.com\/?s={search_term_string}"},"query-input":"required name=search_term_string"}],"inLanguage":"de"}]}},"_links":{"self":[{"href":"https:\/\/afarangabroad.com\/de\/wp-json\/wp\/v2\/pages\/15"}],"collection":[{"href":"https:\/\/afarangabroad.com\/de\/wp-json\/wp\/v2\/pages"}],"about":[{"href":"https:\/\/afarangabroad.com\/de\/wp-json\/wp\/v2\/types\/page"}],"author":[{"embeddable":true,"href":"https:\/\/afarangabroad.com\/de\/wp-json\/wp\/v2\/users\/2"}],"replies":[{"embeddable":true,"href":"https:\/\/afarangabroad.com\/de\/wp-json\/wp\/v2\/comments?post=15"}],"version-history":[{"count":6,"href":"https:\/\/afarangabroad.com\/de\/wp-json\/wp\/v2\/pages\/15\/revisions"}],"predecessor-version":[{"id":513570,"href":"https:\/\/afarangabroad.com\/de\/wp-json\/wp\/v2\/pages\/15\/revisions\/513570"}],"wp:featuredmedia":[{"embeddable":true,"href":"https:\/\/afarangabroad.com\/de\/wp-json\/wp\/v2\/media\/294"}],"wp:attachment":[{"href":"https:\/\/afarangabroad.com\/de\/wp-json\/wp\/v2\/media?parent=15"}],"wp:term":[{"taxonomy":"category","embeddable":true,"href":"https:\/\/afarangabroad.com\/de\/wp-json\/wp\/v2\/categories?post=15"},{"taxonomy":"post_tag","embeddable":true,"href":"https:\/\/afarangabroad.com\/de\/wp-json\/wp\/v2\/tags?post=15"}],"curies":[{"name":"wp","href":"https:\/\/api.w.org\/{rel}","templated":true}]}}