{"id":1880,"date":"2013-07-15T15:42:32","date_gmt":"2013-07-15T14:42:32","guid":{"rendered":"https:\/\/afarangabroad.com\/?page_id=1880"},"modified":"2019-06-19T19:52:40","modified_gmt":"2019-06-19T18:52:40","slug":"privacy-policy","status":"publish","type":"page","link":"https:\/\/afarangabroad.com\/de\/datenschutzbestimmungen\/","title":{"rendered":"Datenschutzbestimmungen"},"content":{"rendered":"<h2>Wof\u00fcr ist diese Datenschutzrichtlinie gedacht?<\/h2>\n<p>Diese Datenschutzrichtlinie gilt f\u00fcr diese Website&nbsp;<a href=\"https:\/\/afarangabroad.com\/de\/\" target=\"_blank\" rel=\"noopener noreferrer\">https:\/\/afarangabroad.com\/<\/a> und von Harvie zur Verf\u00fcgung gestellt und regelt die Privatsph\u00e4re seiner Nutzer, die sich f\u00fcr die Nutzung dieser Website entscheiden.<\/p>\n<p>Die Politik legt die verschiedenen Bereiche dar, in denen der Schutz der Privatsph\u00e4re der Nutzer betroffen ist, und umrei\u00dft die Verpflichtungen und Anforderungen der Nutzer, der Website und der Websitebesitzer. Dar\u00fcber hinaus wird die Art und Weise, wie diese Website Nutzerdaten und -informationen verarbeitet, speichert und sch\u00fctzt, in dieser Richtlinie ausf\u00fchrlich beschrieben.<\/p>\n<h2>Die Website<\/h2>\n<p>Diese Website und ihre Eigent\u00fcmer verfolgen einen proaktiven Ansatz in Bezug auf den Schutz der Privatsph\u00e4re der Nutzer und stellen sicher, dass die notwendigen Schritte unternommen werden, um die Privatsph\u00e4re der Nutzer w\u00e4hrend ihres gesamten Besuchs zu sch\u00fctzen. Diese Website erf\u00fcllt alle nationalen Gesetze und Anforderungen des Vereinigten K\u00f6nigreichs zum Schutz der Privatsph\u00e4re der Nutzer.<\/p>\n<h4>Verwendung von Cookies<\/h4>\n<p>This website uses cookies to better the users experience while visiting the website. Where applicable this website uses a cookie control system allowing the user on their first visit to the website to allow or disallow the use of cookies on their computer \/ device. This complies with recent legislation requirements for websites to obtain explicit consent from users before leaving behind or reading files such as cookies on a user&#8217;s computer \/ device.<\/p>\n<p>Cookies are small files saved to the user&#8217;s computers hard drive that track, save and store information about the user&#8217;s interactions and usage of the website. This allows the website, through its server to provide the users with a tailored experience within this website.<br \/>\nDie Nutzer werden darauf hingewiesen, dass sie, wenn sie die Verwendung und Speicherung von Cookies dieser Website auf der Festplatte ihres Computers verweigern m\u00f6chten, in den Sicherheitseinstellungen ihres Webbrowsers die erforderlichen Schritte unternehmen sollten, um alle Cookies dieser Website und ihrer externen Anbieter zu blockieren.<\/p>\n<p>This website uses tracking software to monitor its visitors to better understand how they use it. This software is provided by Google Analytics which uses cookies to track visitor usage. The software will save a cookie to your computers hard drive in order to track and monitor your engagement and usage of the website, but will not store, save or collect personal information. You can read Google&#8217;s privacy policy here for further information [ <a href=\"http:\/\/www.google.com\/privacy.html\" target=\"_blank\" rel=\"noopener noreferrer\">http:\/\/www.google.com\/privacy.html <\/a>].<\/p>\n<p>Andere Cookies k\u00f6nnen von externen Anbietern auf der Festplatte Ihres Computers gespeichert werden, wenn diese Website Empfehlungsprogramme, gesponserte Links oder Werbeanzeigen verwendet. Diese Cookies werden f\u00fcr das Conversion- und Referral-Tracking verwendet und laufen in der Regel nach 30 Tagen ab, einige k\u00f6nnen aber auch l\u00e4nger dauern. Es werden keine pers\u00f6nlichen Informationen gespeichert oder erfasst.<\/p>\n<h2>Kontakt &amp; Kommunikation<\/h2>\n<p>Benutzer, die mit dieser Website und\/oder ihren Eigent\u00fcmern in Kontakt treten, tun dies nach eigenem Ermessen und stellen die angeforderten pers\u00f6nlichen Daten auf eigenes Risiko zur Verf\u00fcgung. Ihre pers\u00f6nlichen Daten werden vertraulich behandelt und sicher gespeichert, bis sie nicht mehr ben\u00f6tigt werden oder keine Verwendung mehr haben, wie im Data Protection Act 1998 beschrieben. Es wurden alle Anstrengungen unternommen, um ein sicheres und gesch\u00fctztes Verfahren f\u00fcr die \u00dcbermittlung von Formularen per E-Mail zu gew\u00e4hrleisten, aber wir weisen die Nutzer darauf hin, dass die Verwendung solcher Formulare per E-Mail auf eigenes Risiko erfolgt.<\/p>\n<p>Diese Website und ihre Eigent\u00fcmer verwenden alle \u00fcbermittelten Informationen, um Ihnen weitere Informationen \u00fcber die von ihnen angebotenen Produkte\/Dienstleistungen zukommen zu lassen oder Sie bei der Beantwortung von Fragen oder Anfragen zu unterst\u00fctzen. Dies schlie\u00dft die Verwendung Ihrer Daten ein, um Sie f\u00fcr ein von der Website betriebenes E-Mail-Newsletter-Programm anzumelden, jedoch nur, wenn Ihnen dies deutlich gemacht wurde und Sie bei der \u00dcbermittlung eines Formulars f\u00fcr den E-Mail-Prozess Ihre ausdr\u00fcckliche Zustimmung erteilt haben. Oder wenn Sie als Verbraucher zuvor ein Produkt oder eine Dienstleistung, auf die sich der E-Mail-Newsletter bezieht, bei dem Unternehmen gekauft oder sich \u00fcber den Kauf erkundigt haben. Dies ist keineswegs eine vollst\u00e4ndige Liste Ihrer Benutzerrechte in Bezug auf den Erhalt von E-Mail-Marketingmaterial. Ihre Daten werden nicht an Dritte weitergegeben.<\/p>\n<h2>E-Mail-Newsletter<\/h2>\n<p>Diese Website betreibt ein E-Mail-Newsletter-Programm, das dazu dient, die Abonnenten \u00fcber Produkte und Dienstleistungen dieser Website zu informieren. Die Benutzer k\u00f6nnen sich \u00fcber ein automatisiertes Online-Verfahren anmelden, wenn sie dies w\u00fcnschen, aber sie tun dies nach eigenem Ermessen. Einige Abonnements k\u00f6nnen nach vorheriger schriftlicher Vereinbarung mit dem Nutzer manuell bearbeitet werden.<\/p>\n<p>Subscriptions are taken in compliance with UK Spam Laws detailed in the Privacy and Electronic Communications Regulations 2003. All personal details relating to subscriptions are held securely and in accordance with the Data Protection Act 1998. No personal details are passed on to third parties nor shared with companies \/ people outside of the company that operates this website. Under the Data Protection Act 1998 you may request a copy of personal information held about you by this website&#8217;s email newsletter program. A small fee will be payable. If you would like a copy of the information held on you please write to the business address at the bottom of this policy.<\/p>","protected":false},"excerpt":{"rendered":"<p>What is this Privacy Policy for? This privacy policy is for this website&nbsp;https:\/\/afarangabroad.com\/ and served by Harvie and governs the privacy of its users who choose to use it. The policy sets out the different areas where user privacy is concerned and outlines the obligations &amp; requirements of the users, the website and website owners. [&hellip;]<\/p>","protected":false},"author":2,"featured_media":0,"parent":0,"menu_order":0,"comment_status":"closed","ping_status":"closed","template":"","meta":{"_exactmetrics_skip_tracking":false,"_exactmetrics_sitenote_active":false,"_exactmetrics_sitenote_note":"","_exactmetrics_sitenote_category":0,"footnotes":""},"categories":[],"tags":[],"class_list":["post-1880","page","type-page","status-publish","hentry"],"yoast_head":"<!-- This site is optimized with the Yoast SEO plugin v20.1 - https:\/\/yoast.com\/wordpress\/plugins\/seo\/ -->\n<title>Privacy Policy - A Farang Abroad<\/title>\n<meta name=\"description\" content=\"Privacy policy for my website and blog. - A Farang Abroad 7 year digital nomad living in Thailand talking about nightlife\" \/>\n<meta name=\"robots\" content=\"index, follow, max-snippet:-1, max-image-preview:large, max-video-preview:-1\" \/>\n<link rel=\"canonical\" href=\"https:\/\/afarangabroad.com\/de\/datenschutzbestimmungen\/\" \/>\n<meta property=\"og:locale\" content=\"de_DE\" \/>\n<meta property=\"og:type\" content=\"article\" \/>\n<meta property=\"og:title\" content=\"Privacy Policy - A Farang Abroad\" \/>\n<meta property=\"og:description\" content=\"Privacy policy for my website and blog. - A Farang Abroad 7 year digital nomad living in Thailand talking about nightlife\" \/>\n<meta property=\"og:url\" content=\"https:\/\/afarangabroad.com\/de\/datenschutzbestimmungen\/\" \/>\n<meta property=\"og:site_name\" content=\"A Farang Abroad\" \/>\n<meta property=\"article:modified_time\" content=\"2019-06-19T18:52:40+00:00\" \/>\n<meta name=\"twitter:label1\" content=\"Gesch\u00e4tzte Lesezeit\" \/>\n\t<meta name=\"twitter:data1\" content=\"8\u00a0Minuten\" \/>\n<script type=\"application\/ld+json\" class=\"yoast-schema-graph\">{\"@context\":\"https:\/\/schema.org\",\"@graph\":[{\"@type\":\"WebPage\",\"@id\":\"https:\/\/afarangabroad.com\/privacy-policy\/\",\"url\":\"https:\/\/afarangabroad.com\/privacy-policy\/\",\"name\":\"Privacy Policy - A Farang Abroad\",\"isPartOf\":{\"@id\":\"https:\/\/afarangabroad.com\/#website\"},\"datePublished\":\"2013-07-15T14:42:32+00:00\",\"dateModified\":\"2019-06-19T18:52:40+00:00\",\"description\":\"Privacy policy for my website and blog. - A Farang Abroad 7 year digital nomad living in Thailand talking about nightlife\",\"breadcrumb\":{\"@id\":\"https:\/\/afarangabroad.com\/privacy-policy\/#breadcrumb\"},\"inLanguage\":\"de\",\"potentialAction\":[{\"@type\":\"ReadAction\",\"target\":[\"https:\/\/afarangabroad.com\/privacy-policy\/\"]}]},{\"@type\":\"BreadcrumbList\",\"@id\":\"https:\/\/afarangabroad.com\/privacy-policy\/#breadcrumb\",\"itemListElement\":[{\"@type\":\"ListItem\",\"position\":1,\"name\":\"Home\",\"item\":\"https:\/\/afarangabroad.com\/\"},{\"@type\":\"ListItem\",\"position\":2,\"name\":\"Privacy Policy\"}]},{\"@type\":\"WebSite\",\"@id\":\"https:\/\/afarangabroad.com\/#website\",\"url\":\"https:\/\/afarangabroad.com\/\",\"name\":\"A Farang Abroad\",\"description\":\"Your secret guide to Asia&#039;s sexiest nightlife.\",\"potentialAction\":[{\"@type\":\"SearchAction\",\"target\":{\"@type\":\"EntryPoint\",\"urlTemplate\":\"https:\/\/afarangabroad.com\/?s={search_term_string}\"},\"query-input\":\"required name=search_term_string\"}],\"inLanguage\":\"de\"}]}<\/script>\n<!-- \/ Yoast SEO plugin. -->","yoast_head_json":{"title":"Privacy Policy - A Farang Abroad","description":"Privacy policy for my website and blog. - A Farang Abroad 7 year digital nomad living in Thailand talking about nightlife","robots":{"index":"index","follow":"follow","max-snippet":"max-snippet:-1","max-image-preview":"max-image-preview:large","max-video-preview":"max-video-preview:-1"},"canonical":"https:\/\/afarangabroad.com\/de\/datenschutzbestimmungen\/","og_locale":"de_DE","og_type":"article","og_title":"Privacy Policy - A Farang Abroad","og_description":"Privacy policy for my website and blog. - A Farang Abroad 7 year digital nomad living in Thailand talking about nightlife","og_url":"https:\/\/afarangabroad.com\/de\/datenschutzbestimmungen\/","og_site_name":"A Farang Abroad","article_modified_time":"2019-06-19T18:52:40+00:00","twitter_misc":{"Gesch\u00e4tzte Lesezeit":"8\u00a0Minuten"},"schema":{"@context":"https:\/\/schema.org","@graph":[{"@type":"WebPage","@id":"https:\/\/afarangabroad.com\/privacy-policy\/","url":"https:\/\/afarangabroad.com\/privacy-policy\/","name":"Privacy Policy - A Farang Abroad","isPartOf":{"@id":"https:\/\/afarangabroad.com\/#website"},"datePublished":"2013-07-15T14:42:32+00:00","dateModified":"2019-06-19T18:52:40+00:00","description":"Privacy policy for my website and blog. - A Farang Abroad 7 year digital nomad living in Thailand talking about nightlife","breadcrumb":{"@id":"https:\/\/afarangabroad.com\/privacy-policy\/#breadcrumb"},"inLanguage":"de","potentialAction":[{"@type":"ReadAction","target":["https:\/\/afarangabroad.com\/privacy-policy\/"]}]},{"@type":"BreadcrumbList","@id":"https:\/\/afarangabroad.com\/privacy-policy\/#breadcrumb","itemListElement":[{"@type":"ListItem","position":1,"name":"Home","item":"https:\/\/afarangabroad.com\/"},{"@type":"ListItem","position":2,"name":"Privacy Policy"}]},{"@type":"WebSite","@id":"https:\/\/afarangabroad.com\/#website","url":"https:\/\/afarangabroad.com\/","name":"A Farang Abroad","description":"Your secret guide to Asia&#039;s sexiest nightlife.","potentialAction":[{"@type":"SearchAction","target":{"@type":"EntryPoint","urlTemplate":"https:\/\/afarangabroad.com\/?s={search_term_string}"},"query-input":"required name=search_term_string"}],"inLanguage":"de"}]}},"_links":{"self":[{"href":"https:\/\/afarangabroad.com\/de\/wp-json\/wp\/v2\/pages\/1880"}],"collection":[{"href":"https:\/\/afarangabroad.com\/de\/wp-json\/wp\/v2\/pages"}],"about":[{"href":"https:\/\/afarangabroad.com\/de\/wp-json\/wp\/v2\/types\/page"}],"author":[{"embeddable":true,"href":"https:\/\/afarangabroad.com\/de\/wp-json\/wp\/v2\/users\/2"}],"replies":[{"embeddable":true,"href":"https:\/\/afarangabroad.com\/de\/wp-json\/wp\/v2\/comments?post=1880"}],"version-history":[{"count":0,"href":"https:\/\/afarangabroad.com\/de\/wp-json\/wp\/v2\/pages\/1880\/revisions"}],"wp:attachment":[{"href":"https:\/\/afarangabroad.com\/de\/wp-json\/wp\/v2\/media?parent=1880"}],"wp:term":[{"taxonomy":"category","embeddable":true,"href":"https:\/\/afarangabroad.com\/de\/wp-json\/wp\/v2\/categories?post=1880"},{"taxonomy":"post_tag","embeddable":true,"href":"https:\/\/afarangabroad.com\/de\/wp-json\/wp\/v2\/tags?post=1880"}],"curies":[{"name":"wp","href":"https:\/\/api.w.org\/{rel}","templated":true}]}}