{"id":3451,"date":"2014-07-23T14:18:32","date_gmt":"2014-07-23T13:18:32","guid":{"rendered":"https:\/\/afarangabroad.com\/?page_id=3451"},"modified":"2024-10-22T03:04:31","modified_gmt":"2024-10-22T02:04:31","slug":"gay-thailand-how-to-meet-gay-guys","status":"publish","type":"page","link":"https:\/\/afarangabroad.com\/de\/schwul-thailand-wie-man-schwule-jungs-trifft\/","title":{"rendered":"Gay Thailand - Wie man schwule Jungs kennenlernt"},"content":{"rendered":"<div class=\"wp-block-group\"><div class=\"wp-block-group__inner-container is-layout-constrained wp-block-group-is-layout-constrained\">\n<p>Wenn Sie leben in <a title=\"Wo man in Bangkok \u00fcbernachtet\" href=\"https:\/\/afarangabroad.com\/de\/2015\/05\/bangkok-wohnung-wohnung\/\" target=\"_blank\" rel=\"noopener\">Bangkok<\/a> Sie k\u00f6nnen \u00fcberall schwule Thais treffen, in diesem Beitrag geht es um alles, was mit dem schwulen Thailand zu tun hat. Ich lebe in einer ruhigen Gegend, weit weg von der Touristenszene und ohne schwule Thai-Bars, <a title=\"Bangkok Nachtleben F\u00fchrer\" href=\"https:\/\/afarangabroad.com\/de\/bangkok-clubbing-guide__trashed\/saubere-bangkok-clubs\/\">Nachtclubs<\/a> oder Saunas. Dennoch wurde ich in einem lokalen Restaurant, in einem Starbucks in Bangkok und bei mehreren Gelegenheiten auf der Stra\u00dfe angemacht. Es kommt darauf an, wie gut Ihr <a href=\"http:\/\/www.nytimes.com\/2012\/06\/03\/opinion\/sunday\/the-science-of-gaydar.html?_r=0\" target=\"_blank\" rel=\"noopener\">gaydar<\/a> ist. F\u00fcr die Uninformierten ist Gaydar wie ein Radar f\u00fcr Schwule. Meine Tante Audrey (eine sehr heterosexuelle Frau) hatte einen gro\u00dfartigen Gaydar, sie hat mich oft auf den Stra\u00dfen in Westaustralien auf Schwule hingewiesen.<\/p>\n<p><span style=\"color: #ff0000;\"><em>Dies ist ein weiterer Gastbeitrag von: Ich bin Tweed, geb\u00fcrtige Britin, australische Staatsb\u00fcrgerin, Thail\u00e4nderin aus freien St\u00fccken.<\/em><\/span><\/p>\n<h2>Thailand Gay dating sites<\/h2>\n<p>Die beiden bekanntesten sind <a href=\"https:\/\/afarangabroad.com\/de\/\" target=\"_blank\" rel=\"noopener\">Thail\u00e4ndischer Amor<\/a> und <a href=\"https:\/\/afarangabroad.com\/de\/\" target=\"_blank\" rel=\"noopener\">Thail\u00e4ndisch Freundlich<\/a>. Sie richten sich an M\u00e4nner, die Frauen, M\u00e4nner und nat\u00fcrlich Ladyboys finden wollen. Beide thail\u00e4ndischen Gay-Dating-Seiten erm\u00f6glichen es den Mitgliedern, nach M\u00e4nnern und Ladyboys zu suchen, was die Suche erleichtert. Im Gegensatz zu den M\u00e4dchen, die etwas zur\u00fcckhaltender sind, wie man es von einer Dame erwarten w\u00fcrde, sind die M\u00e4nner und Ladyboys nicht so sch\u00fcchtern und es ist sehr einfach, ein hei\u00dfes Date oder ein Treffen in Ihrem Hotelzimmer zu bekommen.<\/p>\n<p>Andere beliebte Seiten f\u00fcr asiatische M\u00e4nner ist Utopia. Bitte seien Sie vorsichtig, wenn Sie andere Gay Bangkok Dating Sites als Thai Cupid oder Thai Friendly benutzen. Einige dieser Seiten verschwinden recht schnell. Viele sind stark veraltet. Bezahlen Sie nicht, um diesen Seiten beizutreten, wenn sie Geb\u00fchren verlangen, ist es wahrscheinlich ein Betrug.Ich habe in der Vergangenheit vielen beigetreten, die eine Geb\u00fchr hatten und sie waren M\u00fcll. Die einzigen, bei denen ich jetzt bleibe, sind Thai Cupid und Thai Friendly, bei beiden war ich im Laufe der Jahre immer mal wieder zahlendes Mitglied, und mit beiden hatte ich nie ein Problem, ich habe sogar einige hei\u00dfe Typen von dort kennengelernt :).<\/p>\n<h2>Body Bliss Massage Bangkok<\/h2>\n<\/p>\n\n\n\n<\/p>\n<p>Body Bliss Massage ist eine neue, aber sehr gute Outcall-Massage, wo Sie Handjobs in Bangkok bekommen k\u00f6nnen. Sie bieten Dienstleistungen sowohl f\u00fcr M\u00e4nner als auch f\u00fcr Frauen.<\/p>\n<p>\n\n\n<div class=\"wp-block-image\">\n<figure class=\"aligncenter size-large is-resized\"><a href=\"https:\/\/bodyblissbangkok.com\/\" target=\"_blank\" rel=\"nofollow noopener\"><img loading=\"lazy\" decoding=\"async\" width=\"575\" height=\"1024\" src=\"https:\/\/afarangabroad.com\/wp-content\/uploads\/2023\/12\/body-bliss-massage-575x1024.jpg\" alt=\"body bliss massage\" class=\"wp-image-513386\" style=\"width:399px;height:711px\" srcset=\"https:\/\/afarangabroad.com\/wp-content\/uploads\/2023\/12\/body-bliss-massage-575x1024.jpg 575w, https:\/\/afarangabroad.com\/wp-content\/uploads\/2023\/12\/body-bliss-massage-168x300.jpg 168w, https:\/\/afarangabroad.com\/wp-content\/uploads\/2023\/12\/body-bliss-massage-768x1368.jpg 768w, https:\/\/afarangabroad.com\/wp-content\/uploads\/2023\/12\/body-bliss-massage-862x1536.jpg 862w, https:\/\/afarangabroad.com\/wp-content\/uploads\/2023\/12\/body-bliss-massage.jpg 904w\" sizes=\"(max-width: 575px) 100vw, 575px\" \/><\/a><\/figure><\/div>\n\n\n<p>Sie haben eine Reihe von Massagen einschlie\u00dflich seifig und Prostata. Sie k\u00f6nnen alle ihre M\u00e4dchen sehen, aber besuchen Sie ihre Website unter <a href=\"http:\/\/www.bodyblissbangkok.com\/\" target=\"_blank\" rel=\"nofollow noopener\">BodyBlissBangkok.com<\/a><\/p>\n<h2>Exotisches Bangkok<\/h2>\n<p>Exotic Bangkok ist der neueste Anbieter von Outcall\/Incall-Massagen. Sie haben alles von tantrischen, zu Nuru, zu perversen Massagen. Sie haben einige der besten M\u00e4dchen in Bangkok. F\u00fcr Incall-Massagen finden Sie sie in der Sukhumvit 20. Sie k\u00f6nnen ihre Angebote hier sehen: <a href=\"https:\/\/exoticmassagebangkok.com\/\">ExoticMassageBangkok.com<\/a><\/p>\n<p><a href=\"https:\/\/exoticmassagebangkok.com\/\"><img loading=\"lazy\" decoding=\"async\" class=\"aligncenter wp-image-513539\" src=\"https:\/\/afarangabroad.com\/wp-content\/uploads\/2024\/08\/image_123650291-691x1024.jpg\" alt=\"\" width=\"400\" height=\"593\" srcset=\"https:\/\/afarangabroad.com\/wp-content\/uploads\/2024\/08\/image_123650291-691x1024.jpg 691w, https:\/\/afarangabroad.com\/wp-content\/uploads\/2024\/08\/image_123650291-202x300.jpg 202w, https:\/\/afarangabroad.com\/wp-content\/uploads\/2024\/08\/image_123650291.jpg 700w\" sizes=\"(max-width: 400px) 100vw, 400px\" \/><\/a><\/p>\n<h2>HOMOSEXUELLE MENSCHEN IN THAIL\u00c4NDISCHEN EINKAUFSZENTREN TREFFEN<\/h2>\n<p>Dies waren oft die besten Orte zum Cruisen, aber die strengen Sicherheitsvorkehrungen machen sie weniger beliebt. Schwule lieben jedoch das Einkaufen und ein Spaziergang durch einige der gr\u00f6\u00dferen Einkaufszentren kann sehr lohnend sein. In einigen der <a title=\"Was ist ein Hi So Thai??\" href=\"https:\/\/afarangabroad.com\/de\/2014\/03\/hi-so-thai\/\" target=\"_blank\" rel=\"noopener\">h\u00f6here Klasse<\/a> In Einkaufszentren ist es wahrscheinlicher, dass Sie schwule Bangkoker Geldjungs treffen, aber wenn Sie Charme, Charisma und eine Prise gutes Aussehen haben, werden Sie Ihren schwulen Thai kostenlos finden. (Ich sch\u00e4tze, ich muss Charisma haben).<\/p>\n<p>Beware of the \u2018lookers\u2019 in public toilets, quite clearly they are dick hunting and that may not be what you really want. The eye contact made on escalators or just browsing as you pass shop windows will often reap golden rewards \u2013 and these <a title=\"Schwule Thai-M\u00e4nner und Thai-Schwule in Bangkok (Gastbeitrag)\" href=\"https:\/\/afarangabroad.com\/de\/schwul-thailand-wie-man-schwule-jungs-trifft\/\" target=\"_blank\" rel=\"noopener\">Thail\u00e4ndische Schwule<\/a> sind definitiv golden: sch\u00f6ne, glatte Haut, die nur ganz leicht gebr\u00e4unt ist (vor allem, weil viele M\u00e4nner Produkte zur Hautaufhellung verwenden).<\/p>\n<p><img loading=\"lazy\" decoding=\"async\" class=\"alignnone  wp-image-3191\" src=\"https:\/\/afarangabroad.com\/wp-content\/uploads\/2014\/04\/taxi.jpg\" alt=\"Sliom soi 4 taxi\" width=\"1024\" height=\"768\" srcset=\"https:\/\/afarangabroad.com\/wp-content\/uploads\/2014\/04\/taxi.jpg 1024w, https:\/\/afarangabroad.com\/wp-content\/uploads\/2014\/04\/taxi-300x225.jpg 300w, https:\/\/afarangabroad.com\/wp-content\/uploads\/2014\/04\/taxi-600x450.jpg 600w, https:\/\/afarangabroad.com\/wp-content\/uploads\/2014\/04\/taxi-720x540.jpg 720w\" sizes=\"(max-width: 1024px) 100vw, 1024px\" \/><\/p>\n<h2>HOMOSEXUELL BANGKOK BARS<\/h2>\n<p>Wenn Sie gerne tanzen, sollten Sie Folgendes ausprobieren <a href=\"http:\/\/www.dj-station.com\/\" target=\"_blank\" rel=\"noopener\">DJ-Station<\/a> in der Soi 2, Silom Road f\u00fcr ein gutes schwules Thailand-Erlebnis. (Soi bedeutet einfach Stra\u00dfe). In der gleichen Stra\u00dfe finden Sie andere Lokale, einige mit Live-Musik. Die ganze Soi ist dem schwulen thail\u00e4ndischen Nachtleben gewidmet.<\/p>\n<p>In Silom Soi 4, in the same area, you will find very many bars. All dedicated to drinking, all dedicated to gay Bangkok nightlife, all dedicated to bringing two people (or more \u2013 if you like that kind of thing) together.<\/p>\n<p>Everything is available and anything is possible. You can hire a guy for a short time, for a few days or even a couple of weeks. Rates vary from 1500 Baht ($50) for a short time to as little as 2500 Baht ($80) for a day. Weekly rates start as low as 10,000 Baht ($350) but sex might be considered as extras.\u00a0\u00a0 Whatever you want you can bargain for and no one is going to be offended if you end up saying No. Do, however, be polite \u2013 all Thai people are. Say something like, \u201cSorry, I do not have that much to spare\u201d rather than \u201cYou\u2019re not worth it.\u201d (Yes, I have heard the latter). Believe me, some of these guy Bangkok guys are so damned hot and sexy they could be worth 10,000 Baht for just a weekend \u2013 if you have that much to spend.<\/p>\n<p>The idea on Silom Soi 4 is just to sit with a drink outside the bar and wait for that initial eye contact that will lead to conversation, that will lead to \u2013 who knows what?\u00a0 Just be like the Thais \u2013 smile. They do not call this the Land of Smiles for nothing. A warm smile will open many doors and many a pair of jeans. Remember, \u2018sex\u2019 in Bangkok is not a dirty word. Just one word of caution \u2013 do not try to guess the age of a gay Thailand man. Make sure they are of the age of consent, currently 18.<\/p>\n<h2>THAILAND HOMOSEXUELL GO-GO CLUBS<\/h2>\n<p>The place to go for these would be Twilight Bar \u2013 the street known in Thai as Pratu Chai.<\/p>\n<p>If you just want to peeve on absolutely gorgeous gay Bangkok men, this is the place for you. Drinks will cost you 300 Baht ($10) even if it just coke. You will be able to sit and watch a parade of handsome boys in skimpy underwear and, if you choose, select one to take away with you. You can stay a while and watch the Cabaret. Some good dancing, maybe a great lip=synch performance, certainly a huge cock display and in some places a real sex act. Well, it looks real but is just an act. My favorite would be the two boys in the shower, lots of soap, lots of massaging, both very well-endowed and lots of suggestive movement. Actually leaving the sex act itself to your imagination \u2013 a great idea as some of us have more vivid imaginations than others.<\/p>\n<p>Sex an all diesen Orten ist definitiv ein \"Pay as you learn\"-Plan. Was Sie lernen werden, ist, dass Sex kurz und s\u00fc\u00df sein muss, damit sie zu einem anderen Kunden weitergehen k\u00f6nnen, Sex ist der Akt (alle Liebesbekundungen sind aus einem Skript), wenn der Junge mit Ihnen fertig ist, kann er sehr gut losst\u00fcrmen, um seine Freundin zum Abendessen mitzunehmen, dieser Kerl, in den Sie sich fast verliebt haben, wird morgen das Gleiche mit einer Frau tun (viele Frauen gehen in Schwulenbars, um von diesen schwulen Kerlen mit riesigen Schw\u00e4nzen angemacht zu werden). Denken Sie daran, dass Sie f\u00fcr die Nutzung seines K\u00f6rpers bezahlt haben, nicht f\u00fcr die Kontrolle \u00fcber sein Leben.<\/p>\n<p>Sex is all around you in gay Thailand but it has a sense of decency about it. Which is why some people easily mistake it for love \u2013 it is not. But love is also found everywhere in Bangkok = all you have to do is look a little harder. First, take a closer look at yourself.<\/p>\n<h2>SCHLUSSFOLGERUNG<\/h2>\n<p>Das schwule Thailand ist ein gl\u00fccklicher Ort, weil jeder den anderen erlaubt, ihre eigene Form des Gl\u00fccks zu finden. Ich hoffe, du findest deins. F\u00fcr andere M\u00f6glichkeiten, schwule thail\u00e4ndische M\u00e4nner zu finden, schau dir diese an <a href=\"https:\/\/afarangabroad.com\/de\/\" target=\"_blank\" rel=\"noopener\">Homosexuell Thai Dating-Seiten<\/a>.<\/p>\n<\/div><\/div>","protected":false},"excerpt":{"rendered":"<p>If you live in Bangkok you can meet gay Thais anywhere, this post is about everything related to gay Thailand. I live in a quiet area, far from the tourist scene with no gay Thai bars, nightclubs or saunas. Nevertheless, I have been propositioned in a local restaurant, in a local Starbucks in Bangkok, and [&hellip;]<\/p>","protected":false},"author":2,"featured_media":0,"parent":0,"menu_order":0,"comment_status":"open","ping_status":"closed","template":"","meta":{"_exactmetrics_skip_tracking":false,"_exactmetrics_sitenote_active":false,"_exactmetrics_sitenote_note":"","_exactmetrics_sitenote_category":0,"footnotes":""},"categories":[336],"tags":[],"class_list":["post-3451","page","type-page","status-publish","hentry","category-ladyboys"],"yoast_head":"<!-- This site is optimized with the Yoast SEO plugin v20.1 - https:\/\/yoast.com\/wordpress\/plugins\/seo\/ -->\n<title>Gay Thailand \u2013 How to meet Gay guys - A Farang Abroad<\/title>\n<meta name=\"description\" content=\"Where to meet guys in Gay Thailand? This blog post shows you many different ways to meet Gay Bangkok men in Thailand, all for free!\" \/>\n<meta name=\"robots\" content=\"index, follow, max-snippet:-1, max-image-preview:large, max-video-preview:-1\" \/>\n<link rel=\"canonical\" href=\"https:\/\/afarangabroad.com\/de\/schwul-thailand-wie-man-schwule-jungs-trifft\/\" \/>\n<meta property=\"og:locale\" content=\"de_DE\" \/>\n<meta property=\"og:type\" content=\"article\" \/>\n<meta property=\"og:title\" content=\"Gay Thailand \u2013 How to meet Gay guys - A Farang Abroad\" \/>\n<meta property=\"og:description\" content=\"Where to meet guys in Gay Thailand? This blog post shows you many different ways to meet Gay Bangkok men in Thailand, all for free!\" \/>\n<meta property=\"og:url\" content=\"https:\/\/afarangabroad.com\/de\/schwul-thailand-wie-man-schwule-jungs-trifft\/\" \/>\n<meta property=\"og:site_name\" content=\"A Farang Abroad\" \/>\n<meta property=\"article:modified_time\" content=\"2024-10-22T02:04:31+00:00\" \/>\n<meta property=\"og:image\" content=\"https:\/\/afarangabroad.com\/wp-content\/uploads\/2023\/12\/body-bliss-massage-575x1024.jpg\" \/>\n<meta name=\"twitter:label1\" content=\"Gesch\u00e4tzte Lesezeit\" \/>\n\t<meta name=\"twitter:data1\" content=\"7\u00a0Minuten\" \/>\n<script type=\"application\/ld+json\" class=\"yoast-schema-graph\">{\"@context\":\"https:\/\/schema.org\",\"@graph\":[{\"@type\":\"WebPage\",\"@id\":\"https:\/\/afarangabroad.com\/gay-thailand-how-to-meet-gay-guys\/\",\"url\":\"https:\/\/afarangabroad.com\/gay-thailand-how-to-meet-gay-guys\/\",\"name\":\"Gay Thailand \u2013 How to meet Gay guys - A Farang Abroad\",\"isPartOf\":{\"@id\":\"https:\/\/afarangabroad.com\/#website\"},\"datePublished\":\"2014-07-23T13:18:32+00:00\",\"dateModified\":\"2024-10-22T02:04:31+00:00\",\"description\":\"Where to meet guys in Gay Thailand? This blog post shows you many different ways to meet Gay Bangkok men in Thailand, all for free!\",\"breadcrumb\":{\"@id\":\"https:\/\/afarangabroad.com\/gay-thailand-how-to-meet-gay-guys\/#breadcrumb\"},\"inLanguage\":\"de\",\"potentialAction\":[{\"@type\":\"ReadAction\",\"target\":[\"https:\/\/afarangabroad.com\/gay-thailand-how-to-meet-gay-guys\/\"]}]},{\"@type\":\"BreadcrumbList\",\"@id\":\"https:\/\/afarangabroad.com\/gay-thailand-how-to-meet-gay-guys\/#breadcrumb\",\"itemListElement\":[{\"@type\":\"ListItem\",\"position\":1,\"name\":\"Home\",\"item\":\"https:\/\/afarangabroad.com\/\"},{\"@type\":\"ListItem\",\"position\":2,\"name\":\"Gay Thailand \u2013 How to meet Gay guys\"}]},{\"@type\":\"WebSite\",\"@id\":\"https:\/\/afarangabroad.com\/#website\",\"url\":\"https:\/\/afarangabroad.com\/\",\"name\":\"A Farang Abroad\",\"description\":\"Your secret guide to Asia&#039;s sexiest nightlife.\",\"potentialAction\":[{\"@type\":\"SearchAction\",\"target\":{\"@type\":\"EntryPoint\",\"urlTemplate\":\"https:\/\/afarangabroad.com\/?s={search_term_string}\"},\"query-input\":\"required name=search_term_string\"}],\"inLanguage\":\"de\"}]}<\/script>\n<!-- \/ Yoast SEO plugin. -->","yoast_head_json":{"title":"Gay Thailand \u2013 How to meet Gay guys - A Farang Abroad","description":"Where to meet guys in Gay Thailand? This blog post shows you many different ways to meet Gay Bangkok men in Thailand, all for free!","robots":{"index":"index","follow":"follow","max-snippet":"max-snippet:-1","max-image-preview":"max-image-preview:large","max-video-preview":"max-video-preview:-1"},"canonical":"https:\/\/afarangabroad.com\/de\/schwul-thailand-wie-man-schwule-jungs-trifft\/","og_locale":"de_DE","og_type":"article","og_title":"Gay Thailand \u2013 How to meet Gay guys - A Farang Abroad","og_description":"Where to meet guys in Gay Thailand? This blog post shows you many different ways to meet Gay Bangkok men in Thailand, all for free!","og_url":"https:\/\/afarangabroad.com\/de\/schwul-thailand-wie-man-schwule-jungs-trifft\/","og_site_name":"A Farang Abroad","article_modified_time":"2024-10-22T02:04:31+00:00","og_image":[{"url":"https:\/\/afarangabroad.com\/wp-content\/uploads\/2023\/12\/body-bliss-massage-575x1024.jpg"}],"twitter_misc":{"Gesch\u00e4tzte Lesezeit":"7\u00a0Minuten"},"schema":{"@context":"https:\/\/schema.org","@graph":[{"@type":"WebPage","@id":"https:\/\/afarangabroad.com\/gay-thailand-how-to-meet-gay-guys\/","url":"https:\/\/afarangabroad.com\/gay-thailand-how-to-meet-gay-guys\/","name":"Gay Thailand \u2013 How to meet Gay guys - A Farang Abroad","isPartOf":{"@id":"https:\/\/afarangabroad.com\/#website"},"datePublished":"2014-07-23T13:18:32+00:00","dateModified":"2024-10-22T02:04:31+00:00","description":"Where to meet guys in Gay Thailand? This blog post shows you many different ways to meet Gay Bangkok men in Thailand, all for free!","breadcrumb":{"@id":"https:\/\/afarangabroad.com\/gay-thailand-how-to-meet-gay-guys\/#breadcrumb"},"inLanguage":"de","potentialAction":[{"@type":"ReadAction","target":["https:\/\/afarangabroad.com\/gay-thailand-how-to-meet-gay-guys\/"]}]},{"@type":"BreadcrumbList","@id":"https:\/\/afarangabroad.com\/gay-thailand-how-to-meet-gay-guys\/#breadcrumb","itemListElement":[{"@type":"ListItem","position":1,"name":"Home","item":"https:\/\/afarangabroad.com\/"},{"@type":"ListItem","position":2,"name":"Gay Thailand \u2013 How to meet Gay guys"}]},{"@type":"WebSite","@id":"https:\/\/afarangabroad.com\/#website","url":"https:\/\/afarangabroad.com\/","name":"A Farang Abroad","description":"Your secret guide to Asia&#039;s sexiest nightlife.","potentialAction":[{"@type":"SearchAction","target":{"@type":"EntryPoint","urlTemplate":"https:\/\/afarangabroad.com\/?s={search_term_string}"},"query-input":"required name=search_term_string"}],"inLanguage":"de"}]}},"_links":{"self":[{"href":"https:\/\/afarangabroad.com\/de\/wp-json\/wp\/v2\/pages\/3451"}],"collection":[{"href":"https:\/\/afarangabroad.com\/de\/wp-json\/wp\/v2\/pages"}],"about":[{"href":"https:\/\/afarangabroad.com\/de\/wp-json\/wp\/v2\/types\/page"}],"author":[{"embeddable":true,"href":"https:\/\/afarangabroad.com\/de\/wp-json\/wp\/v2\/users\/2"}],"replies":[{"embeddable":true,"href":"https:\/\/afarangabroad.com\/de\/wp-json\/wp\/v2\/comments?post=3451"}],"version-history":[{"count":5,"href":"https:\/\/afarangabroad.com\/de\/wp-json\/wp\/v2\/pages\/3451\/revisions"}],"predecessor-version":[{"id":513564,"href":"https:\/\/afarangabroad.com\/de\/wp-json\/wp\/v2\/pages\/3451\/revisions\/513564"}],"wp:attachment":[{"href":"https:\/\/afarangabroad.com\/de\/wp-json\/wp\/v2\/media?parent=3451"}],"wp:term":[{"taxonomy":"category","embeddable":true,"href":"https:\/\/afarangabroad.com\/de\/wp-json\/wp\/v2\/categories?post=3451"},{"taxonomy":"post_tag","embeddable":true,"href":"https:\/\/afarangabroad.com\/de\/wp-json\/wp\/v2\/tags?post=3451"}],"curies":[{"name":"wp","href":"https:\/\/api.w.org\/{rel}","templated":true}]}}