{"id":4037,"date":"2014-10-15T14:32:57","date_gmt":"2014-10-15T13:32:57","guid":{"rendered":"https:\/\/afarangabroad.com\/?page_id=4037"},"modified":"2024-10-22T03:07:25","modified_gmt":"2024-10-22T02:07:25","slug":"kapooclub-bangkok","status":"publish","type":"page","link":"https:\/\/afarangabroad.com\/de\/kapooclub-bangkok\/","title":{"rendered":"KapooClub in Bangkok"},"content":{"rendered":"<p>Ich hatte noch nie etwas von einem KapooClub geh\u00f6rt, bis ich beim St\u00f6bern im Internet auf ein Forum stie\u00df, in dem dar\u00fcber gesprochen wurde.<\/p>\n<p>KapooClubs are found mostly around Bangkok and are generally aimed towards locals rather than expats, thus you don\u2019t really hear about them on websites. This is not to say westerners are not welcome, everyone is. In this article I will hopefully go over everything you need to know about these clubs.<\/p>\n<p>Willst du Sex haben in <strong>Thailand umsonst<\/strong>dann <a href=\"https:\/\/afarangabroad.com\/de\/thai-friendly-dating\/\" target=\"_blank\" rel=\"noopener\">diesen Artikel lesen<\/a>.<\/p>\n<p><a href=\"https:\/\/afarangabroad.com\/de\/thai-friendly-dating\/\" target=\"_blank\" rel=\"noopener\"><img loading=\"lazy\" decoding=\"async\" class=\"aligncenter size-large wp-image-7256\" src=\"https:\/\/afarangabroad.com\/wp-content\/uploads\/2016\/06\/Meet-Thai-girls-1024x691.png\" alt=\"Meet Thai girls\" width=\"600\" height=\"405\" srcset=\"https:\/\/afarangabroad.com\/wp-content\/uploads\/2016\/06\/Meet-Thai-girls-1024x691.png 1024w, https:\/\/afarangabroad.com\/wp-content\/uploads\/2016\/06\/Meet-Thai-girls-300x202.png 300w, https:\/\/afarangabroad.com\/wp-content\/uploads\/2016\/06\/Meet-Thai-girls-720x486.png 720w, https:\/\/afarangabroad.com\/wp-content\/uploads\/2016\/06\/Meet-Thai-girls.png 1038w\" sizes=\"(max-width: 600px) 100vw, 600px\" \/><\/a><\/p>\n<h2><strong>Was ist ein KapooClub? <\/strong><\/h2>\n<p>Although it\u2019s called a club, it\u2019s actually just a massage and the idea behind them is for locals and westerners to get a good massage with a sexy university girl that includes a HJ, rather than having sex with average looking girl from the north of Thailand.<\/p>\n<p>Thai men prefer lighter skin girls that tend to come from places like Bangkok compared to the slightly larger and darker girls from the north. Most girls that work in soapy&#8217;s or the RLD in Bangkok tend to come from the north, and it&#8217;s why Thai guys prefer these clubs.<\/p>\n<p><em>Verwandt: lernen, wo man findet\u00a0<a title=\"Lektion \u00fcber Thai-Nutten\" href=\"https:\/\/afarangabroad.com\/de\/2015\/03\/thailandische-nutten\/\" target=\"_blank\" rel=\"noopener\">Thail\u00e4ndische Nutten<\/a>\u00a0in Bangkok.<\/em><\/p>\n<p>Die M\u00e4dchen sind hei\u00dfe Studentinnen, die in der Regel nur wenig Englisch verstehen, aber das macht nichts, denn sie massieren Sie nur.<\/p>\n<p>They are not professionals in the \u2018industry\u2019 and that\u2019s some of the charm of a KapooClub, a bit like the girl next door experience.<\/p>\n<p><img loading=\"lazy\" decoding=\"async\" class=\"alignnone size-full wp-image-4067\" src=\"https:\/\/afarangabroad.com\/wp-content\/uploads\/2014\/10\/6658302693_83320b9747_b.jpg\" alt=\"6658302693_83320b9747_b\" width=\"772\" height=\"1024\" srcset=\"https:\/\/afarangabroad.com\/wp-content\/uploads\/2014\/10\/6658302693_83320b9747_b.jpg 772w, https:\/\/afarangabroad.com\/wp-content\/uploads\/2014\/10\/6658302693_83320b9747_b-226x300.jpg 226w, https:\/\/afarangabroad.com\/wp-content\/uploads\/2014\/10\/6658302693_83320b9747_b-600x795.jpg 600w, https:\/\/afarangabroad.com\/wp-content\/uploads\/2014\/10\/6658302693_83320b9747_b-300x397.jpg 300w, https:\/\/afarangabroad.com\/wp-content\/uploads\/2014\/10\/6658302693_83320b9747_b-720x955.jpg 720w\" sizes=\"(max-width: 772px) 100vw, 772px\" \/><\/p>\n<h2>Body Bliss Massage Bangkok<\/h2>\n<p>Body Bliss Massage ist eine neue, aber sehr gute Outcall-Massage, wo Sie Handjobs in Bangkok bekommen k\u00f6nnen. Sie bieten Dienstleistungen sowohl f\u00fcr M\u00e4nner als auch f\u00fcr Frauen.<\/p>\n<div class=\"wp-block-image\">\n<figure class=\"aligncenter\">\n\n<div class=\"wp-block-image\">\n<figure class=\"aligncenter size-large is-resized\"><a href=\"https:\/\/bodyblissbangkok.com\/\" target=\"_blank\" rel=\"nofollow noopener\"><img loading=\"lazy\" decoding=\"async\" width=\"575\" height=\"1024\" src=\"https:\/\/afarangabroad.com\/wp-content\/uploads\/2023\/12\/body-bliss-massage-575x1024.jpg\" alt=\"body bliss massage\" class=\"wp-image-513386\" style=\"width:399px;height:711px\" srcset=\"https:\/\/afarangabroad.com\/wp-content\/uploads\/2023\/12\/body-bliss-massage-575x1024.jpg 575w, https:\/\/afarangabroad.com\/wp-content\/uploads\/2023\/12\/body-bliss-massage-168x300.jpg 168w, https:\/\/afarangabroad.com\/wp-content\/uploads\/2023\/12\/body-bliss-massage-768x1368.jpg 768w, https:\/\/afarangabroad.com\/wp-content\/uploads\/2023\/12\/body-bliss-massage-862x1536.jpg 862w, https:\/\/afarangabroad.com\/wp-content\/uploads\/2023\/12\/body-bliss-massage.jpg 904w\" sizes=\"(max-width: 575px) 100vw, 575px\" \/><\/a><\/figure><\/div>\n\n<p>Sie bieten eine Reihe von Massagen an, darunter Seifen- und Prostatamassagen. Sie k\u00f6nnen alle ihre M\u00e4dchen sehen, aber besuchen Sie ihre Website unter\u00a0<a href=\"http:\/\/www.bodyblissbangkok.com\/\" target=\"_blank\" rel=\"nofollow noopener\">BodyBlissBangkok.com<\/a><\/p>\n<h2>Exotisches Bangkok<\/h2>\n<p>Exotic Bangkok ist der neueste Anbieter von Outcall\/Incall-Massagen. Sie haben alles von tantrischen, zu Nuru, zu perversen Massagen. Sie haben einige der besten M\u00e4dchen in Bangkok. F\u00fcr Incall-Massagen finden Sie sie in der Sukhumvit 20. Sie k\u00f6nnen ihre Angebote hier sehen: <a href=\"https:\/\/exoticmassagebangkok.com\/\">ExoticMassageBangkok.com<\/a><\/p>\n<p><a href=\"https:\/\/exoticmassagebangkok.com\/\"><img loading=\"lazy\" decoding=\"async\" class=\"aligncenter wp-image-513539\" src=\"https:\/\/afarangabroad.com\/wp-content\/uploads\/2024\/08\/image_123650291-691x1024.jpg\" alt=\"\" width=\"400\" height=\"593\" srcset=\"https:\/\/afarangabroad.com\/wp-content\/uploads\/2024\/08\/image_123650291-691x1024.jpg 691w, https:\/\/afarangabroad.com\/wp-content\/uploads\/2024\/08\/image_123650291-202x300.jpg 202w, https:\/\/afarangabroad.com\/wp-content\/uploads\/2024\/08\/image_123650291.jpg 700w\" sizes=\"(max-width: 400px) 100vw, 400px\" \/><\/a><\/p>\n<p>\u00a0<\/p>\n<h2><strong>Wie viel kosten sie?<\/strong><\/h2>\n<p>Well that various from KapooClub, the average price is 1,000 baht plus tip, and the massages last around 1 to 1.5 hours. From the intel gathered it seems pretty hard to get these girls to take off their clothes during a massage so you might want to tip well for that. Don&#8217;t come here expecting sex, you will not get it.<\/p>\n<p>Verwandt: lernen, wie man sich trifft\u00a0<a href=\"https:\/\/afarangabroad.com\/de\/5-wege-thailandische-bar-madchen-zu-stoppen\/\" target=\"_blank\" rel=\"noopener\">Thailand Bar M\u00e4dchen<\/a> und wo man sie findet <a href=\"https:\/\/afarangabroad.com\/de\/gluckliche-massagen-bangkok\/\">Happy-End-Massagen in Bangkok<\/a>.<\/p>\n<h2><strong>Studio Spa<\/strong><\/h2>\n<p>Studio Spa (formally known as Ex Room Spa) is located on Sukhumvit 39 and has a fine selection of girls. A few of the girls speak a little bit of English but it\u2019s nothing great and massages are not cheap.<\/p>\n<h2><strong>Pretty Relax Spa<\/strong><\/h2>\n<p>Ein weiteres befindet sich in Ratchada und ihre Facebook-Seite kann gefunden werden <a href=\"https:\/\/www.facebook.com\/prettyrelaxradchada\" target=\"_blank\" rel=\"noopener\">hier<\/a>.<\/p>\n<p>Sadly I can\u2019t read Thai so I don\u2019t know how much it costs but you can see some of the girls on the page and how to book them for a massage.<\/p>\n<h2><strong>Kitty Spa<\/strong><\/h2>\n<p>Ich habe das Kitty Spa in meinem <a title=\"Gl\u00fcckliche Massagen in Bangkok\" href=\"https:\/\/afarangabroad.com\/de\/gluckliche-massagen-bangkok\/\" target=\"_blank\" rel=\"noopener\">Massagen in Bangkok<\/a> Artikel, aber dies ist ein weiterer KapooClub. Die Preise liegen hier bei etwa 2.000 Baht aufw\u00e4rts und die Zimmer sind mit Hello Kitty-Tapeten gestaltet, was f\u00fcr manche etwas seltsam ist, aber das ist Bangkok.<\/p>\n<p>Einige dieser Spas bieten Ihnen vielleicht einen Blowjob an, aber ich schlage vor, dass Sie daf\u00fcr eines der folgenden Spas besuchen\u00a0\u00a0<a href=\"https:\/\/afarangabroad.com\/de\/bangkok-blowjob-bars\/\">Bangkok Blow Job Bars<\/a>.<\/p>\n<p><a href=\"https:\/\/afarangabroad.com\/de\/thai-friendly-dating\/\" target=\"_blank\" rel=\"noopener\"><img loading=\"lazy\" decoding=\"async\" class=\"aligncenter size-large wp-image-7256\" src=\"https:\/\/afarangabroad.com\/wp-content\/uploads\/2016\/06\/Meet-Thai-girls-1024x691.png\" alt=\"Meet Thai girls\" width=\"600\" height=\"405\" srcset=\"https:\/\/afarangabroad.com\/wp-content\/uploads\/2016\/06\/Meet-Thai-girls-1024x691.png 1024w, https:\/\/afarangabroad.com\/wp-content\/uploads\/2016\/06\/Meet-Thai-girls-300x202.png 300w, https:\/\/afarangabroad.com\/wp-content\/uploads\/2016\/06\/Meet-Thai-girls-720x486.png 720w, https:\/\/afarangabroad.com\/wp-content\/uploads\/2016\/06\/Meet-Thai-girls.png 1038w\" sizes=\"(max-width: 600px) 100vw, 600px\" \/><\/a>That\u2019s all I have for now on KapooClubs but I will update this page when I get more information. The closer these clubs are to tourist areas, the higher the prices will tend to be. Remember that these sorts of clubs are not for sex but HJ only.<\/p>\n<p>Weitere Artikel \u00fcber Massagen finden Sie in unserem <a title=\"Nuru-Massage Bangkok\" href=\"https:\/\/afarangabroad.com\/de\/nuru-massage-bangkok\/\" target=\"_blank\" rel=\"noopener\">Nuru-Massagen in Bangkok<\/a>, <a title=\"Seifige Massage Bangkok\" href=\"https:\/\/afarangabroad.com\/de\/seifige-massage-bangkok\/\" target=\"_blank\" rel=\"noopener\">Seifige Massage in Bangkok<\/a> oder <a title=\"Sex in Thailand - Preise\" href=\"https:\/\/afarangabroad.com\/de\/sex-thailand-preise\/\" target=\"_blank\" rel=\"noopener\">Sex in Thailand<\/a> , <a href=\"https:\/\/afarangabroad.com\/de\/thai-friendly-dating\/\" target=\"_blank\" rel=\"noopener\">Thail\u00e4ndisch freundlich <\/a>oder wie man <a href=\"https:\/\/afarangabroad.com\/de\/thai-cupid-dating-site\/\" target=\"_blank\" rel=\"noopener\">Thail\u00e4ndischer Amor<\/a> um Sex zu haben.<\/p>","protected":false},"excerpt":{"rendered":"<p>I had never heard of a KapooClub until I was trawling through the Internet and came across a message board talking about them. KapooClubs are found mostly around Bangkok and are generally aimed towards locals rather than expats, thus you don\u2019t really hear about them on websites. This is not to say westerners are not [&hellip;]<\/p>","protected":false},"author":2,"featured_media":4067,"parent":0,"menu_order":0,"comment_status":"open","ping_status":"closed","template":"","meta":{"_exactmetrics_skip_tracking":false,"_exactmetrics_sitenote_active":false,"_exactmetrics_sitenote_note":"","_exactmetrics_sitenote_category":0,"footnotes":""},"categories":[323],"tags":[],"class_list":["post-4037","page","type-page","status-publish","has-post-thumbnail","hentry","category-thailand-girls"],"yoast_head":"<!-- This site is optimized with the Yoast SEO plugin v20.1 - https:\/\/yoast.com\/wordpress\/plugins\/seo\/ -->\n<title>KapooClub in Bangkok - A Farang Abroad<\/title>\n<meta name=\"description\" content=\"KapooClub in Bangkok and where to find them. This article gives you the lowdown on KapooClubs including prices and services including HJ not FS or BJ.\" \/>\n<meta name=\"robots\" content=\"index, follow, max-snippet:-1, max-image-preview:large, max-video-preview:-1\" \/>\n<link rel=\"canonical\" href=\"https:\/\/afarangabroad.com\/de\/kapooclub-bangkok\/\" \/>\n<meta property=\"og:locale\" content=\"de_DE\" \/>\n<meta property=\"og:type\" content=\"article\" \/>\n<meta property=\"og:title\" content=\"KapooClub in Bangkok - A Farang Abroad\" \/>\n<meta property=\"og:description\" content=\"KapooClub in Bangkok and where to find them. This article gives you the lowdown on KapooClubs including prices and services including HJ not FS or BJ.\" \/>\n<meta property=\"og:url\" content=\"https:\/\/afarangabroad.com\/de\/kapooclub-bangkok\/\" \/>\n<meta property=\"og:site_name\" content=\"A Farang Abroad\" \/>\n<meta property=\"article:modified_time\" content=\"2024-10-22T02:07:25+00:00\" \/>\n<meta property=\"og:image\" content=\"https:\/\/afarangabroad.com\/wp-content\/uploads\/2014\/10\/6658302693_83320b9747_b.jpg\" \/>\n\t<meta property=\"og:image:width\" content=\"772\" \/>\n\t<meta property=\"og:image:height\" content=\"1024\" \/>\n\t<meta property=\"og:image:type\" content=\"image\/jpeg\" \/>\n<meta name=\"twitter:label1\" content=\"Gesch\u00e4tzte Lesezeit\" \/>\n\t<meta name=\"twitter:data1\" content=\"4\u00a0Minuten\" \/>\n<script type=\"application\/ld+json\" class=\"yoast-schema-graph\">{\"@context\":\"https:\/\/schema.org\",\"@graph\":[{\"@type\":\"WebPage\",\"@id\":\"https:\/\/afarangabroad.com\/kapooclub-bangkok\/\",\"url\":\"https:\/\/afarangabroad.com\/kapooclub-bangkok\/\",\"name\":\"KapooClub in Bangkok - A Farang Abroad\",\"isPartOf\":{\"@id\":\"https:\/\/afarangabroad.com\/#website\"},\"datePublished\":\"2014-10-15T13:32:57+00:00\",\"dateModified\":\"2024-10-22T02:07:25+00:00\",\"description\":\"KapooClub in Bangkok and where to find them. This article gives you the lowdown on KapooClubs including prices and services including HJ not FS or BJ.\",\"breadcrumb\":{\"@id\":\"https:\/\/afarangabroad.com\/kapooclub-bangkok\/#breadcrumb\"},\"inLanguage\":\"de\",\"potentialAction\":[{\"@type\":\"ReadAction\",\"target\":[\"https:\/\/afarangabroad.com\/kapooclub-bangkok\/\"]}]},{\"@type\":\"BreadcrumbList\",\"@id\":\"https:\/\/afarangabroad.com\/kapooclub-bangkok\/#breadcrumb\",\"itemListElement\":[{\"@type\":\"ListItem\",\"position\":1,\"name\":\"Home\",\"item\":\"https:\/\/afarangabroad.com\/\"},{\"@type\":\"ListItem\",\"position\":2,\"name\":\"KapooClub in Bangkok\"}]},{\"@type\":\"WebSite\",\"@id\":\"https:\/\/afarangabroad.com\/#website\",\"url\":\"https:\/\/afarangabroad.com\/\",\"name\":\"A Farang Abroad\",\"description\":\"Your secret guide to Asia&#039;s sexiest nightlife.\",\"potentialAction\":[{\"@type\":\"SearchAction\",\"target\":{\"@type\":\"EntryPoint\",\"urlTemplate\":\"https:\/\/afarangabroad.com\/?s={search_term_string}\"},\"query-input\":\"required name=search_term_string\"}],\"inLanguage\":\"de\"}]}<\/script>\n<!-- \/ Yoast SEO plugin. -->","yoast_head_json":{"title":"KapooClub in Bangkok - A Farang Abroad","description":"KapooClub in Bangkok and where to find them. This article gives you the lowdown on KapooClubs including prices and services including HJ not FS or BJ.","robots":{"index":"index","follow":"follow","max-snippet":"max-snippet:-1","max-image-preview":"max-image-preview:large","max-video-preview":"max-video-preview:-1"},"canonical":"https:\/\/afarangabroad.com\/de\/kapooclub-bangkok\/","og_locale":"de_DE","og_type":"article","og_title":"KapooClub in Bangkok - A Farang Abroad","og_description":"KapooClub in Bangkok and where to find them. This article gives you the lowdown on KapooClubs including prices and services including HJ not FS or BJ.","og_url":"https:\/\/afarangabroad.com\/de\/kapooclub-bangkok\/","og_site_name":"A Farang Abroad","article_modified_time":"2024-10-22T02:07:25+00:00","og_image":[{"width":772,"height":1024,"url":"https:\/\/afarangabroad.com\/wp-content\/uploads\/2014\/10\/6658302693_83320b9747_b.jpg","type":"image\/jpeg"}],"twitter_misc":{"Gesch\u00e4tzte Lesezeit":"4\u00a0Minuten"},"schema":{"@context":"https:\/\/schema.org","@graph":[{"@type":"WebPage","@id":"https:\/\/afarangabroad.com\/kapooclub-bangkok\/","url":"https:\/\/afarangabroad.com\/kapooclub-bangkok\/","name":"KapooClub in Bangkok - A Farang Abroad","isPartOf":{"@id":"https:\/\/afarangabroad.com\/#website"},"datePublished":"2014-10-15T13:32:57+00:00","dateModified":"2024-10-22T02:07:25+00:00","description":"KapooClub in Bangkok and where to find them. This article gives you the lowdown on KapooClubs including prices and services including HJ not FS or BJ.","breadcrumb":{"@id":"https:\/\/afarangabroad.com\/kapooclub-bangkok\/#breadcrumb"},"inLanguage":"de","potentialAction":[{"@type":"ReadAction","target":["https:\/\/afarangabroad.com\/kapooclub-bangkok\/"]}]},{"@type":"BreadcrumbList","@id":"https:\/\/afarangabroad.com\/kapooclub-bangkok\/#breadcrumb","itemListElement":[{"@type":"ListItem","position":1,"name":"Home","item":"https:\/\/afarangabroad.com\/"},{"@type":"ListItem","position":2,"name":"KapooClub in Bangkok"}]},{"@type":"WebSite","@id":"https:\/\/afarangabroad.com\/#website","url":"https:\/\/afarangabroad.com\/","name":"A Farang Abroad","description":"Your secret guide to Asia&#039;s sexiest nightlife.","potentialAction":[{"@type":"SearchAction","target":{"@type":"EntryPoint","urlTemplate":"https:\/\/afarangabroad.com\/?s={search_term_string}"},"query-input":"required name=search_term_string"}],"inLanguage":"de"}]}},"_links":{"self":[{"href":"https:\/\/afarangabroad.com\/de\/wp-json\/wp\/v2\/pages\/4037"}],"collection":[{"href":"https:\/\/afarangabroad.com\/de\/wp-json\/wp\/v2\/pages"}],"about":[{"href":"https:\/\/afarangabroad.com\/de\/wp-json\/wp\/v2\/types\/page"}],"author":[{"embeddable":true,"href":"https:\/\/afarangabroad.com\/de\/wp-json\/wp\/v2\/users\/2"}],"replies":[{"embeddable":true,"href":"https:\/\/afarangabroad.com\/de\/wp-json\/wp\/v2\/comments?post=4037"}],"version-history":[{"count":4,"href":"https:\/\/afarangabroad.com\/de\/wp-json\/wp\/v2\/pages\/4037\/revisions"}],"predecessor-version":[{"id":513571,"href":"https:\/\/afarangabroad.com\/de\/wp-json\/wp\/v2\/pages\/4037\/revisions\/513571"}],"wp:featuredmedia":[{"embeddable":true,"href":"https:\/\/afarangabroad.com\/de\/wp-json\/wp\/v2\/media\/4067"}],"wp:attachment":[{"href":"https:\/\/afarangabroad.com\/de\/wp-json\/wp\/v2\/media?parent=4037"}],"wp:term":[{"taxonomy":"category","embeddable":true,"href":"https:\/\/afarangabroad.com\/de\/wp-json\/wp\/v2\/categories?post=4037"},{"taxonomy":"post_tag","embeddable":true,"href":"https:\/\/afarangabroad.com\/de\/wp-json\/wp\/v2\/tags?post=4037"}],"curies":[{"name":"wp","href":"https:\/\/api.w.org\/{rel}","templated":true}]}}