{"id":4045,"date":"2014-10-15T18:48:45","date_gmt":"2014-10-15T17:48:45","guid":{"rendered":"https:\/\/afarangabroad.com\/?page_id=4045"},"modified":"2025-06-25T02:42:38","modified_gmt":"2025-06-25T01:42:38","slug":"vietnamese-girls","status":"publish","type":"page","link":"https:\/\/afarangabroad.com\/de\/vietnamesische-madchen\/","title":{"rendered":"7 Tipps zur Partnersuche mit vietnamesischen M\u00e4dchen 2019"},"content":{"rendered":"<p>A battle ground, that\u2019s what dating a Vietnamese girl is like.<\/p>\n<p><strong>Aktualisiert<\/strong>: Ich habe diesen Artikel 2019 aktualisiert, also lesen Sie bitte den unteren Teil, um mehr \u00fcber vietnamesische M\u00e4dchen zu erfahren, in welcher Stadt sie leben und wie sie mit thail\u00e4ndischen M\u00e4dchen verglichen werden.<\/p>\n<p>Und wenn Sie nicht wegen der sexy vietnamesischen M\u00e4dchen hier sind, werden Sie es sehr bald sein, denn sie werden bald Ihre Sinne erobern und sich auf sie konzentrieren.<\/p>\n<p>In no other place on the planet have I felt such intense lust and sexual tension with the women. And it\u2019s no surprise that people (even in modern countries) are impressed when you score with a Vietnam girl.<\/p>\n<p>Wenn Sie m\u00f6chten, dass <strong>Vietnamesische M\u00e4dchen leicht kennenlernen<\/strong>, <a class=\"mozbar-highlight-followed-wGA7MhRhQ3WS\" href=\"https:\/\/afarangabroad.com\/de\/vietnamesische-amorette\/\" target=\"_blank\" rel=\"noopener\">Lesen Sie meine pers\u00f6nliche Erfahrung mit der gr\u00f6\u00dften Online-Dating-Website<\/a>.<\/p>\n<p><a class=\"mozbar-highlight-followed-wGA7MhRhQ3WS\" href=\"https:\/\/afarangabroad.com\/de\/vietnamesische-amorette\/\" target=\"_blank\" rel=\"noopener\"><img loading=\"lazy\" decoding=\"async\" class=\"aligncenter wp-image-7258 size-large\" src=\"https:\/\/afarangabroad.com\/wp-content\/uploads\/2016\/06\/Meet-Viet-Girls1-1024x691.png\" alt=\"\" width=\"678\" height=\"458\" srcset=\"https:\/\/afarangabroad.com\/wp-content\/uploads\/2016\/06\/Meet-Viet-Girls1-1024x691.png 1024w, https:\/\/afarangabroad.com\/wp-content\/uploads\/2016\/06\/Meet-Viet-Girls1-300x202.png 300w, https:\/\/afarangabroad.com\/wp-content\/uploads\/2016\/06\/Meet-Viet-Girls1-720x486.png 720w, https:\/\/afarangabroad.com\/wp-content\/uploads\/2016\/06\/Meet-Viet-Girls1.png 1038w\" sizes=\"(max-width: 678px) 100vw, 678px\" \/><\/a><\/p>\n<p><span style=\"color: #ff0000;\"><em>Dies ist ein Gastbeitrag von Cyclone, einem seit langem in Vietnam lebenden Auswanderer.<\/em><\/span><\/p>\n<p><strong>UPDATE<\/strong>: Ich habe diesen Artikel selbst im Dezember 2018 aktualisiert, also lies bis zum Ende, um meine Meinung \u00fcber vietnamesische M\u00e4dchen zu erfahren und wie man eine vietnamesische Freundin bekommt.<\/p>\n<h2>Wo kann man vietnamesische M\u00e4dchen kennenlernen?<\/h2>\n<p>If you&#8217;re already in Vietnam, then you only need to leave your hotel room. If you&#8217;re not, then <a class=\"mozbar-highlight-followed-wGA7MhRhQ3WS\" title=\"Vietnam Cupid Review - Treffen Sie die sexiesten M\u00e4dchen\" href=\"https:\/\/afarangabroad.com\/de\/vietnamesische-amorette\/\" target=\"_blank\" rel=\"noopener\">Vietnam Amor<\/a> is probably your best bet. It&#8217;s the site I always use when I fly in, I setup dates with around 6-7 girls a few weeks before hand, and end up sleeping with at least half.<\/p>\n<p>Etwa 99% davon sind normale Vietnamesinnen, und 1% sind Nutten. Sie sind allerdings ziemlich leicht zu erkennen. Legen Sie einfach ein Profil mit 3-4 Bildern an, seien Sie freundlich und fragen Sie ganz beil\u00e4ufig, ob Sie sich nach der Landung auf einen Kaffee oder zum Abendessen treffen m\u00f6chten. Etwa 90% werden zustimmen.\u00a0<\/p>\n<p><a href=\"https:\/\/afarangabroad.com\/de\/vietnamesische-amorette\/\"><img decoding=\"async\" class=\"aligncenter rlhdftcyqnhkochfbqoo cwnrheeyqjwwxjcbhmoe\" src=\"https:\/\/afarangabroad.com\/wp-content\/uploads\/2014\/10\/5243_VC_300_250.jpg\" alt=\"\" \/><\/a>Do keep in min that some girls will flake (perhaps 10-20%), but that&#8217;s normal. Just set up a number of dates and you will be fine, and one of the best ways to find yourself a Vietnamese girlfriend.\u00a0<\/p>","protected":false},"excerpt":{"rendered":"<p>A battle ground, that\u2019s what dating a Vietnamese girl is like. Updated: I updated this article in 2019, so please read the bottom to learn more about Vietnamese girls by which city they live in and how they compare to Thai girls. And if you are not here for the sexy Vietnamese girls, you will [&hellip;]<\/p>","protected":false},"author":2,"featured_media":4051,"parent":0,"menu_order":0,"comment_status":"open","ping_status":"closed","template":"","meta":{"_exactmetrics_skip_tracking":false,"_exactmetrics_sitenote_active":false,"_exactmetrics_sitenote_note":"","_exactmetrics_sitenote_category":0,"footnotes":""},"categories":[328],"tags":[],"class_list":["post-4045","page","type-page","status-publish","has-post-thumbnail","hentry","category-vietnam"],"yoast_head":"<!-- This site is optimized with the Yoast SEO plugin v20.1 - https:\/\/yoast.com\/wordpress\/plugins\/seo\/ -->\n<title>7 Tips to dating Dating Vietnamese Girls 2019 - A Farang Abroad<\/title>\n<meta name=\"description\" content=\"Everything you need to know about dating Vietnamese girls, where to meet them, the games they play and how to avoid falling for their tricks.\" \/>\n<meta name=\"robots\" content=\"index, follow, max-snippet:-1, max-image-preview:large, max-video-preview:-1\" \/>\n<link rel=\"canonical\" href=\"https:\/\/afarangabroad.com\/de\/vietnamesische-madchen\/\" \/>\n<meta property=\"og:locale\" content=\"de_DE\" \/>\n<meta property=\"og:type\" content=\"article\" \/>\n<meta property=\"og:title\" content=\"7 Tips to dating Dating Vietnamese Girls 2019 - A Farang Abroad\" \/>\n<meta property=\"og:description\" content=\"Everything you need to know about dating Vietnamese girls, where to meet them, the games they play and how to avoid falling for their tricks.\" \/>\n<meta property=\"og:url\" content=\"https:\/\/afarangabroad.com\/de\/vietnamesische-madchen\/\" \/>\n<meta property=\"og:site_name\" content=\"A Farang Abroad\" \/>\n<meta property=\"article:modified_time\" content=\"2025-06-25T01:42:38+00:00\" \/>\n<meta property=\"og:image\" content=\"https:\/\/afarangabroad.com\/wp-content\/uploads\/2014\/10\/VG-2.jpg\" \/>\n\t<meta property=\"og:image:width\" content=\"640\" \/>\n\t<meta property=\"og:image:height\" content=\"586\" \/>\n\t<meta property=\"og:image:type\" content=\"image\/jpeg\" \/>\n<meta name=\"twitter:label1\" content=\"Gesch\u00e4tzte Lesezeit\" \/>\n\t<meta name=\"twitter:data1\" content=\"12\u00a0Minuten\" \/>\n<script type=\"application\/ld+json\" class=\"yoast-schema-graph\">{\"@context\":\"https:\/\/schema.org\",\"@graph\":[{\"@type\":\"WebPage\",\"@id\":\"https:\/\/afarangabroad.com\/vietnamese-girls\/\",\"url\":\"https:\/\/afarangabroad.com\/vietnamese-girls\/\",\"name\":\"7 Tips to dating Dating Vietnamese Girls 2019 - A Farang Abroad\",\"isPartOf\":{\"@id\":\"https:\/\/afarangabroad.com\/#website\"},\"datePublished\":\"2014-10-15T17:48:45+00:00\",\"dateModified\":\"2025-06-25T01:42:38+00:00\",\"description\":\"Everything you need to know about dating Vietnamese girls, where to meet them, the games they play and how to avoid falling for their tricks.\",\"breadcrumb\":{\"@id\":\"https:\/\/afarangabroad.com\/vietnamese-girls\/#breadcrumb\"},\"inLanguage\":\"de\",\"potentialAction\":[{\"@type\":\"ReadAction\",\"target\":[\"https:\/\/afarangabroad.com\/vietnamese-girls\/\"]}]},{\"@type\":\"BreadcrumbList\",\"@id\":\"https:\/\/afarangabroad.com\/vietnamese-girls\/#breadcrumb\",\"itemListElement\":[{\"@type\":\"ListItem\",\"position\":1,\"name\":\"Home\",\"item\":\"https:\/\/afarangabroad.com\/\"},{\"@type\":\"ListItem\",\"position\":2,\"name\":\"7 Tips to dating Dating Vietnamese Girls 2019\"}]},{\"@type\":\"WebSite\",\"@id\":\"https:\/\/afarangabroad.com\/#website\",\"url\":\"https:\/\/afarangabroad.com\/\",\"name\":\"A Farang Abroad\",\"description\":\"Your secret guide to Asia&#039;s sexiest nightlife.\",\"potentialAction\":[{\"@type\":\"SearchAction\",\"target\":{\"@type\":\"EntryPoint\",\"urlTemplate\":\"https:\/\/afarangabroad.com\/?s={search_term_string}\"},\"query-input\":\"required name=search_term_string\"}],\"inLanguage\":\"de\"}]}<\/script>\n<!-- \/ Yoast SEO plugin. -->","yoast_head_json":{"title":"7 Tips to dating Dating Vietnamese Girls 2019 - A Farang Abroad","description":"Everything you need to know about dating Vietnamese girls, where to meet them, the games they play and how to avoid falling for their tricks.","robots":{"index":"index","follow":"follow","max-snippet":"max-snippet:-1","max-image-preview":"max-image-preview:large","max-video-preview":"max-video-preview:-1"},"canonical":"https:\/\/afarangabroad.com\/de\/vietnamesische-madchen\/","og_locale":"de_DE","og_type":"article","og_title":"7 Tips to dating Dating Vietnamese Girls 2019 - A Farang Abroad","og_description":"Everything you need to know about dating Vietnamese girls, where to meet them, the games they play and how to avoid falling for their tricks.","og_url":"https:\/\/afarangabroad.com\/de\/vietnamesische-madchen\/","og_site_name":"A Farang Abroad","article_modified_time":"2025-06-25T01:42:38+00:00","og_image":[{"width":640,"height":586,"url":"https:\/\/afarangabroad.com\/wp-content\/uploads\/2014\/10\/VG-2.jpg","type":"image\/jpeg"}],"twitter_misc":{"Gesch\u00e4tzte Lesezeit":"12\u00a0Minuten"},"schema":{"@context":"https:\/\/schema.org","@graph":[{"@type":"WebPage","@id":"https:\/\/afarangabroad.com\/vietnamese-girls\/","url":"https:\/\/afarangabroad.com\/vietnamese-girls\/","name":"7 Tips to dating Dating Vietnamese Girls 2019 - A Farang Abroad","isPartOf":{"@id":"https:\/\/afarangabroad.com\/#website"},"datePublished":"2014-10-15T17:48:45+00:00","dateModified":"2025-06-25T01:42:38+00:00","description":"Everything you need to know about dating Vietnamese girls, where to meet them, the games they play and how to avoid falling for their tricks.","breadcrumb":{"@id":"https:\/\/afarangabroad.com\/vietnamese-girls\/#breadcrumb"},"inLanguage":"de","potentialAction":[{"@type":"ReadAction","target":["https:\/\/afarangabroad.com\/vietnamese-girls\/"]}]},{"@type":"BreadcrumbList","@id":"https:\/\/afarangabroad.com\/vietnamese-girls\/#breadcrumb","itemListElement":[{"@type":"ListItem","position":1,"name":"Home","item":"https:\/\/afarangabroad.com\/"},{"@type":"ListItem","position":2,"name":"7 Tips to dating Dating Vietnamese Girls 2019"}]},{"@type":"WebSite","@id":"https:\/\/afarangabroad.com\/#website","url":"https:\/\/afarangabroad.com\/","name":"A Farang Abroad","description":"Your secret guide to Asia&#039;s sexiest nightlife.","potentialAction":[{"@type":"SearchAction","target":{"@type":"EntryPoint","urlTemplate":"https:\/\/afarangabroad.com\/?s={search_term_string}"},"query-input":"required name=search_term_string"}],"inLanguage":"de"}]}},"_links":{"self":[{"href":"https:\/\/afarangabroad.com\/de\/wp-json\/wp\/v2\/pages\/4045"}],"collection":[{"href":"https:\/\/afarangabroad.com\/de\/wp-json\/wp\/v2\/pages"}],"about":[{"href":"https:\/\/afarangabroad.com\/de\/wp-json\/wp\/v2\/types\/page"}],"author":[{"embeddable":true,"href":"https:\/\/afarangabroad.com\/de\/wp-json\/wp\/v2\/users\/2"}],"replies":[{"embeddable":true,"href":"https:\/\/afarangabroad.com\/de\/wp-json\/wp\/v2\/comments?post=4045"}],"version-history":[{"count":7,"href":"https:\/\/afarangabroad.com\/de\/wp-json\/wp\/v2\/pages\/4045\/revisions"}],"predecessor-version":[{"id":513782,"href":"https:\/\/afarangabroad.com\/de\/wp-json\/wp\/v2\/pages\/4045\/revisions\/513782"}],"wp:featuredmedia":[{"embeddable":true,"href":"https:\/\/afarangabroad.com\/de\/wp-json\/wp\/v2\/media\/4051"}],"wp:attachment":[{"href":"https:\/\/afarangabroad.com\/de\/wp-json\/wp\/v2\/media?parent=4045"}],"wp:term":[{"taxonomy":"category","embeddable":true,"href":"https:\/\/afarangabroad.com\/de\/wp-json\/wp\/v2\/categories?post=4045"},{"taxonomy":"post_tag","embeddable":true,"href":"https:\/\/afarangabroad.com\/de\/wp-json\/wp\/v2\/tags?post=4045"}],"curies":[{"name":"wp","href":"https:\/\/api.w.org\/{rel}","templated":true}]}}