{"id":4251,"date":"2014-11-23T09:03:22","date_gmt":"2014-11-23T09:03:22","guid":{"rendered":"https:\/\/afarangabroad.com\/?page_id=4251"},"modified":"2019-09-21T21:42:51","modified_gmt":"2019-09-21T20:42:51","slug":"dating-sites-philippines","status":"publish","type":"page","link":"https:\/\/afarangabroad.com\/de\/partnervermittlung-philippinen\/","title":{"rendered":"Beste Dating-Seiten auf den Philippinen"},"content":{"rendered":"<p>Online-Dating ist eine gute M\u00f6glichkeit, philippinische Frauen kennenzulernen. Viele dieser M\u00e4dchen langweilen sich, weil sie den ganzen Tag nichts zu tun haben, und nachdem sie sich angesehen haben, wer ihre letzten Facebook-Posts kommentiert hat, surfen sie zu einer Dating-Website, um mit ein paar Jungs zu chatten. Einige von ihnen sind auf der Suche nach einem Ehemann, andere nach einem Freund, einer Bekanntschaft oder etwas Geld. In all ihren Profilen wird behauptet, dass sie nur einen gottesf\u00fcrchtigen Mann suchen, der sich um sie k\u00fcmmert, so dass man schlie\u00dflich lernt, seine Zeit nicht einmal mit dem Lesen des Profils zu verschwenden.<\/p>\n<p>Dies ist der zeitsparendste Weg, philippinische Frauen kennenzulernen, weil Sie so viele von ihnen so schnell und bequem von zu Hause aus kontaktieren k\u00f6nnen. Sie m\u00fcssen nicht in eine Disko gehen oder durch ein Einkaufszentrum streifen, sondern tippen und klicken einfach, und schon haben Sie Tausende von Frauen, mit denen Sie kommunizieren k\u00f6nnen.<\/p>\n<p>You can interact with more girls in one day online then you will in the real world in a full year. You don&#8217;t need to have long drawn out conversations with most of these girls either. Many are bored with nothing better to do and will gladly accompany you for a night out as long as \u201cyou treat right?\u201d<\/p>\n<h2>Was sind die besten Dating-Seiten f\u00fcr die Philippinen?<\/h2>\n<p>Ich hatte das meiste Gl\u00fcck bei <a href=\"https:\/\/afarangabroad.com\/de\/recommends\/filipinocupid\/\">Filipino Amor<\/a> und <a href=\"https:\/\/afarangabroad.com\/de\/recommends\/pinalove\/\">Pinalove<\/a>. Es gibt bestimmte Merkmale dieser Websites, die ihnen einen Vorsprung vor ihren Konkurrenten verschaffen.<\/p>\n<p>Maybe the biggest difference between them and other sites is that they allow multiple pictures. This way a girl can&#8217;t just post one airbrushed and photo shopped picture to deceiving you into thinking she is way hotter than she actually is. They still will pick their best pictures to show but at least you will get multiple angles to see them from.<\/p>\n<p><a href=\"https:\/\/afarangabroad.com\/de\/recommends\/pinalove\/\"><img loading=\"lazy\" decoding=\"async\" class=\"aligncenter wp-image-5842 size-full\" src=\"https:\/\/afarangabroad.com\/wp-content\/uploads\/2015\/07\/pina-love.jpg\" alt=\"Pi\u00f1a Liebe\" width=\"330\" height=\"250\" srcset=\"https:\/\/afarangabroad.com\/wp-content\/uploads\/2015\/07\/pina-love.jpg 330w, https:\/\/afarangabroad.com\/wp-content\/uploads\/2015\/07\/pina-love-300x227.jpg 300w\" sizes=\"(max-width: 330px) 100vw, 330px\" \/><\/a><\/p>\n<p>Ein weiterer Grund, warum diese beiden Seiten zu den besseren geh\u00f6ren, ist, dass sie sehr gut daf\u00fcr sorgen, dass die Betr\u00fcger ferngehalten werden. Du kannst M\u00e4dchen melden, die nur nach Geld fragen oder Ladyboys sind, die l\u00fcgen und behaupten, dass sie wirklich M\u00e4dchen sind.<\/p>\n<p>Dies erm\u00f6glicht es Ihnen, ein wenig mehr Vertrauen im Vergleich zu einigen der anderen Websites, die nur eine freie Leine, um alles, was Sie wollen, zu tun haben. Vor allem eine halbwegs beliebte Seite (Tagged) ist einfach eine riesige Zeitverschwendung.<\/p>\n<p>You can tell as you are looking through the pages that these accounts aren&#8217;t real. You will see white supermodels claiming to be in some province of the Philippines, doesn&#8217;t take a genius to realize to stay away.<\/p>\n<p>Erstellen Sie ein Profil auf diesen Websites, stellen Sie ein Bild von sich ein und geben Sie als Standort eine beliebige Gro\u00dfstadt auf den Philippinen an, und schon werden Sie mit Nachrichten \u00fcberflutet.<\/p>\n<p>Suchen Sie in den St\u00e4dten, die Sie besuchen werden, und senden Sie Nachrichten an die M\u00e4dchen, die Ihnen ins Auge fallen, und versuchen Sie, ein Treffen mit ihnen zu vereinbaren. Sie sind ziemlich unzuverl\u00e4ssig, also sei sicher, dass du einige Ausweichm\u00f6glichkeiten hast.<\/p>","protected":false},"excerpt":{"rendered":"<p>Online dating is a great way to meet Filipino women. Many of these girls are bored with nothing to do all day and after they get done looking at who commented on their most recent Facebook posts they surf over to a dating site to chat with some boys. Some of them are looking for [&hellip;]<\/p>","protected":false},"author":2,"featured_media":0,"parent":0,"menu_order":0,"comment_status":"open","ping_status":"closed","template":"","meta":{"_exactmetrics_skip_tracking":false,"_exactmetrics_sitenote_active":false,"_exactmetrics_sitenote_note":"","_exactmetrics_sitenote_category":0,"footnotes":""},"categories":[325],"tags":[],"class_list":["post-4251","page","type-page","status-publish","hentry","category-filipino-dating"],"yoast_head":"<!-- This site is optimized with the Yoast SEO plugin v20.1 - https:\/\/yoast.com\/wordpress\/plugins\/seo\/ -->\n<title>Best Dating Sites in Philippines - A Farang Abroad<\/title>\n<meta name=\"description\" content=\"Wondering which dating site to use for your next trip to the Philippines? Well look no further, here&#039;s what to expect from the biggest two dating sites.\" \/>\n<meta name=\"robots\" content=\"index, follow, max-snippet:-1, max-image-preview:large, max-video-preview:-1\" \/>\n<link rel=\"canonical\" href=\"https:\/\/afarangabroad.com\/de\/partnervermittlung-philippinen\/\" \/>\n<meta property=\"og:locale\" content=\"de_DE\" \/>\n<meta property=\"og:type\" content=\"article\" \/>\n<meta property=\"og:title\" content=\"Best Dating Sites in Philippines - A Farang Abroad\" \/>\n<meta property=\"og:description\" content=\"Wondering which dating site to use for your next trip to the Philippines? Well look no further, here&#039;s what to expect from the biggest two dating sites.\" \/>\n<meta property=\"og:url\" content=\"https:\/\/afarangabroad.com\/de\/partnervermittlung-philippinen\/\" \/>\n<meta property=\"og:site_name\" content=\"A Farang Abroad\" \/>\n<meta property=\"article:modified_time\" content=\"2019-09-21T20:42:51+00:00\" \/>\n<meta property=\"og:image\" content=\"https:\/\/afarangabroad.com\/wp-content\/uploads\/2015\/07\/pina-love.jpg\" \/>\n<meta name=\"twitter:label1\" content=\"Gesch\u00e4tzte Lesezeit\" \/>\n\t<meta name=\"twitter:data1\" content=\"3\u00a0Minuten\" \/>\n<script type=\"application\/ld+json\" class=\"yoast-schema-graph\">{\"@context\":\"https:\/\/schema.org\",\"@graph\":[{\"@type\":\"WebPage\",\"@id\":\"https:\/\/afarangabroad.com\/dating-sites-philippines\/\",\"url\":\"https:\/\/afarangabroad.com\/dating-sites-philippines\/\",\"name\":\"Best Dating Sites in Philippines - A Farang Abroad\",\"isPartOf\":{\"@id\":\"https:\/\/afarangabroad.com\/#website\"},\"datePublished\":\"2014-11-23T09:03:22+00:00\",\"dateModified\":\"2019-09-21T20:42:51+00:00\",\"description\":\"Wondering which dating site to use for your next trip to the Philippines? Well look no further, here's what to expect from the biggest two dating sites.\",\"breadcrumb\":{\"@id\":\"https:\/\/afarangabroad.com\/dating-sites-philippines\/#breadcrumb\"},\"inLanguage\":\"de\",\"potentialAction\":[{\"@type\":\"ReadAction\",\"target\":[\"https:\/\/afarangabroad.com\/dating-sites-philippines\/\"]}]},{\"@type\":\"BreadcrumbList\",\"@id\":\"https:\/\/afarangabroad.com\/dating-sites-philippines\/#breadcrumb\",\"itemListElement\":[{\"@type\":\"ListItem\",\"position\":1,\"name\":\"Home\",\"item\":\"https:\/\/afarangabroad.com\/\"},{\"@type\":\"ListItem\",\"position\":2,\"name\":\"Best Dating Sites in Philippines\"}]},{\"@type\":\"WebSite\",\"@id\":\"https:\/\/afarangabroad.com\/#website\",\"url\":\"https:\/\/afarangabroad.com\/\",\"name\":\"A Farang Abroad\",\"description\":\"Your secret guide to Asia&#039;s sexiest nightlife.\",\"potentialAction\":[{\"@type\":\"SearchAction\",\"target\":{\"@type\":\"EntryPoint\",\"urlTemplate\":\"https:\/\/afarangabroad.com\/?s={search_term_string}\"},\"query-input\":\"required name=search_term_string\"}],\"inLanguage\":\"de\"}]}<\/script>\n<!-- \/ Yoast SEO plugin. -->","yoast_head_json":{"title":"Best Dating Sites in Philippines - A Farang Abroad","description":"Wondering which dating site to use for your next trip to the Philippines? Well look no further, here's what to expect from the biggest two dating sites.","robots":{"index":"index","follow":"follow","max-snippet":"max-snippet:-1","max-image-preview":"max-image-preview:large","max-video-preview":"max-video-preview:-1"},"canonical":"https:\/\/afarangabroad.com\/de\/partnervermittlung-philippinen\/","og_locale":"de_DE","og_type":"article","og_title":"Best Dating Sites in Philippines - A Farang Abroad","og_description":"Wondering which dating site to use for your next trip to the Philippines? Well look no further, here's what to expect from the biggest two dating sites.","og_url":"https:\/\/afarangabroad.com\/de\/partnervermittlung-philippinen\/","og_site_name":"A Farang Abroad","article_modified_time":"2019-09-21T20:42:51+00:00","og_image":[{"url":"https:\/\/afarangabroad.com\/wp-content\/uploads\/2015\/07\/pina-love.jpg"}],"twitter_misc":{"Gesch\u00e4tzte Lesezeit":"3\u00a0Minuten"},"schema":{"@context":"https:\/\/schema.org","@graph":[{"@type":"WebPage","@id":"https:\/\/afarangabroad.com\/dating-sites-philippines\/","url":"https:\/\/afarangabroad.com\/dating-sites-philippines\/","name":"Best Dating Sites in Philippines - A Farang Abroad","isPartOf":{"@id":"https:\/\/afarangabroad.com\/#website"},"datePublished":"2014-11-23T09:03:22+00:00","dateModified":"2019-09-21T20:42:51+00:00","description":"Wondering which dating site to use for your next trip to the Philippines? Well look no further, here's what to expect from the biggest two dating sites.","breadcrumb":{"@id":"https:\/\/afarangabroad.com\/dating-sites-philippines\/#breadcrumb"},"inLanguage":"de","potentialAction":[{"@type":"ReadAction","target":["https:\/\/afarangabroad.com\/dating-sites-philippines\/"]}]},{"@type":"BreadcrumbList","@id":"https:\/\/afarangabroad.com\/dating-sites-philippines\/#breadcrumb","itemListElement":[{"@type":"ListItem","position":1,"name":"Home","item":"https:\/\/afarangabroad.com\/"},{"@type":"ListItem","position":2,"name":"Best Dating Sites in Philippines"}]},{"@type":"WebSite","@id":"https:\/\/afarangabroad.com\/#website","url":"https:\/\/afarangabroad.com\/","name":"A Farang Abroad","description":"Your secret guide to Asia&#039;s sexiest nightlife.","potentialAction":[{"@type":"SearchAction","target":{"@type":"EntryPoint","urlTemplate":"https:\/\/afarangabroad.com\/?s={search_term_string}"},"query-input":"required name=search_term_string"}],"inLanguage":"de"}]}},"_links":{"self":[{"href":"https:\/\/afarangabroad.com\/de\/wp-json\/wp\/v2\/pages\/4251"}],"collection":[{"href":"https:\/\/afarangabroad.com\/de\/wp-json\/wp\/v2\/pages"}],"about":[{"href":"https:\/\/afarangabroad.com\/de\/wp-json\/wp\/v2\/types\/page"}],"author":[{"embeddable":true,"href":"https:\/\/afarangabroad.com\/de\/wp-json\/wp\/v2\/users\/2"}],"replies":[{"embeddable":true,"href":"https:\/\/afarangabroad.com\/de\/wp-json\/wp\/v2\/comments?post=4251"}],"version-history":[{"count":0,"href":"https:\/\/afarangabroad.com\/de\/wp-json\/wp\/v2\/pages\/4251\/revisions"}],"wp:attachment":[{"href":"https:\/\/afarangabroad.com\/de\/wp-json\/wp\/v2\/media?parent=4251"}],"wp:term":[{"taxonomy":"category","embeddable":true,"href":"https:\/\/afarangabroad.com\/de\/wp-json\/wp\/v2\/categories?post=4251"},{"taxonomy":"post_tag","embeddable":true,"href":"https:\/\/afarangabroad.com\/de\/wp-json\/wp\/v2\/tags?post=4251"}],"curies":[{"name":"wp","href":"https:\/\/api.w.org\/{rel}","templated":true}]}}