{"id":4788,"date":"2015-05-04T19:52:24","date_gmt":"2015-05-04T18:52:24","guid":{"rendered":"https:\/\/afarangabroad.com\/?page_id=4788"},"modified":"2020-05-19T05:13:26","modified_gmt":"2020-05-19T04:13:26","slug":"indonesian-women","status":"publish","type":"page","link":"https:\/\/afarangabroad.com\/de\/indonesische-frauen\/","title":{"rendered":"Wie sind indonesische Frauen wirklich?"},"content":{"rendered":"<p>Indonesian women are some of the most\u00a0beautiful\u00a0I have ever seen.<\/p>\n<p>Dieser Artikel ist ein Gastbeitrag geschrieben von <a href=\"http:\/\/artofselfhood.com\" target=\"_blank\" rel=\"nofollow noopener noreferrer\">G Freiheit<\/a>.<\/p>\n<p>Wenn Sie sexy treffen wollen <strong>Indonesische Frauen umsonst<\/strong>dann schauen Sie unter <a href=\"https:\/\/afarangabroad.com\/de\/indonesian-cupid\/\" target=\"_blank\" rel=\"noopener noreferrer\">dieser Artikel<\/a>.<\/p>\n<p>Im Gegensatz zu anderen s\u00fcdostasiatischen L\u00e4ndern gibt es in Indonesien eine gro\u00dfe genetische Vielfalt. Die Menschen sind eine Mischung aus Malaien, Chinesen, Indern, Arabern, Niederl\u00e4ndern, Japanern und Polynesiern. Hier gibt es jede erdenkliche Form, Gr\u00f6\u00dfe, Hautfarbe und jede Art von Sex.<\/p>\n<p>You&#8217;ll also find every kind of personality type here from good little church girls to sex mad women with an obsession with Western men and money.<\/p>\n<p><a href=\"https:\/\/afarangabroad.com\/de\/indonesian-cupid\/\"><img loading=\"lazy\" decoding=\"async\" class=\"size-full wp-image-4723 aligncenter cwnrheeyqjwwxjcbhmoe\" style=\"display: none !important;\" src=\"https:\/\/afarangabroad.com\/wp-content\/uploads\/2015\/04\/4167_ID_728_90.jpg\" alt=\"4167_ID_728_90.jpg\" width=\"728\" height=\"90\" srcset=\"https:\/\/afarangabroad.com\/wp-content\/uploads\/2015\/04\/4167_ID_728_90.jpg 728w, https:\/\/afarangabroad.com\/wp-content\/uploads\/2015\/04\/4167_ID_728_90-300x37.jpg 300w, https:\/\/afarangabroad.com\/wp-content\/uploads\/2015\/04\/4167_ID_728_90-600x74.jpg 600w, https:\/\/afarangabroad.com\/wp-content\/uploads\/2015\/04\/4167_ID_728_90-720x89.jpg 720w\" sizes=\"(max-width: 728px) 100vw, 728px\" \/><\/a>It&#8217;s pretty hard to generalise when talking about this many people, but there are still some things that most Indonesian girls have in common. That&#8217;s what I plan to talk about in this article.<\/p>\n<h2><strong>Wer bin ich, dass ich Sie \u00fcber indonesische Frauen belehre?<\/strong><\/h2>\n<p>Ich bin mit 22 Jahren hierher gezogen und lebe jetzt seit fast acht Jahren hier. In dieser Zeit war ich mit vielen indonesischen Frauen zusammen und hatte zwei Langzeitbeziehungen.<\/p>\n<p>Ich kenne auch viele andere auf einer nicht romantischen Ebene. Es sind \u00fcberall die gleichen Merkmale zu finden.<\/p>\n<h2><strong>Gemeinsame Eigenschaften indonesischer Frauen<\/strong><\/h2>\n<h2><strong>Die Sehnsucht nach m\u00e4nnlichen M\u00e4nnern<\/strong><\/h2>\n<p>Indonesische Frauen sind ganz anders als westliche Frauen. Sie werden keine beschissenen Machtspiele mit dir spielen oder versuchen, die Macht in der Beziehung zu \u00fcbernehmen. Sie suchen nach st\u00e4rkeren, dominanteren M\u00e4nnern, die das Kommando \u00fcbernehmen. Entscheidungen treffen und sie f\u00fchren. Feminismus und andere mentale Denkweisen haben sich in der Kultur noch nicht durchgesetzt, und die Frauen stehen immer noch auf den kr\u00e4ftigen, muskul\u00f6sen Mann.<\/p>\n<p>I once wrote a poem for an Indonesian woman and she called me a pussy and broke thing off with me. That&#8217;s a perfect example of what I&#8217;m talking about. Indonesian women will not be\u00a0comfortable\u00a0in a position of leader ship or control over a man. You need to be firm and in charge if you want her to stick around. She&#8217;ll respect you for it.<\/p>\n<p><strong>Verwandte Seiten<\/strong>: Lernen Sie, wie man <a href=\"https:\/\/afarangabroad.com\/de\/tinder-indonesia\/\">Tinder in Indonesien<\/a>.<\/p>","protected":false},"excerpt":{"rendered":"<p>Indonesian women are some of the most\u00a0beautiful\u00a0I have ever seen. This article is a guest post written by G Freedom. If you want to meet sexy Indonesian women for free, then check out this article. Unlike other nations in South East Asia, there is great genetic diversity in Indonesia. The people are a mix of [&hellip;]<\/p>","protected":false},"author":2,"featured_media":4791,"parent":0,"menu_order":0,"comment_status":"open","ping_status":"closed","template":"","meta":{"_exactmetrics_skip_tracking":false,"_exactmetrics_sitenote_active":false,"_exactmetrics_sitenote_note":"","_exactmetrics_sitenote_category":0,"footnotes":""},"categories":[318],"tags":[],"class_list":["post-4788","page","type-page","status-publish","has-post-thumbnail","hentry","category-indonesia"],"yoast_head":"<!-- This site is optimized with the Yoast SEO plugin v20.1 - https:\/\/yoast.com\/wordpress\/plugins\/seo\/ -->\n<title>What are Indonesian Women Really Like? - A Farang Abroad<\/title>\n<meta name=\"description\" content=\"Are you going to Indonesia soon and trying to find some sexy Indonesian women? Well read this article to know what to expect when you come here.\" \/>\n<meta name=\"robots\" content=\"index, follow, max-snippet:-1, max-image-preview:large, max-video-preview:-1\" \/>\n<link rel=\"canonical\" href=\"https:\/\/afarangabroad.com\/de\/indonesische-frauen\/\" \/>\n<meta property=\"og:locale\" content=\"de_DE\" \/>\n<meta property=\"og:type\" content=\"article\" \/>\n<meta property=\"og:title\" content=\"What are Indonesian Women Really Like? - A Farang Abroad\" \/>\n<meta property=\"og:description\" content=\"Are you going to Indonesia soon and trying to find some sexy Indonesian women? Well read this article to know what to expect when you come here.\" \/>\n<meta property=\"og:url\" content=\"https:\/\/afarangabroad.com\/de\/indonesische-frauen\/\" \/>\n<meta property=\"og:site_name\" content=\"A Farang Abroad\" \/>\n<meta property=\"article:modified_time\" content=\"2020-05-19T04:13:26+00:00\" \/>\n<meta property=\"og:image\" content=\"https:\/\/afarangabroad.com\/wp-content\/uploads\/2015\/05\/girl-422248_640.jpg\" \/>\n\t<meta property=\"og:image:width\" content=\"640\" \/>\n\t<meta property=\"og:image:height\" content=\"426\" \/>\n\t<meta property=\"og:image:type\" content=\"image\/jpeg\" \/>\n<meta name=\"twitter:label1\" content=\"Gesch\u00e4tzte Lesezeit\" \/>\n\t<meta name=\"twitter:data1\" content=\"14\u00a0Minuten\" \/>\n<script type=\"application\/ld+json\" class=\"yoast-schema-graph\">{\"@context\":\"https:\/\/schema.org\",\"@graph\":[{\"@type\":\"WebPage\",\"@id\":\"https:\/\/afarangabroad.com\/indonesian-women\/\",\"url\":\"https:\/\/afarangabroad.com\/indonesian-women\/\",\"name\":\"What are Indonesian Women Really Like? - A Farang Abroad\",\"isPartOf\":{\"@id\":\"https:\/\/afarangabroad.com\/#website\"},\"datePublished\":\"2015-05-04T18:52:24+00:00\",\"dateModified\":\"2020-05-19T04:13:26+00:00\",\"description\":\"Are you going to Indonesia soon and trying to find some sexy Indonesian women? Well read this article to know what to expect when you come here.\",\"breadcrumb\":{\"@id\":\"https:\/\/afarangabroad.com\/indonesian-women\/#breadcrumb\"},\"inLanguage\":\"de\",\"potentialAction\":[{\"@type\":\"ReadAction\",\"target\":[\"https:\/\/afarangabroad.com\/indonesian-women\/\"]}]},{\"@type\":\"BreadcrumbList\",\"@id\":\"https:\/\/afarangabroad.com\/indonesian-women\/#breadcrumb\",\"itemListElement\":[{\"@type\":\"ListItem\",\"position\":1,\"name\":\"Home\",\"item\":\"https:\/\/afarangabroad.com\/\"},{\"@type\":\"ListItem\",\"position\":2,\"name\":\"What are Indonesian Women Really Like?\"}]},{\"@type\":\"WebSite\",\"@id\":\"https:\/\/afarangabroad.com\/#website\",\"url\":\"https:\/\/afarangabroad.com\/\",\"name\":\"A Farang Abroad\",\"description\":\"Your secret guide to Asia&#039;s sexiest nightlife.\",\"potentialAction\":[{\"@type\":\"SearchAction\",\"target\":{\"@type\":\"EntryPoint\",\"urlTemplate\":\"https:\/\/afarangabroad.com\/?s={search_term_string}\"},\"query-input\":\"required name=search_term_string\"}],\"inLanguage\":\"de\"}]}<\/script>\n<!-- \/ Yoast SEO plugin. -->","yoast_head_json":{"title":"What are Indonesian Women Really Like? - A Farang Abroad","description":"Are you going to Indonesia soon and trying to find some sexy Indonesian women? Well read this article to know what to expect when you come here.","robots":{"index":"index","follow":"follow","max-snippet":"max-snippet:-1","max-image-preview":"max-image-preview:large","max-video-preview":"max-video-preview:-1"},"canonical":"https:\/\/afarangabroad.com\/de\/indonesische-frauen\/","og_locale":"de_DE","og_type":"article","og_title":"What are Indonesian Women Really Like? - A Farang Abroad","og_description":"Are you going to Indonesia soon and trying to find some sexy Indonesian women? Well read this article to know what to expect when you come here.","og_url":"https:\/\/afarangabroad.com\/de\/indonesische-frauen\/","og_site_name":"A Farang Abroad","article_modified_time":"2020-05-19T04:13:26+00:00","og_image":[{"width":640,"height":426,"url":"https:\/\/afarangabroad.com\/wp-content\/uploads\/2015\/05\/girl-422248_640.jpg","type":"image\/jpeg"}],"twitter_misc":{"Gesch\u00e4tzte Lesezeit":"14\u00a0Minuten"},"schema":{"@context":"https:\/\/schema.org","@graph":[{"@type":"WebPage","@id":"https:\/\/afarangabroad.com\/indonesian-women\/","url":"https:\/\/afarangabroad.com\/indonesian-women\/","name":"What are Indonesian Women Really Like? - A Farang Abroad","isPartOf":{"@id":"https:\/\/afarangabroad.com\/#website"},"datePublished":"2015-05-04T18:52:24+00:00","dateModified":"2020-05-19T04:13:26+00:00","description":"Are you going to Indonesia soon and trying to find some sexy Indonesian women? Well read this article to know what to expect when you come here.","breadcrumb":{"@id":"https:\/\/afarangabroad.com\/indonesian-women\/#breadcrumb"},"inLanguage":"de","potentialAction":[{"@type":"ReadAction","target":["https:\/\/afarangabroad.com\/indonesian-women\/"]}]},{"@type":"BreadcrumbList","@id":"https:\/\/afarangabroad.com\/indonesian-women\/#breadcrumb","itemListElement":[{"@type":"ListItem","position":1,"name":"Home","item":"https:\/\/afarangabroad.com\/"},{"@type":"ListItem","position":2,"name":"What are Indonesian Women Really Like?"}]},{"@type":"WebSite","@id":"https:\/\/afarangabroad.com\/#website","url":"https:\/\/afarangabroad.com\/","name":"A Farang Abroad","description":"Your secret guide to Asia&#039;s sexiest nightlife.","potentialAction":[{"@type":"SearchAction","target":{"@type":"EntryPoint","urlTemplate":"https:\/\/afarangabroad.com\/?s={search_term_string}"},"query-input":"required name=search_term_string"}],"inLanguage":"de"}]}},"_links":{"self":[{"href":"https:\/\/afarangabroad.com\/de\/wp-json\/wp\/v2\/pages\/4788"}],"collection":[{"href":"https:\/\/afarangabroad.com\/de\/wp-json\/wp\/v2\/pages"}],"about":[{"href":"https:\/\/afarangabroad.com\/de\/wp-json\/wp\/v2\/types\/page"}],"author":[{"embeddable":true,"href":"https:\/\/afarangabroad.com\/de\/wp-json\/wp\/v2\/users\/2"}],"replies":[{"embeddable":true,"href":"https:\/\/afarangabroad.com\/de\/wp-json\/wp\/v2\/comments?post=4788"}],"version-history":[{"count":0,"href":"https:\/\/afarangabroad.com\/de\/wp-json\/wp\/v2\/pages\/4788\/revisions"}],"wp:featuredmedia":[{"embeddable":true,"href":"https:\/\/afarangabroad.com\/de\/wp-json\/wp\/v2\/media\/4791"}],"wp:attachment":[{"href":"https:\/\/afarangabroad.com\/de\/wp-json\/wp\/v2\/media?parent=4788"}],"wp:term":[{"taxonomy":"category","embeddable":true,"href":"https:\/\/afarangabroad.com\/de\/wp-json\/wp\/v2\/categories?post=4788"},{"taxonomy":"post_tag","embeddable":true,"href":"https:\/\/afarangabroad.com\/de\/wp-json\/wp\/v2\/tags?post=4788"}],"curies":[{"name":"wp","href":"https:\/\/api.w.org\/{rel}","templated":true}]}}