{"id":512551,"date":"2020-05-10T04:06:50","date_gmt":"2020-05-10T03:06:50","guid":{"rendered":"https:\/\/afarangabroad.com\/?p=512551"},"modified":"2020-05-10T04:12:20","modified_gmt":"2020-05-10T03:12:20","slug":"tinder-philippines","status":"publish","type":"page","link":"https:\/\/afarangabroad.com\/de\/tinder-philippinen\/","title":{"rendered":"Wie man Tinder auf den Philippinen wie ein Boss benutzt"},"content":{"rendered":"<p>Wenn es um Dating-Apps geht, setzt sich Tinder auf den Philippinen die Krone als beliebteste App auf.<\/p>\n<p>Wenn Sie m\u00f6chten, dass&nbsp;<strong>gratis Sex in Manila bekommen<\/strong>dann&nbsp;<a href=\"https:\/\/afarangabroad.com\/de\/filipino-cupid\/\" target=\"_blank\" rel=\"noreferrer noopener\">diesen Artikel lesen<\/a>.<\/p>\n<div class=\"wp-block-image\">\n<figure class=\"aligncenter\"><a href=\"https:\/\/afarangabroad.com\/de\/filipino-cupid\/\" target=\"_blank\" rel=\"noreferrer noopener\"><img loading=\"lazy\" decoding=\"async\" width=\"1024\" height=\"691\" src=\"https:\/\/cdn.shortpixel.ai\/client\/q_lossy,ret_img,w_1024\/https:\/\/afarangabroad.com\/wp-content\/uploads\/2016\/06\/MEET-HOT1-1024x691.png\" alt=\"home service massage Makati, 8 Best Home Service Massages in Makati\" class=\"wp-image-7300\" srcset=\"https:\/\/afarangabroad.com\/wp-content\/uploads\/2016\/06\/MEET-HOT1-1024x691.png 1024w, https:\/\/afarangabroad.com\/wp-content\/uploads\/2016\/06\/MEET-HOT1-300x202.png 300w, https:\/\/afarangabroad.com\/wp-content\/uploads\/2016\/06\/MEET-HOT1-720x486.png 720w, https:\/\/afarangabroad.com\/wp-content\/uploads\/2016\/06\/MEET-HOT1.png 1038w\" sizes=\"(max-width: 1024px) 100vw, 1024px\" \/><\/a><\/figure>\n<\/div>\n<p>It\u2019s the fastest way to meet tons of cute <a href=\"https:\/\/afarangabroad.com\/de\/hot-girls-manila\/\">Filipina-M\u00e4dchen<\/a> in k\u00fcrzester Zeit.<\/p>\n<p> If you\u2019re planning to get down during your next trip to the Philippines, you HAVE to get on Tinder. <\/p>\n<p>Aber genau wie in anderen s\u00fcdostasiatischen L\u00e4ndern gibt es auch hier ein paar schlechte \u00c4pfel. Hier zeigen wir Ihnen, wie Sie Tinder auf den Philippinen wie ein Chef nutzen k\u00f6nnen, damit Sie den ganzen Mist vermeiden k\u00f6nnen.<\/p>\n<p>Let\u2019s get to it!<\/p>\n<h2 class=\"wp-block-heading\">Tinder auf den Philippinen Vorteile<\/h2>\n<p>Tinder ist nicht nur eine wahnsinnig schnelle M\u00f6glichkeit, M\u00e4dchen auf den Philippinen kennenzulernen, sondern es gibt dort auch eine Menge s\u00fc\u00dfer M\u00e4dchen. <\/p>\n<p>Usually, when I\u2019m on Tinder I\u2019m only swiping right 60% of the time. In the Philippines, it must have been between 70-80%.<\/p>\n<figure class=\"wp-block-embed-youtube wp-block-embed is-type-video is-provider-youtube wp-embed-aspect-16-9 wp-has-aspect-ratio\">\n<div class=\"wp-block-embed__wrapper\">\nhttps:\/\/www.youtube.com\/watch?v=2efyWYFGMcE\n<\/div>\n<\/figure>\n<p>Hier sind die wichtigsten Gr\u00fcnde, warum du Tinder auf den Philippinen ausprobieren solltest:<\/p>\n<ul class=\"wp-block-list\">\n<li><strong>Filipinas sprechen Englisch<\/strong>&nbsp;&#8211; You\u2019ll never have to worry about a dull conversation. The Philippines is the 3rd largest&nbsp;English&nbsp;speaking country in the world. This isn\u2019t just great for texting but when you actually meet them you won\u2019t have that awkward language barrier.<br \/>&nbsp;<\/li>\n<li><strong>Gro\u00dfe Auswahl<\/strong>&nbsp;&#8211; You\u2019ll never run out of options while using Tinder in the Philippines (especially if you\u2019re in Manila). That means the chances of you finding a girl you\u2019re into are high.&nbsp;<\/li>\n<li><strong>Reaktionsf\u00e4hige Spiele<\/strong>&nbsp;&#8211; After you\u2019ve stacked up about a hundred messages or so, it\u2019s going to be tough to manage all of the chats. That\u2019s because Filipinas are very responsive, which is a good thing when trying to hook up on Tinder.&nbsp;<\/li>\n<\/ul>\n<p>You\u2019ll have a lot of luck meeting a cute Filipina girl from Tinder because it\u2019s so popular. There\u2019s not a lot of effort involved either. As long as you are reasonably good looking or just charming, you\u2019re going to have a date in no time.<\/p>\n<p>Verwandte Themen: Verwendung <a href=\"https:\/\/afarangabroad.com\/de\/tinder-vietnam\/\" target=\"_blank\" rel=\"noreferrer noopener\">Zunder in Vietnam<\/a>.<\/p>","protected":false},"excerpt":{"rendered":"<p>When it comes to dating apps, Tinder in the Philippines takes the crown as the most popular. If you want to&nbsp;get free sex in Manila, then&nbsp;read this article. It\u2019s the fastest way to meet tons of cute Filipina girls in no time. If you\u2019re planning to get down during your next trip to the Philippines, [&hellip;]<\/p>","protected":false},"author":2,"featured_media":512557,"parent":0,"menu_order":0,"comment_status":"open","ping_status":"closed","template":"","meta":{"_exactmetrics_skip_tracking":false,"_exactmetrics_sitenote_active":false,"_exactmetrics_sitenote_note":"","_exactmetrics_sitenote_category":0,"footnotes":""},"categories":[325],"tags":[],"class_list":["post-512551","page","type-page","status-publish","has-post-thumbnail","hentry","category-filipino-dating"],"yoast_head":"<!-- This site is optimized with the Yoast SEO plugin v20.1 - https:\/\/yoast.com\/wordpress\/plugins\/seo\/ -->\n<title>How to Use Tinder in the Philippines Like a Boss - A Farang Abroad<\/title>\n<meta name=\"description\" content=\"Learn how to use Tinder in the Philippines. Find out how to setup your profile to meet girls and how to spoke hookers and scammers on Tinder.\" \/>\n<meta name=\"robots\" content=\"index, follow, max-snippet:-1, max-image-preview:large, max-video-preview:-1\" \/>\n<link rel=\"canonical\" href=\"https:\/\/afarangabroad.com\/de\/tinder-philippinen\/\" \/>\n<meta property=\"og:locale\" content=\"de_DE\" \/>\n<meta property=\"og:type\" content=\"article\" \/>\n<meta property=\"og:title\" content=\"How to Use Tinder in the Philippines Like a Boss - A Farang Abroad\" \/>\n<meta property=\"og:description\" content=\"Learn how to use Tinder in the Philippines. Find out how to setup your profile to meet girls and how to spoke hookers and scammers on Tinder.\" \/>\n<meta property=\"og:url\" content=\"https:\/\/afarangabroad.com\/de\/tinder-philippinen\/\" \/>\n<meta property=\"og:site_name\" content=\"A Farang Abroad\" \/>\n<meta property=\"article:modified_time\" content=\"2020-05-10T03:12:20+00:00\" \/>\n<meta property=\"og:image\" content=\"https:\/\/afarangabroad.com\/wp-content\/uploads\/2020\/05\/manila.jpg\" \/>\n\t<meta property=\"og:image:width\" content=\"828\" \/>\n\t<meta property=\"og:image:height\" content=\"1792\" \/>\n\t<meta property=\"og:image:type\" content=\"image\/jpeg\" \/>\n<meta name=\"twitter:label1\" content=\"Gesch\u00e4tzte Lesezeit\" \/>\n\t<meta name=\"twitter:data1\" content=\"6\u00a0Minuten\" \/>\n<script type=\"application\/ld+json\" class=\"yoast-schema-graph\">{\"@context\":\"https:\/\/schema.org\",\"@graph\":[{\"@type\":\"WebPage\",\"@id\":\"https:\/\/afarangabroad.com\/tinder-philippines\/\",\"url\":\"https:\/\/afarangabroad.com\/tinder-philippines\/\",\"name\":\"How to Use Tinder in the Philippines Like a Boss - A Farang Abroad\",\"isPartOf\":{\"@id\":\"https:\/\/afarangabroad.com\/#website\"},\"datePublished\":\"2020-05-10T03:06:50+00:00\",\"dateModified\":\"2020-05-10T03:12:20+00:00\",\"description\":\"Learn how to use Tinder in the Philippines. Find out how to setup your profile to meet girls and how to spoke hookers and scammers on Tinder.\",\"breadcrumb\":{\"@id\":\"https:\/\/afarangabroad.com\/tinder-philippines\/#breadcrumb\"},\"inLanguage\":\"de\",\"potentialAction\":[{\"@type\":\"ReadAction\",\"target\":[\"https:\/\/afarangabroad.com\/tinder-philippines\/\"]}]},{\"@type\":\"BreadcrumbList\",\"@id\":\"https:\/\/afarangabroad.com\/tinder-philippines\/#breadcrumb\",\"itemListElement\":[{\"@type\":\"ListItem\",\"position\":1,\"name\":\"Home\",\"item\":\"https:\/\/afarangabroad.com\/\"},{\"@type\":\"ListItem\",\"position\":2,\"name\":\"How to Use Tinder in the Philippines Like a Boss\"}]},{\"@type\":\"WebSite\",\"@id\":\"https:\/\/afarangabroad.com\/#website\",\"url\":\"https:\/\/afarangabroad.com\/\",\"name\":\"A Farang Abroad\",\"description\":\"Your secret guide to Asia&#039;s sexiest nightlife.\",\"potentialAction\":[{\"@type\":\"SearchAction\",\"target\":{\"@type\":\"EntryPoint\",\"urlTemplate\":\"https:\/\/afarangabroad.com\/?s={search_term_string}\"},\"query-input\":\"required name=search_term_string\"}],\"inLanguage\":\"de\"}]}<\/script>\n<!-- \/ Yoast SEO plugin. -->","yoast_head_json":{"title":"How to Use Tinder in the Philippines Like a Boss - A Farang Abroad","description":"Learn how to use Tinder in the Philippines. Find out how to setup your profile to meet girls and how to spoke hookers and scammers on Tinder.","robots":{"index":"index","follow":"follow","max-snippet":"max-snippet:-1","max-image-preview":"max-image-preview:large","max-video-preview":"max-video-preview:-1"},"canonical":"https:\/\/afarangabroad.com\/de\/tinder-philippinen\/","og_locale":"de_DE","og_type":"article","og_title":"How to Use Tinder in the Philippines Like a Boss - A Farang Abroad","og_description":"Learn how to use Tinder in the Philippines. Find out how to setup your profile to meet girls and how to spoke hookers and scammers on Tinder.","og_url":"https:\/\/afarangabroad.com\/de\/tinder-philippinen\/","og_site_name":"A Farang Abroad","article_modified_time":"2020-05-10T03:12:20+00:00","og_image":[{"width":828,"height":1792,"url":"https:\/\/afarangabroad.com\/wp-content\/uploads\/2020\/05\/manila.jpg","type":"image\/jpeg"}],"twitter_misc":{"Gesch\u00e4tzte Lesezeit":"6\u00a0Minuten"},"schema":{"@context":"https:\/\/schema.org","@graph":[{"@type":"WebPage","@id":"https:\/\/afarangabroad.com\/tinder-philippines\/","url":"https:\/\/afarangabroad.com\/tinder-philippines\/","name":"How to Use Tinder in the Philippines Like a Boss - A Farang Abroad","isPartOf":{"@id":"https:\/\/afarangabroad.com\/#website"},"datePublished":"2020-05-10T03:06:50+00:00","dateModified":"2020-05-10T03:12:20+00:00","description":"Learn how to use Tinder in the Philippines. Find out how to setup your profile to meet girls and how to spoke hookers and scammers on Tinder.","breadcrumb":{"@id":"https:\/\/afarangabroad.com\/tinder-philippines\/#breadcrumb"},"inLanguage":"de","potentialAction":[{"@type":"ReadAction","target":["https:\/\/afarangabroad.com\/tinder-philippines\/"]}]},{"@type":"BreadcrumbList","@id":"https:\/\/afarangabroad.com\/tinder-philippines\/#breadcrumb","itemListElement":[{"@type":"ListItem","position":1,"name":"Home","item":"https:\/\/afarangabroad.com\/"},{"@type":"ListItem","position":2,"name":"How to Use Tinder in the Philippines Like a Boss"}]},{"@type":"WebSite","@id":"https:\/\/afarangabroad.com\/#website","url":"https:\/\/afarangabroad.com\/","name":"A Farang Abroad","description":"Your secret guide to Asia&#039;s sexiest nightlife.","potentialAction":[{"@type":"SearchAction","target":{"@type":"EntryPoint","urlTemplate":"https:\/\/afarangabroad.com\/?s={search_term_string}"},"query-input":"required name=search_term_string"}],"inLanguage":"de"}]}},"_links":{"self":[{"href":"https:\/\/afarangabroad.com\/de\/wp-json\/wp\/v2\/pages\/512551"}],"collection":[{"href":"https:\/\/afarangabroad.com\/de\/wp-json\/wp\/v2\/pages"}],"about":[{"href":"https:\/\/afarangabroad.com\/de\/wp-json\/wp\/v2\/types\/page"}],"author":[{"embeddable":true,"href":"https:\/\/afarangabroad.com\/de\/wp-json\/wp\/v2\/users\/2"}],"replies":[{"embeddable":true,"href":"https:\/\/afarangabroad.com\/de\/wp-json\/wp\/v2\/comments?post=512551"}],"version-history":[{"count":0,"href":"https:\/\/afarangabroad.com\/de\/wp-json\/wp\/v2\/pages\/512551\/revisions"}],"wp:featuredmedia":[{"embeddable":true,"href":"https:\/\/afarangabroad.com\/de\/wp-json\/wp\/v2\/media\/512557"}],"wp:attachment":[{"href":"https:\/\/afarangabroad.com\/de\/wp-json\/wp\/v2\/media?parent=512551"}],"wp:term":[{"taxonomy":"category","embeddable":true,"href":"https:\/\/afarangabroad.com\/de\/wp-json\/wp\/v2\/categories?post=512551"},{"taxonomy":"post_tag","embeddable":true,"href":"https:\/\/afarangabroad.com\/de\/wp-json\/wp\/v2\/tags?post=512551"}],"curies":[{"name":"wp","href":"https:\/\/api.w.org\/{rel}","templated":true}]}}