{"id":5840,"date":"2015-07-18T14:40:53","date_gmt":"2015-07-18T13:40:53","guid":{"rendered":"https:\/\/afarangabroad.com\/?page_id=5840"},"modified":"2019-09-22T13:58:45","modified_gmt":"2019-09-22T12:58:45","slug":"pina-love","status":"publish","type":"page","link":"https:\/\/afarangabroad.com\/de\/pina-liebe\/","title":{"rendered":"Wie man mit Pina Love flachgelegt wird"},"content":{"rendered":"<p>Pina Love ist wahrscheinlich die <a href=\"https:\/\/afarangabroad.com\/de\/recommends\/pinalove\/\">eine der besten Dating-Seiten auf den Philippinen<\/a>.<\/p>\n<p>In this review I&#8217;ll give you my thoughts on Pina Love and why it&#8217;s a great place to meet girls if you plan on getting laid.<\/p>\n<h2><strong>Warum ich Pina Love liebe<br \/>\n<\/strong><\/h2>\n<p>The main reason I use Pina Love every time I visit the Philippines is because it&#8217;s a gold mine to setup with girls who you can get laid with on the first date.<\/p>\n<p>The site is mostly normal girls who are looking for western males to date, as it&#8217;s not a site used by local men and the girls know that.<\/p>\n<p>I&#8217;d say around 5-10% are ladyboys which you can refine to exclude with their filter options, and another 5-10% are working massage girls.<\/p>\n<p>Das f\u00fchrt dazu, dass etwa 80-90% der normalen M\u00e4dchen auf Pina Love sind. Ihr Englisch ist viel besser als das des restlichen Asiens, was zum Teil auf die Anwesenheit des US-Milit\u00e4rs zur\u00fcckzuf\u00fchren ist.<\/p>\n<p><a href=\"https:\/\/afarangabroad.com\/de\/recommends\/pinalove\/\"><img loading=\"lazy\" decoding=\"async\" class=\"aligncenter wp-image-11981 size-full\" src=\"https:\/\/afarangabroad.com\/wp-content\/uploads\/2019\/04\/Pina-Love-profile-1.png\" alt=\"Pina Love profile 1\" width=\"980\" height=\"568\" srcset=\"https:\/\/afarangabroad.com\/wp-content\/uploads\/2019\/04\/Pina-Love-profile-1.png 980w, https:\/\/afarangabroad.com\/wp-content\/uploads\/2019\/04\/Pina-Love-profile-1-300x174.png 300w, https:\/\/afarangabroad.com\/wp-content\/uploads\/2019\/04\/Pina-Love-profile-1-768x445.png 768w\" sizes=\"(max-width: 980px) 100vw, 980px\" \/><\/a><\/p>\n<p>Die meisten M\u00e4dchen sind freundlich und freuen sich, zu chatten, ihre Kontaktinformationen weiterzugeben und sich zu treffen, solange du nett und freundlich zur\u00fcck bist.<\/p>\n<p>After uploading a few photos and being online for a while I&#8217;m usually swapped with messages. I&#8217;ll start messaging the girls I like and take it from there.<a href=\"https:\/\/afarangabroad.com\/de\/recommends\/pinalove\/\"><img loading=\"lazy\" decoding=\"async\" class=\"aligncenter wp-image-5842 size-full\" src=\"https:\/\/afarangabroad.com\/wp-content\/uploads\/2015\/07\/pina-love.jpg\" alt=\"Pi\u00f1a Liebe\" width=\"330\" height=\"250\" srcset=\"https:\/\/afarangabroad.com\/wp-content\/uploads\/2015\/07\/pina-love.jpg 330w, https:\/\/afarangabroad.com\/wp-content\/uploads\/2015\/07\/pina-love-300x227.jpg 300w\" sizes=\"(max-width: 330px) 100vw, 330px\" \/><\/a><\/p>\n<p>Sie werden dich bei Pina Love nie um Geld oder \u00c4hnliches bitten. Die meisten wollen einen festen Freund oder einen Freund mit Zusatzleistungen, je nach ihrem Alter.<\/p>\n<p>Ich und 3 Freunde haben eine Reise auf die Philippinen gemacht und wir haben alle mitgemacht. In 7 Tagen haben wir rund 22 M\u00e4dchen zwischen uns getroffen und haben mehr als eine 80% Erfolgsquote.<\/p>","protected":false},"excerpt":{"rendered":"<p>Pina Love is probably the one of the best dating sites in the Philippines. In this review I&#8217;ll give you my thoughts on Pina Love and why it&#8217;s a great place to meet girls if you plan on getting laid. Why I love Pina Love The main reason I use Pina Love every time I [&hellip;]<\/p>","protected":false},"author":2,"featured_media":5842,"parent":0,"menu_order":0,"comment_status":"open","ping_status":"closed","template":"","meta":{"_exactmetrics_skip_tracking":false,"_exactmetrics_sitenote_active":false,"_exactmetrics_sitenote_note":"","_exactmetrics_sitenote_category":0,"footnotes":""},"categories":[325],"tags":[],"class_list":["post-5840","page","type-page","status-publish","has-post-thumbnail","hentry","category-filipino-dating"],"yoast_head":"<!-- This site is optimized with the Yoast SEO plugin v20.1 - https:\/\/yoast.com\/wordpress\/plugins\/seo\/ -->\n<title>How To Get Laid Using Pina Love - A Farang Abroad<\/title>\n<meta name=\"description\" content=\"Find out how to meet the sexiest girls in the Philippiens using Pina Love. Learn how to create the perfect profile and get the hottest girls in town!\" \/>\n<meta name=\"robots\" content=\"index, follow, max-snippet:-1, max-image-preview:large, max-video-preview:-1\" \/>\n<link rel=\"canonical\" href=\"https:\/\/afarangabroad.com\/de\/pina-liebe\/\" \/>\n<meta property=\"og:locale\" content=\"de_DE\" \/>\n<meta property=\"og:type\" content=\"article\" \/>\n<meta property=\"og:title\" content=\"How To Get Laid Using Pina Love - A Farang Abroad\" \/>\n<meta property=\"og:description\" content=\"Find out how to meet the sexiest girls in the Philippiens using Pina Love. Learn how to create the perfect profile and get the hottest girls in town!\" \/>\n<meta property=\"og:url\" content=\"https:\/\/afarangabroad.com\/de\/pina-liebe\/\" \/>\n<meta property=\"og:site_name\" content=\"A Farang Abroad\" \/>\n<meta property=\"article:modified_time\" content=\"2019-09-22T12:58:45+00:00\" \/>\n<meta property=\"og:image\" content=\"https:\/\/afarangabroad.com\/wp-content\/uploads\/2015\/07\/pina-love.jpg\" \/>\n\t<meta property=\"og:image:width\" content=\"330\" \/>\n\t<meta property=\"og:image:height\" content=\"250\" \/>\n\t<meta property=\"og:image:type\" content=\"image\/jpeg\" \/>\n<meta name=\"twitter:label1\" content=\"Gesch\u00e4tzte Lesezeit\" \/>\n\t<meta name=\"twitter:data1\" content=\"4\u00a0Minuten\" \/>\n<script type=\"application\/ld+json\" class=\"yoast-schema-graph\">{\"@context\":\"https:\/\/schema.org\",\"@graph\":[{\"@type\":\"WebPage\",\"@id\":\"https:\/\/afarangabroad.com\/pina-love\/\",\"url\":\"https:\/\/afarangabroad.com\/pina-love\/\",\"name\":\"How To Get Laid Using Pina Love - A Farang Abroad\",\"isPartOf\":{\"@id\":\"https:\/\/afarangabroad.com\/#website\"},\"datePublished\":\"2015-07-18T13:40:53+00:00\",\"dateModified\":\"2019-09-22T12:58:45+00:00\",\"description\":\"Find out how to meet the sexiest girls in the Philippiens using Pina Love. Learn how to create the perfect profile and get the hottest girls in town!\",\"breadcrumb\":{\"@id\":\"https:\/\/afarangabroad.com\/pina-love\/#breadcrumb\"},\"inLanguage\":\"de\",\"potentialAction\":[{\"@type\":\"ReadAction\",\"target\":[\"https:\/\/afarangabroad.com\/pina-love\/\"]}]},{\"@type\":\"BreadcrumbList\",\"@id\":\"https:\/\/afarangabroad.com\/pina-love\/#breadcrumb\",\"itemListElement\":[{\"@type\":\"ListItem\",\"position\":1,\"name\":\"Home\",\"item\":\"https:\/\/afarangabroad.com\/\"},{\"@type\":\"ListItem\",\"position\":2,\"name\":\"How To Get Laid Using Pina Love\"}]},{\"@type\":\"WebSite\",\"@id\":\"https:\/\/afarangabroad.com\/#website\",\"url\":\"https:\/\/afarangabroad.com\/\",\"name\":\"A Farang Abroad\",\"description\":\"Your secret guide to Asia&#039;s sexiest nightlife.\",\"potentialAction\":[{\"@type\":\"SearchAction\",\"target\":{\"@type\":\"EntryPoint\",\"urlTemplate\":\"https:\/\/afarangabroad.com\/?s={search_term_string}\"},\"query-input\":\"required name=search_term_string\"}],\"inLanguage\":\"de\"}]}<\/script>\n<!-- \/ Yoast SEO plugin. -->","yoast_head_json":{"title":"How To Get Laid Using Pina Love - A Farang Abroad","description":"Find out how to meet the sexiest girls in the Philippiens using Pina Love. Learn how to create the perfect profile and get the hottest girls in town!","robots":{"index":"index","follow":"follow","max-snippet":"max-snippet:-1","max-image-preview":"max-image-preview:large","max-video-preview":"max-video-preview:-1"},"canonical":"https:\/\/afarangabroad.com\/de\/pina-liebe\/","og_locale":"de_DE","og_type":"article","og_title":"How To Get Laid Using Pina Love - A Farang Abroad","og_description":"Find out how to meet the sexiest girls in the Philippiens using Pina Love. Learn how to create the perfect profile and get the hottest girls in town!","og_url":"https:\/\/afarangabroad.com\/de\/pina-liebe\/","og_site_name":"A Farang Abroad","article_modified_time":"2019-09-22T12:58:45+00:00","og_image":[{"width":330,"height":250,"url":"https:\/\/afarangabroad.com\/wp-content\/uploads\/2015\/07\/pina-love.jpg","type":"image\/jpeg"}],"twitter_misc":{"Gesch\u00e4tzte Lesezeit":"4\u00a0Minuten"},"schema":{"@context":"https:\/\/schema.org","@graph":[{"@type":"WebPage","@id":"https:\/\/afarangabroad.com\/pina-love\/","url":"https:\/\/afarangabroad.com\/pina-love\/","name":"How To Get Laid Using Pina Love - A Farang Abroad","isPartOf":{"@id":"https:\/\/afarangabroad.com\/#website"},"datePublished":"2015-07-18T13:40:53+00:00","dateModified":"2019-09-22T12:58:45+00:00","description":"Find out how to meet the sexiest girls in the Philippiens using Pina Love. Learn how to create the perfect profile and get the hottest girls in town!","breadcrumb":{"@id":"https:\/\/afarangabroad.com\/pina-love\/#breadcrumb"},"inLanguage":"de","potentialAction":[{"@type":"ReadAction","target":["https:\/\/afarangabroad.com\/pina-love\/"]}]},{"@type":"BreadcrumbList","@id":"https:\/\/afarangabroad.com\/pina-love\/#breadcrumb","itemListElement":[{"@type":"ListItem","position":1,"name":"Home","item":"https:\/\/afarangabroad.com\/"},{"@type":"ListItem","position":2,"name":"How To Get Laid Using Pina Love"}]},{"@type":"WebSite","@id":"https:\/\/afarangabroad.com\/#website","url":"https:\/\/afarangabroad.com\/","name":"A Farang Abroad","description":"Your secret guide to Asia&#039;s sexiest nightlife.","potentialAction":[{"@type":"SearchAction","target":{"@type":"EntryPoint","urlTemplate":"https:\/\/afarangabroad.com\/?s={search_term_string}"},"query-input":"required name=search_term_string"}],"inLanguage":"de"}]}},"_links":{"self":[{"href":"https:\/\/afarangabroad.com\/de\/wp-json\/wp\/v2\/pages\/5840"}],"collection":[{"href":"https:\/\/afarangabroad.com\/de\/wp-json\/wp\/v2\/pages"}],"about":[{"href":"https:\/\/afarangabroad.com\/de\/wp-json\/wp\/v2\/types\/page"}],"author":[{"embeddable":true,"href":"https:\/\/afarangabroad.com\/de\/wp-json\/wp\/v2\/users\/2"}],"replies":[{"embeddable":true,"href":"https:\/\/afarangabroad.com\/de\/wp-json\/wp\/v2\/comments?post=5840"}],"version-history":[{"count":0,"href":"https:\/\/afarangabroad.com\/de\/wp-json\/wp\/v2\/pages\/5840\/revisions"}],"wp:featuredmedia":[{"embeddable":true,"href":"https:\/\/afarangabroad.com\/de\/wp-json\/wp\/v2\/media\/5842"}],"wp:attachment":[{"href":"https:\/\/afarangabroad.com\/de\/wp-json\/wp\/v2\/media?parent=5840"}],"wp:term":[{"taxonomy":"category","embeddable":true,"href":"https:\/\/afarangabroad.com\/de\/wp-json\/wp\/v2\/categories?post=5840"},{"taxonomy":"post_tag","embeddable":true,"href":"https:\/\/afarangabroad.com\/de\/wp-json\/wp\/v2\/tags?post=5840"}],"curies":[{"name":"wp","href":"https:\/\/api.w.org\/{rel}","templated":true}]}}