{"id":6172,"date":"2015-10-10T08:44:45","date_gmt":"2015-10-10T07:44:45","guid":{"rendered":"https:\/\/afarangabroad.com\/?page_id=6172"},"modified":"2019-01-15T06:00:08","modified_gmt":"2019-01-15T06:00:08","slug":"soi-6-pattaya","status":"publish","type":"page","link":"https:\/\/afarangabroad.com\/de\/soi-6-pattaya\/","title":{"rendered":"Ein F\u00fchrer f\u00fcr Anf\u00e4nger in der Soi 6 Pattaya"},"content":{"rendered":"<p>Soi 6 Pattaya ist eine ber\u00fcchtigte Stra\u00dfe in Pattaya, der wahrscheinlich gr\u00f6\u00dften Partystadt der Welt.<\/p>\n<p>Was Soi 6 ist, ist eine ganz andere Frage, die ich im Laufe der Dinge kl\u00e4ren werde.<\/p>\n<p>Wenn Sie sich <strong>umsonst gelegt<\/strong> in Pattaya, dann <a href=\"https:\/\/afarangabroad.com\/de\/thai-cupid-dating-site\/\" target=\"_blank\" >diesen Artikel lesen<\/a>.<\/p>\n<p><a href=\"https:\/\/afarangabroad.com\/de\/thai-cupid-dating-site\/\" target=\"_blank\" ><img loading=\"lazy\" decoding=\"async\" class=\"aligncenter size-large wp-image-8295\" src=\"https:\/\/afarangabroad.com\/wp-content\/uploads\/2017\/04\/Meet-Thaigirls-1024x691.jpg\" alt=\"\" width=\"600\" height=\"405\" srcset=\"https:\/\/afarangabroad.com\/wp-content\/uploads\/2017\/04\/Meet-Thaigirls.jpg 1024w, https:\/\/afarangabroad.com\/wp-content\/uploads\/2017\/04\/Meet-Thaigirls-300x202.jpg 300w, https:\/\/afarangabroad.com\/wp-content\/uploads\/2017\/04\/Meet-Thaigirls-768x518.jpg 768w, https:\/\/afarangabroad.com\/wp-content\/uploads\/2017\/04\/Meet-Thaigirls-30x20.jpg 30w, https:\/\/afarangabroad.com\/wp-content\/uploads\/2017\/04\/Meet-Thaigirls-720x486.jpg 720w\" sizes=\"(max-width: 600px) 100vw, 600px\" \/><\/a><\/p>\n<p>Eine Soi ist eine kleine Stra\u00dfe in Thailand, die als einer der ber\u00fcchtigtsten Sex-Treffpunkte der Welt gilt.<\/p>\n<p>Wenn Sie Sex wollen oder brauchen, dann ist Ihnen das in der Soi 6 Pattaya garantiert, vorausgesetzt, Sie haben das Geld daf\u00fcr, versteht sich.<\/p>\n<h2><strong>So finden Sie die Soi 6 in Pattaya:<\/strong><\/h2>\n<p>Pattayas Nachtleben konzentriert sich auf die Walking Street und alle Soi's abseits der Beach Road. Soi 6 zu finden ist einfach, denn auf der einen Seite der <a href=\"https:\/\/afarangabroad.com\/de\/pattaya-beach-road-girls\/\">Strandstra\u00dfe<\/a> ist das Meer, und auf der anderen Seite gibt es eine Reihe von nummerierten Stra\u00dfen.<\/p>\n<p>Selbst der betrunkenste Tourist kann sich das nicht entgehen lassen. Alternativ k\u00f6nnen Sie auch einen Baht-Bus nehmen, der Sie f\u00fcr 20 Baht direkt dorthin bringt, wo Sie Hunderte von <a href=\"https:\/\/afarangabroad.com\/de\/pattaya-freiberufler\/\">Freiberufler in Pattaya.<\/a><\/p>\n<h2><strong>Was ist Soi 6?<\/strong><\/h2>\n<p>Soi 6 Pattaya ist eine Stra\u00dfe <a href=\"https:\/\/www.facebook.com\/flexxclubpattaya\" target=\"_blank\" >voll von Bars<\/a>um genau zu sein, Bierbars. Und es gibt \u00fcber 80 solcher Einrichtungen, die auf beiden Seiten der Soi verteilt sind.<\/p>\n<p>Am Nachmittag geht es los, und der Spa\u00df endet erst, wenn das Fr\u00fchst\u00fcck in Ihrem Hotel serviert wird. Es ist laut, schrill, schmutzig, aber vor allem vollgestopft mit sexy <a href=\"https:\/\/afarangabroad.com\/de\/pattaya-girls\/\" target=\"_blank\" >Pattaya M\u00e4dchen<\/a>.<\/p>\n<p><iframe loading=\"lazy\" width=\"678\" height=\"381\" src=\"https:\/\/www.youtube.com\/embed\/q9vVXqtglic?feature=oembed\" frameborder=\"0\" allow=\"accelerometer; autoplay; encrypted-media; gyroscope; picture-in-picture\" allowfullscreen><\/iframe><\/p>","protected":false},"excerpt":{"rendered":"<p>Soi 6 Pattaya ist eine ber\u00fcchtigte Stra\u00dfe in Pattaya, der wahrscheinlich gr\u00f6\u00dften Partystadt der Welt. Was die Soi 6 ist, ist eine ganz andere Sache, die ich im Laufe der Dinge kl\u00e4ren werde. Wenn Sie in Pattaya kostenlos Sex haben wollen, dann lesen Sie diesen Artikel. Eine Soi ist eine kleine Stra\u00dfe in [...]<\/p>","protected":false},"author":2,"featured_media":6175,"parent":0,"menu_order":0,"comment_status":"open","ping_status":"closed","template":"","meta":{"_exactmetrics_skip_tracking":false,"_exactmetrics_sitenote_active":false,"_exactmetrics_sitenote_note":"","_exactmetrics_sitenote_category":0,"footnotes":""},"categories":[322],"tags":[],"class_list":["post-6172","page","type-page","status-publish","has-post-thumbnail","hentry","category-pattaya"],"yoast_head":"<!-- This site is optimized with the Yoast SEO plugin v20.1 - https:\/\/yoast.com\/wordpress\/plugins\/seo\/ -->\n<title>A Beginner\u2019s Guide To Soi 6 Pattaya - A Farang Abroad<\/title>\n<meta name=\"description\" content=\"Soi 6 Pattaya is an infamous street in Pattaya which is probably the biggest party town in the world. What is Soi 6 is another matter entirely which I....\" \/>\n<meta name=\"robots\" content=\"index, follow, max-snippet:-1, max-image-preview:large, max-video-preview:-1\" \/>\n<link rel=\"canonical\" href=\"https:\/\/afarangabroad.com\/de\/soi-6-pattaya\/\" \/>\n<meta property=\"og:locale\" content=\"de_DE\" \/>\n<meta property=\"og:type\" content=\"article\" \/>\n<meta property=\"og:title\" content=\"A Beginner\u2019s Guide To Soi 6 Pattaya - A Farang Abroad\" \/>\n<meta property=\"og:description\" content=\"Soi 6 Pattaya is an infamous street in Pattaya which is probably the biggest party town in the world. What is Soi 6 is another matter entirely which I....\" \/>\n<meta property=\"og:url\" content=\"https:\/\/afarangabroad.com\/de\/soi-6-pattaya\/\" \/>\n<meta property=\"og:site_name\" content=\"A Farang Abroad\" \/>\n<meta property=\"article:modified_time\" content=\"2019-01-15T06:00:08+00:00\" \/>\n<meta property=\"og:image\" content=\"https:\/\/afarangabroad.com\/wp-content\/uploads\/2015\/10\/sandy-613764_640.jpg\" \/>\n\t<meta property=\"og:image:width\" content=\"480\" \/>\n\t<meta property=\"og:image:height\" content=\"640\" \/>\n\t<meta property=\"og:image:type\" content=\"image\/jpeg\" \/>\n<meta name=\"twitter:label1\" content=\"Gesch\u00e4tzte Lesezeit\" \/>\n\t<meta name=\"twitter:data1\" content=\"5\u00a0Minuten\" \/>\n<script type=\"application\/ld+json\" class=\"yoast-schema-graph\">{\"@context\":\"https:\/\/schema.org\",\"@graph\":[{\"@type\":\"WebPage\",\"@id\":\"https:\/\/afarangabroad.com\/soi-6-pattaya\/\",\"url\":\"https:\/\/afarangabroad.com\/soi-6-pattaya\/\",\"name\":\"A Beginner\u2019s Guide To Soi 6 Pattaya - A Farang Abroad\",\"isPartOf\":{\"@id\":\"https:\/\/afarangabroad.com\/#website\"},\"datePublished\":\"2015-10-10T07:44:45+00:00\",\"dateModified\":\"2019-01-15T06:00:08+00:00\",\"description\":\"Soi 6 Pattaya is an infamous street in Pattaya which is probably the biggest party town in the world. What is Soi 6 is another matter entirely which I....\",\"breadcrumb\":{\"@id\":\"https:\/\/afarangabroad.com\/soi-6-pattaya\/#breadcrumb\"},\"inLanguage\":\"de\",\"potentialAction\":[{\"@type\":\"ReadAction\",\"target\":[\"https:\/\/afarangabroad.com\/soi-6-pattaya\/\"]}]},{\"@type\":\"BreadcrumbList\",\"@id\":\"https:\/\/afarangabroad.com\/soi-6-pattaya\/#breadcrumb\",\"itemListElement\":[{\"@type\":\"ListItem\",\"position\":1,\"name\":\"Home\",\"item\":\"https:\/\/afarangabroad.com\/\"},{\"@type\":\"ListItem\",\"position\":2,\"name\":\"A Beginner\u2019s Guide To Soi 6 Pattaya\"}]},{\"@type\":\"WebSite\",\"@id\":\"https:\/\/afarangabroad.com\/#website\",\"url\":\"https:\/\/afarangabroad.com\/\",\"name\":\"A Farang Abroad\",\"description\":\"Your secret guide to Asia&#039;s sexiest nightlife.\",\"potentialAction\":[{\"@type\":\"SearchAction\",\"target\":{\"@type\":\"EntryPoint\",\"urlTemplate\":\"https:\/\/afarangabroad.com\/?s={search_term_string}\"},\"query-input\":\"required name=search_term_string\"}],\"inLanguage\":\"de\"}]}<\/script>\n<!-- \/ Yoast SEO plugin. -->","yoast_head_json":{"title":"A Beginner\u2019s Guide To Soi 6 Pattaya - A Farang Abroad","description":"Soi 6 Pattaya is an infamous street in Pattaya which is probably the biggest party town in the world. What is Soi 6 is another matter entirely which I....","robots":{"index":"index","follow":"follow","max-snippet":"max-snippet:-1","max-image-preview":"max-image-preview:large","max-video-preview":"max-video-preview:-1"},"canonical":"https:\/\/afarangabroad.com\/de\/soi-6-pattaya\/","og_locale":"de_DE","og_type":"article","og_title":"A Beginner\u2019s Guide To Soi 6 Pattaya - A Farang Abroad","og_description":"Soi 6 Pattaya is an infamous street in Pattaya which is probably the biggest party town in the world. What is Soi 6 is another matter entirely which I....","og_url":"https:\/\/afarangabroad.com\/de\/soi-6-pattaya\/","og_site_name":"A Farang Abroad","article_modified_time":"2019-01-15T06:00:08+00:00","og_image":[{"width":480,"height":640,"url":"https:\/\/afarangabroad.com\/wp-content\/uploads\/2015\/10\/sandy-613764_640.jpg","type":"image\/jpeg"}],"twitter_misc":{"Gesch\u00e4tzte Lesezeit":"5\u00a0Minuten"},"schema":{"@context":"https:\/\/schema.org","@graph":[{"@type":"WebPage","@id":"https:\/\/afarangabroad.com\/soi-6-pattaya\/","url":"https:\/\/afarangabroad.com\/soi-6-pattaya\/","name":"A Beginner\u2019s Guide To Soi 6 Pattaya - A Farang Abroad","isPartOf":{"@id":"https:\/\/afarangabroad.com\/#website"},"datePublished":"2015-10-10T07:44:45+00:00","dateModified":"2019-01-15T06:00:08+00:00","description":"Soi 6 Pattaya is an infamous street in Pattaya which is probably the biggest party town in the world. What is Soi 6 is another matter entirely which I....","breadcrumb":{"@id":"https:\/\/afarangabroad.com\/soi-6-pattaya\/#breadcrumb"},"inLanguage":"de","potentialAction":[{"@type":"ReadAction","target":["https:\/\/afarangabroad.com\/soi-6-pattaya\/"]}]},{"@type":"BreadcrumbList","@id":"https:\/\/afarangabroad.com\/soi-6-pattaya\/#breadcrumb","itemListElement":[{"@type":"ListItem","position":1,"name":"Home","item":"https:\/\/afarangabroad.com\/"},{"@type":"ListItem","position":2,"name":"A Beginner\u2019s Guide To Soi 6 Pattaya"}]},{"@type":"WebSite","@id":"https:\/\/afarangabroad.com\/#website","url":"https:\/\/afarangabroad.com\/","name":"A Farang Abroad","description":"Your secret guide to Asia&#039;s sexiest nightlife.","potentialAction":[{"@type":"SearchAction","target":{"@type":"EntryPoint","urlTemplate":"https:\/\/afarangabroad.com\/?s={search_term_string}"},"query-input":"required name=search_term_string"}],"inLanguage":"de"}]}},"_links":{"self":[{"href":"https:\/\/afarangabroad.com\/de\/wp-json\/wp\/v2\/pages\/6172"}],"collection":[{"href":"https:\/\/afarangabroad.com\/de\/wp-json\/wp\/v2\/pages"}],"about":[{"href":"https:\/\/afarangabroad.com\/de\/wp-json\/wp\/v2\/types\/page"}],"author":[{"embeddable":true,"href":"https:\/\/afarangabroad.com\/de\/wp-json\/wp\/v2\/users\/2"}],"replies":[{"embeddable":true,"href":"https:\/\/afarangabroad.com\/de\/wp-json\/wp\/v2\/comments?post=6172"}],"version-history":[{"count":0,"href":"https:\/\/afarangabroad.com\/de\/wp-json\/wp\/v2\/pages\/6172\/revisions"}],"wp:featuredmedia":[{"embeddable":true,"href":"https:\/\/afarangabroad.com\/de\/wp-json\/wp\/v2\/media\/6175"}],"wp:attachment":[{"href":"https:\/\/afarangabroad.com\/de\/wp-json\/wp\/v2\/media?parent=6172"}],"wp:term":[{"taxonomy":"category","embeddable":true,"href":"https:\/\/afarangabroad.com\/de\/wp-json\/wp\/v2\/categories?post=6172"},{"taxonomy":"post_tag","embeddable":true,"href":"https:\/\/afarangabroad.com\/de\/wp-json\/wp\/v2\/tags?post=6172"}],"curies":[{"name":"wp","href":"https:\/\/api.w.org\/{rel}","templated":true}]}}