{"id":6201,"date":"2015-10-10T10:46:54","date_gmt":"2015-10-10T09:46:54","guid":{"rendered":"https:\/\/afarangabroad.com\/?page_id=6201"},"modified":"2019-01-08T06:20:58","modified_gmt":"2019-01-08T06:20:58","slug":"khemer-girls","status":"publish","type":"page","link":"https:\/\/afarangabroad.com\/de\/khemer-madchen\/","title":{"rendered":"6 Typen von Khemer-M\u00e4dchen, denen Sie begegnen werden"},"content":{"rendered":"<p>Abgesehen von der gesunden und sehr reizvollen normalen kambodschanischen M\u00e4dchen sind dies sechs andere Arten Khmer M\u00e4dchen, die erkl\u00e4rt werden m\u00fcssen.<\/p>\n<p>Wenn du Khemer M\u00e4dchen kostenlos bumsen willst, dann <a class=\"\" href=\"https:\/\/afarangabroad.com\/de\/asiatische-partnersuche\/\" target=\"_blank\" rel=\"noopener\">Lesen Sie diesen Artikel<\/a>.<\/p>\n<p><a class=\"\" href=\"https:\/\/afarangabroad.com\/de\/asiatische-partnersuche\/\" target=\"_blank\" rel=\"noopener\"><img loading=\"lazy\" decoding=\"async\" class=\"aligncenter size-large wp-image-7582\" src=\"https:\/\/afarangabroad.com\/wp-content\/uploads\/2016\/08\/hot-cambo-girls-1024x691.png\" alt=\"hot cambo girls\" width=\"600\" height=\"405\" srcset=\"https:\/\/afarangabroad.com\/wp-content\/uploads\/2016\/08\/hot-cambo-girls-1024x691.png 1024w, https:\/\/afarangabroad.com\/wp-content\/uploads\/2016\/08\/hot-cambo-girls-300x202.png 300w, https:\/\/afarangabroad.com\/wp-content\/uploads\/2016\/08\/hot-cambo-girls-768x518.png 768w, https:\/\/afarangabroad.com\/wp-content\/uploads\/2016\/08\/hot-cambo-girls-720x486.png 720w, https:\/\/afarangabroad.com\/wp-content\/uploads\/2016\/08\/hot-cambo-girls.png 1038w\" sizes=\"(max-width: 600px) 100vw, 600px\" \/><\/a><\/p>\n<p>In diesem Blog geht es darum, die verschiedenen Arten von Khemer-M\u00e4dchen kennenzulernen, die in Kambodscha leben. Moralische und ethische Fragen werden nicht er\u00f6rtert. Ich informiere lediglich \u00fcber Fakten und Details, die bei Redaktionsschluss in diesem Land existieren.<\/p>\n<p>Kambodscha ist ein wunderbares Land, nicht so ausgebeutet wie Thailand und in dieser Hinsicht ein wenig naiv. Die Menschen sind wunderbar, sehr einladend und extrem hilfsbereit und h\u00f6flich.<\/p>\n<p>Es ist nicht wirklich \u00fcberraschend, dass die <a class=\"\" href=\"https:\/\/afarangabroad.com\/de\/sex-thailand-preise\/\" target=\"_blank\" rel=\"noopener\">Sexindustrie<\/a> is also booming, perhaps not as much as its famous neighbor but nevertheless it is a thriving industry. Don&#8217;t expect it to be as big as <a class=\"\" href=\"https:\/\/afarangabroad.com\/de\/soi-6-pattaya\/\" target=\"_blank\" rel=\"noopener\">Pattaya Soi 6<\/a> oder <a class=\"\" href=\"https:\/\/afarangabroad.com\/de\/phuket-girls\/\" target=\"_blank\" rel=\"noopener\">Phuket Nachtleben<\/a> but it&#8217;s still busy with a lot of cute Khemer girls.<\/p>\n<p><img loading=\"lazy\" decoding=\"async\" class=\"alignnone wp-image-6204 size-full\" src=\"https:\/\/afarangabroad.com\/wp-content\/uploads\/2015\/10\/kompong-phluk-kompong-953399_640.jpg\" alt=\"Khemer M\u00e4dchen\" width=\"640\" height=\"426\" srcset=\"https:\/\/afarangabroad.com\/wp-content\/uploads\/2015\/10\/kompong-phluk-kompong-953399_640.jpg 640w, https:\/\/afarangabroad.com\/wp-content\/uploads\/2015\/10\/kompong-phluk-kompong-953399_640-300x200.jpg 300w\" sizes=\"(max-width: 640px) 100vw, 640px\" \/><\/p>\n<p>Man k\u00f6nnte sich fragen, warum Asien so beliebt ist, besonders bei <a class=\"\" href=\"https:\/\/afarangabroad.com\/de\/sex-thailand-preise\/\" target=\"_blank\" rel=\"noopener\">Sextouristen<\/a> und seine Anziehungskraft scheint immer gr\u00f6\u00dfer zu werden. Die <a class=\"\" href=\"https:\/\/afarangabroad.com\/de\/thai-women\/\" target=\"_blank\" rel=\"noopener\">Asian women&#8217;s<\/a> Die Einstellung zum Sex ist ganz anders als die des konservativen Westens. Sex ist kein Thema, das unter den Teppich gekehrt wird, sondern eine Sache, die man annehmen kann. Es ist ein Teil des t\u00e4glichen Lebens, den die Menschen nat\u00fcrlich und oft tun.<\/p>\n<p>In Cambodia things are slightly different to Thailand and it is worth noting the do\u2019s and don\u2019t to avoid any issues with Khemer girls.<\/p>\n<h2><strong>1. Barm\u00e4dchen in Kambodscha<br \/>\n<\/strong><\/h2>\n<p>\u00c4hnlich wie Thailand hat auch Kambodscha seinen Anteil an Bierbars, die sich normalerweise in Phnom Penh, Siem Reap und Sihanoukville befinden. Der Gro\u00dfteil der Sexindustrie ist jedoch in der Hauptstadt Phnom Penh angesiedelt, die voll von sexy Khemer-M\u00e4dchen ist.<\/p>\n<p>Die Dinge sind hier ein wenig teurer, was die Bezahlung der <a class=\"\" href=\"https:\/\/afarangabroad.com\/de\/2015\/03\/thailandische-nutten\/\" target=\"_blank\" rel=\"noopener\">Prostituierte<\/a>. Kambodscha ist im Gro\u00dfen und Ganzen eine Menge <a class=\"\" href=\"https:\/\/afarangabroad.com\/de\/2014\/04\/living-thailand-1000\/\" target=\"_blank\" rel=\"noopener\">billiger als Thailand<\/a>, <a class=\"\" href=\"http:\/\/www.livingincambodiaforums.com\/ipb\/topic\/1504-50cent-beers\/\" target=\"_blank\" rel=\"noopener\">Ein Bier kostet zum Beispiel <\/a>rund 50 Cent in Kambodscha w\u00e4hrend der Happy Hour. Aber wenn es um das Khemer Girl geht, sind die Dinge im Allgemeinen etwa 20% teurer als in Bangkok.<\/p>","protected":false},"excerpt":{"rendered":"<p>Apart from the wholesome and very delightful normal Cambodian girl this are six other types Khmer girls that need to be explained. If you want to bang Khemer girls for free, then check out this article. This blog is aimed about knowing the different types of Khemer girls that live in Cambodia. And moral issues [&hellip;]<\/p>","protected":false},"author":2,"featured_media":6204,"parent":0,"menu_order":0,"comment_status":"open","ping_status":"closed","template":"","meta":{"_exactmetrics_skip_tracking":false,"_exactmetrics_sitenote_active":false,"_exactmetrics_sitenote_note":"","_exactmetrics_sitenote_category":0,"footnotes":""},"categories":[329],"tags":[],"class_list":["post-6201","page","type-page","status-publish","has-post-thumbnail","hentry","category-laos-camboida-burma"],"yoast_head":"<!-- This site is optimized with the Yoast SEO plugin v20.1 - https:\/\/yoast.com\/wordpress\/plugins\/seo\/ -->\n<title>6 Types Of Khemer Girls You&#039;ll Come Across - A Farang Abroad<\/title>\n<meta name=\"description\" content=\"Here are the 6 types of freelance Khemer Girl you will come across if you plan to visit Cambodia. Learn everything about them before you arrive.\" \/>\n<meta name=\"robots\" content=\"index, follow, max-snippet:-1, max-image-preview:large, max-video-preview:-1\" \/>\n<link rel=\"canonical\" href=\"https:\/\/afarangabroad.com\/de\/khemer-madchen\/\" \/>\n<meta property=\"og:locale\" content=\"de_DE\" \/>\n<meta property=\"og:type\" content=\"article\" \/>\n<meta property=\"og:title\" content=\"6 Types Of Khemer Girls You&#039;ll Come Across - A Farang Abroad\" \/>\n<meta property=\"og:description\" content=\"Here are the 6 types of freelance Khemer Girl you will come across if you plan to visit Cambodia. Learn everything about them before you arrive.\" \/>\n<meta property=\"og:url\" content=\"https:\/\/afarangabroad.com\/de\/khemer-madchen\/\" \/>\n<meta property=\"og:site_name\" content=\"A Farang Abroad\" \/>\n<meta property=\"article:modified_time\" content=\"2019-01-08T06:20:58+00:00\" \/>\n<meta property=\"og:image\" content=\"https:\/\/afarangabroad.com\/wp-content\/uploads\/2015\/10\/kompong-phluk-kompong-953399_640.jpg\" \/>\n\t<meta property=\"og:image:width\" content=\"640\" \/>\n\t<meta property=\"og:image:height\" content=\"426\" \/>\n\t<meta property=\"og:image:type\" content=\"image\/jpeg\" \/>\n<meta name=\"twitter:label1\" content=\"Gesch\u00e4tzte Lesezeit\" \/>\n\t<meta name=\"twitter:data1\" content=\"6\u00a0Minuten\" \/>\n<script type=\"application\/ld+json\" class=\"yoast-schema-graph\">{\"@context\":\"https:\/\/schema.org\",\"@graph\":[{\"@type\":\"WebPage\",\"@id\":\"https:\/\/afarangabroad.com\/khemer-girls\/\",\"url\":\"https:\/\/afarangabroad.com\/khemer-girls\/\",\"name\":\"6 Types Of Khemer Girls You'll Come Across - A Farang Abroad\",\"isPartOf\":{\"@id\":\"https:\/\/afarangabroad.com\/#website\"},\"datePublished\":\"2015-10-10T09:46:54+00:00\",\"dateModified\":\"2019-01-08T06:20:58+00:00\",\"description\":\"Here are the 6 types of freelance Khemer Girl you will come across if you plan to visit Cambodia. Learn everything about them before you arrive.\",\"breadcrumb\":{\"@id\":\"https:\/\/afarangabroad.com\/khemer-girls\/#breadcrumb\"},\"inLanguage\":\"de\",\"potentialAction\":[{\"@type\":\"ReadAction\",\"target\":[\"https:\/\/afarangabroad.com\/khemer-girls\/\"]}]},{\"@type\":\"BreadcrumbList\",\"@id\":\"https:\/\/afarangabroad.com\/khemer-girls\/#breadcrumb\",\"itemListElement\":[{\"@type\":\"ListItem\",\"position\":1,\"name\":\"Home\",\"item\":\"https:\/\/afarangabroad.com\/\"},{\"@type\":\"ListItem\",\"position\":2,\"name\":\"6 Types Of Khemer Girls You&#8217;ll Come Across\"}]},{\"@type\":\"WebSite\",\"@id\":\"https:\/\/afarangabroad.com\/#website\",\"url\":\"https:\/\/afarangabroad.com\/\",\"name\":\"A Farang Abroad\",\"description\":\"Your secret guide to Asia&#039;s sexiest nightlife.\",\"potentialAction\":[{\"@type\":\"SearchAction\",\"target\":{\"@type\":\"EntryPoint\",\"urlTemplate\":\"https:\/\/afarangabroad.com\/?s={search_term_string}\"},\"query-input\":\"required name=search_term_string\"}],\"inLanguage\":\"de\"}]}<\/script>\n<!-- \/ Yoast SEO plugin. -->","yoast_head_json":{"title":"6 Types Of Khemer Girls You'll Come Across - A Farang Abroad","description":"Here are the 6 types of freelance Khemer Girl you will come across if you plan to visit Cambodia. Learn everything about them before you arrive.","robots":{"index":"index","follow":"follow","max-snippet":"max-snippet:-1","max-image-preview":"max-image-preview:large","max-video-preview":"max-video-preview:-1"},"canonical":"https:\/\/afarangabroad.com\/de\/khemer-madchen\/","og_locale":"de_DE","og_type":"article","og_title":"6 Types Of Khemer Girls You'll Come Across - A Farang Abroad","og_description":"Here are the 6 types of freelance Khemer Girl you will come across if you plan to visit Cambodia. Learn everything about them before you arrive.","og_url":"https:\/\/afarangabroad.com\/de\/khemer-madchen\/","og_site_name":"A Farang Abroad","article_modified_time":"2019-01-08T06:20:58+00:00","og_image":[{"width":640,"height":426,"url":"https:\/\/afarangabroad.com\/wp-content\/uploads\/2015\/10\/kompong-phluk-kompong-953399_640.jpg","type":"image\/jpeg"}],"twitter_misc":{"Gesch\u00e4tzte Lesezeit":"6\u00a0Minuten"},"schema":{"@context":"https:\/\/schema.org","@graph":[{"@type":"WebPage","@id":"https:\/\/afarangabroad.com\/khemer-girls\/","url":"https:\/\/afarangabroad.com\/khemer-girls\/","name":"6 Types Of Khemer Girls You'll Come Across - A Farang Abroad","isPartOf":{"@id":"https:\/\/afarangabroad.com\/#website"},"datePublished":"2015-10-10T09:46:54+00:00","dateModified":"2019-01-08T06:20:58+00:00","description":"Here are the 6 types of freelance Khemer Girl you will come across if you plan to visit Cambodia. Learn everything about them before you arrive.","breadcrumb":{"@id":"https:\/\/afarangabroad.com\/khemer-girls\/#breadcrumb"},"inLanguage":"de","potentialAction":[{"@type":"ReadAction","target":["https:\/\/afarangabroad.com\/khemer-girls\/"]}]},{"@type":"BreadcrumbList","@id":"https:\/\/afarangabroad.com\/khemer-girls\/#breadcrumb","itemListElement":[{"@type":"ListItem","position":1,"name":"Home","item":"https:\/\/afarangabroad.com\/"},{"@type":"ListItem","position":2,"name":"6 Types Of Khemer Girls You&#8217;ll Come Across"}]},{"@type":"WebSite","@id":"https:\/\/afarangabroad.com\/#website","url":"https:\/\/afarangabroad.com\/","name":"A Farang Abroad","description":"Your secret guide to Asia&#039;s sexiest nightlife.","potentialAction":[{"@type":"SearchAction","target":{"@type":"EntryPoint","urlTemplate":"https:\/\/afarangabroad.com\/?s={search_term_string}"},"query-input":"required name=search_term_string"}],"inLanguage":"de"}]}},"_links":{"self":[{"href":"https:\/\/afarangabroad.com\/de\/wp-json\/wp\/v2\/pages\/6201"}],"collection":[{"href":"https:\/\/afarangabroad.com\/de\/wp-json\/wp\/v2\/pages"}],"about":[{"href":"https:\/\/afarangabroad.com\/de\/wp-json\/wp\/v2\/types\/page"}],"author":[{"embeddable":true,"href":"https:\/\/afarangabroad.com\/de\/wp-json\/wp\/v2\/users\/2"}],"replies":[{"embeddable":true,"href":"https:\/\/afarangabroad.com\/de\/wp-json\/wp\/v2\/comments?post=6201"}],"version-history":[{"count":0,"href":"https:\/\/afarangabroad.com\/de\/wp-json\/wp\/v2\/pages\/6201\/revisions"}],"wp:featuredmedia":[{"embeddable":true,"href":"https:\/\/afarangabroad.com\/de\/wp-json\/wp\/v2\/media\/6204"}],"wp:attachment":[{"href":"https:\/\/afarangabroad.com\/de\/wp-json\/wp\/v2\/media?parent=6201"}],"wp:term":[{"taxonomy":"category","embeddable":true,"href":"https:\/\/afarangabroad.com\/de\/wp-json\/wp\/v2\/categories?post=6201"},{"taxonomy":"post_tag","embeddable":true,"href":"https:\/\/afarangabroad.com\/de\/wp-json\/wp\/v2\/tags?post=6201"}],"curies":[{"name":"wp","href":"https:\/\/api.w.org\/{rel}","templated":true}]}}