{"id":6228,"date":"2015-10-11T10:09:33","date_gmt":"2015-10-11T09:09:33","guid":{"rendered":"https:\/\/afarangabroad.com\/?page_id=6228"},"modified":"2019-06-18T04:24:55","modified_gmt":"2019-06-18T03:24:55","slug":"pattaya-freelancers","status":"publish","type":"page","link":"https:\/\/afarangabroad.com\/de\/pattaya-freiberufler\/","title":{"rendered":"Wie viel kosten Freiberufler in Pattaya?"},"content":{"rendered":"<p>Wie lang ist ein St\u00fcck Schnur? Das ist das erste, was einem in den Sinn kommt, wenn man nach dem Preis von Freiberuflern in Pattaya fragt.<\/p>\n<p>Wenn Sie sich <strong>kostenlos in Pattaya gelegt<\/strong>, <a href=\"https:\/\/afarangabroad.com\/de\/thai-cupid-dating-site\/\" target=\"_blank\" rel=\"noopener noreferrer\">diesen Artikel lesen<\/a>.<\/p>\n<p><a href=\"https:\/\/afarangabroad.com\/de\/thai-cupid-dating-site\/\" target=\"_blank\" rel=\"noopener noreferrer\"><img loading=\"lazy\" decoding=\"async\" class=\"aligncenter  wp-image-7256\" src=\"https:\/\/afarangabroad.com\/wp-content\/uploads\/2016\/06\/Meet-Thai-girls-1024x691.png\" alt=\"Meet Thai girls\" width=\"400\" height=\"272\" \/><\/a>Wenn Sie in Pattaya ankommen, erhalten Sie keine Brosch\u00fcre, in der alle <a href=\"https:\/\/afarangabroad.com\/de\/sex-thailand-preise\/\" target=\"_blank\" rel=\"noopener noreferrer\">Kosten und Geb\u00fchren f\u00fcr die sexuellen Dienstleistungen <\/a>der <a href=\"https:\/\/afarangabroad.com\/de\/2015\/03\/thailandische-nutten\/\" target=\"_blank\" rel=\"noopener noreferrer\">Thail\u00e4ndische Nutten<\/a>. Auch nicht, wenn Sie sich in einem der <a href=\" \" target=\"_blank\" rel=\"noopener noreferrer\">Pattaya\u2019s Beer Bars or Go Go bars<\/a> haben die M\u00e4dchen einen Tarif auf dem R\u00fccken kleben.<\/p>\n<p>Ich habe sogar schon erlebt, dass einige Barm\u00e4dchen auf ihr Honorar verzichten, weil der Typ so hei\u00df ist, zugegebenerma\u00dfen nicht oft, aber es ist bekannt.<\/p>\n<p>So kommen Sie zur\u00fcck auf die alte Kastanie, wie viel kostet ein Pattaya Freiberufler und was sollten Sie zahlen, um mit einem schlafen <a href=\"https:\/\/afarangabroad.com\/de\/pattaya-girls\/\" target=\"_blank\" rel=\"noopener noreferrer\">Pattaya M\u00e4dchen<\/a>?<\/p>\n<p><img loading=\"lazy\" decoding=\"async\" class=\"size-full wp-image-6230 aligncenter\" src=\"https:\/\/afarangabroad.com\/wp-content\/uploads\/2015\/10\/wallet-669458_640.jpg\" alt=\"Pattaya Freiberufler\" width=\"640\" height=\"360\" srcset=\"https:\/\/afarangabroad.com\/wp-content\/uploads\/2015\/10\/wallet-669458_640.jpg 640w, https:\/\/afarangabroad.com\/wp-content\/uploads\/2015\/10\/wallet-669458_640-300x169.jpg 300w\" sizes=\"(max-width: 640px) 100vw, 640px\" \/><\/p>\n<p>Es kommt darauf an, wo, wer, wie viele, wie lange, welche sexuellen Dienstleistungen Sie w\u00fcnschen, <a href=\"https:\/\/afarangabroad.com\/de\/2015\/02\/bangkok-bdsm-dominatrix\/\" target=\"_blank\" rel=\"noopener noreferrer\">Fetische<\/a>, M\u00e4dchen, Jungs, <a href=\"https:\/\/afarangabroad.com\/de\/russian-girls-pattaya\/\" target=\"_blank\" rel=\"noopener noreferrer\">Russisch<\/a>, <a href=\"https:\/\/afarangabroad.com\/de\/6-moglichkeiten-ladyboys-in-bangkok-zu-treffen\/\" target=\"_blank\" rel=\"noopener noreferrer\">Ladyboys<\/a>, nationality, fat, tall, slim\u2026\u2026. the list goes on and on and will affect the cost.<\/p>\n<p>Wenn Sie verzweifelt sind und die <a href=\"https:\/\/afarangabroad.com\/de\/thai-friendly-dating\/\" target=\"_blank\" rel=\"noopener noreferrer\">Thail\u00e4ndisches M\u00e4dchen<\/a> sp\u00fcren kann, dann ist der Himmel die Grenze.<\/p>\n<p>Allerdings gibt es an einigen Orten Richtlinien, an die sich die Nutten halten, und es gibt keine Standardgeb\u00fchr, sondern eine empfohlene Geb\u00fchr.<\/p>\n<p>Es ist wirklich alles Verhandlungssache, und wenn Sie die Richtlinien kennen, sollten Sie nicht \u00fcber den Tisch gezogen werden. Machen Sie immer klar, was Sie wollen, wie lange und vereinbaren Sie einen Preis, tun Sie dies, bevor Sie das M\u00e4dchen zur\u00fcck zu Ihrem Hotel nehmen.<\/p>\n<h2><strong>Der Preis f\u00fcr Sex in Bierbars<\/strong><\/h2>\n<p>Bierbars haben ziemlich einfache Richtlinien:<\/p>","protected":false},"excerpt":{"rendered":"<p>How long is a piece of string is the first thing that comes to mind when asking the price of Pattaya freelancers. If you want to get laid in Pattaya for free, read this article. When arriving in Pattaya you are not issued with a booklet detailing all the costs and charges for the sexual [&hellip;]<\/p>","protected":false},"author":2,"featured_media":6231,"parent":0,"menu_order":0,"comment_status":"open","ping_status":"closed","template":"","meta":{"_exactmetrics_skip_tracking":false,"_exactmetrics_sitenote_active":false,"_exactmetrics_sitenote_note":"","_exactmetrics_sitenote_category":0,"footnotes":""},"categories":[322],"tags":[],"class_list":["post-6228","page","type-page","status-publish","has-post-thumbnail","hentry","category-pattaya"],"yoast_head":"<!-- This site is optimized with the Yoast SEO plugin v20.1 - https:\/\/yoast.com\/wordpress\/plugins\/seo\/ -->\n<title>How Much Do Pattaya Freelancers Cost? - A Farang Abroad<\/title>\n<meta name=\"description\" content=\"Want to know the price of Pattaya Freelancers? In this thread I breakdown the cost of girls and where you can meet them for free.\" \/>\n<meta name=\"robots\" content=\"index, follow, max-snippet:-1, max-image-preview:large, max-video-preview:-1\" \/>\n<link rel=\"canonical\" href=\"https:\/\/afarangabroad.com\/de\/pattaya-freiberufler\/\" \/>\n<meta property=\"og:locale\" content=\"de_DE\" \/>\n<meta property=\"og:type\" content=\"article\" \/>\n<meta property=\"og:title\" content=\"How Much Do Pattaya Freelancers Cost? - A Farang Abroad\" \/>\n<meta property=\"og:description\" content=\"Want to know the price of Pattaya Freelancers? In this thread I breakdown the cost of girls and where you can meet them for free.\" \/>\n<meta property=\"og:url\" content=\"https:\/\/afarangabroad.com\/de\/pattaya-freiberufler\/\" \/>\n<meta property=\"og:site_name\" content=\"A Farang Abroad\" \/>\n<meta property=\"article:modified_time\" content=\"2019-06-18T03:24:55+00:00\" \/>\n<meta property=\"og:image\" content=\"https:\/\/afarangabroad.com\/wp-content\/uploads\/2015\/10\/europe-69526_640.jpg\" \/>\n\t<meta property=\"og:image:width\" content=\"640\" \/>\n\t<meta property=\"og:image:height\" content=\"426\" \/>\n\t<meta property=\"og:image:type\" content=\"image\/jpeg\" \/>\n<meta name=\"twitter:label1\" content=\"Gesch\u00e4tzte Lesezeit\" \/>\n\t<meta name=\"twitter:data1\" content=\"6\u00a0Minuten\" \/>\n<script type=\"application\/ld+json\" class=\"yoast-schema-graph\">{\"@context\":\"https:\/\/schema.org\",\"@graph\":[{\"@type\":\"WebPage\",\"@id\":\"https:\/\/afarangabroad.com\/pattaya-freelancers\/\",\"url\":\"https:\/\/afarangabroad.com\/pattaya-freelancers\/\",\"name\":\"How Much Do Pattaya Freelancers Cost? - A Farang Abroad\",\"isPartOf\":{\"@id\":\"https:\/\/afarangabroad.com\/#website\"},\"datePublished\":\"2015-10-11T09:09:33+00:00\",\"dateModified\":\"2019-06-18T03:24:55+00:00\",\"description\":\"Want to know the price of Pattaya Freelancers? In this thread I breakdown the cost of girls and where you can meet them for free.\",\"breadcrumb\":{\"@id\":\"https:\/\/afarangabroad.com\/pattaya-freelancers\/#breadcrumb\"},\"inLanguage\":\"de\",\"potentialAction\":[{\"@type\":\"ReadAction\",\"target\":[\"https:\/\/afarangabroad.com\/pattaya-freelancers\/\"]}]},{\"@type\":\"BreadcrumbList\",\"@id\":\"https:\/\/afarangabroad.com\/pattaya-freelancers\/#breadcrumb\",\"itemListElement\":[{\"@type\":\"ListItem\",\"position\":1,\"name\":\"Home\",\"item\":\"https:\/\/afarangabroad.com\/\"},{\"@type\":\"ListItem\",\"position\":2,\"name\":\"How Much Do Pattaya Freelancers Cost?\"}]},{\"@type\":\"WebSite\",\"@id\":\"https:\/\/afarangabroad.com\/#website\",\"url\":\"https:\/\/afarangabroad.com\/\",\"name\":\"A Farang Abroad\",\"description\":\"Your secret guide to Asia&#039;s sexiest nightlife.\",\"potentialAction\":[{\"@type\":\"SearchAction\",\"target\":{\"@type\":\"EntryPoint\",\"urlTemplate\":\"https:\/\/afarangabroad.com\/?s={search_term_string}\"},\"query-input\":\"required name=search_term_string\"}],\"inLanguage\":\"de\"}]}<\/script>\n<!-- \/ Yoast SEO plugin. -->","yoast_head_json":{"title":"How Much Do Pattaya Freelancers Cost? - A Farang Abroad","description":"Want to know the price of Pattaya Freelancers? In this thread I breakdown the cost of girls and where you can meet them for free.","robots":{"index":"index","follow":"follow","max-snippet":"max-snippet:-1","max-image-preview":"max-image-preview:large","max-video-preview":"max-video-preview:-1"},"canonical":"https:\/\/afarangabroad.com\/de\/pattaya-freiberufler\/","og_locale":"de_DE","og_type":"article","og_title":"How Much Do Pattaya Freelancers Cost? - A Farang Abroad","og_description":"Want to know the price of Pattaya Freelancers? In this thread I breakdown the cost of girls and where you can meet them for free.","og_url":"https:\/\/afarangabroad.com\/de\/pattaya-freiberufler\/","og_site_name":"A Farang Abroad","article_modified_time":"2019-06-18T03:24:55+00:00","og_image":[{"width":640,"height":426,"url":"https:\/\/afarangabroad.com\/wp-content\/uploads\/2015\/10\/europe-69526_640.jpg","type":"image\/jpeg"}],"twitter_misc":{"Gesch\u00e4tzte Lesezeit":"6\u00a0Minuten"},"schema":{"@context":"https:\/\/schema.org","@graph":[{"@type":"WebPage","@id":"https:\/\/afarangabroad.com\/pattaya-freelancers\/","url":"https:\/\/afarangabroad.com\/pattaya-freelancers\/","name":"How Much Do Pattaya Freelancers Cost? - A Farang Abroad","isPartOf":{"@id":"https:\/\/afarangabroad.com\/#website"},"datePublished":"2015-10-11T09:09:33+00:00","dateModified":"2019-06-18T03:24:55+00:00","description":"Want to know the price of Pattaya Freelancers? In this thread I breakdown the cost of girls and where you can meet them for free.","breadcrumb":{"@id":"https:\/\/afarangabroad.com\/pattaya-freelancers\/#breadcrumb"},"inLanguage":"de","potentialAction":[{"@type":"ReadAction","target":["https:\/\/afarangabroad.com\/pattaya-freelancers\/"]}]},{"@type":"BreadcrumbList","@id":"https:\/\/afarangabroad.com\/pattaya-freelancers\/#breadcrumb","itemListElement":[{"@type":"ListItem","position":1,"name":"Home","item":"https:\/\/afarangabroad.com\/"},{"@type":"ListItem","position":2,"name":"How Much Do Pattaya Freelancers Cost?"}]},{"@type":"WebSite","@id":"https:\/\/afarangabroad.com\/#website","url":"https:\/\/afarangabroad.com\/","name":"A Farang Abroad","description":"Your secret guide to Asia&#039;s sexiest nightlife.","potentialAction":[{"@type":"SearchAction","target":{"@type":"EntryPoint","urlTemplate":"https:\/\/afarangabroad.com\/?s={search_term_string}"},"query-input":"required name=search_term_string"}],"inLanguage":"de"}]}},"_links":{"self":[{"href":"https:\/\/afarangabroad.com\/de\/wp-json\/wp\/v2\/pages\/6228"}],"collection":[{"href":"https:\/\/afarangabroad.com\/de\/wp-json\/wp\/v2\/pages"}],"about":[{"href":"https:\/\/afarangabroad.com\/de\/wp-json\/wp\/v2\/types\/page"}],"author":[{"embeddable":true,"href":"https:\/\/afarangabroad.com\/de\/wp-json\/wp\/v2\/users\/2"}],"replies":[{"embeddable":true,"href":"https:\/\/afarangabroad.com\/de\/wp-json\/wp\/v2\/comments?post=6228"}],"version-history":[{"count":0,"href":"https:\/\/afarangabroad.com\/de\/wp-json\/wp\/v2\/pages\/6228\/revisions"}],"wp:featuredmedia":[{"embeddable":true,"href":"https:\/\/afarangabroad.com\/de\/wp-json\/wp\/v2\/media\/6231"}],"wp:attachment":[{"href":"https:\/\/afarangabroad.com\/de\/wp-json\/wp\/v2\/media?parent=6228"}],"wp:term":[{"taxonomy":"category","embeddable":true,"href":"https:\/\/afarangabroad.com\/de\/wp-json\/wp\/v2\/categories?post=6228"},{"taxonomy":"post_tag","embeddable":true,"href":"https:\/\/afarangabroad.com\/de\/wp-json\/wp\/v2\/tags?post=6228"}],"curies":[{"name":"wp","href":"https:\/\/api.w.org\/{rel}","templated":true}]}}