{"id":6260,"date":"2015-10-12T14:25:35","date_gmt":"2015-10-12T13:25:35","guid":{"rendered":"https:\/\/afarangabroad.com\/?page_id=6260"},"modified":"2019-01-08T06:07:10","modified_gmt":"2019-01-08T06:07:10","slug":"cambodian-girls","status":"publish","type":"page","link":"https:\/\/afarangabroad.com\/de\/kambodschanerinnen\/","title":{"rendered":"8 Dinge, die ich an kambodschanischen M\u00e4dchen liebe"},"content":{"rendered":"<p>Ich liebe kambodschanische M\u00e4dchen genauso sehr wie das Land. Es ist einer meiner Lieblingsorte in ganz Asien.<\/p>\n<p style=\"text-align: left;\">If you&#8217;re looking to <strong>mit kambodschanischen M\u00e4dchen kostenlos Sex haben<\/strong>, <a href=\"https:\/\/afarangabroad.com\/de\/asiatische-partnersuche\/\" target=\"_blank\" rel=\"noopener\">siehe diesen Artikel<\/a>.<\/p>\n<p><a href=\"https:\/\/afarangabroad.com\/de\/asiatische-partnersuche\/\" target=\"_blank\" rel=\"noopener\"><img loading=\"lazy\" decoding=\"async\" class=\"wp-image-7582 aligncenter\" src=\"https:\/\/afarangabroad.com\/wp-content\/uploads\/2016\/08\/hot-cambo-girls-1024x691.png\" alt=\"hot cambo girls\" width=\"395\" height=\"268\" srcset=\"https:\/\/afarangabroad.com\/wp-content\/uploads\/2016\/08\/hot-cambo-girls-1024x691.png 1024w, https:\/\/afarangabroad.com\/wp-content\/uploads\/2016\/08\/hot-cambo-girls-720x486.png 720w\" sizes=\"(max-width: 395px) 100vw, 395px\" \/><\/a>Es hat alles, was f\u00fcr es spricht. Es ist nicht so versnobt wie <a href=\"https:\/\/afarangabroad.com\/de\/singapore-girls\/\" target=\"_blank\" rel=\"noopener\">Singapur<\/a> oder teuer wie Hongkong, verr\u00fcckt wie Thailand oder so ruhig wie Laos. Irgendwie nimmt es das Beste von allen anderen s\u00fcdostasiatischen L\u00e4ndern und wirft den Rest weg.<\/p>\n<p>Die Menschen sind das Herzst\u00fcck dieses einzigartigen Landes. Wenn man bedenkt, dass das Land immer noch dabei ist, die Fesseln des Despoten abzustreifen <a href=\"https:\/\/en.wikipedia.org\/wiki\/Pol_Pot\" target=\"_blank\" rel=\"noopener\">Pol Pot<\/a> Es ist erstaunlich, wie sich die Nation wieder erholt hat.<\/p>\n<p>Kambodscha ist ein sehr l\u00e4ndliches Land, in dem der gr\u00f6\u00dfte Teil des Reichtums immer noch vom Land kommt, obwohl sich das langsam \u00e4ndert. Es ist auch ein ziemlich armes Land, so dass alles sehr billig ist.<\/p>\n<p>Es hat alles. <a href=\"http:\/\/thatbackpacker.com\/2013\/04\/30\/surviving-the-temples-of-angkor\/\" target=\"_blank\" rel=\"noopener\">Weltkulturerbest\u00e4tten wie Ankor Wat.<\/a> Lebendige St\u00e4dte wie <a href=\"https:\/\/afarangabroad.com\/de\/phnom-penh-girls\/\" target=\"_blank\" rel=\"noopener\">Phnom Penh und sein Nachtleben<\/a>, eine fantastische K\u00fcche und vor allem die Menschen und nat\u00fcrlich die kambodschanischen M\u00e4dchen.<\/p>\n<p>Ich habe acht der liebenswertesten Eigenschaften hervorgehoben, die kambodschanische M\u00e4dchen als Juwelen in diesem Teil Asiens auszeichnen.<\/p>\n<h2><strong>1. Sie sind hei\u00df<br \/>\n<\/strong><\/h2>\n<p>Even today it is still possible to see the uniqueness of the Cambodian girls\u2019 features compared to <a href=\"https:\/\/afarangabroad.com\/de\/thai-women\/\" target=\"_blank\" rel=\"noopener\">Thail\u00e4ndische Frauen<\/a>, Laotisch oder <a href=\"https:\/\/afarangabroad.com\/de\/vietnamesische-madchen\/\" target=\"_blank\" rel=\"noopener\">Vietnamesisch<\/a>. Sie haben eine etwas dunklere Haut und rundere Augen aufgrund der <a href=\"https:\/\/afarangabroad.com\/de\/2014\/08\/thai-girls-hate-black-indian-arabs\/\" target=\"_blank\" rel=\"noopener\">Indisch<\/a> Hunderte von Jahren zuvor vom Subkontinent im Rahmen von Handelsmissionen mitgebracht.<\/p>\n<p>Auch thail\u00e4ndische Gene sind hier zu finden. Im Laufe der Geschichte des Khmer-Reiches drangen die Thais ein. Und da Thais nun einmal Thais sind, haben sie ihren Samen in die kambodschanische Bev\u00f6lkerung ges\u00e4t und sich dort ausgebreitet.<\/p>\n<p>https:\/\/www.youtube.com\/watch?v=YmTeZTCNgVM<\/p>\n<p>All this cross impregnation has left the Cambodian ladies with a quite unique and extremely beautiful appearance and very different to its many close neighbors.<\/p>","protected":false},"excerpt":{"rendered":"<p>I love Cambodian girls just as much as I love the country. it is one of my favorite places in the whole of Asia. If you&#8217;re looking to get laid with Cambodian girls for free, check this article. It has everything going for it. It is not as snobby as Singapore or expensive as Hong [&hellip;]<\/p>","protected":false},"author":2,"featured_media":6262,"parent":0,"menu_order":0,"comment_status":"open","ping_status":"closed","template":"","meta":{"_exactmetrics_skip_tracking":false,"_exactmetrics_sitenote_active":false,"_exactmetrics_sitenote_note":"","_exactmetrics_sitenote_category":0,"footnotes":""},"categories":[329],"tags":[],"class_list":["post-6260","page","type-page","status-publish","has-post-thumbnail","hentry","category-laos-camboida-burma"],"yoast_head":"<!-- This site is optimized with the Yoast SEO plugin v20.1 - https:\/\/yoast.com\/wordpress\/plugins\/seo\/ -->\n<title>8 Things I love about Cambodian Girls - A Farang Abroad<\/title>\n<meta name=\"description\" content=\"Here are the 8 things I love most about Cambodian girls and why you should consider meeting them and being able to date them.\" \/>\n<meta name=\"robots\" content=\"index, follow, max-snippet:-1, max-image-preview:large, max-video-preview:-1\" \/>\n<link rel=\"canonical\" href=\"https:\/\/afarangabroad.com\/de\/kambodschanerinnen\/\" \/>\n<meta property=\"og:locale\" content=\"de_DE\" \/>\n<meta property=\"og:type\" content=\"article\" \/>\n<meta property=\"og:title\" content=\"8 Things I love about Cambodian Girls - A Farang Abroad\" \/>\n<meta property=\"og:description\" content=\"Here are the 8 things I love most about Cambodian girls and why you should consider meeting them and being able to date them.\" \/>\n<meta property=\"og:url\" content=\"https:\/\/afarangabroad.com\/de\/kambodschanerinnen\/\" \/>\n<meta property=\"og:site_name\" content=\"A Farang Abroad\" \/>\n<meta property=\"article:modified_time\" content=\"2019-01-08T06:07:10+00:00\" \/>\n<meta property=\"og:image\" content=\"https:\/\/afarangabroad.com\/wp-content\/uploads\/2015\/10\/2688942368_cb32506c0a_z.jpg\" \/>\n\t<meta property=\"og:image:width\" content=\"640\" \/>\n\t<meta property=\"og:image:height\" content=\"640\" \/>\n\t<meta property=\"og:image:type\" content=\"image\/jpeg\" \/>\n<meta name=\"twitter:label1\" content=\"Gesch\u00e4tzte Lesezeit\" \/>\n\t<meta name=\"twitter:data1\" content=\"6\u00a0Minuten\" \/>\n<script type=\"application\/ld+json\" class=\"yoast-schema-graph\">{\"@context\":\"https:\/\/schema.org\",\"@graph\":[{\"@type\":\"WebPage\",\"@id\":\"https:\/\/afarangabroad.com\/cambodian-girls\/\",\"url\":\"https:\/\/afarangabroad.com\/cambodian-girls\/\",\"name\":\"8 Things I love about Cambodian Girls - A Farang Abroad\",\"isPartOf\":{\"@id\":\"https:\/\/afarangabroad.com\/#website\"},\"datePublished\":\"2015-10-12T13:25:35+00:00\",\"dateModified\":\"2019-01-08T06:07:10+00:00\",\"description\":\"Here are the 8 things I love most about Cambodian girls and why you should consider meeting them and being able to date them.\",\"breadcrumb\":{\"@id\":\"https:\/\/afarangabroad.com\/cambodian-girls\/#breadcrumb\"},\"inLanguage\":\"de\",\"potentialAction\":[{\"@type\":\"ReadAction\",\"target\":[\"https:\/\/afarangabroad.com\/cambodian-girls\/\"]}]},{\"@type\":\"BreadcrumbList\",\"@id\":\"https:\/\/afarangabroad.com\/cambodian-girls\/#breadcrumb\",\"itemListElement\":[{\"@type\":\"ListItem\",\"position\":1,\"name\":\"Home\",\"item\":\"https:\/\/afarangabroad.com\/\"},{\"@type\":\"ListItem\",\"position\":2,\"name\":\"8 Things I love about Cambodian Girls\"}]},{\"@type\":\"WebSite\",\"@id\":\"https:\/\/afarangabroad.com\/#website\",\"url\":\"https:\/\/afarangabroad.com\/\",\"name\":\"A Farang Abroad\",\"description\":\"Your secret guide to Asia&#039;s sexiest nightlife.\",\"potentialAction\":[{\"@type\":\"SearchAction\",\"target\":{\"@type\":\"EntryPoint\",\"urlTemplate\":\"https:\/\/afarangabroad.com\/?s={search_term_string}\"},\"query-input\":\"required name=search_term_string\"}],\"inLanguage\":\"de\"}]}<\/script>\n<!-- \/ Yoast SEO plugin. -->","yoast_head_json":{"title":"8 Things I love about Cambodian Girls - A Farang Abroad","description":"Here are the 8 things I love most about Cambodian girls and why you should consider meeting them and being able to date them.","robots":{"index":"index","follow":"follow","max-snippet":"max-snippet:-1","max-image-preview":"max-image-preview:large","max-video-preview":"max-video-preview:-1"},"canonical":"https:\/\/afarangabroad.com\/de\/kambodschanerinnen\/","og_locale":"de_DE","og_type":"article","og_title":"8 Things I love about Cambodian Girls - A Farang Abroad","og_description":"Here are the 8 things I love most about Cambodian girls and why you should consider meeting them and being able to date them.","og_url":"https:\/\/afarangabroad.com\/de\/kambodschanerinnen\/","og_site_name":"A Farang Abroad","article_modified_time":"2019-01-08T06:07:10+00:00","og_image":[{"width":640,"height":640,"url":"https:\/\/afarangabroad.com\/wp-content\/uploads\/2015\/10\/2688942368_cb32506c0a_z.jpg","type":"image\/jpeg"}],"twitter_misc":{"Gesch\u00e4tzte Lesezeit":"6\u00a0Minuten"},"schema":{"@context":"https:\/\/schema.org","@graph":[{"@type":"WebPage","@id":"https:\/\/afarangabroad.com\/cambodian-girls\/","url":"https:\/\/afarangabroad.com\/cambodian-girls\/","name":"8 Things I love about Cambodian Girls - A Farang Abroad","isPartOf":{"@id":"https:\/\/afarangabroad.com\/#website"},"datePublished":"2015-10-12T13:25:35+00:00","dateModified":"2019-01-08T06:07:10+00:00","description":"Here are the 8 things I love most about Cambodian girls and why you should consider meeting them and being able to date them.","breadcrumb":{"@id":"https:\/\/afarangabroad.com\/cambodian-girls\/#breadcrumb"},"inLanguage":"de","potentialAction":[{"@type":"ReadAction","target":["https:\/\/afarangabroad.com\/cambodian-girls\/"]}]},{"@type":"BreadcrumbList","@id":"https:\/\/afarangabroad.com\/cambodian-girls\/#breadcrumb","itemListElement":[{"@type":"ListItem","position":1,"name":"Home","item":"https:\/\/afarangabroad.com\/"},{"@type":"ListItem","position":2,"name":"8 Things I love about Cambodian Girls"}]},{"@type":"WebSite","@id":"https:\/\/afarangabroad.com\/#website","url":"https:\/\/afarangabroad.com\/","name":"A Farang Abroad","description":"Your secret guide to Asia&#039;s sexiest nightlife.","potentialAction":[{"@type":"SearchAction","target":{"@type":"EntryPoint","urlTemplate":"https:\/\/afarangabroad.com\/?s={search_term_string}"},"query-input":"required name=search_term_string"}],"inLanguage":"de"}]}},"_links":{"self":[{"href":"https:\/\/afarangabroad.com\/de\/wp-json\/wp\/v2\/pages\/6260"}],"collection":[{"href":"https:\/\/afarangabroad.com\/de\/wp-json\/wp\/v2\/pages"}],"about":[{"href":"https:\/\/afarangabroad.com\/de\/wp-json\/wp\/v2\/types\/page"}],"author":[{"embeddable":true,"href":"https:\/\/afarangabroad.com\/de\/wp-json\/wp\/v2\/users\/2"}],"replies":[{"embeddable":true,"href":"https:\/\/afarangabroad.com\/de\/wp-json\/wp\/v2\/comments?post=6260"}],"version-history":[{"count":0,"href":"https:\/\/afarangabroad.com\/de\/wp-json\/wp\/v2\/pages\/6260\/revisions"}],"wp:featuredmedia":[{"embeddable":true,"href":"https:\/\/afarangabroad.com\/de\/wp-json\/wp\/v2\/media\/6262"}],"wp:attachment":[{"href":"https:\/\/afarangabroad.com\/de\/wp-json\/wp\/v2\/media?parent=6260"}],"wp:term":[{"taxonomy":"category","embeddable":true,"href":"https:\/\/afarangabroad.com\/de\/wp-json\/wp\/v2\/categories?post=6260"},{"taxonomy":"post_tag","embeddable":true,"href":"https:\/\/afarangabroad.com\/de\/wp-json\/wp\/v2\/tags?post=6260"}],"curies":[{"name":"wp","href":"https:\/\/api.w.org\/{rel}","templated":true}]}}