{"id":6266,"date":"2015-10-12T14:45:16","date_gmt":"2015-10-12T13:45:16","guid":{"rendered":"https:\/\/afarangabroad.com\/?page_id=6266"},"modified":"2019-01-08T06:03:30","modified_gmt":"2019-01-08T06:03:30","slug":"laos-girls","status":"publish","type":"page","link":"https:\/\/afarangabroad.com\/de\/laos-madchen\/","title":{"rendered":"5 Orte, um Laos M\u00e4dchen zu treffen"},"content":{"rendered":"<p>Laos M\u00e4dchen sind super einfach zu treffen, wenn Sie wissen, wo Sie suchen m\u00fcssen. Die Hauptstadt Vientiane ist definitiv der lebhafteste Teil von Laos, aber auch das Nachtleben hier ist viel ruhiger als anderswo.<\/p>\n<p>If you&#8217;re looking to get <strong>kostenlos mit Laos-M\u00e4dchen schlafen<\/strong>, <a href=\"https:\/\/afarangabroad.com\/de\/asiatische-partnersuche\/\" target=\"_blank\" rel=\"noopener\">Lesen Sie diesen Artikel<\/a>.<\/p>\n<p><a href=\"https:\/\/afarangabroad.com\/de\/asiatische-partnersuche\/\" target=\"_blank\" rel=\"noopener\"><img loading=\"lazy\" decoding=\"async\" class=\"aligncenter size-large wp-image-7592\" src=\"https:\/\/afarangabroad.com\/wp-content\/uploads\/2015\/10\/Laos-girls-1024x691.png\" alt=\"Laos M\u00e4dchen\" width=\"600\" height=\"405\" srcset=\"https:\/\/afarangabroad.com\/wp-content\/uploads\/2015\/10\/Laos-girls-1024x691.png 1024w, https:\/\/afarangabroad.com\/wp-content\/uploads\/2015\/10\/Laos-girls-300x202.png 300w, https:\/\/afarangabroad.com\/wp-content\/uploads\/2015\/10\/Laos-girls-768x518.png 768w, https:\/\/afarangabroad.com\/wp-content\/uploads\/2015\/10\/Laos-girls-720x486.png 720w, https:\/\/afarangabroad.com\/wp-content\/uploads\/2015\/10\/Laos-girls.png 1038w\" sizes=\"(max-width: 600px) 100vw, 600px\" \/><\/a>Das Land als Ganzes ist weitaus konservativer als Thailand, hat aber einige Gemeinsamkeiten mit den Issan im Nordosten des Landes, sogar die Sprache ist sehr \u00e4hnlich, und die laotischen M\u00e4dchen sehen den nordischen M\u00e4dchen sehr \u00e4hnlich. <a href=\"https:\/\/afarangabroad.com\/de\/thai-women\/\" target=\"_blank\" rel=\"noopener\">Thail\u00e4ndische Frauen<\/a>.<\/p>\n<p>Was viele Besucher nicht wissen, ist, dass es f\u00fcr einen laotischen Staatsb\u00fcrger illegal ist, Sex mit einem Nicht-Laoten zu haben.<\/p>\n<p>Es drohen sogar eine Geldstrafe und m\u00f6glicherweise die Ausweisung. Ich kenne zwar niemanden, dem das passiert ist, aber man sollte es trotzdem im Hinterkopf behalten.<\/p>\n<p>Dies ist einfach ein Gesetz, das nie durchgesetzt wird, das Sie aber wissen sollten.<\/p>\n<p>Erwarten Sie keine bl\u00fchende Dating-Szene in Vientiane, und es ist definitiv schwieriger, ein M\u00e4dchen abzuschleppen als anderswo in S\u00fcdostasien, es sei denn, Sie benutzen <a href=\"https:\/\/afarangabroad.com\/de\/asiatische-partnersuche\/\" target=\"_blank\" rel=\"noopener\">Dating-Seiten<\/a>. Aber es gibt Orte und Dinge zu tun, die Ihnen helfen werden, ein laotisches M\u00e4dchen zu finden und m\u00f6glicherweise Sex zu haben.<\/p>\n<p>Die laotischen M\u00e4dchen sind sehr freundlich und offen f\u00fcr Gespr\u00e4che mit Menschen aus dem Westen, so dass es nicht allzu schwierig sein sollte, jemanden aus dem anderen Geschlecht in ein Gespr\u00e4ch zu verwickeln.<\/p>\n<p>Ein kleines Problem ist, dass die laotischen Frauen tags\u00fcber eher die traditionelle Kleidung tragen, die <em>Sinh, <\/em>und der Versuch, einen richtigen Blick auf die Figur eines M\u00e4dchens zu bekommen, ist manchmal schwierig.<\/p>\n<p>Wo f\u00e4ngt man also an, ein laotisches M\u00e4dchen zu finden und kennenzulernen?<\/p>\n<p>Nun, Vientiane ist der richtige Ort daf\u00fcr. Es ist nicht der einzige Ort, aber Laos ist sehr l\u00e4ndlich und es wird sehr schwierig sein, anderswo im Land einen Partner zu finden.<\/p>","protected":false},"excerpt":{"rendered":"<p>Laos girls are super easy to meet if you know where to look. The captial, Vientiane is definitely the liveliest part of Lao but even the nightlife here is far more low-key than elsewhere. If you&#8217;re looking to get laid with Laos girls for free, check out this article. The country as a whole is [&hellip;]<\/p>","protected":false},"author":2,"featured_media":6269,"parent":0,"menu_order":0,"comment_status":"open","ping_status":"closed","template":"","meta":{"_exactmetrics_skip_tracking":false,"_exactmetrics_sitenote_active":false,"_exactmetrics_sitenote_note":"","_exactmetrics_sitenote_category":0,"footnotes":""},"categories":[329],"tags":[],"class_list":["post-6266","page","type-page","status-publish","has-post-thumbnail","hentry","category-laos-camboida-burma"],"yoast_head":"<!-- This site is optimized with the Yoast SEO plugin v20.1 - https:\/\/yoast.com\/wordpress\/plugins\/seo\/ -->\n<title>5 Places To Meet Laos Girls - A Farang Abroad<\/title>\n<meta name=\"description\" content=\"Are you looking to meet Laos girls on your next visa run or tip? Here are the 5 best places to meet Laos women on your next trip\" \/>\n<meta name=\"robots\" content=\"index, follow, max-snippet:-1, max-image-preview:large, max-video-preview:-1\" \/>\n<link rel=\"canonical\" href=\"https:\/\/afarangabroad.com\/de\/laos-madchen\/\" \/>\n<meta property=\"og:locale\" content=\"de_DE\" \/>\n<meta property=\"og:type\" content=\"article\" \/>\n<meta property=\"og:title\" content=\"5 Places To Meet Laos Girls - A Farang Abroad\" \/>\n<meta property=\"og:description\" content=\"Are you looking to meet Laos girls on your next visa run or tip? Here are the 5 best places to meet Laos women on your next trip\" \/>\n<meta property=\"og:url\" content=\"https:\/\/afarangabroad.com\/de\/laos-madchen\/\" \/>\n<meta property=\"og:site_name\" content=\"A Farang Abroad\" \/>\n<meta property=\"article:modified_time\" content=\"2019-01-08T06:03:30+00:00\" \/>\n<meta property=\"og:image\" content=\"https:\/\/afarangabroad.com\/wp-content\/uploads\/2015\/10\/laos-230260_640.jpg\" \/>\n\t<meta property=\"og:image:width\" content=\"640\" \/>\n\t<meta property=\"og:image:height\" content=\"428\" \/>\n\t<meta property=\"og:image:type\" content=\"image\/jpeg\" \/>\n<meta name=\"twitter:label1\" content=\"Gesch\u00e4tzte Lesezeit\" \/>\n\t<meta name=\"twitter:data1\" content=\"6\u00a0Minuten\" \/>\n<script type=\"application\/ld+json\" class=\"yoast-schema-graph\">{\"@context\":\"https:\/\/schema.org\",\"@graph\":[{\"@type\":\"WebPage\",\"@id\":\"https:\/\/afarangabroad.com\/laos-girls\/\",\"url\":\"https:\/\/afarangabroad.com\/laos-girls\/\",\"name\":\"5 Places To Meet Laos Girls - A Farang Abroad\",\"isPartOf\":{\"@id\":\"https:\/\/afarangabroad.com\/#website\"},\"datePublished\":\"2015-10-12T13:45:16+00:00\",\"dateModified\":\"2019-01-08T06:03:30+00:00\",\"description\":\"Are you looking to meet Laos girls on your next visa run or tip? Here are the 5 best places to meet Laos women on your next trip\",\"breadcrumb\":{\"@id\":\"https:\/\/afarangabroad.com\/laos-girls\/#breadcrumb\"},\"inLanguage\":\"de\",\"potentialAction\":[{\"@type\":\"ReadAction\",\"target\":[\"https:\/\/afarangabroad.com\/laos-girls\/\"]}]},{\"@type\":\"BreadcrumbList\",\"@id\":\"https:\/\/afarangabroad.com\/laos-girls\/#breadcrumb\",\"itemListElement\":[{\"@type\":\"ListItem\",\"position\":1,\"name\":\"Home\",\"item\":\"https:\/\/afarangabroad.com\/\"},{\"@type\":\"ListItem\",\"position\":2,\"name\":\"5 Places To Meet Laos Girls\"}]},{\"@type\":\"WebSite\",\"@id\":\"https:\/\/afarangabroad.com\/#website\",\"url\":\"https:\/\/afarangabroad.com\/\",\"name\":\"A Farang Abroad\",\"description\":\"Your secret guide to Asia&#039;s sexiest nightlife.\",\"potentialAction\":[{\"@type\":\"SearchAction\",\"target\":{\"@type\":\"EntryPoint\",\"urlTemplate\":\"https:\/\/afarangabroad.com\/?s={search_term_string}\"},\"query-input\":\"required name=search_term_string\"}],\"inLanguage\":\"de\"}]}<\/script>\n<!-- \/ Yoast SEO plugin. -->","yoast_head_json":{"title":"5 Places To Meet Laos Girls - A Farang Abroad","description":"Are you looking to meet Laos girls on your next visa run or tip? Here are the 5 best places to meet Laos women on your next trip","robots":{"index":"index","follow":"follow","max-snippet":"max-snippet:-1","max-image-preview":"max-image-preview:large","max-video-preview":"max-video-preview:-1"},"canonical":"https:\/\/afarangabroad.com\/de\/laos-madchen\/","og_locale":"de_DE","og_type":"article","og_title":"5 Places To Meet Laos Girls - A Farang Abroad","og_description":"Are you looking to meet Laos girls on your next visa run or tip? Here are the 5 best places to meet Laos women on your next trip","og_url":"https:\/\/afarangabroad.com\/de\/laos-madchen\/","og_site_name":"A Farang Abroad","article_modified_time":"2019-01-08T06:03:30+00:00","og_image":[{"width":640,"height":428,"url":"https:\/\/afarangabroad.com\/wp-content\/uploads\/2015\/10\/laos-230260_640.jpg","type":"image\/jpeg"}],"twitter_misc":{"Gesch\u00e4tzte Lesezeit":"6\u00a0Minuten"},"schema":{"@context":"https:\/\/schema.org","@graph":[{"@type":"WebPage","@id":"https:\/\/afarangabroad.com\/laos-girls\/","url":"https:\/\/afarangabroad.com\/laos-girls\/","name":"5 Places To Meet Laos Girls - A Farang Abroad","isPartOf":{"@id":"https:\/\/afarangabroad.com\/#website"},"datePublished":"2015-10-12T13:45:16+00:00","dateModified":"2019-01-08T06:03:30+00:00","description":"Are you looking to meet Laos girls on your next visa run or tip? Here are the 5 best places to meet Laos women on your next trip","breadcrumb":{"@id":"https:\/\/afarangabroad.com\/laos-girls\/#breadcrumb"},"inLanguage":"de","potentialAction":[{"@type":"ReadAction","target":["https:\/\/afarangabroad.com\/laos-girls\/"]}]},{"@type":"BreadcrumbList","@id":"https:\/\/afarangabroad.com\/laos-girls\/#breadcrumb","itemListElement":[{"@type":"ListItem","position":1,"name":"Home","item":"https:\/\/afarangabroad.com\/"},{"@type":"ListItem","position":2,"name":"5 Places To Meet Laos Girls"}]},{"@type":"WebSite","@id":"https:\/\/afarangabroad.com\/#website","url":"https:\/\/afarangabroad.com\/","name":"A Farang Abroad","description":"Your secret guide to Asia&#039;s sexiest nightlife.","potentialAction":[{"@type":"SearchAction","target":{"@type":"EntryPoint","urlTemplate":"https:\/\/afarangabroad.com\/?s={search_term_string}"},"query-input":"required name=search_term_string"}],"inLanguage":"de"}]}},"_links":{"self":[{"href":"https:\/\/afarangabroad.com\/de\/wp-json\/wp\/v2\/pages\/6266"}],"collection":[{"href":"https:\/\/afarangabroad.com\/de\/wp-json\/wp\/v2\/pages"}],"about":[{"href":"https:\/\/afarangabroad.com\/de\/wp-json\/wp\/v2\/types\/page"}],"author":[{"embeddable":true,"href":"https:\/\/afarangabroad.com\/de\/wp-json\/wp\/v2\/users\/2"}],"replies":[{"embeddable":true,"href":"https:\/\/afarangabroad.com\/de\/wp-json\/wp\/v2\/comments?post=6266"}],"version-history":[{"count":0,"href":"https:\/\/afarangabroad.com\/de\/wp-json\/wp\/v2\/pages\/6266\/revisions"}],"wp:featuredmedia":[{"embeddable":true,"href":"https:\/\/afarangabroad.com\/de\/wp-json\/wp\/v2\/media\/6269"}],"wp:attachment":[{"href":"https:\/\/afarangabroad.com\/de\/wp-json\/wp\/v2\/media?parent=6266"}],"wp:term":[{"taxonomy":"category","embeddable":true,"href":"https:\/\/afarangabroad.com\/de\/wp-json\/wp\/v2\/categories?post=6266"},{"taxonomy":"post_tag","embeddable":true,"href":"https:\/\/afarangabroad.com\/de\/wp-json\/wp\/v2\/tags?post=6266"}],"curies":[{"name":"wp","href":"https:\/\/api.w.org\/{rel}","templated":true}]}}