{"id":6307,"date":"2015-10-13T09:12:59","date_gmt":"2015-10-13T08:12:59","guid":{"rendered":"https:\/\/afarangabroad.com\/?page_id=6307"},"modified":"2025-05-14T21:39:23","modified_gmt":"2025-05-14T20:39:23","slug":"hanoi-girls","status":"publish","type":"page","link":"https:\/\/afarangabroad.com\/de\/hanoi-madchen\/","title":{"rendered":"5 beste Orte um Hanoi M\u00e4dchen zu finden"},"content":{"rendered":"<p>Hanoi-M\u00e4dchen sind zwar schwieriger zu bekommen als andere in <a href=\"https:\/\/afarangabroad.com\/de\/laos-madchen\/\" target=\"_blank\" rel=\"noopener noreferrer\">S\u00fcdostasien<\/a> sind sehr leidenschaftlich und offen gegen\u00fcber Ausl\u00e4ndern.<\/p>\n<p>Es ist fast so, dass die M\u00e4dchen in Hanoi dich mehr wegen der englischen Sprache als wegen deines Geldbeutels benutzen.<\/p>\n<p><a href=\"https:\/\/afarangabroad.com\/de\/vietnamesische-amorette\/\" target=\"_blank\" rel=\"noopener noreferrer\"><img loading=\"lazy\" decoding=\"async\" class=\"aligncenter size-large wp-image-7258\" src=\"https:\/\/afarangabroad.com\/wp-content\/uploads\/2016\/06\/Meet-Viet-Girls1-1024x691.png\" alt=\"Meet Viet Girls\" width=\"600\" height=\"405\" srcset=\"https:\/\/afarangabroad.com\/wp-content\/uploads\/2016\/06\/Meet-Viet-Girls1-1024x691.png 1024w, https:\/\/afarangabroad.com\/wp-content\/uploads\/2016\/06\/Meet-Viet-Girls1-300x202.png 300w, https:\/\/afarangabroad.com\/wp-content\/uploads\/2016\/06\/Meet-Viet-Girls1-720x486.png 720w, https:\/\/afarangabroad.com\/wp-content\/uploads\/2016\/06\/Meet-Viet-Girls1.png 1038w\" sizes=\"(max-width: 600px) 100vw, 600px\" \/><\/a><\/p>\n<p>Wenn Sie normale M\u00e4dchen in Hanoi treffen wollen, <a href=\"https:\/\/afarangabroad.com\/de\/vietnamesische-amorette\/\" target=\"_blank\" rel=\"noopener noreferrer\">diesen Artikel lesen<\/a>.<\/p>\n<p>Ein Hinweis zur Vorsicht: Prostitution ist in Vietnam illegal, und viele Hotels verbieten Ihnen, einen Gast mit auf Ihr Zimmer zu nehmen. Pr\u00fcfen Sie vor der Buchung, ob Ihr Hotel <em>gastfreundlich.<\/em><\/p>\n<p>Es gibt viele M\u00f6glichkeiten, eine sexy Hanoi-Dame zu finden, und ich habe dir f\u00fcnf Tipps f\u00fcr den Anfang gegeben.<\/p>\n<h2><strong>1. Vietnam Cupid, um M\u00e4dchen aus Hanoi zu treffen<\/strong><\/h2>\n<p>Die Partnersuche in Hanoi, um Ihre Traumfrau zu finden, kann aufgrund der kulturellen Unterschiede etwas schwierig sein. Am besten meldest du dich auf einer Dating-Website an und findest dein M\u00e4dchen oder deine M\u00e4dchen, bevor du ankommst. <a href=\"https:\/\/afarangabroad.com\/de\/vietnamesische-amorette\/\" target=\"_blank\" rel=\"noopener noreferrer\">Vietnam Amor<\/a> wird von den Frauen in Hanoi bei weitem am meisten genutzt.<\/p>\n<p><a href=\"https:\/\/afarangabroad.com\/de\/vietnamesische-amorette\/\" target=\"_blank\" rel=\"noopener noreferrer\"><img loading=\"lazy\" decoding=\"async\" class=\"aligncenter size-full wp-image-6661\" src=\"https:\/\/afarangabroad.com\/wp-content\/uploads\/2014\/10\/Vietnam-Cupid.jpg\" alt=\"Vietnam Amor\" width=\"336\" height=\"280\" srcset=\"https:\/\/afarangabroad.com\/wp-content\/uploads\/2014\/10\/Vietnam-Cupid.jpg 336w, https:\/\/afarangabroad.com\/wp-content\/uploads\/2014\/10\/Vietnam-Cupid-300x250.jpg 300w\" sizes=\"(max-width: 336px) 100vw, 336px\" \/><\/a><\/p>\n<p>Sie verf\u00fcgen \u00fcber Funktionen wie Chatrooms und Webcams, so dass es einfacher ist, Ihr Date kennen zu lernen, bevor Sie ein pers\u00f6nliches Treffen vereinbaren.<\/p>\n<h2><\/h2>\n<h2 class=\"wp-block-heading\">2. J Spa &amp; Massage<\/h2>\n<figure class=\"wp-block-embed is-provider-youtube wp-block-embed-youtube\">\n<div class=\"wp-block-embed__wrapper\">\n<figure class=\"wp-block-image size-large\"><img loading=\"lazy\" decoding=\"async\" width=\"1024\" height=\"682\" class=\"wp-image-513743\" src=\"https:\/\/afarangabroad.com\/wp-content\/uploads\/2025\/05\/jspa-1024x682.jpeg\" alt=\"\" srcset=\"https:\/\/afarangabroad.com\/wp-content\/uploads\/2025\/05\/jspa-1024x682.jpeg 1024w, https:\/\/afarangabroad.com\/wp-content\/uploads\/2025\/05\/jspa-300x200.jpeg 300w, https:\/\/afarangabroad.com\/wp-content\/uploads\/2025\/05\/jspa-768x512.jpeg 768w, https:\/\/afarangabroad.com\/wp-content\/uploads\/2025\/05\/jspa-1536x1024.jpeg 1536w, https:\/\/afarangabroad.com\/wp-content\/uploads\/2025\/05\/jspa-2048x1365.jpeg 2048w, https:\/\/afarangabroad.com\/wp-content\/uploads\/2025\/05\/jspa-18x12.jpeg 18w\" sizes=\"(max-width: 1024px) 100vw, 1024px\" \/><\/figure>\n<\/div>\n<\/figure>\n<p>Located at 168 Ngoc Khanh Street, Ba Dinh District, Hanoi, J Spa &amp; Massage is a premier destination for gentlemen seeking a refined and high-end relaxation experience in the heart of Vietnam\u2019s capital. This is a newly upgraded facility, following the successful relocation from its former address at Cung Xuan, Vo Thi Sau, where the spa had proudly operated for over six years with a strong reputation and loyal clientele.<\/p>\n<p>J Spa &amp; Massage is best known for its specialization in nuru massage \u2013 a distinctive body-to-body therapy designed to release physical tension, enhance circulation, and provide deep emotional and physical relaxation. Each session is delivered in a private, respectful, and professionally maintained environment.<\/p>","protected":false},"excerpt":{"rendered":"<p>Hanoi girls whilst being harder to get than others in South East Asia are very passionate and open to foreigners. It is almost that Hanoi girls are using you more for the English language that for your wallet. If you want to meet normal girls in Hanoi, read this article. A note of caution prostitution [&hellip;]<\/p>","protected":false},"author":2,"featured_media":6308,"parent":0,"menu_order":0,"comment_status":"open","ping_status":"closed","template":"","meta":{"_exactmetrics_skip_tracking":false,"_exactmetrics_sitenote_active":false,"_exactmetrics_sitenote_note":"","_exactmetrics_sitenote_category":0,"footnotes":""},"categories":[328],"tags":[],"class_list":["post-6307","page","type-page","status-publish","has-post-thumbnail","hentry","category-vietnam"],"yoast_head":"<!-- This site is optimized with the Yoast SEO plugin v20.1 - https:\/\/yoast.com\/wordpress\/plugins\/seo\/ -->\n<title>5 Best Places To Find Hanoi Girls - A Farang Abroad<\/title>\n<meta name=\"description\" content=\"In this article I list the top 5 places you can meet Hanoi girls on your next trip. I suggest places where you can meet normal girls and Hanoi hookers.\" \/>\n<meta name=\"robots\" content=\"index, follow, max-snippet:-1, max-image-preview:large, max-video-preview:-1\" \/>\n<link rel=\"canonical\" href=\"https:\/\/afarangabroad.com\/de\/hanoi-madchen\/\" \/>\n<meta property=\"og:locale\" content=\"de_DE\" \/>\n<meta property=\"og:type\" content=\"article\" \/>\n<meta property=\"og:title\" content=\"5 Best Places To Find Hanoi Girls - A Farang Abroad\" \/>\n<meta property=\"og:description\" content=\"In this article I list the top 5 places you can meet Hanoi girls on your next trip. I suggest places where you can meet normal girls and Hanoi hookers.\" \/>\n<meta property=\"og:url\" content=\"https:\/\/afarangabroad.com\/de\/hanoi-madchen\/\" \/>\n<meta property=\"og:site_name\" content=\"A Farang Abroad\" \/>\n<meta property=\"article:modified_time\" content=\"2025-05-14T20:39:23+00:00\" \/>\n<meta property=\"og:image\" content=\"https:\/\/afarangabroad.com\/wp-content\/uploads\/2015\/10\/heartsickness-428103_640.jpg\" \/>\n\t<meta property=\"og:image:width\" content=\"640\" \/>\n\t<meta property=\"og:image:height\" content=\"423\" \/>\n\t<meta property=\"og:image:type\" content=\"image\/jpeg\" \/>\n<meta name=\"twitter:label1\" content=\"Gesch\u00e4tzte Lesezeit\" \/>\n\t<meta name=\"twitter:data1\" content=\"6\u00a0Minuten\" \/>\n<script type=\"application\/ld+json\" class=\"yoast-schema-graph\">{\"@context\":\"https:\/\/schema.org\",\"@graph\":[{\"@type\":\"WebPage\",\"@id\":\"https:\/\/afarangabroad.com\/hanoi-girls\/\",\"url\":\"https:\/\/afarangabroad.com\/hanoi-girls\/\",\"name\":\"5 Best Places To Find Hanoi Girls - A Farang Abroad\",\"isPartOf\":{\"@id\":\"https:\/\/afarangabroad.com\/#website\"},\"datePublished\":\"2015-10-13T08:12:59+00:00\",\"dateModified\":\"2025-05-14T20:39:23+00:00\",\"description\":\"In this article I list the top 5 places you can meet Hanoi girls on your next trip. I suggest places where you can meet normal girls and Hanoi hookers.\",\"breadcrumb\":{\"@id\":\"https:\/\/afarangabroad.com\/hanoi-girls\/#breadcrumb\"},\"inLanguage\":\"de\",\"potentialAction\":[{\"@type\":\"ReadAction\",\"target\":[\"https:\/\/afarangabroad.com\/hanoi-girls\/\"]}]},{\"@type\":\"BreadcrumbList\",\"@id\":\"https:\/\/afarangabroad.com\/hanoi-girls\/#breadcrumb\",\"itemListElement\":[{\"@type\":\"ListItem\",\"position\":1,\"name\":\"Home\",\"item\":\"https:\/\/afarangabroad.com\/\"},{\"@type\":\"ListItem\",\"position\":2,\"name\":\"5 Best Places To Find Hanoi Girls\"}]},{\"@type\":\"WebSite\",\"@id\":\"https:\/\/afarangabroad.com\/#website\",\"url\":\"https:\/\/afarangabroad.com\/\",\"name\":\"A Farang Abroad\",\"description\":\"Your secret guide to Asia&#039;s sexiest nightlife.\",\"potentialAction\":[{\"@type\":\"SearchAction\",\"target\":{\"@type\":\"EntryPoint\",\"urlTemplate\":\"https:\/\/afarangabroad.com\/?s={search_term_string}\"},\"query-input\":\"required name=search_term_string\"}],\"inLanguage\":\"de\"}]}<\/script>\n<!-- \/ Yoast SEO plugin. -->","yoast_head_json":{"title":"5 Best Places To Find Hanoi Girls - A Farang Abroad","description":"In this article I list the top 5 places you can meet Hanoi girls on your next trip. I suggest places where you can meet normal girls and Hanoi hookers.","robots":{"index":"index","follow":"follow","max-snippet":"max-snippet:-1","max-image-preview":"max-image-preview:large","max-video-preview":"max-video-preview:-1"},"canonical":"https:\/\/afarangabroad.com\/de\/hanoi-madchen\/","og_locale":"de_DE","og_type":"article","og_title":"5 Best Places To Find Hanoi Girls - A Farang Abroad","og_description":"In this article I list the top 5 places you can meet Hanoi girls on your next trip. I suggest places where you can meet normal girls and Hanoi hookers.","og_url":"https:\/\/afarangabroad.com\/de\/hanoi-madchen\/","og_site_name":"A Farang Abroad","article_modified_time":"2025-05-14T20:39:23+00:00","og_image":[{"width":640,"height":423,"url":"https:\/\/afarangabroad.com\/wp-content\/uploads\/2015\/10\/heartsickness-428103_640.jpg","type":"image\/jpeg"}],"twitter_misc":{"Gesch\u00e4tzte Lesezeit":"6\u00a0Minuten"},"schema":{"@context":"https:\/\/schema.org","@graph":[{"@type":"WebPage","@id":"https:\/\/afarangabroad.com\/hanoi-girls\/","url":"https:\/\/afarangabroad.com\/hanoi-girls\/","name":"5 Best Places To Find Hanoi Girls - A Farang Abroad","isPartOf":{"@id":"https:\/\/afarangabroad.com\/#website"},"datePublished":"2015-10-13T08:12:59+00:00","dateModified":"2025-05-14T20:39:23+00:00","description":"In this article I list the top 5 places you can meet Hanoi girls on your next trip. I suggest places where you can meet normal girls and Hanoi hookers.","breadcrumb":{"@id":"https:\/\/afarangabroad.com\/hanoi-girls\/#breadcrumb"},"inLanguage":"de","potentialAction":[{"@type":"ReadAction","target":["https:\/\/afarangabroad.com\/hanoi-girls\/"]}]},{"@type":"BreadcrumbList","@id":"https:\/\/afarangabroad.com\/hanoi-girls\/#breadcrumb","itemListElement":[{"@type":"ListItem","position":1,"name":"Home","item":"https:\/\/afarangabroad.com\/"},{"@type":"ListItem","position":2,"name":"5 Best Places To Find Hanoi Girls"}]},{"@type":"WebSite","@id":"https:\/\/afarangabroad.com\/#website","url":"https:\/\/afarangabroad.com\/","name":"A Farang Abroad","description":"Your secret guide to Asia&#039;s sexiest nightlife.","potentialAction":[{"@type":"SearchAction","target":{"@type":"EntryPoint","urlTemplate":"https:\/\/afarangabroad.com\/?s={search_term_string}"},"query-input":"required name=search_term_string"}],"inLanguage":"de"}]}},"_links":{"self":[{"href":"https:\/\/afarangabroad.com\/de\/wp-json\/wp\/v2\/pages\/6307"}],"collection":[{"href":"https:\/\/afarangabroad.com\/de\/wp-json\/wp\/v2\/pages"}],"about":[{"href":"https:\/\/afarangabroad.com\/de\/wp-json\/wp\/v2\/types\/page"}],"author":[{"embeddable":true,"href":"https:\/\/afarangabroad.com\/de\/wp-json\/wp\/v2\/users\/2"}],"replies":[{"embeddable":true,"href":"https:\/\/afarangabroad.com\/de\/wp-json\/wp\/v2\/comments?post=6307"}],"version-history":[{"count":6,"href":"https:\/\/afarangabroad.com\/de\/wp-json\/wp\/v2\/pages\/6307\/revisions"}],"predecessor-version":[{"id":513777,"href":"https:\/\/afarangabroad.com\/de\/wp-json\/wp\/v2\/pages\/6307\/revisions\/513777"}],"wp:featuredmedia":[{"embeddable":true,"href":"https:\/\/afarangabroad.com\/de\/wp-json\/wp\/v2\/media\/6308"}],"wp:attachment":[{"href":"https:\/\/afarangabroad.com\/de\/wp-json\/wp\/v2\/media?parent=6307"}],"wp:term":[{"taxonomy":"category","embeddable":true,"href":"https:\/\/afarangabroad.com\/de\/wp-json\/wp\/v2\/categories?post=6307"},{"taxonomy":"post_tag","embeddable":true,"href":"https:\/\/afarangabroad.com\/de\/wp-json\/wp\/v2\/tags?post=6307"}],"curies":[{"name":"wp","href":"https:\/\/api.w.org\/{rel}","templated":true}]}}