{"id":6583,"date":"2015-12-12T06:23:35","date_gmt":"2015-12-12T06:23:35","guid":{"rendered":"https:\/\/afarangabroad.com\/?p=6583"},"modified":"2019-09-22T13:36:40","modified_gmt":"2019-09-22T12:36:40","slug":"ladyboys-pattaya","status":"publish","type":"page","link":"https:\/\/afarangabroad.com\/de\/ladyboys-pattaya\/","title":{"rendered":"Wie man Ladyboys in Pattaya findet"},"content":{"rendered":"<p>Ladyboys or katoey, \u2013 it does not matter in Pattaya. Men love them and fantasizes having sex with them. Thailand is not just a country that boasts of bargain shopping for knock offs. It sure does boast of its tropical beaches but one thing that attracts many tourists are the ladyboys.<\/p>\n<p>Wenn Sie diskret Ladyboys in Pattaya finden wollen, <a href=\"https:\/\/afarangabroad.com\/de\/recommends\/ladyboydating\/\">Besuchen Sie diese Dating-Website, damit sie direkt in Ihr Hotel oder Ihre Wohnung kommen<\/a>.<\/p>\n<p><a href=\"https:\/\/afarangabroad.com\/de\/recommends\/ladyboydating\/\"><img loading=\"lazy\" decoding=\"async\" class=\"aligncenter wp-image-7640 size-large\" src=\"https:\/\/afarangabroad.com\/wp-content\/uploads\/2015\/10\/ladyboys-1024x691.png\" alt=\"Ladyboys\" width=\"678\" height=\"458\" srcset=\"https:\/\/afarangabroad.com\/wp-content\/uploads\/2015\/10\/ladyboys-1024x691.png 1024w, https:\/\/afarangabroad.com\/wp-content\/uploads\/2015\/10\/ladyboys-300x202.png 300w, https:\/\/afarangabroad.com\/wp-content\/uploads\/2015\/10\/ladyboys-768x518.png 768w, https:\/\/afarangabroad.com\/wp-content\/uploads\/2015\/10\/ladyboys-720x486.png 720w, https:\/\/afarangabroad.com\/wp-content\/uploads\/2015\/10\/ladyboys.png 1038w\" sizes=\"(max-width: 678px) 100vw, 678px\" \/><\/a><\/p>\n<p>Google the words \u201cladyboys\u201d and most return searches will be <a href=\"https:\/\/afarangabroad.com\/de\/pattaya-bar-girls\/\" target=\"_blank\" rel=\"noopener noreferrer\">Pattaya<\/a>.<\/p>\n<p>Pattaya ist eine Ladyboy-freundliche Stadt, deshalb gibt es dort im Vergleich zu Bangkok viele Ladyboys. Wenn Sie sich f\u00fcr Ladyboys in Pattaya interessieren, k\u00f6nnen wir Ihnen einen Leitfaden geben, wo Sie Ladyboys in der S\u00fcndenstadt S\u00fcdostasiens finden k\u00f6nnen. Falls Sie also die Stadt besuchen, wissen Sie, wo Sie hingehen m\u00fcssen. Hier sind einige der Orte, wo Sie Pattaya Ladyboys finden k\u00f6nnen.<\/p>\n<p>Es gibt mehrere M\u00f6glichkeiten, wie Sie Ladyboys in Pattaya finden k\u00f6nnen. Die Auswahl und Option ist nur durch Ihr Budget begrenzt.<\/p>\n<h2><strong>Ladyboy Bars in Pattaya<br \/>\n<\/strong><\/h2>\n<p>In Pattaya gibt es mehrere Ladyboy-Bars, die sich auf drei Hauptpl\u00e4tze verteilen: Soi 6\/1, Walking Street und Soi 13\/2.<\/p>\n<p><iframe loading=\"lazy\" style=\"border: 0;\" src=\"https:\/\/www.google.com\/maps\/embed?pb=!1m18!1m12!1m3!1d3888.7111935305757!2d100.87075911458605!3d12.926274590885617!2m3!1f0!2f0!3f0!3m2!1i1024!2i768!4f13.1!3m3!1m2!1s0x310296147ab6f935%3A0x3bcfb55d2d0c88f5!2sWalking+Street+Muang+Pattaya%2C+Amphoe+Bang+Lamung%2C+Chang+Wat+Chon+Buri+20150%2C+Thailand!5e0!3m2!1sen!2suk!4v1470837834130\" width=\"400\" height=\"300\" frameborder=\"0\" allowfullscreen=\"allowfullscreen\"><\/iframe><\/p>\n<p>Die Soi 6\/1 ist der Hauptumschlagplatz f\u00fcr die meisten Ladyboy-Bars in der Stadt. Der Ort richtet sich an Touristen und Kunden, die sich gerne mit Ladyboys treffen. Es gibt mehrere Ladyboy-Bars in dieser kurzen Gasse und die meisten Einrichtungen haben auch Kurzzeitzimmer. Sie k\u00f6nnen einfach einen Ladyboy von der Bar abholen, die Bargeb\u00fchr bezahlen und ein Kurzzeitzimmer f\u00fcr Sex mieten.<\/p>\n<p>Ein Drink an der Bar ist nicht wirklich notwendig. Sie k\u00f6nnen einfach direkt zu Ihrem Gesch\u00e4ft \u00fcbergehen. Das Gute daran ist, dass, da der Ort ist nur eine schmale Gasse, k\u00f6nnen Sie diskret sein. Wenn Sie sich Sorgen um Ihr Budget machen, kosten die Pattaya Ladyboys an diesem Ort etwa 1.500 Baht f\u00fcr ihren Service. Wenn Sie gut verhandeln k\u00f6nnen, k\u00f6nnen Sie den Preis auf 1.000 Baht herunterhandeln, also ist ein bisschen Thai-Sprache vielleicht doch nicht so schlecht.<\/p>\n<p>Neben der Soi 6\/1 befindet sich die Walking Street. Im Vergleich zum ersten Ort w\u00e4re es schwierig, diskret zu sein. Es gibt auch Zimmer, die man f\u00fcr kurze Zeit mieten kann und die etwa 300 Baht kosten.<\/p>","protected":false},"excerpt":{"rendered":"<p>Ladyboys or katoey, \u2013 it does not matter in Pattaya. Men love them and fantasizes having sex with them. Thailand is not just a country that boasts of bargain shopping for knock offs. It sure does boast of its tropical beaches but one thing that attracts many tourists are the ladyboys. If you want to [&hellip;]<\/p>","protected":false},"author":2,"featured_media":6168,"parent":0,"menu_order":0,"comment_status":"open","ping_status":"open","template":"","meta":{"_exactmetrics_skip_tracking":false,"_exactmetrics_sitenote_active":false,"_exactmetrics_sitenote_note":"","_exactmetrics_sitenote_category":0,"footnotes":""},"categories":[336],"tags":[],"class_list":["post-6583","page","type-page","status-publish","has-post-thumbnail","hentry","category-ladyboys"],"yoast_head":"<!-- This site is optimized with the Yoast SEO plugin v20.1 - https:\/\/yoast.com\/wordpress\/plugins\/seo\/ -->\n<title>How To Find Ladyboys In Pattaya - A Farang Abroad<\/title>\n<meta name=\"description\" content=\"If you&#039;re searching to find ladyboys in Pattaya, this guide will tell you where to find them online and offline, and what you should expect to pay.\" \/>\n<meta name=\"robots\" content=\"index, follow, max-snippet:-1, max-image-preview:large, max-video-preview:-1\" \/>\n<link rel=\"canonical\" href=\"https:\/\/afarangabroad.com\/de\/ladyboys-pattaya\/\" \/>\n<meta property=\"og:locale\" content=\"de_DE\" \/>\n<meta property=\"og:type\" content=\"article\" \/>\n<meta property=\"og:title\" content=\"How To Find Ladyboys In Pattaya - A Farang Abroad\" \/>\n<meta property=\"og:description\" content=\"If you&#039;re searching to find ladyboys in Pattaya, this guide will tell you where to find them online and offline, and what you should expect to pay.\" \/>\n<meta property=\"og:url\" content=\"https:\/\/afarangabroad.com\/de\/ladyboys-pattaya\/\" \/>\n<meta property=\"og:site_name\" content=\"A Farang Abroad\" \/>\n<meta property=\"article:modified_time\" content=\"2019-09-22T12:36:40+00:00\" \/>\n<meta property=\"og:image\" content=\"https:\/\/afarangabroad.com\/wp-content\/uploads\/2015\/10\/neon-lights-226174_640.jpg\" \/>\n\t<meta property=\"og:image:width\" content=\"640\" \/>\n\t<meta property=\"og:image:height\" content=\"480\" \/>\n\t<meta property=\"og:image:type\" content=\"image\/jpeg\" \/>\n<meta name=\"twitter:label1\" content=\"Gesch\u00e4tzte Lesezeit\" \/>\n\t<meta name=\"twitter:data1\" content=\"5\u00a0Minuten\" \/>\n<script type=\"application\/ld+json\" class=\"yoast-schema-graph\">{\"@context\":\"https:\/\/schema.org\",\"@graph\":[{\"@type\":\"WebPage\",\"@id\":\"https:\/\/afarangabroad.com\/ladyboys-pattaya\/\",\"url\":\"https:\/\/afarangabroad.com\/ladyboys-pattaya\/\",\"name\":\"How To Find Ladyboys In Pattaya - A Farang Abroad\",\"isPartOf\":{\"@id\":\"https:\/\/afarangabroad.com\/#website\"},\"datePublished\":\"2015-12-12T06:23:35+00:00\",\"dateModified\":\"2019-09-22T12:36:40+00:00\",\"description\":\"If you're searching to find ladyboys in Pattaya, this guide will tell you where to find them online and offline, and what you should expect to pay.\",\"breadcrumb\":{\"@id\":\"https:\/\/afarangabroad.com\/ladyboys-pattaya\/#breadcrumb\"},\"inLanguage\":\"de\",\"potentialAction\":[{\"@type\":\"ReadAction\",\"target\":[\"https:\/\/afarangabroad.com\/ladyboys-pattaya\/\"]}]},{\"@type\":\"BreadcrumbList\",\"@id\":\"https:\/\/afarangabroad.com\/ladyboys-pattaya\/#breadcrumb\",\"itemListElement\":[{\"@type\":\"ListItem\",\"position\":1,\"name\":\"Home\",\"item\":\"https:\/\/afarangabroad.com\/\"},{\"@type\":\"ListItem\",\"position\":2,\"name\":\"How To Find Ladyboys In Pattaya\"}]},{\"@type\":\"WebSite\",\"@id\":\"https:\/\/afarangabroad.com\/#website\",\"url\":\"https:\/\/afarangabroad.com\/\",\"name\":\"A Farang Abroad\",\"description\":\"Your secret guide to Asia&#039;s sexiest nightlife.\",\"potentialAction\":[{\"@type\":\"SearchAction\",\"target\":{\"@type\":\"EntryPoint\",\"urlTemplate\":\"https:\/\/afarangabroad.com\/?s={search_term_string}\"},\"query-input\":\"required name=search_term_string\"}],\"inLanguage\":\"de\"}]}<\/script>\n<!-- \/ Yoast SEO plugin. -->","yoast_head_json":{"title":"How To Find Ladyboys In Pattaya - A Farang Abroad","description":"If you're searching to find ladyboys in Pattaya, this guide will tell you where to find them online and offline, and what you should expect to pay.","robots":{"index":"index","follow":"follow","max-snippet":"max-snippet:-1","max-image-preview":"max-image-preview:large","max-video-preview":"max-video-preview:-1"},"canonical":"https:\/\/afarangabroad.com\/de\/ladyboys-pattaya\/","og_locale":"de_DE","og_type":"article","og_title":"How To Find Ladyboys In Pattaya - A Farang Abroad","og_description":"If you're searching to find ladyboys in Pattaya, this guide will tell you where to find them online and offline, and what you should expect to pay.","og_url":"https:\/\/afarangabroad.com\/de\/ladyboys-pattaya\/","og_site_name":"A Farang Abroad","article_modified_time":"2019-09-22T12:36:40+00:00","og_image":[{"width":640,"height":480,"url":"https:\/\/afarangabroad.com\/wp-content\/uploads\/2015\/10\/neon-lights-226174_640.jpg","type":"image\/jpeg"}],"twitter_misc":{"Gesch\u00e4tzte Lesezeit":"5\u00a0Minuten"},"schema":{"@context":"https:\/\/schema.org","@graph":[{"@type":"WebPage","@id":"https:\/\/afarangabroad.com\/ladyboys-pattaya\/","url":"https:\/\/afarangabroad.com\/ladyboys-pattaya\/","name":"How To Find Ladyboys In Pattaya - A Farang Abroad","isPartOf":{"@id":"https:\/\/afarangabroad.com\/#website"},"datePublished":"2015-12-12T06:23:35+00:00","dateModified":"2019-09-22T12:36:40+00:00","description":"If you're searching to find ladyboys in Pattaya, this guide will tell you where to find them online and offline, and what you should expect to pay.","breadcrumb":{"@id":"https:\/\/afarangabroad.com\/ladyboys-pattaya\/#breadcrumb"},"inLanguage":"de","potentialAction":[{"@type":"ReadAction","target":["https:\/\/afarangabroad.com\/ladyboys-pattaya\/"]}]},{"@type":"BreadcrumbList","@id":"https:\/\/afarangabroad.com\/ladyboys-pattaya\/#breadcrumb","itemListElement":[{"@type":"ListItem","position":1,"name":"Home","item":"https:\/\/afarangabroad.com\/"},{"@type":"ListItem","position":2,"name":"How To Find Ladyboys In Pattaya"}]},{"@type":"WebSite","@id":"https:\/\/afarangabroad.com\/#website","url":"https:\/\/afarangabroad.com\/","name":"A Farang Abroad","description":"Your secret guide to Asia&#039;s sexiest nightlife.","potentialAction":[{"@type":"SearchAction","target":{"@type":"EntryPoint","urlTemplate":"https:\/\/afarangabroad.com\/?s={search_term_string}"},"query-input":"required name=search_term_string"}],"inLanguage":"de"}]}},"_links":{"self":[{"href":"https:\/\/afarangabroad.com\/de\/wp-json\/wp\/v2\/pages\/6583"}],"collection":[{"href":"https:\/\/afarangabroad.com\/de\/wp-json\/wp\/v2\/pages"}],"about":[{"href":"https:\/\/afarangabroad.com\/de\/wp-json\/wp\/v2\/types\/page"}],"author":[{"embeddable":true,"href":"https:\/\/afarangabroad.com\/de\/wp-json\/wp\/v2\/users\/2"}],"replies":[{"embeddable":true,"href":"https:\/\/afarangabroad.com\/de\/wp-json\/wp\/v2\/comments?post=6583"}],"version-history":[{"count":0,"href":"https:\/\/afarangabroad.com\/de\/wp-json\/wp\/v2\/pages\/6583\/revisions"}],"wp:featuredmedia":[{"embeddable":true,"href":"https:\/\/afarangabroad.com\/de\/wp-json\/wp\/v2\/media\/6168"}],"wp:attachment":[{"href":"https:\/\/afarangabroad.com\/de\/wp-json\/wp\/v2\/media?parent=6583"}],"wp:term":[{"taxonomy":"category","embeddable":true,"href":"https:\/\/afarangabroad.com\/de\/wp-json\/wp\/v2\/categories?post=6583"},{"taxonomy":"post_tag","embeddable":true,"href":"https:\/\/afarangabroad.com\/de\/wp-json\/wp\/v2\/tags?post=6583"}],"curies":[{"name":"wp","href":"https:\/\/api.w.org\/{rel}","templated":true}]}}