{"id":6712,"date":"2015-12-24T07:00:26","date_gmt":"2015-12-24T07:00:26","guid":{"rendered":"https:\/\/afarangabroad.com\/?p=6712"},"modified":"2020-05-19T05:13:19","modified_gmt":"2020-05-19T04:13:19","slug":"bali-girls","status":"publish","type":"page","link":"https:\/\/afarangabroad.com\/de\/bali-madchen\/","title":{"rendered":"8 Orte zum Kennenlernen von M\u00e4dchen in Bali 2019"},"content":{"rendered":"<p>The small island of Bali is known for it&#8217;s girls and nightlife. Midnight is the time where the actual nightlife in Bali starts.<\/p>\n<p>Wenn Sie Sex haben wollen mit <strong>normale balinesische M\u00e4dchen kostenlos<\/strong>, <a href=\"https:\/\/afarangabroad.com\/de\/indonesian-cupid\/\" target=\"_blank\" rel=\"noopener noreferrer\" data-wplink-edit=\"true\">dann lesen Sie diesen Artikel<\/a>.<\/p>\n<p><a href=\"https:\/\/afarangabroad.com\/de\/indonesian-cupid\/\" target=\"_blank\" rel=\"noopener noreferrer\"><img loading=\"lazy\" decoding=\"async\" class=\"aligncenter size-large wp-image-7261\" src=\"https:\/\/afarangabroad.com\/wp-content\/uploads\/2016\/06\/Bali-Girls1-1024x691.png\" alt=\"Bali Girls\" width=\"600\" height=\"405\" srcset=\"https:\/\/afarangabroad.com\/wp-content\/uploads\/2016\/06\/Bali-Girls1-1024x691.png 1024w, https:\/\/afarangabroad.com\/wp-content\/uploads\/2016\/06\/Bali-Girls1-300x202.png 300w, https:\/\/afarangabroad.com\/wp-content\/uploads\/2016\/06\/Bali-Girls1-720x486.png 720w, https:\/\/afarangabroad.com\/wp-content\/uploads\/2016\/06\/Bali-Girls1.png 1038w\" sizes=\"(max-width: 600px) 100vw, 600px\" \/><\/a><\/p>\n<p>Ausl\u00e4nder kommen normalerweise wegen der Str\u00e4nde, zum Surfen und Feiern nach Bali. Bali ist der beste Ort in S\u00fcdostasien, wenn es ums Feiern geht. Dies ist auch ein gro\u00dfartiger Ort, um Bali M\u00e4dchen zu treffen.<\/p>\n<p><a href=\"https:\/\/afarangabroad.com\/de\/indonesische-frauen\/\" target=\"_blank\" rel=\"noopener noreferrer\">Indonesische M\u00e4dchen<\/a> sind wundersch\u00f6n, haben langes schwarzes Haar, schwarze Augen, volle Lippen, gebr\u00e4unte Haut, eine schlanke Figur und sind im Vergleich zu anderen M\u00e4dchen aus den Nachbarl\u00e4ndern hei\u00df im Bett.<\/p>\n<p>Ich habe eine Liste mit den 7 besten Orten erstellt, an denen man Bali-M\u00e4dchen finden kann, die meist in den Gegenden von Kuta, Sanur und Denpasar zu finden sind.<\/p>\n<p>Before that here&#8217;s a quick overview on what to expect from\u00a0Balinese girls.<\/p>\n<h2>Bali Girls \u00dcbersicht<\/h2>\n<p>If you didn\u2019t know, over 87% of the population in Indonesia is <strong>Muslim<\/strong>.<\/p>\n<p>Verwandt: lernen, wo man findet <a href=\"https:\/\/afarangabroad.com\/de\/sex-jakarta\/\">Sex in Jakarta<\/a>.<\/p>\n<p>In Bali folgen 83,5% der Bev\u00f6lkerung <strong>Balinesischer Hinduismus<\/strong>.<\/p>\n<p>If you\u2019re looking to meet Balinese girls or to find yourself a Balinese girlfriend, Bali has much more of a western culture than the rest of Indonesia.<\/p>","protected":false},"excerpt":{"rendered":"<p>The small island of Bali is known for it&#8217;s girls and nightlife. Midnight is the time where the actual nightlife in Bali starts. If you want to get laid with normal Balinese girls for free, then read this article. Foreigners normally go to Bali because of the beaches, to surf and party. Bali tops all [&hellip;]<\/p>","protected":false},"author":2,"featured_media":6717,"parent":0,"menu_order":0,"comment_status":"open","ping_status":"open","template":"","meta":{"_exactmetrics_skip_tracking":false,"_exactmetrics_sitenote_active":false,"_exactmetrics_sitenote_note":"","_exactmetrics_sitenote_category":0,"footnotes":""},"categories":[318],"tags":[],"class_list":["post-6712","page","type-page","status-publish","has-post-thumbnail","hentry","category-indonesia"],"yoast_head":"<!-- This site is optimized with the Yoast SEO plugin v20.1 - https:\/\/yoast.com\/wordpress\/plugins\/seo\/ -->\n<title>8 Places to Meet Girls in Bali 2019 - A Farang Abroad<\/title>\n<meta name=\"description\" content=\"Learn where to meet Bali girls and tips to finding yourself a Balinese girlfriend on your holiday. With over 2 million women here&#039;s my tips.\" \/>\n<meta name=\"robots\" content=\"index, follow, max-snippet:-1, max-image-preview:large, max-video-preview:-1\" \/>\n<link rel=\"canonical\" href=\"https:\/\/afarangabroad.com\/de\/bali-madchen\/\" \/>\n<meta property=\"og:locale\" content=\"de_DE\" \/>\n<meta property=\"og:type\" content=\"article\" \/>\n<meta property=\"og:title\" content=\"8 Places to Meet Girls in Bali 2019 - A Farang Abroad\" \/>\n<meta property=\"og:description\" content=\"Learn where to meet Bali girls and tips to finding yourself a Balinese girlfriend on your holiday. With over 2 million women here&#039;s my tips.\" \/>\n<meta property=\"og:url\" content=\"https:\/\/afarangabroad.com\/de\/bali-madchen\/\" \/>\n<meta property=\"og:site_name\" content=\"A Farang Abroad\" \/>\n<meta property=\"article:modified_time\" content=\"2020-05-19T04:13:19+00:00\" \/>\n<meta property=\"og:image\" content=\"https:\/\/afarangabroad.com\/wp-content\/uploads\/2015\/12\/pantai-210867_640.jpg\" \/>\n\t<meta property=\"og:image:width\" content=\"640\" \/>\n\t<meta property=\"og:image:height\" content=\"427\" \/>\n\t<meta property=\"og:image:type\" content=\"image\/jpeg\" \/>\n<meta name=\"twitter:label1\" content=\"Gesch\u00e4tzte Lesezeit\" \/>\n\t<meta name=\"twitter:data1\" content=\"15\u00a0Minuten\" \/>\n<script type=\"application\/ld+json\" class=\"yoast-schema-graph\">{\"@context\":\"https:\/\/schema.org\",\"@graph\":[{\"@type\":\"WebPage\",\"@id\":\"https:\/\/afarangabroad.com\/bali-girls\/\",\"url\":\"https:\/\/afarangabroad.com\/bali-girls\/\",\"name\":\"8 Places to Meet Girls in Bali 2019 - A Farang Abroad\",\"isPartOf\":{\"@id\":\"https:\/\/afarangabroad.com\/#website\"},\"datePublished\":\"2015-12-24T07:00:26+00:00\",\"dateModified\":\"2020-05-19T04:13:19+00:00\",\"description\":\"Learn where to meet Bali girls and tips to finding yourself a Balinese girlfriend on your holiday. With over 2 million women here's my tips.\",\"breadcrumb\":{\"@id\":\"https:\/\/afarangabroad.com\/bali-girls\/#breadcrumb\"},\"inLanguage\":\"de\",\"potentialAction\":[{\"@type\":\"ReadAction\",\"target\":[\"https:\/\/afarangabroad.com\/bali-girls\/\"]}]},{\"@type\":\"BreadcrumbList\",\"@id\":\"https:\/\/afarangabroad.com\/bali-girls\/#breadcrumb\",\"itemListElement\":[{\"@type\":\"ListItem\",\"position\":1,\"name\":\"Home\",\"item\":\"https:\/\/afarangabroad.com\/\"},{\"@type\":\"ListItem\",\"position\":2,\"name\":\"8 Places to Meet Girls in Bali 2019\"}]},{\"@type\":\"WebSite\",\"@id\":\"https:\/\/afarangabroad.com\/#website\",\"url\":\"https:\/\/afarangabroad.com\/\",\"name\":\"A Farang Abroad\",\"description\":\"Your secret guide to Asia&#039;s sexiest nightlife.\",\"potentialAction\":[{\"@type\":\"SearchAction\",\"target\":{\"@type\":\"EntryPoint\",\"urlTemplate\":\"https:\/\/afarangabroad.com\/?s={search_term_string}\"},\"query-input\":\"required name=search_term_string\"}],\"inLanguage\":\"de\"}]}<\/script>\n<!-- \/ Yoast SEO plugin. -->","yoast_head_json":{"title":"8 Places to Meet Girls in Bali 2019 - A Farang Abroad","description":"Learn where to meet Bali girls and tips to finding yourself a Balinese girlfriend on your holiday. With over 2 million women here's my tips.","robots":{"index":"index","follow":"follow","max-snippet":"max-snippet:-1","max-image-preview":"max-image-preview:large","max-video-preview":"max-video-preview:-1"},"canonical":"https:\/\/afarangabroad.com\/de\/bali-madchen\/","og_locale":"de_DE","og_type":"article","og_title":"8 Places to Meet Girls in Bali 2019 - A Farang Abroad","og_description":"Learn where to meet Bali girls and tips to finding yourself a Balinese girlfriend on your holiday. With over 2 million women here's my tips.","og_url":"https:\/\/afarangabroad.com\/de\/bali-madchen\/","og_site_name":"A Farang Abroad","article_modified_time":"2020-05-19T04:13:19+00:00","og_image":[{"width":640,"height":427,"url":"https:\/\/afarangabroad.com\/wp-content\/uploads\/2015\/12\/pantai-210867_640.jpg","type":"image\/jpeg"}],"twitter_misc":{"Gesch\u00e4tzte Lesezeit":"15\u00a0Minuten"},"schema":{"@context":"https:\/\/schema.org","@graph":[{"@type":"WebPage","@id":"https:\/\/afarangabroad.com\/bali-girls\/","url":"https:\/\/afarangabroad.com\/bali-girls\/","name":"8 Places to Meet Girls in Bali 2019 - A Farang Abroad","isPartOf":{"@id":"https:\/\/afarangabroad.com\/#website"},"datePublished":"2015-12-24T07:00:26+00:00","dateModified":"2020-05-19T04:13:19+00:00","description":"Learn where to meet Bali girls and tips to finding yourself a Balinese girlfriend on your holiday. With over 2 million women here's my tips.","breadcrumb":{"@id":"https:\/\/afarangabroad.com\/bali-girls\/#breadcrumb"},"inLanguage":"de","potentialAction":[{"@type":"ReadAction","target":["https:\/\/afarangabroad.com\/bali-girls\/"]}]},{"@type":"BreadcrumbList","@id":"https:\/\/afarangabroad.com\/bali-girls\/#breadcrumb","itemListElement":[{"@type":"ListItem","position":1,"name":"Home","item":"https:\/\/afarangabroad.com\/"},{"@type":"ListItem","position":2,"name":"8 Places to Meet Girls in Bali 2019"}]},{"@type":"WebSite","@id":"https:\/\/afarangabroad.com\/#website","url":"https:\/\/afarangabroad.com\/","name":"A Farang Abroad","description":"Your secret guide to Asia&#039;s sexiest nightlife.","potentialAction":[{"@type":"SearchAction","target":{"@type":"EntryPoint","urlTemplate":"https:\/\/afarangabroad.com\/?s={search_term_string}"},"query-input":"required name=search_term_string"}],"inLanguage":"de"}]}},"_links":{"self":[{"href":"https:\/\/afarangabroad.com\/de\/wp-json\/wp\/v2\/pages\/6712"}],"collection":[{"href":"https:\/\/afarangabroad.com\/de\/wp-json\/wp\/v2\/pages"}],"about":[{"href":"https:\/\/afarangabroad.com\/de\/wp-json\/wp\/v2\/types\/page"}],"author":[{"embeddable":true,"href":"https:\/\/afarangabroad.com\/de\/wp-json\/wp\/v2\/users\/2"}],"replies":[{"embeddable":true,"href":"https:\/\/afarangabroad.com\/de\/wp-json\/wp\/v2\/comments?post=6712"}],"version-history":[{"count":0,"href":"https:\/\/afarangabroad.com\/de\/wp-json\/wp\/v2\/pages\/6712\/revisions"}],"wp:featuredmedia":[{"embeddable":true,"href":"https:\/\/afarangabroad.com\/de\/wp-json\/wp\/v2\/media\/6717"}],"wp:attachment":[{"href":"https:\/\/afarangabroad.com\/de\/wp-json\/wp\/v2\/media?parent=6712"}],"wp:term":[{"taxonomy":"category","embeddable":true,"href":"https:\/\/afarangabroad.com\/de\/wp-json\/wp\/v2\/categories?post=6712"},{"taxonomy":"post_tag","embeddable":true,"href":"https:\/\/afarangabroad.com\/de\/wp-json\/wp\/v2\/tags?post=6712"}],"curies":[{"name":"wp","href":"https:\/\/api.w.org\/{rel}","templated":true}]}}