{"id":6714,"date":"2015-12-24T07:18:37","date_gmt":"2015-12-24T07:18:37","guid":{"rendered":"https:\/\/afarangabroad.com\/?p=6714"},"modified":"2024-10-16T06:33:56","modified_gmt":"2024-10-16T05:33:56","slug":"sex-in-manila","status":"publish","type":"page","link":"https:\/\/afarangabroad.com\/de\/sex-in-manila\/","title":{"rendered":"12 Orte, an denen man in Manila Sex finden kann"},"content":{"rendered":"<p>In this guide you&#8217;ll learn the cost of sex in Manila and where to go.<\/p>\n<p>Wie so viele Orte in S\u00fcdostasien sind auch die Philippinen ber\u00fchmt daf\u00fcr, dass sie auch Sextouristen anziehen.<\/p>\n<p>Wenn Sie m\u00f6chten, dass <strong>gratis Sex in Manila bekommen<\/strong>dann <a href=\" \" target=\"_blank\" rel=\"noopener noreferrer\">diesen Artikel lesen<\/a>.<\/p>\n<p><a href=\" \" target=\"_blank\" rel=\"noopener noreferrer\"><img loading=\"lazy\" decoding=\"async\" class=\"aligncenter size-large wp-image-7300\" src=\"https:\/\/afarangabroad.com\/wp-content\/uploads\/2016\/06\/MEET-HOT1-1024x691.png\" alt=\"Filipino girls\" width=\"600\" height=\"405\" srcset=\"https:\/\/afarangabroad.com\/wp-content\/uploads\/2016\/06\/MEET-HOT1-1024x691.png 1024w, https:\/\/afarangabroad.com\/wp-content\/uploads\/2016\/06\/MEET-HOT1-300x202.png 300w, https:\/\/afarangabroad.com\/wp-content\/uploads\/2016\/06\/MEET-HOT1-720x486.png 720w, https:\/\/afarangabroad.com\/wp-content\/uploads\/2016\/06\/MEET-HOT1.png 1038w\" sizes=\"(max-width: 600px) 100vw, 600px\" \/><\/a><\/p>\n<p>Manila is quite vast and developed when it comes to its nightlife and has a lot of options to offer towards different types of foreign men. Of course, meeting girls also means another thing \u2013 sex. It is easy to hook up with Filipino girls in Manila mainly because they speak English better than any other neighboring countries.<\/p>\n<p>Mit ihrem schwarzen Haar, den schwarzen Augen und der schlanken Figur sehen sie auch gut aus. In der Tat gibt es mehrere <a href=\" \">Filipina-M\u00e4dchen<\/a> die bereit sind, Sex zu haben, insbesondere mit ausl\u00e4ndischen M\u00e4nnern, ohne dass Geld im Spiel ist.<\/p>\n<p>Es ist nur eine Frage des Wissens, wo man sie findet. Aber wenn Sie ein paar Bargeld oder Dollar zu er\u00fcbrigen haben und auf der Suche nach einem sofortigen Gelegenheitssex ohne Bedingungen k\u00f6nnen Sie in der Lage sein, sie in einer Menge von Bereichen in Manila zu finden.<\/p>\n<p>Die Frage ist also: Was kostet Sex in Manila?<\/p>\n<p>Zun\u00e4chst m\u00fcssen Sie wissen, dass Manila oder die Philippinen ein tropisches Land sind. Daher ist es besser, in den Monaten Januar und M\u00e4rz zu reisen, da es in dieser Zeit nicht so nass und hei\u00df ist. Sie sollten sie lieber in Ihrer Hose tragen.<\/p>\n<p>Wenn Sie also auf der Suche nach Sex in Manila sind, sind hier einige Dinge, die Sie wissen sollten:<\/p>\n<h2><strong>Online-Dating-Seiten<\/strong><\/h2>\n<p>Filipina-M\u00e4dchen sind leicht anzusprechen. Im Gegensatz zu anderen Frauen aus anderen asiatischen L\u00e4ndern sind sie nicht wirklich f\u00fcr Geld zu haben, es sei denn, sie sind Sexarbeiterinnen (weniger als 5% aller M\u00e4dchen online). Sie k\u00f6nnen sich mit einem lokalen Filipina-M\u00e4dchen treffen und Sex in Manila haben, indem Sie einfach auf Online-Dating-Seiten gehen wie <a href=\" \" target=\"_blank\" rel=\"noopener noreferrer\">Filipino Amor<\/a>.<\/p>","protected":false},"excerpt":{"rendered":"<p>In this guide you&#8217;ll learn the cost of sex in Manila and where to go. Like so many places in South East Asia, the Philippines are also famous due to the fact that it also caters to sex tourists. If you want to get free sex in Manila, then read this article. Manila is quite [&hellip;]<\/p>","protected":false},"author":2,"featured_media":6722,"parent":0,"menu_order":0,"comment_status":"open","ping_status":"open","template":"","meta":{"_exactmetrics_skip_tracking":false,"_exactmetrics_sitenote_active":false,"_exactmetrics_sitenote_note":"","_exactmetrics_sitenote_category":0,"footnotes":""},"categories":[325],"tags":[],"class_list":["post-6714","page","type-page","status-publish","has-post-thumbnail","hentry","category-filipino-dating"],"yoast_head":"<!-- This site is optimized with the Yoast SEO plugin v20.1 - https:\/\/yoast.com\/wordpress\/plugins\/seo\/ -->\n<title>12 Places to Find Sex in Manila - A Farang Abroad<\/title>\n<meta name=\"description\" content=\"Are you wondering what it costs to have sex in Manila? In this article I show you how to get it for free and where you can find it.\" \/>\n<meta name=\"robots\" content=\"index, follow, max-snippet:-1, max-image-preview:large, max-video-preview:-1\" \/>\n<link rel=\"canonical\" href=\"https:\/\/afarangabroad.com\/de\/sex-in-manila\/\" \/>\n<meta property=\"og:locale\" content=\"de_DE\" \/>\n<meta property=\"og:type\" content=\"article\" \/>\n<meta property=\"og:title\" content=\"12 Places to Find Sex in Manila - A Farang Abroad\" \/>\n<meta property=\"og:description\" content=\"Are you wondering what it costs to have sex in Manila? In this article I show you how to get it for free and where you can find it.\" \/>\n<meta property=\"og:url\" content=\"https:\/\/afarangabroad.com\/de\/sex-in-manila\/\" \/>\n<meta property=\"og:site_name\" content=\"A Farang Abroad\" \/>\n<meta property=\"article:modified_time\" content=\"2024-10-16T05:33:56+00:00\" \/>\n<meta property=\"og:image\" content=\"https:\/\/afarangabroad.com\/wp-content\/uploads\/2015\/12\/manila-282943_640.jpg\" \/>\n\t<meta property=\"og:image:width\" content=\"640\" \/>\n\t<meta property=\"og:image:height\" content=\"428\" \/>\n\t<meta property=\"og:image:type\" content=\"image\/jpeg\" \/>\n<meta name=\"twitter:label1\" content=\"Gesch\u00e4tzte Lesezeit\" \/>\n\t<meta name=\"twitter:data1\" content=\"11\u00a0Minuten\" \/>\n<script type=\"application\/ld+json\" class=\"yoast-schema-graph\">{\"@context\":\"https:\/\/schema.org\",\"@graph\":[{\"@type\":\"WebPage\",\"@id\":\"https:\/\/afarangabroad.com\/sex-in-manila\/\",\"url\":\"https:\/\/afarangabroad.com\/sex-in-manila\/\",\"name\":\"12 Places to Find Sex in Manila - A Farang Abroad\",\"isPartOf\":{\"@id\":\"https:\/\/afarangabroad.com\/#website\"},\"datePublished\":\"2015-12-24T07:18:37+00:00\",\"dateModified\":\"2024-10-16T05:33:56+00:00\",\"description\":\"Are you wondering what it costs to have sex in Manila? In this article I show you how to get it for free and where you can find it.\",\"breadcrumb\":{\"@id\":\"https:\/\/afarangabroad.com\/sex-in-manila\/#breadcrumb\"},\"inLanguage\":\"de\",\"potentialAction\":[{\"@type\":\"ReadAction\",\"target\":[\"https:\/\/afarangabroad.com\/sex-in-manila\/\"]}]},{\"@type\":\"BreadcrumbList\",\"@id\":\"https:\/\/afarangabroad.com\/sex-in-manila\/#breadcrumb\",\"itemListElement\":[{\"@type\":\"ListItem\",\"position\":1,\"name\":\"Home\",\"item\":\"https:\/\/afarangabroad.com\/\"},{\"@type\":\"ListItem\",\"position\":2,\"name\":\"12 Places to Find Sex in Manila\"}]},{\"@type\":\"WebSite\",\"@id\":\"https:\/\/afarangabroad.com\/#website\",\"url\":\"https:\/\/afarangabroad.com\/\",\"name\":\"A Farang Abroad\",\"description\":\"Your secret guide to Asia&#039;s sexiest nightlife.\",\"potentialAction\":[{\"@type\":\"SearchAction\",\"target\":{\"@type\":\"EntryPoint\",\"urlTemplate\":\"https:\/\/afarangabroad.com\/?s={search_term_string}\"},\"query-input\":\"required name=search_term_string\"}],\"inLanguage\":\"de\"}]}<\/script>\n<!-- \/ Yoast SEO plugin. -->","yoast_head_json":{"title":"12 Places to Find Sex in Manila - A Farang Abroad","description":"Are you wondering what it costs to have sex in Manila? In this article I show you how to get it for free and where you can find it.","robots":{"index":"index","follow":"follow","max-snippet":"max-snippet:-1","max-image-preview":"max-image-preview:large","max-video-preview":"max-video-preview:-1"},"canonical":"https:\/\/afarangabroad.com\/de\/sex-in-manila\/","og_locale":"de_DE","og_type":"article","og_title":"12 Places to Find Sex in Manila - A Farang Abroad","og_description":"Are you wondering what it costs to have sex in Manila? In this article I show you how to get it for free and where you can find it.","og_url":"https:\/\/afarangabroad.com\/de\/sex-in-manila\/","og_site_name":"A Farang Abroad","article_modified_time":"2024-10-16T05:33:56+00:00","og_image":[{"width":640,"height":428,"url":"https:\/\/afarangabroad.com\/wp-content\/uploads\/2015\/12\/manila-282943_640.jpg","type":"image\/jpeg"}],"twitter_misc":{"Gesch\u00e4tzte Lesezeit":"11\u00a0Minuten"},"schema":{"@context":"https:\/\/schema.org","@graph":[{"@type":"WebPage","@id":"https:\/\/afarangabroad.com\/sex-in-manila\/","url":"https:\/\/afarangabroad.com\/sex-in-manila\/","name":"12 Places to Find Sex in Manila - A Farang Abroad","isPartOf":{"@id":"https:\/\/afarangabroad.com\/#website"},"datePublished":"2015-12-24T07:18:37+00:00","dateModified":"2024-10-16T05:33:56+00:00","description":"Are you wondering what it costs to have sex in Manila? In this article I show you how to get it for free and where you can find it.","breadcrumb":{"@id":"https:\/\/afarangabroad.com\/sex-in-manila\/#breadcrumb"},"inLanguage":"de","potentialAction":[{"@type":"ReadAction","target":["https:\/\/afarangabroad.com\/sex-in-manila\/"]}]},{"@type":"BreadcrumbList","@id":"https:\/\/afarangabroad.com\/sex-in-manila\/#breadcrumb","itemListElement":[{"@type":"ListItem","position":1,"name":"Home","item":"https:\/\/afarangabroad.com\/"},{"@type":"ListItem","position":2,"name":"12 Places to Find Sex in Manila"}]},{"@type":"WebSite","@id":"https:\/\/afarangabroad.com\/#website","url":"https:\/\/afarangabroad.com\/","name":"A Farang Abroad","description":"Your secret guide to Asia&#039;s sexiest nightlife.","potentialAction":[{"@type":"SearchAction","target":{"@type":"EntryPoint","urlTemplate":"https:\/\/afarangabroad.com\/?s={search_term_string}"},"query-input":"required name=search_term_string"}],"inLanguage":"de"}]}},"_links":{"self":[{"href":"https:\/\/afarangabroad.com\/de\/wp-json\/wp\/v2\/pages\/6714"}],"collection":[{"href":"https:\/\/afarangabroad.com\/de\/wp-json\/wp\/v2\/pages"}],"about":[{"href":"https:\/\/afarangabroad.com\/de\/wp-json\/wp\/v2\/types\/page"}],"author":[{"embeddable":true,"href":"https:\/\/afarangabroad.com\/de\/wp-json\/wp\/v2\/users\/2"}],"replies":[{"embeddable":true,"href":"https:\/\/afarangabroad.com\/de\/wp-json\/wp\/v2\/comments?post=6714"}],"version-history":[{"count":7,"href":"https:\/\/afarangabroad.com\/de\/wp-json\/wp\/v2\/pages\/6714\/revisions"}],"predecessor-version":[{"id":513633,"href":"https:\/\/afarangabroad.com\/de\/wp-json\/wp\/v2\/pages\/6714\/revisions\/513633"}],"wp:featuredmedia":[{"embeddable":true,"href":"https:\/\/afarangabroad.com\/de\/wp-json\/wp\/v2\/media\/6722"}],"wp:attachment":[{"href":"https:\/\/afarangabroad.com\/de\/wp-json\/wp\/v2\/media?parent=6714"}],"wp:term":[{"taxonomy":"category","embeddable":true,"href":"https:\/\/afarangabroad.com\/de\/wp-json\/wp\/v2\/categories?post=6714"},{"taxonomy":"post_tag","embeddable":true,"href":"https:\/\/afarangabroad.com\/de\/wp-json\/wp\/v2\/tags?post=6714"}],"curies":[{"name":"wp","href":"https:\/\/api.w.org\/{rel}","templated":true}]}}