{"id":6761,"date":"2015-12-27T07:19:24","date_gmt":"2015-12-27T07:19:24","guid":{"rendered":"https:\/\/afarangabroad.com\/?page_id=6761"},"modified":"2019-09-21T21:56:31","modified_gmt":"2019-09-21T20:56:31","slug":"malaysian-cupid","status":"publish","type":"page","link":"https:\/\/afarangabroad.com\/de\/malaysischer-amor\/","title":{"rendered":"Malaysian Cupid \u00dcberpr\u00fcfung - Treffen Sie hei\u00dfe Einheimische"},"content":{"rendered":"<p>Are you&#8217;re a white male looking to get <strong>umsonst gelegt<\/strong> with normal Malayan girls?\u00a0Then you&#8217;ve come to the right place<\/p>\n<h2><strong>Die Probleme beim Treffen mit westlichen freundlichen M\u00e4dchen in Malaysia <\/strong><\/h2>\n<p>Malaysia ist zwar westlicher als die meisten s\u00fcdostasiatischen L\u00e4nder, aber Sie m\u00fcssen wissen, dass der Gro\u00dfteil der Bev\u00f6lkerung muslimisch ist.<\/p>\n<p>This means two things, most girls you meet on the street will be Muslim and you&#8217;ll have no chance. And most Muslims girls won&#8217;t even date guys before they marry, so getting laid as a western male is difficult.<\/p>\n<p>Allerdings sind die M\u00e4dchen, die Malaysian Cupid benutzen, keine muslimischen M\u00e4dchen und sie stehen auf westliche M\u00e4nner.<a href=\"https:\/\/afarangabroad.com\/de\/recommends\/malaysiancupid\/\"><img loading=\"lazy\" decoding=\"async\" class=\"aligncenter wp-image-6760 size-full\" src=\"https:\/\/afarangabroad.com\/wp-content\/uploads\/2015\/12\/malasyai-cupid.jpg\" alt=\"Malaysischer Amor \" width=\"250\" height=\"250\" srcset=\"https:\/\/afarangabroad.com\/wp-content\/uploads\/2015\/12\/malasyai-cupid.jpg 250w, https:\/\/afarangabroad.com\/wp-content\/uploads\/2015\/12\/malasyai-cupid-150x150.jpg 150w\" sizes=\"(max-width: 250px) 100vw, 250px\" \/><\/a><\/p>\n<p>Local Malaysian men don&#8217;t use Malaysian Cupid as the girls on the site don&#8217;t want local guys. It is only used by tourists and expats who want to meet Malaysian girls. It&#8217;s flooded with girls who are open to meeting guys and having short-term and long-term relationships.<\/p>\n<p>I&#8217;ve been to Kuala Lumpur several times and it&#8217;s really hard to meet normal girls in bars or clubs that will go home with you or even talk to you. Most are very reserved and it&#8217;s very hard to find ones that are receptive due to the strong Muslim culture.<\/p>\n<p>Most are very reserved and it&#8217;s very hard to find ones that are receptive due to the strong Muslim culture. Not to mention that drinking in bars and clubs is quite expensive given the tax on alcohol.<\/p>\n<p>And that&#8217;s where Malaysian Cupid comes in.<\/p>\n<h2><strong>Verabreden Sie sich mit M\u00e4dchen, bevor Sie landen<\/strong><\/h2>\n<p>Das Beste an Malaysian Cupid ist, dass Sie sich schon vor der Landung mit M\u00e4dchen verabreden k\u00f6nnen.<\/p>\n<p>In Malaysia gibt es eine gro\u00dfe Anzahl chinesischer, indischer, thail\u00e4ndischer und sogar malaysischer M\u00e4dchen (mit chinesischem oder anderem Hintergrund), die auf der Suche sind nach <a href=\"https:\/\/afarangabroad.com\/de\/recommends\/malaysiancupid\/\">westliche Jungs treffen und Spa\u00df haben<\/a>.<\/p>\n<p>If you create a profile of you wearing a nice dress shirt and you&#8217;re clean shaven, you&#8217;ll get tons of messages (yes they will message you first) asking to meetup when you land. It&#8217;s ideal to setup a few dates and getting them back to your place isn&#8217;t that hard either.<\/p>","protected":false},"excerpt":{"rendered":"<p>Are you&#8217;re a white male looking to get laid for free with normal Malayan girls?\u00a0Then you&#8217;ve come to the right place The problems with meeting western friendly girls in Malaysia While Malaysia is more westernized than most countries in South East Asia, you need to understand that most of the population is Muslim. This means [&hellip;]<\/p>","protected":false},"author":2,"featured_media":6760,"parent":0,"menu_order":0,"comment_status":"open","ping_status":"closed","template":"","meta":{"_exactmetrics_skip_tracking":false,"_exactmetrics_sitenote_active":false,"_exactmetrics_sitenote_note":"","_exactmetrics_sitenote_category":0,"footnotes":""},"categories":[329],"tags":[],"class_list":["post-6761","page","type-page","status-publish","has-post-thumbnail","hentry","category-laos-camboida-burma"],"yoast_head":"<!-- This site is optimized with the Yoast SEO plugin v20.1 - https:\/\/yoast.com\/wordpress\/plugins\/seo\/ -->\n<title>Malaysian Cupid Review - Meet Hot Locals - A Farang Abroad<\/title>\n<meta name=\"description\" content=\"Looking to meet Malaysian girls on your next holiday here? Then read my review on Malaysian Cupid and how to meet sexy girls for free.\" \/>\n<meta name=\"robots\" content=\"index, follow, max-snippet:-1, max-image-preview:large, max-video-preview:-1\" \/>\n<link rel=\"canonical\" href=\"https:\/\/afarangabroad.com\/de\/malaysischer-amor\/\" \/>\n<meta property=\"og:locale\" content=\"de_DE\" \/>\n<meta property=\"og:type\" content=\"article\" \/>\n<meta property=\"og:title\" content=\"Malaysian Cupid Review - Meet Hot Locals - A Farang Abroad\" \/>\n<meta property=\"og:description\" content=\"Looking to meet Malaysian girls on your next holiday here? Then read my review on Malaysian Cupid and how to meet sexy girls for free.\" \/>\n<meta property=\"og:url\" content=\"https:\/\/afarangabroad.com\/de\/malaysischer-amor\/\" \/>\n<meta property=\"og:site_name\" content=\"A Farang Abroad\" \/>\n<meta property=\"article:modified_time\" content=\"2019-09-21T20:56:31+00:00\" \/>\n<meta property=\"og:image\" content=\"https:\/\/afarangabroad.com\/wp-content\/uploads\/2015\/12\/malasyai-cupid.jpg\" \/>\n\t<meta property=\"og:image:width\" content=\"250\" \/>\n\t<meta property=\"og:image:height\" content=\"250\" \/>\n\t<meta property=\"og:image:type\" content=\"image\/jpeg\" \/>\n<meta name=\"twitter:label1\" content=\"Gesch\u00e4tzte Lesezeit\" \/>\n\t<meta name=\"twitter:data1\" content=\"2\u00a0Minuten\" \/>\n<script type=\"application\/ld+json\" class=\"yoast-schema-graph\">{\"@context\":\"https:\/\/schema.org\",\"@graph\":[{\"@type\":\"WebPage\",\"@id\":\"https:\/\/afarangabroad.com\/malaysian-cupid\/\",\"url\":\"https:\/\/afarangabroad.com\/malaysian-cupid\/\",\"name\":\"Malaysian Cupid Review - Meet Hot Locals - A Farang Abroad\",\"isPartOf\":{\"@id\":\"https:\/\/afarangabroad.com\/#website\"},\"datePublished\":\"2015-12-27T07:19:24+00:00\",\"dateModified\":\"2019-09-21T20:56:31+00:00\",\"description\":\"Looking to meet Malaysian girls on your next holiday here? Then read my review on Malaysian Cupid and how to meet sexy girls for free.\",\"breadcrumb\":{\"@id\":\"https:\/\/afarangabroad.com\/malaysian-cupid\/#breadcrumb\"},\"inLanguage\":\"de\",\"potentialAction\":[{\"@type\":\"ReadAction\",\"target\":[\"https:\/\/afarangabroad.com\/malaysian-cupid\/\"]}]},{\"@type\":\"BreadcrumbList\",\"@id\":\"https:\/\/afarangabroad.com\/malaysian-cupid\/#breadcrumb\",\"itemListElement\":[{\"@type\":\"ListItem\",\"position\":1,\"name\":\"Home\",\"item\":\"https:\/\/afarangabroad.com\/\"},{\"@type\":\"ListItem\",\"position\":2,\"name\":\"Malaysian Cupid Review &#8211; Meet Hot Locals\"}]},{\"@type\":\"WebSite\",\"@id\":\"https:\/\/afarangabroad.com\/#website\",\"url\":\"https:\/\/afarangabroad.com\/\",\"name\":\"A Farang Abroad\",\"description\":\"Your secret guide to Asia&#039;s sexiest nightlife.\",\"potentialAction\":[{\"@type\":\"SearchAction\",\"target\":{\"@type\":\"EntryPoint\",\"urlTemplate\":\"https:\/\/afarangabroad.com\/?s={search_term_string}\"},\"query-input\":\"required name=search_term_string\"}],\"inLanguage\":\"de\"}]}<\/script>\n<!-- \/ Yoast SEO plugin. -->","yoast_head_json":{"title":"Malaysian Cupid Review - Meet Hot Locals - A Farang Abroad","description":"Looking to meet Malaysian girls on your next holiday here? Then read my review on Malaysian Cupid and how to meet sexy girls for free.","robots":{"index":"index","follow":"follow","max-snippet":"max-snippet:-1","max-image-preview":"max-image-preview:large","max-video-preview":"max-video-preview:-1"},"canonical":"https:\/\/afarangabroad.com\/de\/malaysischer-amor\/","og_locale":"de_DE","og_type":"article","og_title":"Malaysian Cupid Review - Meet Hot Locals - A Farang Abroad","og_description":"Looking to meet Malaysian girls on your next holiday here? Then read my review on Malaysian Cupid and how to meet sexy girls for free.","og_url":"https:\/\/afarangabroad.com\/de\/malaysischer-amor\/","og_site_name":"A Farang Abroad","article_modified_time":"2019-09-21T20:56:31+00:00","og_image":[{"width":250,"height":250,"url":"https:\/\/afarangabroad.com\/wp-content\/uploads\/2015\/12\/malasyai-cupid.jpg","type":"image\/jpeg"}],"twitter_misc":{"Gesch\u00e4tzte Lesezeit":"2\u00a0Minuten"},"schema":{"@context":"https:\/\/schema.org","@graph":[{"@type":"WebPage","@id":"https:\/\/afarangabroad.com\/malaysian-cupid\/","url":"https:\/\/afarangabroad.com\/malaysian-cupid\/","name":"Malaysian Cupid Review - Meet Hot Locals - A Farang Abroad","isPartOf":{"@id":"https:\/\/afarangabroad.com\/#website"},"datePublished":"2015-12-27T07:19:24+00:00","dateModified":"2019-09-21T20:56:31+00:00","description":"Looking to meet Malaysian girls on your next holiday here? Then read my review on Malaysian Cupid and how to meet sexy girls for free.","breadcrumb":{"@id":"https:\/\/afarangabroad.com\/malaysian-cupid\/#breadcrumb"},"inLanguage":"de","potentialAction":[{"@type":"ReadAction","target":["https:\/\/afarangabroad.com\/malaysian-cupid\/"]}]},{"@type":"BreadcrumbList","@id":"https:\/\/afarangabroad.com\/malaysian-cupid\/#breadcrumb","itemListElement":[{"@type":"ListItem","position":1,"name":"Home","item":"https:\/\/afarangabroad.com\/"},{"@type":"ListItem","position":2,"name":"Malaysian Cupid Review &#8211; Meet Hot Locals"}]},{"@type":"WebSite","@id":"https:\/\/afarangabroad.com\/#website","url":"https:\/\/afarangabroad.com\/","name":"A Farang Abroad","description":"Your secret guide to Asia&#039;s sexiest nightlife.","potentialAction":[{"@type":"SearchAction","target":{"@type":"EntryPoint","urlTemplate":"https:\/\/afarangabroad.com\/?s={search_term_string}"},"query-input":"required name=search_term_string"}],"inLanguage":"de"}]}},"_links":{"self":[{"href":"https:\/\/afarangabroad.com\/de\/wp-json\/wp\/v2\/pages\/6761"}],"collection":[{"href":"https:\/\/afarangabroad.com\/de\/wp-json\/wp\/v2\/pages"}],"about":[{"href":"https:\/\/afarangabroad.com\/de\/wp-json\/wp\/v2\/types\/page"}],"author":[{"embeddable":true,"href":"https:\/\/afarangabroad.com\/de\/wp-json\/wp\/v2\/users\/2"}],"replies":[{"embeddable":true,"href":"https:\/\/afarangabroad.com\/de\/wp-json\/wp\/v2\/comments?post=6761"}],"version-history":[{"count":0,"href":"https:\/\/afarangabroad.com\/de\/wp-json\/wp\/v2\/pages\/6761\/revisions"}],"wp:featuredmedia":[{"embeddable":true,"href":"https:\/\/afarangabroad.com\/de\/wp-json\/wp\/v2\/media\/6760"}],"wp:attachment":[{"href":"https:\/\/afarangabroad.com\/de\/wp-json\/wp\/v2\/media?parent=6761"}],"wp:term":[{"taxonomy":"category","embeddable":true,"href":"https:\/\/afarangabroad.com\/de\/wp-json\/wp\/v2\/categories?post=6761"},{"taxonomy":"post_tag","embeddable":true,"href":"https:\/\/afarangabroad.com\/de\/wp-json\/wp\/v2\/tags?post=6761"}],"curies":[{"name":"wp","href":"https:\/\/api.w.org\/{rel}","templated":true}]}}