{"id":6827,"date":"2016-01-07T08:36:28","date_gmt":"2016-01-07T08:36:28","guid":{"rendered":"https:\/\/afarangabroad.com\/?p=6827"},"modified":"2024-10-22T03:05:46","modified_gmt":"2024-10-22T02:05:46","slug":"sherbet-bangkok","status":"publish","type":"page","link":"https:\/\/afarangabroad.com\/de\/brausepulver-bangkok\/","title":{"rendered":"Sherbet Bangkok - Gentlemen Club R\u00fcckblick"},"content":{"rendered":"<div class=\"wp-block-group\"><div class=\"wp-block-group__inner-container is-layout-constrained wp-block-group-is-layout-constrained\">\n<p>Sherbet Bangkok is another famous gentleman\u2019s club in the sex tourism capital of Asia. If you are looking to spend lots of money, then Sherbet is the place that you should go to.<\/p>\n<p>Wenn Sie normale Menschen treffen wollen <a href=\"https:\/\/afarangabroad.com\/de\/5-wege-thailandische-bar-madchen-zu-stoppen\/\" target=\"_blank\" rel=\"noopener\">Thail\u00e4ndische M\u00e4dchen<\/a> umsonst, <a href=\"https:\/\/afarangabroad.com\/de\/thai-friendly-dating\/\" target=\"_blank\" rel=\"noopener\">Lesen Sie diesen Artikel<\/a>.<\/p>\n<p><a href=\"https:\/\/afarangabroad.com\/de\/thai-friendly-dating\/\" target=\"_blank\" rel=\"noopener\"><img loading=\"lazy\" decoding=\"async\" class=\"aligncenter size-large wp-image-7403\" src=\"https:\/\/afarangabroad.com\/wp-content\/uploads\/2016\/07\/Meet-Thai-girls1-1024x691-min-1024x691.jpg\" alt=\"Meet-Thai-girls\" width=\"600\" height=\"405\" srcset=\"https:\/\/afarangabroad.com\/wp-content\/uploads\/2016\/07\/Meet-Thai-girls1-1024x691-min.jpg 1024w, https:\/\/afarangabroad.com\/wp-content\/uploads\/2016\/07\/Meet-Thai-girls1-1024x691-min-300x202.jpg 300w, https:\/\/afarangabroad.com\/wp-content\/uploads\/2016\/07\/Meet-Thai-girls1-1024x691-min-768x518.jpg 768w, https:\/\/afarangabroad.com\/wp-content\/uploads\/2016\/07\/Meet-Thai-girls1-1024x691-min-660x445.jpg 660w\" sizes=\"(max-width: 600px) 100vw, 600px\" \/><\/a><\/p>\n<p>The question is, why do men would want to spend money when they can go to other bars or nightclubs to have fun, drink and definitely get laid? This is because there are men who are picky. Women working at gentleman\u2019s club, particularly Sherbet Bangkok are absolutely stunning.<\/p>\n<p>Sie sind die absoluten Gewinner, wenn man sie mit attraktiven M\u00e4dchen vergleicht, die in Nachtclubs und Go-Go-Bars arbeiten.<\/p>\n<h2><strong>Wo befindet sich Sherbet?<\/strong><\/h2>\n<p>Sherbet Bangkok befindet sich in der Sukhumvit Soi 63 und der n\u00e4chstgelegene Bahnhof ist die Ekamai BTS. Das n\u00e4chstgelegene Wahrzeichen ist das gegen\u00fcberliegende Big C Shopping Center, so dass es nicht schwer zu \u00fcbersehen ist.<\/p>\n<p><iframe loading=\"lazy\" style=\"border: 0;\" src=\"https:\/\/www.google.com\/maps\/embed?pb=!1m18!1m12!1m3!1d3875.8361186591796!2d100.58328471464154!3d13.728369801535147!2m3!1f0!2f0!3f0!3m2!1i1024!2i768!4f13.1!3m3!1m2!1s0x30e29fadf2f8b12d%3A0xc357b5d34b08f5f7!2sSherbet+(Ekamai)!5e0!3m2!1sen!2sth!4v1452155471239\" width=\"600\" height=\"450\" frameborder=\"0\" allowfullscreen=\"allowfullscreen\"><\/iframe><\/p>\n<p>Wenn Sie zu Sherbet Bangkok gehen, m\u00fcssen Sie eine Menge Bargeld mitbringen. Dies ist eine weitere gehobene Art der Erwachsenenunterhaltung, die sich an reiche thail\u00e4ndische M\u00e4nner wendet. Westler oder Farangs sind ebenfalls willkommen, solange sie den Mitgliedsbeitrag von 20.000 bis 100.000 Baht zahlen, je nach Vorliebe.<\/p>\n<p>Drinks are usually priced at 200 baht and this is for walk-in or non-members\u2019 price. You are also required to pay for two drinks for you to be able to stay at the club so that would be a total of 400 baht within 1 hour. However, if you sign up to become a member of their club, you will get 10 bottles of Johnny Walker whiskey.<\/p>\n<p>Membership is renewable per year. Another benefit of signing up is that ladies\u2019 drinks are discounted as well. But of course, when you ask for a girl to chat with you \u2013 you would have to pay for that as well. In this type of establishment, money does a whole lot of talking.<\/p>\n<h2>Body Bliss Massage Bangkok<\/h2>\n<\/p>\n\n\n\n<\/p>\n<p>Body Bliss Massage ist eine neue, aber sehr gute Outcall-Massage, wo Sie Handjobs in Bangkok bekommen k\u00f6nnen. Sie bieten Dienstleistungen sowohl f\u00fcr M\u00e4nner als auch f\u00fcr Frauen.<\/p>\n<p>\n\n\n<div class=\"wp-block-image\">\n<figure class=\"aligncenter size-large is-resized\"><a href=\"https:\/\/bodyblissbangkok.com\/\" target=\"_blank\" rel=\"nofollow noopener\"><img loading=\"lazy\" decoding=\"async\" width=\"575\" height=\"1024\" src=\"https:\/\/afarangabroad.com\/wp-content\/uploads\/2023\/12\/body-bliss-massage-575x1024.jpg\" alt=\"body bliss massage\" class=\"wp-image-513386\" style=\"width:399px;height:711px\" srcset=\"https:\/\/afarangabroad.com\/wp-content\/uploads\/2023\/12\/body-bliss-massage-575x1024.jpg 575w, https:\/\/afarangabroad.com\/wp-content\/uploads\/2023\/12\/body-bliss-massage-168x300.jpg 168w, https:\/\/afarangabroad.com\/wp-content\/uploads\/2023\/12\/body-bliss-massage-768x1368.jpg 768w, https:\/\/afarangabroad.com\/wp-content\/uploads\/2023\/12\/body-bliss-massage-862x1536.jpg 862w, https:\/\/afarangabroad.com\/wp-content\/uploads\/2023\/12\/body-bliss-massage.jpg 904w\" sizes=\"(max-width: 575px) 100vw, 575px\" \/><\/a><\/figure><\/div>\n\n\n<p>Sie haben eine Reihe von Massagen einschlie\u00dflich seifig und Prostata. Sie k\u00f6nnen alle ihre M\u00e4dchen sehen, aber besuchen Sie ihre Website unter <a href=\"http:\/\/www.bodyblissbangkok.com\/\" target=\"_blank\" rel=\"nofollow noopener\">BodyBlissBangkok.com<\/a><\/p>\n<h2>Exotisches Bangkok<\/h2>\n<p>Exotic Bangkok ist der neueste Anbieter von Outcall\/Incall-Massagen. Sie haben alles von tantrischen, zu Nuru, zu perversen Massagen. Sie haben einige der besten M\u00e4dchen in Bangkok. F\u00fcr Incall-Massagen finden Sie sie in der Sukhumvit 20. Sie k\u00f6nnen ihre Angebote hier sehen: <a href=\"https:\/\/exoticmassagebangkok.com\/\">ExoticMassageBangkok.com<\/a><\/p>\n<p><a href=\"https:\/\/exoticmassagebangkok.com\/\"><img loading=\"lazy\" decoding=\"async\" class=\"aligncenter wp-image-513539\" src=\"https:\/\/afarangabroad.com\/wp-content\/uploads\/2024\/08\/image_123650291-691x1024.jpg\" alt=\"\" width=\"400\" height=\"593\" srcset=\"https:\/\/afarangabroad.com\/wp-content\/uploads\/2024\/08\/image_123650291-691x1024.jpg 691w, https:\/\/afarangabroad.com\/wp-content\/uploads\/2024\/08\/image_123650291-202x300.jpg 202w, https:\/\/afarangabroad.com\/wp-content\/uploads\/2024\/08\/image_123650291.jpg 700w\" sizes=\"(max-width: 400px) 100vw, 400px\" \/><\/a><\/p>\n<p>\u00a0<\/p>\n<h2><strong>Was befindet sich in Sherbet Bangkok?<\/strong><\/h2>\n<p>Sherbet Bangkok is set up just like any typical g club, bar or nightclub.It&#8217;s quite similar to <a href=\"https:\/\/afarangabroad.com\/de\/the-pimp-bangkok\/\" target=\"_blank\" rel=\"noopener\">Der Zuh\u00e4lter Bangkok<\/a>.<\/p>\n<p>It has a huge stage at the center so that the guests or clients will be entertained by the girls\u2019 dance numbers throughout the entire evening. Most of them are coyote dancers so I guess that would be enough entertainment.<\/p>\n<p>All women working at Sherbet Bangkok are tall and light skinned. They can be mistaken for a model, to be honest. I just couldn\u2019t say more about how stunning they are but you just have to go there and find out yourself.<\/p>\n<p>Es gibt auch gro\u00dfe und bequeme Sofas. Sie haben auch VIP-Zimmer, aber die sind wirklich f\u00fcr M\u00e4nner, die das Geld haben, um mit zu protzen.<\/p>\n<p><iframe loading=\"lazy\" title=\"Sherbet, Gentleman-Club in Ekamai, Bangkok\" width=\"678\" height=\"509\" src=\"https:\/\/www.youtube.com\/embed\/gL0oJP8IpUk?feature=oembed\" frameborder=\"0\" allow=\"accelerometer; autoplay; clipboard-write; encrypted-media; gyroscope; picture-in-picture; web-share\" referrerpolicy=\"strict-origin-when-cross-origin\" allowfullscreen><\/iframe><\/p>\n<p>VIP-R\u00e4ume bedeuten nicht wirklich, dass es sich um einen Ort handelt, an dem du eine kurze Zeit mit den M\u00e4dchen verbringen kannst. Die meisten Frauen, die in den Clubs arbeiten, haben die M\u00f6glichkeit, sich nicht zu Ihnen zu setzen oder mit Ihnen zu sprechen, wenn Sie unh\u00f6flich oder respektlos sind. Denken Sie also daran, dass Sie sich von Ihrer besten Seite zeigen m\u00fcssen.<\/p>\n<p>Dress code is not necessary but it is advisable to wear something more respectable rather than your usual board shorts and flip flops. Remember that patrons of this establishment are rich and powerful. Otherwise, they won\u2019t have the money to spend for the women.<\/p>\n<p>You can be able to take the girls out, but it would require lots of money to spend. Taking them out for expensive dinner and buying them expensive gifts which would sound like you becoming a sugar daddy. So there is no guarantee that you can get laid with a hot Thai girl from Sherbet Bangkok or any gentleman\u2019s club for that matter. There are still some men who would like to play this type of game.<\/p>\n<p><img loading=\"lazy\" decoding=\"async\" class=\"size-full wp-image-6841 aligncenter\" src=\"https:\/\/afarangabroad.com\/wp-content\/uploads\/2016\/01\/10291102_705338282887432_3343662226471268206_n.jpg\" alt=\"Sherbert Bangkok\" width=\"540\" height=\"960\" srcset=\"https:\/\/afarangabroad.com\/wp-content\/uploads\/2016\/01\/10291102_705338282887432_3343662226471268206_n.jpg 540w, https:\/\/afarangabroad.com\/wp-content\/uploads\/2016\/01\/10291102_705338282887432_3343662226471268206_n-169x300.jpg 169w, https:\/\/afarangabroad.com\/wp-content\/uploads\/2016\/01\/10291102_705338282887432_3343662226471268206_n-300x533.jpg 300w\" sizes=\"(max-width: 540px) 100vw, 540px\" \/><\/p>\n<p>Es ist nicht schlimm, wenn Sie h\u00e4ufig in Nachtclubs und Bars gehen. Es ist auch nicht allzu schlimm, wenn Sie versuchen, Ihre <a href=\"https:\/\/afarangabroad.com\/de\/bangkok-clubbing-guide__trashed\/saubere-bangkok-clubs\/\" target=\"_blank\" rel=\"noopener\">Nachtleben in Bangkok<\/a> Szene, indem Sie in Clubs wie dem Sherbet Bangkok gehen. Dies w\u00e4re eine v\u00f6llig andere Umgebung f\u00fcr Sie. Aber erwarte nicht, dass du mit einem der M\u00e4dchen dort Sex hast, denn sie arbeiten dort, um dich zu begleiten oder mit dir zu sitzen und zu trinken, und nicht, um ihre Beine zu spreizen.<\/p>\n<h2><strong>Treffen Sie hei\u00dfe Thai-M\u00e4dchen<\/strong><\/h2>\n<p>Wenn Sie hei\u00dfe Thai-M\u00e4dchen kennenlernen m\u00f6chten, gibt es eine weitere M\u00f6glichkeit. Thai Friendly ist der einfachste, billigste und schnellste Weg, um hei\u00dfe Thaifrauen kennenzulernen.<\/p>\n<p>Sie k\u00f6nnen Ihre Suche herausfiltern, weil ihre Website sehr benutzerfreundlich ist. Sie k\u00f6nnen auch in der Lage sein, nicht nur gute M\u00e4dchen zu treffen, aber wenn Sie auf der Suche nach Sex sind, gibt es auch <a href=\"https:\/\/afarangabroad.com\/de\/bangkok-prostitution\/\" target=\"_blank\" rel=\"noopener\">Prostituierte <\/a>oder Freiberufler, die ihre Profile auf diesen Websites einstellen.<\/p>\n<p>Stellen Sie einfach sicher, dass Sie in der Lage sind, zu erkennen, welches welches ist. Insgesamt gibt es keinen Grund, warum Sie tonnenweise Geld ausgeben sollten, um hei\u00dfe Thai-M\u00e4dchen zu treffen, wenn Sie sie \u00fcber <a href=\"https:\/\/afarangabroad.com\/de\/thai-friendly-dating\/\" target=\"_blank\" rel=\"noopener\">Thail\u00e4ndisch Freundlich<\/a>.<\/p>\n<p><a href=\"https:\/\/afarangabroad.com\/de\/thai-friendly-dating\/\" target=\"_blank\" rel=\"noopener\"><img loading=\"lazy\" decoding=\"async\" class=\"aligncenter size-large wp-image-7403\" src=\"https:\/\/afarangabroad.com\/wp-content\/uploads\/2016\/07\/Meet-Thai-girls1-1024x691-min-1024x691.jpg\" alt=\"Meet-Thai-girls\" width=\"600\" height=\"405\" srcset=\"https:\/\/afarangabroad.com\/wp-content\/uploads\/2016\/07\/Meet-Thai-girls1-1024x691-min.jpg 1024w, https:\/\/afarangabroad.com\/wp-content\/uploads\/2016\/07\/Meet-Thai-girls1-1024x691-min-300x202.jpg 300w, https:\/\/afarangabroad.com\/wp-content\/uploads\/2016\/07\/Meet-Thai-girls1-1024x691-min-768x518.jpg 768w, https:\/\/afarangabroad.com\/wp-content\/uploads\/2016\/07\/Meet-Thai-girls1-1024x691-min-660x445.jpg 660w\" sizes=\"(max-width: 600px) 100vw, 600px\" \/><\/a>Sherbet Facebook-Seite: <a href=\"https:\/\/www.facebook.com\/SherbetExClub\" target=\"_blank\" rel=\"noopener\">https:\/\/www.facebook.com\/SherbetExClub<\/a><\/p>\n<\/div><\/div>","protected":false},"excerpt":{"rendered":"<p>Sherbet Bangkok is another famous gentleman\u2019s club in the sex tourism capital of Asia. If you are looking to spend lots of money, then Sherbet is the place that you should go to. If you want to meet normal Thai girls for free, check out this article. The question is, why do men would want [&hellip;]<\/p>","protected":false},"author":2,"featured_media":6841,"parent":0,"menu_order":0,"comment_status":"open","ping_status":"open","template":"","meta":{"_exactmetrics_skip_tracking":false,"_exactmetrics_sitenote_active":false,"_exactmetrics_sitenote_note":"","_exactmetrics_sitenote_category":0,"footnotes":""},"categories":[298],"tags":[],"class_list":["post-6827","page","type-page","status-publish","has-post-thumbnail","hentry","category-bangkok-nightlife"],"yoast_head":"<!-- This site is optimized with the Yoast SEO plugin v20.1 - https:\/\/yoast.com\/wordpress\/plugins\/seo\/ -->\n<title>Sherbet Bangkok - Gentlemen Club Review - A Farang Abroad<\/title>\n<meta name=\"description\" content=\"Thinking of visiting the G club Sherbet on your next trip to Bangkok? Find out how to get there, how much it costs and what to expect with girls inside.\" \/>\n<meta name=\"robots\" content=\"index, follow, max-snippet:-1, max-image-preview:large, max-video-preview:-1\" \/>\n<link rel=\"canonical\" href=\"https:\/\/afarangabroad.com\/de\/brausepulver-bangkok\/\" \/>\n<meta property=\"og:locale\" content=\"de_DE\" \/>\n<meta property=\"og:type\" content=\"article\" \/>\n<meta property=\"og:title\" content=\"Sherbet Bangkok - Gentlemen Club Review - A Farang Abroad\" \/>\n<meta property=\"og:description\" content=\"Thinking of visiting the G club Sherbet on your next trip to Bangkok? Find out how to get there, how much it costs and what to expect with girls inside.\" \/>\n<meta property=\"og:url\" content=\"https:\/\/afarangabroad.com\/de\/brausepulver-bangkok\/\" \/>\n<meta property=\"og:site_name\" content=\"A Farang Abroad\" \/>\n<meta property=\"article:modified_time\" content=\"2024-10-22T02:05:46+00:00\" \/>\n<meta property=\"og:image\" content=\"https:\/\/afarangabroad.com\/wp-content\/uploads\/2016\/01\/10291102_705338282887432_3343662226471268206_n.jpg\" \/>\n\t<meta property=\"og:image:width\" content=\"540\" \/>\n\t<meta property=\"og:image:height\" content=\"960\" \/>\n\t<meta property=\"og:image:type\" content=\"image\/jpeg\" \/>\n<meta name=\"twitter:label1\" content=\"Gesch\u00e4tzte Lesezeit\" \/>\n\t<meta name=\"twitter:data1\" content=\"6\u00a0Minuten\" \/>\n<script type=\"application\/ld+json\" class=\"yoast-schema-graph\">{\"@context\":\"https:\/\/schema.org\",\"@graph\":[{\"@type\":\"WebPage\",\"@id\":\"https:\/\/afarangabroad.com\/sherbet-bangkok\/\",\"url\":\"https:\/\/afarangabroad.com\/sherbet-bangkok\/\",\"name\":\"Sherbet Bangkok - Gentlemen Club Review - A Farang Abroad\",\"isPartOf\":{\"@id\":\"https:\/\/afarangabroad.com\/#website\"},\"datePublished\":\"2016-01-07T08:36:28+00:00\",\"dateModified\":\"2024-10-22T02:05:46+00:00\",\"description\":\"Thinking of visiting the G club Sherbet on your next trip to Bangkok? Find out how to get there, how much it costs and what to expect with girls inside.\",\"breadcrumb\":{\"@id\":\"https:\/\/afarangabroad.com\/sherbet-bangkok\/#breadcrumb\"},\"inLanguage\":\"de\",\"potentialAction\":[{\"@type\":\"ReadAction\",\"target\":[\"https:\/\/afarangabroad.com\/sherbet-bangkok\/\"]}]},{\"@type\":\"BreadcrumbList\",\"@id\":\"https:\/\/afarangabroad.com\/sherbet-bangkok\/#breadcrumb\",\"itemListElement\":[{\"@type\":\"ListItem\",\"position\":1,\"name\":\"Home\",\"item\":\"https:\/\/afarangabroad.com\/\"},{\"@type\":\"ListItem\",\"position\":2,\"name\":\"Sherbet Bangkok &#8211; Gentlemen Club Review\"}]},{\"@type\":\"WebSite\",\"@id\":\"https:\/\/afarangabroad.com\/#website\",\"url\":\"https:\/\/afarangabroad.com\/\",\"name\":\"A Farang Abroad\",\"description\":\"Your secret guide to Asia&#039;s sexiest nightlife.\",\"potentialAction\":[{\"@type\":\"SearchAction\",\"target\":{\"@type\":\"EntryPoint\",\"urlTemplate\":\"https:\/\/afarangabroad.com\/?s={search_term_string}\"},\"query-input\":\"required name=search_term_string\"}],\"inLanguage\":\"de\"}]}<\/script>\n<!-- \/ Yoast SEO plugin. -->","yoast_head_json":{"title":"Sherbet Bangkok - Gentlemen Club Review - A Farang Abroad","description":"Thinking of visiting the G club Sherbet on your next trip to Bangkok? Find out how to get there, how much it costs and what to expect with girls inside.","robots":{"index":"index","follow":"follow","max-snippet":"max-snippet:-1","max-image-preview":"max-image-preview:large","max-video-preview":"max-video-preview:-1"},"canonical":"https:\/\/afarangabroad.com\/de\/brausepulver-bangkok\/","og_locale":"de_DE","og_type":"article","og_title":"Sherbet Bangkok - Gentlemen Club Review - A Farang Abroad","og_description":"Thinking of visiting the G club Sherbet on your next trip to Bangkok? Find out how to get there, how much it costs and what to expect with girls inside.","og_url":"https:\/\/afarangabroad.com\/de\/brausepulver-bangkok\/","og_site_name":"A Farang Abroad","article_modified_time":"2024-10-22T02:05:46+00:00","og_image":[{"width":540,"height":960,"url":"https:\/\/afarangabroad.com\/wp-content\/uploads\/2016\/01\/10291102_705338282887432_3343662226471268206_n.jpg","type":"image\/jpeg"}],"twitter_misc":{"Gesch\u00e4tzte Lesezeit":"6\u00a0Minuten"},"schema":{"@context":"https:\/\/schema.org","@graph":[{"@type":"WebPage","@id":"https:\/\/afarangabroad.com\/sherbet-bangkok\/","url":"https:\/\/afarangabroad.com\/sherbet-bangkok\/","name":"Sherbet Bangkok - Gentlemen Club Review - A Farang Abroad","isPartOf":{"@id":"https:\/\/afarangabroad.com\/#website"},"datePublished":"2016-01-07T08:36:28+00:00","dateModified":"2024-10-22T02:05:46+00:00","description":"Thinking of visiting the G club Sherbet on your next trip to Bangkok? Find out how to get there, how much it costs and what to expect with girls inside.","breadcrumb":{"@id":"https:\/\/afarangabroad.com\/sherbet-bangkok\/#breadcrumb"},"inLanguage":"de","potentialAction":[{"@type":"ReadAction","target":["https:\/\/afarangabroad.com\/sherbet-bangkok\/"]}]},{"@type":"BreadcrumbList","@id":"https:\/\/afarangabroad.com\/sherbet-bangkok\/#breadcrumb","itemListElement":[{"@type":"ListItem","position":1,"name":"Home","item":"https:\/\/afarangabroad.com\/"},{"@type":"ListItem","position":2,"name":"Sherbet Bangkok &#8211; Gentlemen Club Review"}]},{"@type":"WebSite","@id":"https:\/\/afarangabroad.com\/#website","url":"https:\/\/afarangabroad.com\/","name":"A Farang Abroad","description":"Your secret guide to Asia&#039;s sexiest nightlife.","potentialAction":[{"@type":"SearchAction","target":{"@type":"EntryPoint","urlTemplate":"https:\/\/afarangabroad.com\/?s={search_term_string}"},"query-input":"required name=search_term_string"}],"inLanguage":"de"}]}},"_links":{"self":[{"href":"https:\/\/afarangabroad.com\/de\/wp-json\/wp\/v2\/pages\/6827"}],"collection":[{"href":"https:\/\/afarangabroad.com\/de\/wp-json\/wp\/v2\/pages"}],"about":[{"href":"https:\/\/afarangabroad.com\/de\/wp-json\/wp\/v2\/types\/page"}],"author":[{"embeddable":true,"href":"https:\/\/afarangabroad.com\/de\/wp-json\/wp\/v2\/users\/2"}],"replies":[{"embeddable":true,"href":"https:\/\/afarangabroad.com\/de\/wp-json\/wp\/v2\/comments?post=6827"}],"version-history":[{"count":5,"href":"https:\/\/afarangabroad.com\/de\/wp-json\/wp\/v2\/pages\/6827\/revisions"}],"predecessor-version":[{"id":513567,"href":"https:\/\/afarangabroad.com\/de\/wp-json\/wp\/v2\/pages\/6827\/revisions\/513567"}],"wp:featuredmedia":[{"embeddable":true,"href":"https:\/\/afarangabroad.com\/de\/wp-json\/wp\/v2\/media\/6841"}],"wp:attachment":[{"href":"https:\/\/afarangabroad.com\/de\/wp-json\/wp\/v2\/media?parent=6827"}],"wp:term":[{"taxonomy":"category","embeddable":true,"href":"https:\/\/afarangabroad.com\/de\/wp-json\/wp\/v2\/categories?post=6827"},{"taxonomy":"post_tag","embeddable":true,"href":"https:\/\/afarangabroad.com\/de\/wp-json\/wp\/v2\/tags?post=6827"}],"curies":[{"name":"wp","href":"https:\/\/api.w.org\/{rel}","templated":true}]}}