{"id":6832,"date":"2016-01-09T08:40:48","date_gmt":"2016-01-09T08:40:48","guid":{"rendered":"https:\/\/afarangabroad.com\/?p=6832"},"modified":"2024-10-16T23:34:52","modified_gmt":"2024-10-16T22:34:52","slug":"massage-bali","status":"publish","type":"page","link":"https:\/\/afarangabroad.com\/de\/massage-bali\/","title":{"rendered":"8 Handjob-Massagen auf Bali"},"content":{"rendered":"<div class=\"wp-block-group\">\n<div class=\"wp-block-group__inner-container is-layout-constrained wp-block-group-is-layout-constrained\">\n<p>In this article you&#8217;ll learn where to get the best massages in Bali, including happy endings and full erotic massages.<\/p>\n<p>Wenn Sie nach Indonesien reisen, speziell nach Bali, dann k\u00f6nnen Sie bestimmte Aktivit\u00e4ten unternehmen.<\/p>\n<p>Surfen, Sand, Party, Treffen <a href=\"https:\/\/afarangabroad.com\/de\/bali-madchen\/\" target=\"_blank\" rel=\"noopener noreferrer\">Balinesische M\u00e4dchen<\/a> and of course the famous Bali massage. There are actually two types of Bali massage \u2013 the decent one and the infamous Bali sex massage.<\/p>\n<p>Wenn Sie sich treffen m\u00f6chten <a href=\"https:\/\/afarangabroad.com\/de\/indonesische-frauen\/\">Indonesische M\u00e4dchen<\/a> umsonst, <a href=\"https:\/\/afarangabroad.com\/de\/indonesian-cupid\/\" target=\"_blank\" rel=\"noopener noreferrer\">Lesen Sie diesen Artikel<\/a>.<a href=\"https:\/\/afarangabroad.com\/de\/indonesian-cupid\/\" target=\"_blank\" rel=\"noopener noreferrer\"><img loading=\"lazy\" decoding=\"async\" class=\"aligncenter size-large wp-image-7261\" src=\"https:\/\/afarangabroad.com\/wp-content\/uploads\/2016\/06\/Bali-Girls1-1024x691.png\" alt=\"Bali Girls\" width=\"600\" height=\"405\" srcset=\"https:\/\/afarangabroad.com\/wp-content\/uploads\/2016\/06\/Bali-Girls1-1024x691.png 1024w, https:\/\/afarangabroad.com\/wp-content\/uploads\/2016\/06\/Bali-Girls1-300x202.png 300w, https:\/\/afarangabroad.com\/wp-content\/uploads\/2016\/06\/Bali-Girls1-720x486.png 720w, https:\/\/afarangabroad.com\/wp-content\/uploads\/2016\/06\/Bali-Girls1.png 1038w\" sizes=\"(max-width: 600px) 100vw, 600px\" \/><\/a><\/p>\n<p>In diesem Artikel werde ich Ihnen ein paar Orte nennen, an denen Sie auf Bali Massagen bekommen k\u00f6nnen.<\/p>\n<p>To be more on the fair side, we\u2019ll divide it into two sections \u2013 the legit, decent massage and the most exciting part that is happy ending massage.<\/p>\n<\/div>\n<\/div>\n<h2>Die beste Massage auf Bali?<\/h2>\n<p>Normalerweise fragen die Leute<em>\u00a0<\/em>Wo gibt es die beste Massage auf Bali?<\/p>\n<p>If you&#8217;ve had more than dozen massages before you&#8217;ll know that question is impossible to answer.<\/p>\n<p>Die Botschaft, die Sie erhalten, h\u00e4ngt von einer Reihe von Faktoren ab, unter anderem davon, wie Sie das M\u00e4dchen behandeln und was sie von Ihnen h\u00e4lt.<\/p>\n<p>If she has had a bad day then you\u2019re not going to get the best massage in Bali ever.<\/p>\n<p>The best you can hope for is a great massage.<\/p>","protected":false},"excerpt":{"rendered":"<p>In this article you&#8217;ll learn where to get the best massages in Bali, including happy endings and full erotic massages. If you go to Indonesia specifically in Bali, then there are certain types of activities that you can do. Surf, sand, party, meet Balinese girls and of course the famous Bali massage. There are actually [&hellip;]<\/p>","protected":false},"author":2,"featured_media":6859,"parent":0,"menu_order":0,"comment_status":"open","ping_status":"open","template":"","meta":{"_exactmetrics_skip_tracking":false,"_exactmetrics_sitenote_active":false,"_exactmetrics_sitenote_note":"","_exactmetrics_sitenote_category":0,"footnotes":""},"categories":[318],"tags":[],"class_list":["post-6832","page","type-page","status-publish","has-post-thumbnail","hentry","category-indonesia"],"yoast_head":"<!-- This site is optimized with the Yoast SEO plugin v20.1 - https:\/\/yoast.com\/wordpress\/plugins\/seo\/ -->\n<title>8 Handjob Massages in Bali - A Farang Abroad<\/title>\n<meta name=\"description\" content=\"Looking for a normal Bali massage or a handjob? Find out where you can get normal, sex, erotic and nuru massages in Bali with prices.\" \/>\n<meta name=\"robots\" content=\"index, follow, max-snippet:-1, max-image-preview:large, max-video-preview:-1\" \/>\n<link rel=\"canonical\" href=\"https:\/\/afarangabroad.com\/de\/massage-bali\/\" \/>\n<meta property=\"og:locale\" content=\"de_DE\" \/>\n<meta property=\"og:type\" content=\"article\" \/>\n<meta property=\"og:title\" content=\"8 Handjob Massages in Bali - A Farang Abroad\" \/>\n<meta property=\"og:description\" content=\"Looking for a normal Bali massage or a handjob? Find out where you can get normal, sex, erotic and nuru massages in Bali with prices.\" \/>\n<meta property=\"og:url\" content=\"https:\/\/afarangabroad.com\/de\/massage-bali\/\" \/>\n<meta property=\"og:site_name\" content=\"A Farang Abroad\" \/>\n<meta property=\"article:modified_time\" content=\"2024-10-16T22:34:52+00:00\" \/>\n<meta property=\"og:image\" content=\"https:\/\/afarangabroad.com\/wp-content\/uploads\/2016\/01\/spa-686388_640.jpg\" \/>\n\t<meta property=\"og:image:width\" content=\"640\" \/>\n\t<meta property=\"og:image:height\" content=\"425\" \/>\n\t<meta property=\"og:image:type\" content=\"image\/jpeg\" \/>\n<meta name=\"twitter:label1\" content=\"Gesch\u00e4tzte Lesezeit\" \/>\n\t<meta name=\"twitter:data1\" content=\"12\u00a0Minuten\" \/>\n<script type=\"application\/ld+json\" class=\"yoast-schema-graph\">{\"@context\":\"https:\/\/schema.org\",\"@graph\":[{\"@type\":\"WebPage\",\"@id\":\"https:\/\/afarangabroad.com\/massage-bali\/\",\"url\":\"https:\/\/afarangabroad.com\/massage-bali\/\",\"name\":\"8 Handjob Massages in Bali - A Farang Abroad\",\"isPartOf\":{\"@id\":\"https:\/\/afarangabroad.com\/#website\"},\"datePublished\":\"2016-01-09T08:40:48+00:00\",\"dateModified\":\"2024-10-16T22:34:52+00:00\",\"description\":\"Looking for a normal Bali massage or a handjob? Find out where you can get normal, sex, erotic and nuru massages in Bali with prices.\",\"breadcrumb\":{\"@id\":\"https:\/\/afarangabroad.com\/massage-bali\/#breadcrumb\"},\"inLanguage\":\"de\",\"potentialAction\":[{\"@type\":\"ReadAction\",\"target\":[\"https:\/\/afarangabroad.com\/massage-bali\/\"]}]},{\"@type\":\"BreadcrumbList\",\"@id\":\"https:\/\/afarangabroad.com\/massage-bali\/#breadcrumb\",\"itemListElement\":[{\"@type\":\"ListItem\",\"position\":1,\"name\":\"Home\",\"item\":\"https:\/\/afarangabroad.com\/\"},{\"@type\":\"ListItem\",\"position\":2,\"name\":\"8 Handjob Massages in Bali\"}]},{\"@type\":\"WebSite\",\"@id\":\"https:\/\/afarangabroad.com\/#website\",\"url\":\"https:\/\/afarangabroad.com\/\",\"name\":\"A Farang Abroad\",\"description\":\"Your secret guide to Asia&#039;s sexiest nightlife.\",\"potentialAction\":[{\"@type\":\"SearchAction\",\"target\":{\"@type\":\"EntryPoint\",\"urlTemplate\":\"https:\/\/afarangabroad.com\/?s={search_term_string}\"},\"query-input\":\"required name=search_term_string\"}],\"inLanguage\":\"de\"}]}<\/script>\n<!-- \/ Yoast SEO plugin. -->","yoast_head_json":{"title":"8 Handjob Massages in Bali - A Farang Abroad","description":"Looking for a normal Bali massage or a handjob? Find out where you can get normal, sex, erotic and nuru massages in Bali with prices.","robots":{"index":"index","follow":"follow","max-snippet":"max-snippet:-1","max-image-preview":"max-image-preview:large","max-video-preview":"max-video-preview:-1"},"canonical":"https:\/\/afarangabroad.com\/de\/massage-bali\/","og_locale":"de_DE","og_type":"article","og_title":"8 Handjob Massages in Bali - A Farang Abroad","og_description":"Looking for a normal Bali massage or a handjob? Find out where you can get normal, sex, erotic and nuru massages in Bali with prices.","og_url":"https:\/\/afarangabroad.com\/de\/massage-bali\/","og_site_name":"A Farang Abroad","article_modified_time":"2024-10-16T22:34:52+00:00","og_image":[{"width":640,"height":425,"url":"https:\/\/afarangabroad.com\/wp-content\/uploads\/2016\/01\/spa-686388_640.jpg","type":"image\/jpeg"}],"twitter_misc":{"Gesch\u00e4tzte Lesezeit":"12\u00a0Minuten"},"schema":{"@context":"https:\/\/schema.org","@graph":[{"@type":"WebPage","@id":"https:\/\/afarangabroad.com\/massage-bali\/","url":"https:\/\/afarangabroad.com\/massage-bali\/","name":"8 Handjob Massages in Bali - A Farang Abroad","isPartOf":{"@id":"https:\/\/afarangabroad.com\/#website"},"datePublished":"2016-01-09T08:40:48+00:00","dateModified":"2024-10-16T22:34:52+00:00","description":"Looking for a normal Bali massage or a handjob? Find out where you can get normal, sex, erotic and nuru massages in Bali with prices.","breadcrumb":{"@id":"https:\/\/afarangabroad.com\/massage-bali\/#breadcrumb"},"inLanguage":"de","potentialAction":[{"@type":"ReadAction","target":["https:\/\/afarangabroad.com\/massage-bali\/"]}]},{"@type":"BreadcrumbList","@id":"https:\/\/afarangabroad.com\/massage-bali\/#breadcrumb","itemListElement":[{"@type":"ListItem","position":1,"name":"Home","item":"https:\/\/afarangabroad.com\/"},{"@type":"ListItem","position":2,"name":"8 Handjob Massages in Bali"}]},{"@type":"WebSite","@id":"https:\/\/afarangabroad.com\/#website","url":"https:\/\/afarangabroad.com\/","name":"A Farang Abroad","description":"Your secret guide to Asia&#039;s sexiest nightlife.","potentialAction":[{"@type":"SearchAction","target":{"@type":"EntryPoint","urlTemplate":"https:\/\/afarangabroad.com\/?s={search_term_string}"},"query-input":"required name=search_term_string"}],"inLanguage":"de"}]}},"_links":{"self":[{"href":"https:\/\/afarangabroad.com\/de\/wp-json\/wp\/v2\/pages\/6832"}],"collection":[{"href":"https:\/\/afarangabroad.com\/de\/wp-json\/wp\/v2\/pages"}],"about":[{"href":"https:\/\/afarangabroad.com\/de\/wp-json\/wp\/v2\/types\/page"}],"author":[{"embeddable":true,"href":"https:\/\/afarangabroad.com\/de\/wp-json\/wp\/v2\/users\/2"}],"replies":[{"embeddable":true,"href":"https:\/\/afarangabroad.com\/de\/wp-json\/wp\/v2\/comments?post=6832"}],"version-history":[{"count":6,"href":"https:\/\/afarangabroad.com\/de\/wp-json\/wp\/v2\/pages\/6832\/revisions"}],"predecessor-version":[{"id":513477,"href":"https:\/\/afarangabroad.com\/de\/wp-json\/wp\/v2\/pages\/6832\/revisions\/513477"}],"wp:featuredmedia":[{"embeddable":true,"href":"https:\/\/afarangabroad.com\/de\/wp-json\/wp\/v2\/media\/6859"}],"wp:attachment":[{"href":"https:\/\/afarangabroad.com\/de\/wp-json\/wp\/v2\/media?parent=6832"}],"wp:term":[{"taxonomy":"category","embeddable":true,"href":"https:\/\/afarangabroad.com\/de\/wp-json\/wp\/v2\/categories?post=6832"},{"taxonomy":"post_tag","embeddable":true,"href":"https:\/\/afarangabroad.com\/de\/wp-json\/wp\/v2\/tags?post=6832"}],"curies":[{"name":"wp","href":"https:\/\/api.w.org\/{rel}","templated":true}]}}