{"id":6949,"date":"2016-02-10T09:37:45","date_gmt":"2016-02-10T09:37:45","guid":{"rendered":"https:\/\/afarangabroad.com\/?p=6949"},"modified":"2019-01-08T06:25:30","modified_gmt":"2019-01-08T06:25:30","slug":"laos-nightlife","status":"publish","type":"page","link":"https:\/\/afarangabroad.com\/de\/laos-nachtleben\/","title":{"rendered":"Ultimativer Nachtleben-F\u00fchrer f\u00fcr Touristen in Laos"},"content":{"rendered":"<p>Laos ist ein bekanntes Land, das als Binnenstaat voller \u00dcberraschungen steckt, und wenn Sie einen Ort suchen, an dem Sie Ihren Urlaub verbringen oder einfach nur entspannen und mit Freunden Spa\u00df haben k\u00f6nnen.<\/p>\n<p>Wenn Sie m\u00f6chten, dass <strong>flachgelegt werden<\/strong> mit <a href=\"https:\/\/afarangabroad.com\/de\/laos-madchen\/\" target=\"_blank\" rel=\"noopener\">Laos M\u00e4dchen<\/a>, <a href=\"https:\/\/afarangabroad.com\/de\/asiatische-partnersuche\/\" target=\"_blank\" rel=\"noopener\">Lesen Sie diesen Artikel<\/a>.<\/p>\n<p>Laos ist einer der besten Orte, an denen man das gebirgige n\u00f6rdliche Hochland und nat\u00fcrlich die ber\u00fchmten 4.000 Inseln des Mekong-Flusses vorfindet, was dem Land eine unglaublich vielf\u00e4ltige Geografie verleiht, die perfekt zu seiner farbenfrohen Kultur passt.<\/p>\n<p>Genau wie einige andere touristische L\u00e4nder und St\u00e4dte, die wir kannten, versucht Laos auch, Touristen anzuziehen, um ihren Ort zu besuchen und einen guten Markt durch sie zu erreichen. Laos ist auch in der Phase der Entwicklung und Innovation, um in der Lage zu sein, mit anderen L\u00e4ndern und St\u00e4dten zu konkurrieren, und viele Reisende und Rucksacktouristen waren auch in der Lage, dieses unerschlossene Juwel in S\u00fcdostasien zu entdecken, und ein Teil seiner Entwicklungsstufen sind seine nat\u00fcrlichen Highlights, sch\u00f6ne Tempel, ethnische D\u00f6rfer, Museen, Nacht- und Morgenmarkt, und nat\u00fcrlich das Nachtleben in Vientiane.<\/p>\n<p>Nach der Entwicklung der sch\u00f6nen Stadt Laos hat das verschlafene Fischerst\u00e4dtchen am Mekong endlich seine Stimme gefunden und ist zu einer gro\u00dfen Attraktion f\u00fcr Touristen geworden.<\/p>\n<p>We can already find a lot of bars and pubs in the city in where we can spend the entire night when staying at Laos. As Laos tries to go with the trend we are in today, we can already find a nightlife that is located at the majestic river in the city\u2019s heart which is truly one of the city\u2019s major attractions to its visitors. I actually have a list of bars here which I highly recommend.<\/p>\n<h2><strong>Verzeichnisse von Bars und Kneipen in Laos<\/strong><\/h2>\n<h2><strong>Geisterhaus<\/strong><\/h2>\n<p>Spirit House ist eine bekannte Bar und ein Restaurant im Bezirk Sikhottabong in Vientiane, das von 7:00 Uhr morgens bis 23:00 Uhr abends ge\u00f6ffnet ist.<\/p>\n<p>Viele Leute lieben diese Bar, denn sie bietet ein sch\u00f6nes Fr\u00fchst\u00fcck am Wasser, lokale K\u00f6stlichkeiten zum Mittagessen und eine Auswahl an Tapas bei der Beobachtung des sch\u00f6nen Sonnenuntergangs, die diese Bar und Restaurant f\u00fcr seine Kunden f\u00fcr den ganzen Tag vor allem w\u00e4hrend der Laos Nachtleben zur Verf\u00fcgung gestellt.<\/p>\n<p>Was die Leute an dieser stilvollen Lounge-Bar ebenfalls lieben, ist das h\u00f6lzerne Interieur und die gro\u00dfartige Hintergrundmusik, die ein gehobenes Ambiente schafft, das Einheimische und Auswanderer anzieht, ohne dass sie \u00fcberhaupt daran denken, dass sie ihr Geld verprassen. Spirit House bietet den ganzen Tag \u00fcber Speisen an, die von Burgern bis zu Sushi reichen, und nat\u00fcrlich werden auch Spirituosen, Weine, Cocktails und internationale Biere serviert, die perfekt sind, w\u00e4hrend man mit Freunden den Sonnenuntergang \u00fcber dem Mekong beobachtet und auf das erwartete Nachtleben in Vientiane wartet.<\/p>\n<p><iframe loading=\"lazy\" style=\"border: 0;\" src=\"https:\/\/www.google.com\/maps\/embed?pb=!1m14!1m8!1m3!1d15181.06994592043!2d102.5954452!3d17.9662881!3m2!1i1024!2i768!4f13.1!3m3!1m2!1s0x0%3A0xa53aafdfb8348c74!2sThe+Spirit+House!5e0!3m2!1sen!2sth!4v1455096583069\" width=\"600\" height=\"450\" frameborder=\"0\" allowfullscreen=\"allowfullscreen\"><\/iframe><\/p>\n<h3><strong>Lao Bowling Centre<\/strong><\/h3>\n<p>Eine der meistbesuchten Bars in Vientiane ist die Bowlingbahn am Boulevard Khunbulom, wo Sie eine lebhafte Nacht mit fr\u00f6hlichen Einheimischen, kaltem Bier und lauter Musik erleben k\u00f6nnen. Diese Bowlingbahn in Vientiane ist der beste Ort f\u00fcr Sie, wenn Sie auf der Suche nach Laoten aus der Mittelschicht sind, die Spa\u00df haben. Sie ist von 9:00 bis 1:00 Uhr nachts ge\u00f6ffnet, manchmal auch sp\u00e4ter, vor allem, wenn der Ort belebter ist.<\/p>","protected":false},"excerpt":{"rendered":"<p>Laos is a well-known country for being a landlocked nation that has full of surprises and if you are looking for a place to spend your holiday or just simply chill-out and have fun with some friends. If you want to get laid with Laos girls, check out this article. Laos is one of the [&hellip;]<\/p>","protected":false},"author":2,"featured_media":6591,"parent":0,"menu_order":0,"comment_status":"open","ping_status":"open","template":"","meta":{"_exactmetrics_skip_tracking":false,"_exactmetrics_sitenote_active":false,"_exactmetrics_sitenote_note":"","_exactmetrics_sitenote_category":0,"footnotes":""},"categories":[329],"tags":[],"class_list":["post-6949","page","type-page","status-publish","has-post-thumbnail","hentry","category-laos-camboida-burma"],"yoast_head":"<!-- This site is optimized with the Yoast SEO plugin v20.1 - https:\/\/yoast.com\/wordpress\/plugins\/seo\/ -->\n<title>Ultimate Nightlife Guide To Laos For Tourists - A Farang Abroad<\/title>\n<meta name=\"description\" content=\"The ultimate Laos nightlife guide. Not sure where to go in Vientiane nightlife, I&#039;ve listed the best bars and nightclubs in the area.\" \/>\n<meta name=\"robots\" content=\"index, follow, max-snippet:-1, max-image-preview:large, max-video-preview:-1\" \/>\n<link rel=\"canonical\" href=\"https:\/\/afarangabroad.com\/de\/laos-nachtleben\/\" \/>\n<meta property=\"og:locale\" content=\"de_DE\" \/>\n<meta property=\"og:type\" content=\"article\" \/>\n<meta property=\"og:title\" content=\"Ultimate Nightlife Guide To Laos For Tourists - A Farang Abroad\" \/>\n<meta property=\"og:description\" content=\"The ultimate Laos nightlife guide. Not sure where to go in Vientiane nightlife, I&#039;ve listed the best bars and nightclubs in the area.\" \/>\n<meta property=\"og:url\" content=\"https:\/\/afarangabroad.com\/de\/laos-nachtleben\/\" \/>\n<meta property=\"og:site_name\" content=\"A Farang Abroad\" \/>\n<meta property=\"article:modified_time\" content=\"2019-01-08T06:25:30+00:00\" \/>\n<meta property=\"og:image\" content=\"https:\/\/afarangabroad.com\/wp-content\/uploads\/2015\/12\/dj-720589_640.jpg\" \/>\n\t<meta property=\"og:image:width\" content=\"640\" \/>\n\t<meta property=\"og:image:height\" content=\"426\" \/>\n\t<meta property=\"og:image:type\" content=\"image\/jpeg\" \/>\n<meta name=\"twitter:label1\" content=\"Gesch\u00e4tzte Lesezeit\" \/>\n\t<meta name=\"twitter:data1\" content=\"8\u00a0Minuten\" \/>\n<script type=\"application\/ld+json\" class=\"yoast-schema-graph\">{\"@context\":\"https:\/\/schema.org\",\"@graph\":[{\"@type\":\"WebPage\",\"@id\":\"https:\/\/afarangabroad.com\/laos-nightlife\/\",\"url\":\"https:\/\/afarangabroad.com\/laos-nightlife\/\",\"name\":\"Ultimate Nightlife Guide To Laos For Tourists - A Farang Abroad\",\"isPartOf\":{\"@id\":\"https:\/\/afarangabroad.com\/#website\"},\"datePublished\":\"2016-02-10T09:37:45+00:00\",\"dateModified\":\"2019-01-08T06:25:30+00:00\",\"description\":\"The ultimate Laos nightlife guide. Not sure where to go in Vientiane nightlife, I've listed the best bars and nightclubs in the area.\",\"breadcrumb\":{\"@id\":\"https:\/\/afarangabroad.com\/laos-nightlife\/#breadcrumb\"},\"inLanguage\":\"de\",\"potentialAction\":[{\"@type\":\"ReadAction\",\"target\":[\"https:\/\/afarangabroad.com\/laos-nightlife\/\"]}]},{\"@type\":\"BreadcrumbList\",\"@id\":\"https:\/\/afarangabroad.com\/laos-nightlife\/#breadcrumb\",\"itemListElement\":[{\"@type\":\"ListItem\",\"position\":1,\"name\":\"Home\",\"item\":\"https:\/\/afarangabroad.com\/\"},{\"@type\":\"ListItem\",\"position\":2,\"name\":\"Ultimate Nightlife Guide To Laos For Tourists\"}]},{\"@type\":\"WebSite\",\"@id\":\"https:\/\/afarangabroad.com\/#website\",\"url\":\"https:\/\/afarangabroad.com\/\",\"name\":\"A Farang Abroad\",\"description\":\"Your secret guide to Asia&#039;s sexiest nightlife.\",\"potentialAction\":[{\"@type\":\"SearchAction\",\"target\":{\"@type\":\"EntryPoint\",\"urlTemplate\":\"https:\/\/afarangabroad.com\/?s={search_term_string}\"},\"query-input\":\"required name=search_term_string\"}],\"inLanguage\":\"de\"}]}<\/script>\n<!-- \/ Yoast SEO plugin. -->","yoast_head_json":{"title":"Ultimate Nightlife Guide To Laos For Tourists - A Farang Abroad","description":"The ultimate Laos nightlife guide. Not sure where to go in Vientiane nightlife, I've listed the best bars and nightclubs in the area.","robots":{"index":"index","follow":"follow","max-snippet":"max-snippet:-1","max-image-preview":"max-image-preview:large","max-video-preview":"max-video-preview:-1"},"canonical":"https:\/\/afarangabroad.com\/de\/laos-nachtleben\/","og_locale":"de_DE","og_type":"article","og_title":"Ultimate Nightlife Guide To Laos For Tourists - A Farang Abroad","og_description":"The ultimate Laos nightlife guide. Not sure where to go in Vientiane nightlife, I've listed the best bars and nightclubs in the area.","og_url":"https:\/\/afarangabroad.com\/de\/laos-nachtleben\/","og_site_name":"A Farang Abroad","article_modified_time":"2019-01-08T06:25:30+00:00","og_image":[{"width":640,"height":426,"url":"https:\/\/afarangabroad.com\/wp-content\/uploads\/2015\/12\/dj-720589_640.jpg","type":"image\/jpeg"}],"twitter_misc":{"Gesch\u00e4tzte Lesezeit":"8\u00a0Minuten"},"schema":{"@context":"https:\/\/schema.org","@graph":[{"@type":"WebPage","@id":"https:\/\/afarangabroad.com\/laos-nightlife\/","url":"https:\/\/afarangabroad.com\/laos-nightlife\/","name":"Ultimate Nightlife Guide To Laos For Tourists - A Farang Abroad","isPartOf":{"@id":"https:\/\/afarangabroad.com\/#website"},"datePublished":"2016-02-10T09:37:45+00:00","dateModified":"2019-01-08T06:25:30+00:00","description":"The ultimate Laos nightlife guide. Not sure where to go in Vientiane nightlife, I've listed the best bars and nightclubs in the area.","breadcrumb":{"@id":"https:\/\/afarangabroad.com\/laos-nightlife\/#breadcrumb"},"inLanguage":"de","potentialAction":[{"@type":"ReadAction","target":["https:\/\/afarangabroad.com\/laos-nightlife\/"]}]},{"@type":"BreadcrumbList","@id":"https:\/\/afarangabroad.com\/laos-nightlife\/#breadcrumb","itemListElement":[{"@type":"ListItem","position":1,"name":"Home","item":"https:\/\/afarangabroad.com\/"},{"@type":"ListItem","position":2,"name":"Ultimate Nightlife Guide To Laos For Tourists"}]},{"@type":"WebSite","@id":"https:\/\/afarangabroad.com\/#website","url":"https:\/\/afarangabroad.com\/","name":"A Farang Abroad","description":"Your secret guide to Asia&#039;s sexiest nightlife.","potentialAction":[{"@type":"SearchAction","target":{"@type":"EntryPoint","urlTemplate":"https:\/\/afarangabroad.com\/?s={search_term_string}"},"query-input":"required name=search_term_string"}],"inLanguage":"de"}]}},"_links":{"self":[{"href":"https:\/\/afarangabroad.com\/de\/wp-json\/wp\/v2\/pages\/6949"}],"collection":[{"href":"https:\/\/afarangabroad.com\/de\/wp-json\/wp\/v2\/pages"}],"about":[{"href":"https:\/\/afarangabroad.com\/de\/wp-json\/wp\/v2\/types\/page"}],"author":[{"embeddable":true,"href":"https:\/\/afarangabroad.com\/de\/wp-json\/wp\/v2\/users\/2"}],"replies":[{"embeddable":true,"href":"https:\/\/afarangabroad.com\/de\/wp-json\/wp\/v2\/comments?post=6949"}],"version-history":[{"count":0,"href":"https:\/\/afarangabroad.com\/de\/wp-json\/wp\/v2\/pages\/6949\/revisions"}],"wp:featuredmedia":[{"embeddable":true,"href":"https:\/\/afarangabroad.com\/de\/wp-json\/wp\/v2\/media\/6591"}],"wp:attachment":[{"href":"https:\/\/afarangabroad.com\/de\/wp-json\/wp\/v2\/media?parent=6949"}],"wp:term":[{"taxonomy":"category","embeddable":true,"href":"https:\/\/afarangabroad.com\/de\/wp-json\/wp\/v2\/categories?post=6949"},{"taxonomy":"post_tag","embeddable":true,"href":"https:\/\/afarangabroad.com\/de\/wp-json\/wp\/v2\/tags?post=6949"}],"curies":[{"name":"wp","href":"https:\/\/api.w.org\/{rel}","templated":true}]}}