{"id":7142,"date":"2016-04-15T10:10:50","date_gmt":"2016-04-15T09:10:50","guid":{"rendered":"https:\/\/afarangabroad.com\/?p=7142"},"modified":"2024-10-16T06:30:55","modified_gmt":"2024-10-16T05:30:55","slug":"sex-massage-phuket","status":"publish","type":"page","link":"https:\/\/afarangabroad.com\/de\/sex-massage-phuket\/","title":{"rendered":"Wo man in Phuket Sex-Massagen findet"},"content":{"rendered":"<p>In this article you&#8217;ll learn where to find\u00a0soapy massages in Phuket and Nuru massages.<\/p>\n<p>If this is your first time in Phuket you may want to save this article so you can refer to it when you&#8217;re actually here.<\/p>\n<p>Wenn Sie sich treffen m\u00f6chten <strong>Patong M\u00e4dchen f\u00fcr frei<\/strong>, <a class=\"mozbar-highlight-followed-wGA7MhRhQ3WS\" href=\"https:\/\/afarangabroad.com\/de\/thai-cupid-dating-site\/\" target=\"_blank\" rel=\"noopener noreferrer\">dann lesen Sie diesen Artikel<\/a>.<\/p>\n<p><a class=\"mozbar-highlight-followed-wGA7MhRhQ3WS\" href=\"https:\/\/afarangabroad.com\/de\/thai-cupid-dating-site\/\" target=\"_blank\" rel=\"noopener noreferrer\"><img loading=\"lazy\" decoding=\"async\" class=\"aligncenter wp-image-7256 size-large\" src=\"https:\/\/afarangabroad.com\/wp-content\/uploads\/2016\/06\/Meet-Thai-girls-1024x691.png\" alt=\"Meet Thai girls\" width=\"600\" height=\"405\" srcset=\"https:\/\/afarangabroad.com\/wp-content\/uploads\/2016\/06\/Meet-Thai-girls-1024x691.png 1024w, https:\/\/afarangabroad.com\/wp-content\/uploads\/2016\/06\/Meet-Thai-girls-300x202.png 300w, https:\/\/afarangabroad.com\/wp-content\/uploads\/2016\/06\/Meet-Thai-girls-720x486.png 720w, https:\/\/afarangabroad.com\/wp-content\/uploads\/2016\/06\/Meet-Thai-girls.png 1038w\" sizes=\"(max-width: 600px) 100vw, 600px\" \/><\/a><\/p>\n<p>Die meisten ausl\u00e4ndischen M\u00e4nner bevorzugen Thaifrauen wegen ihrer schlanken Figur und hellen Haut und weil sie so viel Action bieten, ohne zu reden.<\/p>\n<p>Die meisten dieser Massagen werden in lokalen Massage-Einrichtungen angeboten und Sie k\u00f6nnten auch \u00fcberrascht sein, vor allem, wenn dies Ihr erstes Mal besuchen Phuket, dass Sie in der Lage zu lesen und zu sehen, gro\u00dfe Beschilderung der so genannten Happy End Massage.<\/p>\n<p>Prostitution is illegal in Thailand, but it is tolerated but that\u2019s a whole lot of story and we\u2019ll just leave that to politics, etc.<\/p>\n<p><strong>Verwandte Seiten<\/strong>: Lernen Sie, wohin Sie im\u00a0<a class=\"mozbar-highlight-followed-wGA7MhRhQ3WS\" href=\"https:\/\/afarangabroad.com\/de\/best-go-go-bars-phuket\/\" target=\"_blank\" rel=\"noopener noreferrer\">Phuket Nachtleben<\/a>.<\/p>\n<p>Wenn Sie wissen m\u00f6chten, wo Sie in BKK Gras kaufen k\u00f6nnen, sollten Sie sich\u00a0<strong>abonnieren<\/strong>\u00a0auf den unten stehenden Kanal:<\/p>\n<p><iframe loading=\"lazy\" title=\"Trailer: Einblicke in die Apothekenszene in Bangkok\" src=\"https:\/\/www.youtube.com\/embed\/j0HbIHjnG5g?feature=oembed\" width=\"678\" height=\"381\" frameborder=\"0\" allowfullscreen=\"allowfullscreen\" data-mce-fragment=\"1\"><\/iframe><\/p>\n<h2><strong>Wo findet man Nuru-Massagen in Phuket<\/strong><\/h2>\n<p>Nuru-Massagen in Phuket sind schwer zu finden im Gegensatz zu <a class=\"mozbar-highlight-followed-wGA7MhRhQ3WS\" href=\"https:\/\/afarangabroad.com\/de\/nuru-massage-bangkok\/\">Nuru-Massagen in Bangkok<\/a>.<\/p>","protected":false},"excerpt":{"rendered":"<p>In this article you&#8217;ll learn where to find\u00a0soapy massages in Phuket and Nuru massages. If this is your first time in Phuket you may want to save this article so you can refer to it when you&#8217;re actually here. If you want to meet Patong girls for free, then check out this article. Most foreign [&hellip;]<\/p>","protected":false},"author":2,"featured_media":7151,"parent":0,"menu_order":0,"comment_status":"open","ping_status":"open","template":"","meta":{"_exactmetrics_skip_tracking":false,"_exactmetrics_sitenote_active":false,"_exactmetrics_sitenote_note":"","_exactmetrics_sitenote_category":0,"footnotes":""},"categories":[331],"tags":[],"class_list":["post-7142","page","type-page","status-publish","has-post-thumbnail","hentry","category-phuket-nightlife"],"yoast_head":"<!-- This site is optimized with the Yoast SEO plugin v20.1 - https:\/\/yoast.com\/wordpress\/plugins\/seo\/ -->\n<title>Where to Find Sex Massages In Phuket - A Farang Abroad<\/title>\n<meta name=\"description\" content=\"Looking for a sex massage in Patong or Phuket? Learn where to get nuru and soapies massage in Phuket, how much they cost and what to expect.\" \/>\n<meta name=\"robots\" content=\"index, follow, max-snippet:-1, max-image-preview:large, max-video-preview:-1\" \/>\n<link rel=\"canonical\" href=\"https:\/\/afarangabroad.com\/de\/sex-massage-phuket\/\" \/>\n<meta property=\"og:locale\" content=\"de_DE\" \/>\n<meta property=\"og:type\" content=\"article\" \/>\n<meta property=\"og:title\" content=\"Where to Find Sex Massages In Phuket - A Farang Abroad\" \/>\n<meta property=\"og:description\" content=\"Looking for a sex massage in Patong or Phuket? Learn where to get nuru and soapies massage in Phuket, how much they cost and what to expect.\" \/>\n<meta property=\"og:url\" content=\"https:\/\/afarangabroad.com\/de\/sex-massage-phuket\/\" \/>\n<meta property=\"og:site_name\" content=\"A Farang Abroad\" \/>\n<meta property=\"article:modified_time\" content=\"2024-10-16T05:30:55+00:00\" \/>\n<meta property=\"og:image\" content=\"https:\/\/afarangabroad.com\/wp-content\/uploads\/2016\/04\/Christin-Massage.jpg\" \/>\n\t<meta property=\"og:image:width\" content=\"800\" \/>\n\t<meta property=\"og:image:height\" content=\"800\" \/>\n\t<meta property=\"og:image:type\" content=\"image\/jpeg\" \/>\n<meta name=\"twitter:label1\" content=\"Gesch\u00e4tzte Lesezeit\" \/>\n\t<meta name=\"twitter:data1\" content=\"12\u00a0Minuten\" \/>\n<script type=\"application\/ld+json\" class=\"yoast-schema-graph\">{\"@context\":\"https:\/\/schema.org\",\"@graph\":[{\"@type\":\"WebPage\",\"@id\":\"https:\/\/afarangabroad.com\/sex-massage-phuket\/\",\"url\":\"https:\/\/afarangabroad.com\/sex-massage-phuket\/\",\"name\":\"Where to Find Sex Massages In Phuket - A Farang Abroad\",\"isPartOf\":{\"@id\":\"https:\/\/afarangabroad.com\/#website\"},\"datePublished\":\"2016-04-15T09:10:50+00:00\",\"dateModified\":\"2024-10-16T05:30:55+00:00\",\"description\":\"Looking for a sex massage in Patong or Phuket? Learn where to get nuru and soapies massage in Phuket, how much they cost and what to expect.\",\"breadcrumb\":{\"@id\":\"https:\/\/afarangabroad.com\/sex-massage-phuket\/#breadcrumb\"},\"inLanguage\":\"de\",\"potentialAction\":[{\"@type\":\"ReadAction\",\"target\":[\"https:\/\/afarangabroad.com\/sex-massage-phuket\/\"]}]},{\"@type\":\"BreadcrumbList\",\"@id\":\"https:\/\/afarangabroad.com\/sex-massage-phuket\/#breadcrumb\",\"itemListElement\":[{\"@type\":\"ListItem\",\"position\":1,\"name\":\"Home\",\"item\":\"https:\/\/afarangabroad.com\/\"},{\"@type\":\"ListItem\",\"position\":2,\"name\":\"Where to Find Sex Massages In Phuket\"}]},{\"@type\":\"WebSite\",\"@id\":\"https:\/\/afarangabroad.com\/#website\",\"url\":\"https:\/\/afarangabroad.com\/\",\"name\":\"A Farang Abroad\",\"description\":\"Your secret guide to Asia&#039;s sexiest nightlife.\",\"potentialAction\":[{\"@type\":\"SearchAction\",\"target\":{\"@type\":\"EntryPoint\",\"urlTemplate\":\"https:\/\/afarangabroad.com\/?s={search_term_string}\"},\"query-input\":\"required name=search_term_string\"}],\"inLanguage\":\"de\"}]}<\/script>\n<!-- \/ Yoast SEO plugin. -->","yoast_head_json":{"title":"Where to Find Sex Massages In Phuket - A Farang Abroad","description":"Looking for a sex massage in Patong or Phuket? Learn where to get nuru and soapies massage in Phuket, how much they cost and what to expect.","robots":{"index":"index","follow":"follow","max-snippet":"max-snippet:-1","max-image-preview":"max-image-preview:large","max-video-preview":"max-video-preview:-1"},"canonical":"https:\/\/afarangabroad.com\/de\/sex-massage-phuket\/","og_locale":"de_DE","og_type":"article","og_title":"Where to Find Sex Massages In Phuket - A Farang Abroad","og_description":"Looking for a sex massage in Patong or Phuket? Learn where to get nuru and soapies massage in Phuket, how much they cost and what to expect.","og_url":"https:\/\/afarangabroad.com\/de\/sex-massage-phuket\/","og_site_name":"A Farang Abroad","article_modified_time":"2024-10-16T05:30:55+00:00","og_image":[{"width":800,"height":800,"url":"https:\/\/afarangabroad.com\/wp-content\/uploads\/2016\/04\/Christin-Massage.jpg","type":"image\/jpeg"}],"twitter_misc":{"Gesch\u00e4tzte Lesezeit":"12\u00a0Minuten"},"schema":{"@context":"https:\/\/schema.org","@graph":[{"@type":"WebPage","@id":"https:\/\/afarangabroad.com\/sex-massage-phuket\/","url":"https:\/\/afarangabroad.com\/sex-massage-phuket\/","name":"Where to Find Sex Massages In Phuket - A Farang Abroad","isPartOf":{"@id":"https:\/\/afarangabroad.com\/#website"},"datePublished":"2016-04-15T09:10:50+00:00","dateModified":"2024-10-16T05:30:55+00:00","description":"Looking for a sex massage in Patong or Phuket? Learn where to get nuru and soapies massage in Phuket, how much they cost and what to expect.","breadcrumb":{"@id":"https:\/\/afarangabroad.com\/sex-massage-phuket\/#breadcrumb"},"inLanguage":"de","potentialAction":[{"@type":"ReadAction","target":["https:\/\/afarangabroad.com\/sex-massage-phuket\/"]}]},{"@type":"BreadcrumbList","@id":"https:\/\/afarangabroad.com\/sex-massage-phuket\/#breadcrumb","itemListElement":[{"@type":"ListItem","position":1,"name":"Home","item":"https:\/\/afarangabroad.com\/"},{"@type":"ListItem","position":2,"name":"Where to Find Sex Massages In Phuket"}]},{"@type":"WebSite","@id":"https:\/\/afarangabroad.com\/#website","url":"https:\/\/afarangabroad.com\/","name":"A Farang Abroad","description":"Your secret guide to Asia&#039;s sexiest nightlife.","potentialAction":[{"@type":"SearchAction","target":{"@type":"EntryPoint","urlTemplate":"https:\/\/afarangabroad.com\/?s={search_term_string}"},"query-input":"required name=search_term_string"}],"inLanguage":"de"}]}},"_links":{"self":[{"href":"https:\/\/afarangabroad.com\/de\/wp-json\/wp\/v2\/pages\/7142"}],"collection":[{"href":"https:\/\/afarangabroad.com\/de\/wp-json\/wp\/v2\/pages"}],"about":[{"href":"https:\/\/afarangabroad.com\/de\/wp-json\/wp\/v2\/types\/page"}],"author":[{"embeddable":true,"href":"https:\/\/afarangabroad.com\/de\/wp-json\/wp\/v2\/users\/2"}],"replies":[{"embeddable":true,"href":"https:\/\/afarangabroad.com\/de\/wp-json\/wp\/v2\/comments?post=7142"}],"version-history":[{"count":6,"href":"https:\/\/afarangabroad.com\/de\/wp-json\/wp\/v2\/pages\/7142\/revisions"}],"predecessor-version":[{"id":513629,"href":"https:\/\/afarangabroad.com\/de\/wp-json\/wp\/v2\/pages\/7142\/revisions\/513629"}],"wp:featuredmedia":[{"embeddable":true,"href":"https:\/\/afarangabroad.com\/de\/wp-json\/wp\/v2\/media\/7151"}],"wp:attachment":[{"href":"https:\/\/afarangabroad.com\/de\/wp-json\/wp\/v2\/media?parent=7142"}],"wp:term":[{"taxonomy":"category","embeddable":true,"href":"https:\/\/afarangabroad.com\/de\/wp-json\/wp\/v2\/categories?post=7142"},{"taxonomy":"post_tag","embeddable":true,"href":"https:\/\/afarangabroad.com\/de\/wp-json\/wp\/v2\/tags?post=7142"}],"curies":[{"name":"wp","href":"https:\/\/api.w.org\/{rel}","templated":true}]}}