{"id":7160,"date":"2016-04-16T15:31:36","date_gmt":"2016-04-16T14:31:36","guid":{"rendered":"https:\/\/afarangabroad.com\/?p=7160"},"modified":"2022-11-09T02:11:14","modified_gmt":"2022-11-09T02:11:14","slug":"prostitutes-hookers-phuket","status":"publish","type":"page","link":"https:\/\/afarangabroad.com\/de\/prostituierte-huren-phuket\/","title":{"rendered":"Prostituierte und Nutten in Phuket finden"},"content":{"rendered":"<p>Touristenattraktionen wie Str\u00e4nde und Einkaufsm\u00f6glichkeiten sind in der Regel der Grund, warum Touristen an einen bestimmten Ort reisen.<\/p>\n<p>Wenn Sie m\u00f6chten, dass <a class=\"mozbar-highlight-followed-wGA7MhRhQ3WS\" href=\"https:\/\/afarangabroad.com\/de\/phuket-girls\/\">Phuket-M\u00e4dchen<\/a> umsonst, <a class=\"mozbar-highlight-followed-wGA7MhRhQ3WS\" href=\"https:\/\/afarangabroad.com\/de\/thai-cupid-dating-site\/\" target=\"_blank\" rel=\"noopener noreferrer\">dann lesen Sie diesen Artikel<\/a>.<\/p>\n<p><a class=\"mozbar-highlight-followed-wGA7MhRhQ3WS\" href=\"https:\/\/afarangabroad.com\/de\/thai-cupid-dating-site\/\" target=\"_blank\" rel=\"noopener noreferrer\"><img loading=\"lazy\" decoding=\"async\" class=\"aligncenter wp-image-7256\" src=\"https:\/\/afarangabroad.com\/wp-content\/uploads\/2016\/06\/Meet-Thai-girls-1024x691.png\" alt=\"Meet Thai girls\" width=\"529\" height=\"359\" \/><\/a>In Thailand gibt es beides und noch einiges mehr. In Phuket ist die Prostitution eine davon. Es ist leicht, eine Nutte oder Prostituierte zu finden, und die Preise sind g\u00fcnstiger. Es besteht kein Zweifel daran, dass m\u00e4nnliche Farangs auf eine ungew\u00f6hnliche Junggesellenparty aus sind.<\/p>\n<p>Wenn Sie wissen m\u00f6chten, wo Sie in BKK Gras kaufen k\u00f6nnen, sollten Sie sich <strong>abonnieren<\/strong> auf den unten stehenden Kanal:<\/p>\n<p><iframe loading=\"lazy\" title=\"Trailer: Einblicke in die Apothekenszene in Bangkok\" width=\"678\" height=\"381\" src=\"https:\/\/www.youtube.com\/embed\/j0HbIHjnG5g?feature=oembed\" frameborder=\"0\" allow=\"accelerometer; autoplay; clipboard-write; encrypted-media; gyroscope; picture-in-picture\" allowfullscreen><\/iframe><\/p>\n<h2><strong>Smooci-Begleitung Phuket<\/strong><\/h2>\n<p>If you\u2019re looking for an incall service where you can get blow jobs and more, there is no better service than Smooci.<\/p>\n<p>\u00dcber ihre Website k\u00f6nnen Sie eine beliebige Anzahl von M\u00e4dchen buchen, die direkt auf Ihr Zimmer kommen und Ihnen BJ-Dienste und mehr anbieten.<\/p>\n<h2><a href=\"https:\/\/smooci.com\/bangkok?search&amp;utm_source=afarang-bkk-disc-ban\" target=\"_blank\" rel=\"noopener noreferrer\"><img loading=\"lazy\" decoding=\"async\" class=\"aligncenter wp-image-512712 size-full\" src=\"https:\/\/afarangabroad.com\/wp-content\/uploads\/2020\/08\/new-smooci-banner.gif\" alt=\"\" width=\"800\" height=\"200\" \/><\/a><\/h2>\n<p>Die Preise f\u00fcr jedes M\u00e4dchen sind auf der Website aufgef\u00fchrt und zu jeder Zeit haben sie in der Regel bis zu 20+ M\u00e4dchen frei, Sie k\u00f6nnen mehr erfahren, indem Sie ihre Website besuchen:\u00a0<a href=\"https:\/\/smooci.com\/phuket?utm_source=afarang-bkk-disc-ban\" target=\"_blank\" rel=\"nofollow noopener noreferrer\">www.Smooci.com<\/a><\/p>\n<h2><strong>Wie man Prostituierte in Phuket findet<\/strong><\/h2>\n<p>Es gibt mehrere Orte, an denen Sie in Phuket Prostituierte oder Nutten finden k\u00f6nnen.<\/p>\n<p>Die meisten dieser M\u00e4dchen arbeiten in der <a class=\"mozbar-highlight-followed-wGA7MhRhQ3WS\" href=\"https:\/\/afarangabroad.com\/de\/sex-in-phuket\/\">Sexindustrie in Phuket<\/a> kommen aus weit entfernten Provinzen und St\u00e4dten. Aufgrund ihrer Armut hoffen sie, mit dieser Art von Gesch\u00e4ft mehr Geld zu verdienen.<\/p>\n<p>Prostitution wird in Thailand geduldet, ist aber in gewisser Weise immer noch illegal, wenn auch wiederum geduldet.<\/p>","protected":false},"excerpt":{"rendered":"<p>Tourist attractions such as beaches and shopping usually what drives tourist to travel into a certain place. If you want to Phuket girls for free, then check out this article. Thailand has both and some. In Phuket, prostitution is one of them. It is easy to hook up with a hooker or prostitutes plus the [&hellip;]<\/p>","protected":false},"author":2,"featured_media":7151,"parent":0,"menu_order":0,"comment_status":"open","ping_status":"open","template":"","meta":{"_exactmetrics_skip_tracking":false,"_exactmetrics_sitenote_active":false,"_exactmetrics_sitenote_note":"","_exactmetrics_sitenote_category":0,"footnotes":""},"categories":[331],"tags":[],"class_list":["post-7160","page","type-page","status-publish","has-post-thumbnail","hentry","category-phuket-nightlife"],"yoast_head":"<!-- This site is optimized with the Yoast SEO plugin v20.1 - https:\/\/yoast.com\/wordpress\/plugins\/seo\/ -->\n<title>Finding Prostitutes and Hookers in Phuket - A Farang Abroad<\/title>\n<meta name=\"description\" content=\"Are you looking to meet hookers in Phuket? Here&#039;s a low down on where to find the best prostitutes in Patong and how much they cost.\" \/>\n<meta name=\"robots\" content=\"index, follow, max-snippet:-1, max-image-preview:large, max-video-preview:-1\" \/>\n<link rel=\"canonical\" href=\"https:\/\/afarangabroad.com\/de\/prostituierte-huren-phuket\/\" \/>\n<meta property=\"og:locale\" content=\"de_DE\" \/>\n<meta property=\"og:type\" content=\"article\" \/>\n<meta property=\"og:title\" content=\"Finding Prostitutes and Hookers in Phuket - A Farang Abroad\" \/>\n<meta property=\"og:description\" content=\"Are you looking to meet hookers in Phuket? Here&#039;s a low down on where to find the best prostitutes in Patong and how much they cost.\" \/>\n<meta property=\"og:url\" content=\"https:\/\/afarangabroad.com\/de\/prostituierte-huren-phuket\/\" \/>\n<meta property=\"og:site_name\" content=\"A Farang Abroad\" \/>\n<meta property=\"article:modified_time\" content=\"2022-11-09T02:11:14+00:00\" \/>\n<meta property=\"og:image\" content=\"https:\/\/afarangabroad.com\/wp-content\/uploads\/2016\/04\/Christin-Massage.jpg\" \/>\n\t<meta property=\"og:image:width\" content=\"800\" \/>\n\t<meta property=\"og:image:height\" content=\"800\" \/>\n\t<meta property=\"og:image:type\" content=\"image\/jpeg\" \/>\n<meta name=\"twitter:label1\" content=\"Gesch\u00e4tzte Lesezeit\" \/>\n\t<meta name=\"twitter:data1\" content=\"9\u00a0Minuten\" \/>\n<script type=\"application\/ld+json\" class=\"yoast-schema-graph\">{\"@context\":\"https:\/\/schema.org\",\"@graph\":[{\"@type\":\"WebPage\",\"@id\":\"https:\/\/afarangabroad.com\/prostitutes-hookers-phuket\/\",\"url\":\"https:\/\/afarangabroad.com\/prostitutes-hookers-phuket\/\",\"name\":\"Finding Prostitutes and Hookers in Phuket - A Farang Abroad\",\"isPartOf\":{\"@id\":\"https:\/\/afarangabroad.com\/#website\"},\"datePublished\":\"2016-04-16T14:31:36+00:00\",\"dateModified\":\"2022-11-09T02:11:14+00:00\",\"description\":\"Are you looking to meet hookers in Phuket? Here's a low down on where to find the best prostitutes in Patong and how much they cost.\",\"breadcrumb\":{\"@id\":\"https:\/\/afarangabroad.com\/prostitutes-hookers-phuket\/#breadcrumb\"},\"inLanguage\":\"de\",\"potentialAction\":[{\"@type\":\"ReadAction\",\"target\":[\"https:\/\/afarangabroad.com\/prostitutes-hookers-phuket\/\"]}]},{\"@type\":\"BreadcrumbList\",\"@id\":\"https:\/\/afarangabroad.com\/prostitutes-hookers-phuket\/#breadcrumb\",\"itemListElement\":[{\"@type\":\"ListItem\",\"position\":1,\"name\":\"Home\",\"item\":\"https:\/\/afarangabroad.com\/\"},{\"@type\":\"ListItem\",\"position\":2,\"name\":\"Finding Prostitutes and Hookers in Phuket\"}]},{\"@type\":\"WebSite\",\"@id\":\"https:\/\/afarangabroad.com\/#website\",\"url\":\"https:\/\/afarangabroad.com\/\",\"name\":\"A Farang Abroad\",\"description\":\"Your secret guide to Asia&#039;s sexiest nightlife.\",\"potentialAction\":[{\"@type\":\"SearchAction\",\"target\":{\"@type\":\"EntryPoint\",\"urlTemplate\":\"https:\/\/afarangabroad.com\/?s={search_term_string}\"},\"query-input\":\"required name=search_term_string\"}],\"inLanguage\":\"de\"}]}<\/script>\n<!-- \/ Yoast SEO plugin. -->","yoast_head_json":{"title":"Finding Prostitutes and Hookers in Phuket - A Farang Abroad","description":"Are you looking to meet hookers in Phuket? Here's a low down on where to find the best prostitutes in Patong and how much they cost.","robots":{"index":"index","follow":"follow","max-snippet":"max-snippet:-1","max-image-preview":"max-image-preview:large","max-video-preview":"max-video-preview:-1"},"canonical":"https:\/\/afarangabroad.com\/de\/prostituierte-huren-phuket\/","og_locale":"de_DE","og_type":"article","og_title":"Finding Prostitutes and Hookers in Phuket - A Farang Abroad","og_description":"Are you looking to meet hookers in Phuket? Here's a low down on where to find the best prostitutes in Patong and how much they cost.","og_url":"https:\/\/afarangabroad.com\/de\/prostituierte-huren-phuket\/","og_site_name":"A Farang Abroad","article_modified_time":"2022-11-09T02:11:14+00:00","og_image":[{"width":800,"height":800,"url":"https:\/\/afarangabroad.com\/wp-content\/uploads\/2016\/04\/Christin-Massage.jpg","type":"image\/jpeg"}],"twitter_misc":{"Gesch\u00e4tzte Lesezeit":"9\u00a0Minuten"},"schema":{"@context":"https:\/\/schema.org","@graph":[{"@type":"WebPage","@id":"https:\/\/afarangabroad.com\/prostitutes-hookers-phuket\/","url":"https:\/\/afarangabroad.com\/prostitutes-hookers-phuket\/","name":"Finding Prostitutes and Hookers in Phuket - A Farang Abroad","isPartOf":{"@id":"https:\/\/afarangabroad.com\/#website"},"datePublished":"2016-04-16T14:31:36+00:00","dateModified":"2022-11-09T02:11:14+00:00","description":"Are you looking to meet hookers in Phuket? Here's a low down on where to find the best prostitutes in Patong and how much they cost.","breadcrumb":{"@id":"https:\/\/afarangabroad.com\/prostitutes-hookers-phuket\/#breadcrumb"},"inLanguage":"de","potentialAction":[{"@type":"ReadAction","target":["https:\/\/afarangabroad.com\/prostitutes-hookers-phuket\/"]}]},{"@type":"BreadcrumbList","@id":"https:\/\/afarangabroad.com\/prostitutes-hookers-phuket\/#breadcrumb","itemListElement":[{"@type":"ListItem","position":1,"name":"Home","item":"https:\/\/afarangabroad.com\/"},{"@type":"ListItem","position":2,"name":"Finding Prostitutes and Hookers in Phuket"}]},{"@type":"WebSite","@id":"https:\/\/afarangabroad.com\/#website","url":"https:\/\/afarangabroad.com\/","name":"A Farang Abroad","description":"Your secret guide to Asia&#039;s sexiest nightlife.","potentialAction":[{"@type":"SearchAction","target":{"@type":"EntryPoint","urlTemplate":"https:\/\/afarangabroad.com\/?s={search_term_string}"},"query-input":"required name=search_term_string"}],"inLanguage":"de"}]}},"_links":{"self":[{"href":"https:\/\/afarangabroad.com\/de\/wp-json\/wp\/v2\/pages\/7160"}],"collection":[{"href":"https:\/\/afarangabroad.com\/de\/wp-json\/wp\/v2\/pages"}],"about":[{"href":"https:\/\/afarangabroad.com\/de\/wp-json\/wp\/v2\/types\/page"}],"author":[{"embeddable":true,"href":"https:\/\/afarangabroad.com\/de\/wp-json\/wp\/v2\/users\/2"}],"replies":[{"embeddable":true,"href":"https:\/\/afarangabroad.com\/de\/wp-json\/wp\/v2\/comments?post=7160"}],"version-history":[{"count":4,"href":"https:\/\/afarangabroad.com\/de\/wp-json\/wp\/v2\/pages\/7160\/revisions"}],"predecessor-version":[{"id":513006,"href":"https:\/\/afarangabroad.com\/de\/wp-json\/wp\/v2\/pages\/7160\/revisions\/513006"}],"wp:featuredmedia":[{"embeddable":true,"href":"https:\/\/afarangabroad.com\/de\/wp-json\/wp\/v2\/media\/7151"}],"wp:attachment":[{"href":"https:\/\/afarangabroad.com\/de\/wp-json\/wp\/v2\/media?parent=7160"}],"wp:term":[{"taxonomy":"category","embeddable":true,"href":"https:\/\/afarangabroad.com\/de\/wp-json\/wp\/v2\/categories?post=7160"},{"taxonomy":"post_tag","embeddable":true,"href":"https:\/\/afarangabroad.com\/de\/wp-json\/wp\/v2\/tags?post=7160"}],"curies":[{"name":"wp","href":"https:\/\/api.w.org\/{rel}","templated":true}]}}