{"id":7282,"date":"2016-06-18T18:15:26","date_gmt":"2016-06-18T17:15:26","guid":{"rendered":"https:\/\/afarangabroad.com\/?p=7282"},"modified":"2020-08-10T03:25:59","modified_gmt":"2020-08-10T02:25:59","slug":"angeles-city-nightlife-guide","status":"publish","type":"page","link":"https:\/\/afarangabroad.com\/de\/angeles-stadt-nachtleben-fuhrer\/","title":{"rendered":"Angeles City Nachtleben F\u00fchrer"},"content":{"rendered":"<p>In this article I&#8217;ll show you the best places in Angeles City nightlife.<\/p>\n<p>Viele Menschen sind sich einig, dass Angeles City eines der besten Ziele f\u00fcr Sexpats und Touristen ist.<\/p>\n<p>It is just a couple of hours drive from Manila. If you want to shy away from the hustle and bustle of Manila, then Angeles City should be your destination. If you have been in Angeles City more than once, you might have heard of its famous nightlife spot \u2013 Fields Avenue. It is not difficult to locate the area because the area is just inside Clark Air Base.<\/p>\n<h2><a href=\" \" target=\"_blank\" rel=\"noopener noreferrer\"><img loading=\"lazy\" decoding=\"async\" class=\"size-large wp-image-7300 aligncenter\" src=\"https:\/\/afarangabroad.com\/wp-content\/uploads\/2016\/06\/MEET-HOT1-1024x691.png\" alt=\"Filipino girls\" width=\"600\" height=\"405\" srcset=\"https:\/\/afarangabroad.com\/wp-content\/uploads\/2016\/06\/MEET-HOT1-1024x691.png 1024w, https:\/\/afarangabroad.com\/wp-content\/uploads\/2016\/06\/MEET-HOT1-300x202.png 300w, https:\/\/afarangabroad.com\/wp-content\/uploads\/2016\/06\/MEET-HOT1-720x486.png 720w, https:\/\/afarangabroad.com\/wp-content\/uploads\/2016\/06\/MEET-HOT1.png 1038w\" sizes=\"(max-width: 600px) 100vw, 600px\" \/><\/a><strong>Warum Angeles City?<\/strong><\/h2>\n<p>Der Preis ist einer der Hauptgr\u00fcnde, warum Ausl\u00e4nder Angeles City gegen\u00fcber Manila vorziehen. <a href=\"https:\/\/afarangabroad.com\/de\/sex-in-manila\/\" target=\"_blank\" rel=\"noopener noreferrer\">Sex in Manila<\/a> mehr kostet als Angeles City.<\/p>\n<p>Wenn Sie das Bu\u00dfgeld f\u00fcr die Bar bezahlt haben, k\u00f6nnen Sie das M\u00e4dchen f\u00fcr die Nacht ausf\u00fchren und vollen Sex mit ihr haben. <a href=\"https:\/\/afarangabroad.com\/de\/philippinen-huren\/\">Philippinen Nutten<\/a> f\u00fcr nur 1.800 Pesos (das sind etwa $40 US-Dollar).<\/p>\n<p>If you&#8217;re going to Manila you can check out my article on the <a href=\"https:\/\/afarangabroad.com\/de\/happy-ending-massage-manila\/\">beste Happy-End-Massagen in Manila<\/a>.<\/p>\n<h2><strong>Smooci<\/strong><\/h2>\n<p>If you&#8217;re looking for local girls in Angeles City that won&#8217;t scam you and will come right to your room, Smooci is the best service in AC to hook you up with escorts at a good price.<\/p>\n<p><a href=\"https:\/\/smooci.com\/angeles-city?search&amp;utm_source=afarang-AC-text\" target=\"_blank\" rel=\"noopener noreferrer\"><img loading=\"lazy\" decoding=\"async\" class=\"aligncenter wp-image-512712\" src=\"https:\/\/afarangabroad.com\/wp-content\/uploads\/2020\/08\/new-smooci-banner-300x75.gif\" alt=\"\" width=\"456\" height=\"114\" srcset=\"https:\/\/afarangabroad.com\/wp-content\/uploads\/2020\/08\/new-smooci-banner-300x75.gif 300w, https:\/\/afarangabroad.com\/wp-content\/uploads\/2020\/08\/new-smooci-banner-768x192.gif 768w\" sizes=\"(max-width: 456px) 100vw, 456px\" \/><\/a><\/p>\n<p>Smooci hat \u00fcber 20+ M\u00e4dchen in der Stadt Angeles, aus denen du jederzeit w\u00e4hlen kannst. Du kannst mehr erfahren, indem du ihre Website besuchst: <a href=\"https:\/\/smooci.com\/angeles-city?search&amp;utm_source=afarang-AC-text\" target=\"_blank\" rel=\"nofollow noopener noreferrer\">www.Smooci.com<\/a><\/p>\n<h2><strong>Angeles City Girls<\/strong><\/h2>\n<p>Asiatische M\u00e4dchen sind ganz anders als westliche Frauen.<\/p>\n<p><a href=\"  \">Philippinische Frauen<\/a> are far more willing to please their partner. The only difference with Angeles City girls is you wouldn\u2019t really notice that they are in there for business. They mean to pleasure their customers. Your money is all worth it.<\/p>","protected":false},"excerpt":{"rendered":"<p>In this article I&#8217;ll show you the best places in Angeles City nightlife. Many people agree that one of the best destinations for sexpats and tourists is Angeles City. It is just a couple of hours drive from Manila. If you want to shy away from the hustle and bustle of Manila, then Angeles City [&hellip;]<\/p>","protected":false},"author":2,"featured_media":7299,"parent":0,"menu_order":0,"comment_status":"open","ping_status":"closed","template":"","meta":{"_exactmetrics_skip_tracking":false,"_exactmetrics_sitenote_active":false,"_exactmetrics_sitenote_note":"","_exactmetrics_sitenote_category":0,"footnotes":""},"categories":[325],"tags":[],"class_list":["post-7282","page","type-page","status-publish","has-post-thumbnail","hentry","category-filipino-dating"],"yoast_head":"<!-- This site is optimized with the Yoast SEO plugin v20.1 - https:\/\/yoast.com\/wordpress\/plugins\/seo\/ -->\n<title>Angeles City Nightlife Guide - A Farang Abroad<\/title>\n<meta name=\"description\" content=\"Are you visiting Angeles City soon? Here&#039;s the ultimate guide to finding sex in Angeles City, find the best bars, clubs and brothels.\" \/>\n<meta name=\"robots\" content=\"index, follow, max-snippet:-1, max-image-preview:large, max-video-preview:-1\" \/>\n<link rel=\"canonical\" href=\"https:\/\/afarangabroad.com\/de\/angeles-stadt-nachtleben-fuhrer\/\" \/>\n<meta property=\"og:locale\" content=\"de_DE\" \/>\n<meta property=\"og:type\" content=\"article\" \/>\n<meta property=\"og:title\" content=\"Angeles City Nightlife Guide - A Farang Abroad\" \/>\n<meta property=\"og:description\" content=\"Are you visiting Angeles City soon? Here&#039;s the ultimate guide to finding sex in Angeles City, find the best bars, clubs and brothels.\" \/>\n<meta property=\"og:url\" content=\"https:\/\/afarangabroad.com\/de\/angeles-stadt-nachtleben-fuhrer\/\" \/>\n<meta property=\"og:site_name\" content=\"A Farang Abroad\" \/>\n<meta property=\"article:modified_time\" content=\"2020-08-10T02:25:59+00:00\" \/>\n<meta property=\"og:image\" content=\"https:\/\/afarangabroad.com\/wp-content\/uploads\/2016\/06\/1779694_622875611100023_193903629_n.jpg\" \/>\n\t<meta property=\"og:image:width\" content=\"800\" \/>\n\t<meta property=\"og:image:height\" content=\"533\" \/>\n\t<meta property=\"og:image:type\" content=\"image\/jpeg\" \/>\n<meta name=\"twitter:label1\" content=\"Gesch\u00e4tzte Lesezeit\" \/>\n\t<meta name=\"twitter:data1\" content=\"8\u00a0Minuten\" \/>\n<script type=\"application\/ld+json\" class=\"yoast-schema-graph\">{\"@context\":\"https:\/\/schema.org\",\"@graph\":[{\"@type\":\"WebPage\",\"@id\":\"https:\/\/afarangabroad.com\/angeles-city-nightlife-guide\/\",\"url\":\"https:\/\/afarangabroad.com\/angeles-city-nightlife-guide\/\",\"name\":\"Angeles City Nightlife Guide - A Farang Abroad\",\"isPartOf\":{\"@id\":\"https:\/\/afarangabroad.com\/#website\"},\"datePublished\":\"2016-06-18T17:15:26+00:00\",\"dateModified\":\"2020-08-10T02:25:59+00:00\",\"description\":\"Are you visiting Angeles City soon? Here's the ultimate guide to finding sex in Angeles City, find the best bars, clubs and brothels.\",\"breadcrumb\":{\"@id\":\"https:\/\/afarangabroad.com\/angeles-city-nightlife-guide\/#breadcrumb\"},\"inLanguage\":\"de\",\"potentialAction\":[{\"@type\":\"ReadAction\",\"target\":[\"https:\/\/afarangabroad.com\/angeles-city-nightlife-guide\/\"]}]},{\"@type\":\"BreadcrumbList\",\"@id\":\"https:\/\/afarangabroad.com\/angeles-city-nightlife-guide\/#breadcrumb\",\"itemListElement\":[{\"@type\":\"ListItem\",\"position\":1,\"name\":\"Home\",\"item\":\"https:\/\/afarangabroad.com\/\"},{\"@type\":\"ListItem\",\"position\":2,\"name\":\"Angeles City Nightlife Guide\"}]},{\"@type\":\"WebSite\",\"@id\":\"https:\/\/afarangabroad.com\/#website\",\"url\":\"https:\/\/afarangabroad.com\/\",\"name\":\"A Farang Abroad\",\"description\":\"Your secret guide to Asia&#039;s sexiest nightlife.\",\"potentialAction\":[{\"@type\":\"SearchAction\",\"target\":{\"@type\":\"EntryPoint\",\"urlTemplate\":\"https:\/\/afarangabroad.com\/?s={search_term_string}\"},\"query-input\":\"required name=search_term_string\"}],\"inLanguage\":\"de\"}]}<\/script>\n<!-- \/ Yoast SEO plugin. -->","yoast_head_json":{"title":"Angeles City Nightlife Guide - A Farang Abroad","description":"Are you visiting Angeles City soon? Here's the ultimate guide to finding sex in Angeles City, find the best bars, clubs and brothels.","robots":{"index":"index","follow":"follow","max-snippet":"max-snippet:-1","max-image-preview":"max-image-preview:large","max-video-preview":"max-video-preview:-1"},"canonical":"https:\/\/afarangabroad.com\/de\/angeles-stadt-nachtleben-fuhrer\/","og_locale":"de_DE","og_type":"article","og_title":"Angeles City Nightlife Guide - A Farang Abroad","og_description":"Are you visiting Angeles City soon? Here's the ultimate guide to finding sex in Angeles City, find the best bars, clubs and brothels.","og_url":"https:\/\/afarangabroad.com\/de\/angeles-stadt-nachtleben-fuhrer\/","og_site_name":"A Farang Abroad","article_modified_time":"2020-08-10T02:25:59+00:00","og_image":[{"width":800,"height":533,"url":"https:\/\/afarangabroad.com\/wp-content\/uploads\/2016\/06\/1779694_622875611100023_193903629_n.jpg","type":"image\/jpeg"}],"twitter_misc":{"Gesch\u00e4tzte Lesezeit":"8\u00a0Minuten"},"schema":{"@context":"https:\/\/schema.org","@graph":[{"@type":"WebPage","@id":"https:\/\/afarangabroad.com\/angeles-city-nightlife-guide\/","url":"https:\/\/afarangabroad.com\/angeles-city-nightlife-guide\/","name":"Angeles City Nightlife Guide - A Farang Abroad","isPartOf":{"@id":"https:\/\/afarangabroad.com\/#website"},"datePublished":"2016-06-18T17:15:26+00:00","dateModified":"2020-08-10T02:25:59+00:00","description":"Are you visiting Angeles City soon? Here's the ultimate guide to finding sex in Angeles City, find the best bars, clubs and brothels.","breadcrumb":{"@id":"https:\/\/afarangabroad.com\/angeles-city-nightlife-guide\/#breadcrumb"},"inLanguage":"de","potentialAction":[{"@type":"ReadAction","target":["https:\/\/afarangabroad.com\/angeles-city-nightlife-guide\/"]}]},{"@type":"BreadcrumbList","@id":"https:\/\/afarangabroad.com\/angeles-city-nightlife-guide\/#breadcrumb","itemListElement":[{"@type":"ListItem","position":1,"name":"Home","item":"https:\/\/afarangabroad.com\/"},{"@type":"ListItem","position":2,"name":"Angeles City Nightlife Guide"}]},{"@type":"WebSite","@id":"https:\/\/afarangabroad.com\/#website","url":"https:\/\/afarangabroad.com\/","name":"A Farang Abroad","description":"Your secret guide to Asia&#039;s sexiest nightlife.","potentialAction":[{"@type":"SearchAction","target":{"@type":"EntryPoint","urlTemplate":"https:\/\/afarangabroad.com\/?s={search_term_string}"},"query-input":"required name=search_term_string"}],"inLanguage":"de"}]}},"_links":{"self":[{"href":"https:\/\/afarangabroad.com\/de\/wp-json\/wp\/v2\/pages\/7282"}],"collection":[{"href":"https:\/\/afarangabroad.com\/de\/wp-json\/wp\/v2\/pages"}],"about":[{"href":"https:\/\/afarangabroad.com\/de\/wp-json\/wp\/v2\/types\/page"}],"author":[{"embeddable":true,"href":"https:\/\/afarangabroad.com\/de\/wp-json\/wp\/v2\/users\/2"}],"replies":[{"embeddable":true,"href":"https:\/\/afarangabroad.com\/de\/wp-json\/wp\/v2\/comments?post=7282"}],"version-history":[{"count":1,"href":"https:\/\/afarangabroad.com\/de\/wp-json\/wp\/v2\/pages\/7282\/revisions"}],"predecessor-version":[{"id":512738,"href":"https:\/\/afarangabroad.com\/de\/wp-json\/wp\/v2\/pages\/7282\/revisions\/512738"}],"wp:featuredmedia":[{"embeddable":true,"href":"https:\/\/afarangabroad.com\/de\/wp-json\/wp\/v2\/media\/7299"}],"wp:attachment":[{"href":"https:\/\/afarangabroad.com\/de\/wp-json\/wp\/v2\/media?parent=7282"}],"wp:term":[{"taxonomy":"category","embeddable":true,"href":"https:\/\/afarangabroad.com\/de\/wp-json\/wp\/v2\/categories?post=7282"},{"taxonomy":"post_tag","embeddable":true,"href":"https:\/\/afarangabroad.com\/de\/wp-json\/wp\/v2\/tags?post=7282"}],"curies":[{"name":"wp","href":"https:\/\/api.w.org\/{rel}","templated":true}]}}