{"id":7285,"date":"2016-06-18T18:21:45","date_gmt":"2016-06-18T17:21:45","guid":{"rendered":"https:\/\/afarangabroad.com\/?p=7285"},"modified":"2022-11-09T02:14:15","modified_gmt":"2022-11-09T02:14:15","slug":"sex-pattaya","status":"publish","type":"page","link":"https:\/\/afarangabroad.com\/de\/sex-pattaya\/","title":{"rendered":"Leitfaden f\u00fcr Anf\u00e4nger zum Sex in Pattaya"},"content":{"rendered":"<p>In diesem Artikel erf\u00e4hrst du, wo du in Pattaya Sex finden kannst.<\/p>\n<p>Sind Sie ein alleinstehender Mann, der in den Urlaub fahren m\u00f6chte?<\/p>\n<p>Pattaya k\u00f6nnte eines Ihrer Traumziele sein, und zweifellos haben Sie schon davon geh\u00f6rt, was dieser Ort zu bieten hat.<\/p>\n<p><a href=\"https:\/\/afarangabroad.com\/de\/thai-friendly-dating\/\" target=\"_blank\" rel=\"noopener noreferrer\"><img loading=\"lazy\" decoding=\"async\" class=\"aligncenter wp-image-7259\" src=\"https:\/\/afarangabroad.com\/wp-content\/uploads\/2016\/06\/Meet-Thai-girls1-1024x691.png\" alt=\"Meet Thai girls\" width=\"414\" height=\"281\" \/><\/a>Willst du deine M\u00e4nnlichkeit auf die Probe stellen? Oder sind Sie einfach nur auf der Suche nach etwas zwanglosem Spa\u00df? Pattaya ist wegen seines farbenfrohen und pulsierenden Nachtlebens einer der besten Touristenorte f\u00fcr alleinstehende M\u00e4nner.<\/p>\n<p>Pattaya hat zwar tolle Str\u00e4nde zu bieten, aber der Hauptgrund, warum sich Menschen, vor allem M\u00e4nner, zu diesem Ort hingezogen f\u00fchlen, sind die M\u00e4dchen.<\/p>\n<p>Nur 2 Stunden von Bangkok entfernt, ist Pattaya das ganze Jahr \u00fcber von Touristen umlagert.<\/p>\n<p>Wenn Sie wissen m\u00f6chten, wo Sie in BKK Gras kaufen k\u00f6nnen, sollten Sie sich <strong>abonnieren<\/strong> auf den unten stehenden Kanal:<\/p>\n<p><iframe loading=\"lazy\" title=\"Trailer: Einblicke in die Apothekenszene in Bangkok\" width=\"678\" height=\"381\" src=\"https:\/\/www.youtube.com\/embed\/j0HbIHjnG5g?feature=oembed\" frameborder=\"0\" allow=\"accelerometer; autoplay; clipboard-write; encrypted-media; gyroscope; picture-in-picture\" allowfullscreen><\/iframe><\/p>\n<p>Wenn Sie zum ersten Mal nach Pattaya kommen, ist die beste Zeit, um den Strand zu genie\u00dfen, zwischen November und Mai.<\/p>\n<p>Wenn du in Bordelle oder zu Massagen gehen willst, dann sieh dir meine Reisef\u00fchrer an:<\/p>\n<ul>\n<li>Am besten <a href=\"https:\/\/afarangabroad.com\/de\/happy-ending-massage-pattaya\/\">Sex-Massagen in Pattaya<\/a><\/li>\n<li><a href=\"https:\/\/afarangabroad.com\/de\/blow-job-bars-pattaya\/\">Blowjob-Bars in Pattaya<\/a><\/li>\n<li>Wo man sich trifft <a href=\"https:\/\/afarangabroad.com\/de\/pattaya-freiberufler\/\">Freiberufler in Pattaya<\/a><\/li>\n<\/ul>\n<p>If you can\u2019t stand the heat, December to January is probably a good time for you to go. Regardless, you will still be able to have a great experience in Pattaya.<\/p>","protected":false},"excerpt":{"rendered":"<p>In this article learn where to find sex in Pattaya Are you a single man who is thinking of going on a holiday? Pattaya could be one of your dream destinations and it is no doubt that you have heard about what the place has to offer. Want to put your virility to a test? [&hellip;]<\/p>","protected":false},"author":2,"featured_media":7294,"parent":0,"menu_order":0,"comment_status":"open","ping_status":"open","template":"","meta":{"_exactmetrics_skip_tracking":false,"_exactmetrics_sitenote_active":false,"_exactmetrics_sitenote_note":"","_exactmetrics_sitenote_category":0,"footnotes":""},"categories":[322],"tags":[],"class_list":["post-7285","page","type-page","status-publish","has-post-thumbnail","hentry","category-pattaya"],"yoast_head":"<!-- This site is optimized with the Yoast SEO plugin v20.1 - https:\/\/yoast.com\/wordpress\/plugins\/seo\/ -->\n<title>Beginner\u2019s Guide to Sex in Pattaya - A Farang Abroad<\/title>\n<meta name=\"description\" content=\"Are you coming to Pattaya soon? Find out where to find sex in Pattaya, the best bars, clubs and brothels in the city.\" \/>\n<meta name=\"robots\" content=\"index, follow, max-snippet:-1, max-image-preview:large, max-video-preview:-1\" \/>\n<link rel=\"canonical\" href=\"https:\/\/afarangabroad.com\/de\/sex-pattaya\/\" \/>\n<meta property=\"og:locale\" content=\"de_DE\" \/>\n<meta property=\"og:type\" content=\"article\" \/>\n<meta property=\"og:title\" content=\"Beginner\u2019s Guide to Sex in Pattaya - A Farang Abroad\" \/>\n<meta property=\"og:description\" content=\"Are you coming to Pattaya soon? Find out where to find sex in Pattaya, the best bars, clubs and brothels in the city.\" \/>\n<meta property=\"og:url\" content=\"https:\/\/afarangabroad.com\/de\/sex-pattaya\/\" \/>\n<meta property=\"og:site_name\" content=\"A Farang Abroad\" \/>\n<meta property=\"article:modified_time\" content=\"2022-11-09T02:14:15+00:00\" \/>\n<meta property=\"og:image\" content=\"https:\/\/afarangabroad.com\/wp-content\/uploads\/2016\/06\/13417470_628264814005020_2475737758099878080_n.jpg\" \/>\n\t<meta property=\"og:image:width\" content=\"471\" \/>\n\t<meta property=\"og:image:height\" content=\"315\" \/>\n\t<meta property=\"og:image:type\" content=\"image\/jpeg\" \/>\n<meta name=\"twitter:label1\" content=\"Gesch\u00e4tzte Lesezeit\" \/>\n\t<meta name=\"twitter:data1\" content=\"8\u00a0Minuten\" \/>\n<script type=\"application\/ld+json\" class=\"yoast-schema-graph\">{\"@context\":\"https:\/\/schema.org\",\"@graph\":[{\"@type\":\"WebPage\",\"@id\":\"https:\/\/afarangabroad.com\/sex-pattaya\/\",\"url\":\"https:\/\/afarangabroad.com\/sex-pattaya\/\",\"name\":\"Beginner\u2019s Guide to Sex in Pattaya - A Farang Abroad\",\"isPartOf\":{\"@id\":\"https:\/\/afarangabroad.com\/#website\"},\"datePublished\":\"2016-06-18T17:21:45+00:00\",\"dateModified\":\"2022-11-09T02:14:15+00:00\",\"description\":\"Are you coming to Pattaya soon? Find out where to find sex in Pattaya, the best bars, clubs and brothels in the city.\",\"breadcrumb\":{\"@id\":\"https:\/\/afarangabroad.com\/sex-pattaya\/#breadcrumb\"},\"inLanguage\":\"de\",\"potentialAction\":[{\"@type\":\"ReadAction\",\"target\":[\"https:\/\/afarangabroad.com\/sex-pattaya\/\"]}]},{\"@type\":\"BreadcrumbList\",\"@id\":\"https:\/\/afarangabroad.com\/sex-pattaya\/#breadcrumb\",\"itemListElement\":[{\"@type\":\"ListItem\",\"position\":1,\"name\":\"Home\",\"item\":\"https:\/\/afarangabroad.com\/\"},{\"@type\":\"ListItem\",\"position\":2,\"name\":\"Beginner\u2019s Guide to Sex in Pattaya\"}]},{\"@type\":\"WebSite\",\"@id\":\"https:\/\/afarangabroad.com\/#website\",\"url\":\"https:\/\/afarangabroad.com\/\",\"name\":\"A Farang Abroad\",\"description\":\"Your secret guide to Asia&#039;s sexiest nightlife.\",\"potentialAction\":[{\"@type\":\"SearchAction\",\"target\":{\"@type\":\"EntryPoint\",\"urlTemplate\":\"https:\/\/afarangabroad.com\/?s={search_term_string}\"},\"query-input\":\"required name=search_term_string\"}],\"inLanguage\":\"de\"}]}<\/script>\n<!-- \/ Yoast SEO plugin. -->","yoast_head_json":{"title":"Beginner\u2019s Guide to Sex in Pattaya - A Farang Abroad","description":"Are you coming to Pattaya soon? Find out where to find sex in Pattaya, the best bars, clubs and brothels in the city.","robots":{"index":"index","follow":"follow","max-snippet":"max-snippet:-1","max-image-preview":"max-image-preview:large","max-video-preview":"max-video-preview:-1"},"canonical":"https:\/\/afarangabroad.com\/de\/sex-pattaya\/","og_locale":"de_DE","og_type":"article","og_title":"Beginner\u2019s Guide to Sex in Pattaya - A Farang Abroad","og_description":"Are you coming to Pattaya soon? Find out where to find sex in Pattaya, the best bars, clubs and brothels in the city.","og_url":"https:\/\/afarangabroad.com\/de\/sex-pattaya\/","og_site_name":"A Farang Abroad","article_modified_time":"2022-11-09T02:14:15+00:00","og_image":[{"width":471,"height":315,"url":"https:\/\/afarangabroad.com\/wp-content\/uploads\/2016\/06\/13417470_628264814005020_2475737758099878080_n.jpg","type":"image\/jpeg"}],"twitter_misc":{"Gesch\u00e4tzte Lesezeit":"8\u00a0Minuten"},"schema":{"@context":"https:\/\/schema.org","@graph":[{"@type":"WebPage","@id":"https:\/\/afarangabroad.com\/sex-pattaya\/","url":"https:\/\/afarangabroad.com\/sex-pattaya\/","name":"Beginner\u2019s Guide to Sex in Pattaya - A Farang Abroad","isPartOf":{"@id":"https:\/\/afarangabroad.com\/#website"},"datePublished":"2016-06-18T17:21:45+00:00","dateModified":"2022-11-09T02:14:15+00:00","description":"Are you coming to Pattaya soon? Find out where to find sex in Pattaya, the best bars, clubs and brothels in the city.","breadcrumb":{"@id":"https:\/\/afarangabroad.com\/sex-pattaya\/#breadcrumb"},"inLanguage":"de","potentialAction":[{"@type":"ReadAction","target":["https:\/\/afarangabroad.com\/sex-pattaya\/"]}]},{"@type":"BreadcrumbList","@id":"https:\/\/afarangabroad.com\/sex-pattaya\/#breadcrumb","itemListElement":[{"@type":"ListItem","position":1,"name":"Home","item":"https:\/\/afarangabroad.com\/"},{"@type":"ListItem","position":2,"name":"Beginner\u2019s Guide to Sex in Pattaya"}]},{"@type":"WebSite","@id":"https:\/\/afarangabroad.com\/#website","url":"https:\/\/afarangabroad.com\/","name":"A Farang Abroad","description":"Your secret guide to Asia&#039;s sexiest nightlife.","potentialAction":[{"@type":"SearchAction","target":{"@type":"EntryPoint","urlTemplate":"https:\/\/afarangabroad.com\/?s={search_term_string}"},"query-input":"required name=search_term_string"}],"inLanguage":"de"}]}},"_links":{"self":[{"href":"https:\/\/afarangabroad.com\/de\/wp-json\/wp\/v2\/pages\/7285"}],"collection":[{"href":"https:\/\/afarangabroad.com\/de\/wp-json\/wp\/v2\/pages"}],"about":[{"href":"https:\/\/afarangabroad.com\/de\/wp-json\/wp\/v2\/types\/page"}],"author":[{"embeddable":true,"href":"https:\/\/afarangabroad.com\/de\/wp-json\/wp\/v2\/users\/2"}],"replies":[{"embeddable":true,"href":"https:\/\/afarangabroad.com\/de\/wp-json\/wp\/v2\/comments?post=7285"}],"version-history":[{"count":2,"href":"https:\/\/afarangabroad.com\/de\/wp-json\/wp\/v2\/pages\/7285\/revisions"}],"predecessor-version":[{"id":513015,"href":"https:\/\/afarangabroad.com\/de\/wp-json\/wp\/v2\/pages\/7285\/revisions\/513015"}],"wp:featuredmedia":[{"embeddable":true,"href":"https:\/\/afarangabroad.com\/de\/wp-json\/wp\/v2\/media\/7294"}],"wp:attachment":[{"href":"https:\/\/afarangabroad.com\/de\/wp-json\/wp\/v2\/media?parent=7285"}],"wp:term":[{"taxonomy":"category","embeddable":true,"href":"https:\/\/afarangabroad.com\/de\/wp-json\/wp\/v2\/categories?post=7285"},{"taxonomy":"post_tag","embeddable":true,"href":"https:\/\/afarangabroad.com\/de\/wp-json\/wp\/v2\/tags?post=7285"}],"curies":[{"name":"wp","href":"https:\/\/api.w.org\/{rel}","templated":true}]}}