{"id":7288,"date":"2016-06-18T18:21:33","date_gmt":"2016-06-18T17:21:33","guid":{"rendered":"https:\/\/afarangabroad.com\/?p=7288"},"modified":"2019-01-15T06:00:57","modified_gmt":"2019-01-15T06:00:57","slug":"sex-jakarta","status":"publish","type":"page","link":"https:\/\/afarangabroad.com\/de\/sex-jakarta\/","title":{"rendered":"Anf\u00e4ngerf\u00fchrer f\u00fcr Sex in Jakarta"},"content":{"rendered":"<p>Indonesien ist ein weiteres Ziel f\u00fcr Ihren Asienurlaub, und in Jakarta gibt es viele Orte, an denen man Sex finden kann.<\/p>\n<p>Die gr\u00f6\u00dfte Stadt ist <a href=\"\/de\/\">Jakarta und das Nachtleben<\/a> ist in Thailand genauso interessant. Aber ein Wort der Warnung: Jakarta ist nicht so extravagant wie Bangkok oder Pattaya. Vor allem, weil es ein muslimisches Land ist und Prostitution nicht toleriert wird.<\/p>\n<p>Wenn Sie sich treffen m\u00f6chten <a href=\"https:\/\/afarangabroad.com\/de\/indonesische-frauen\/\" target=\"_blank\" rel=\"noopener\">Indonesische Frauen<\/a>dann <a href=\"https:\/\/afarangabroad.com\/de\/indonesian-cupid\/\" target=\"_blank\" rel=\"noopener\">Lesen Sie diesen Artikel<\/a>.<\/p>\n<p><a href=\"https:\/\/afarangabroad.com\/de\/indonesian-cupid\/\" target=\"_blank\" rel=\"noopener\"><img loading=\"lazy\" decoding=\"async\" class=\"aligncenter size-large wp-image-7574\" src=\"https:\/\/afarangabroad.com\/wp-content\/uploads\/2016\/08\/hot-Jakarta-girl-1024x691.png\" alt=\"\" width=\"600\" height=\"405\" srcset=\"https:\/\/afarangabroad.com\/wp-content\/uploads\/2016\/08\/hot-Jakarta-girl-1024x691.png 1024w, https:\/\/afarangabroad.com\/wp-content\/uploads\/2016\/08\/hot-Jakarta-girl-300x202.png 300w, https:\/\/afarangabroad.com\/wp-content\/uploads\/2016\/08\/hot-Jakarta-girl-768x518.png 768w, https:\/\/afarangabroad.com\/wp-content\/uploads\/2016\/08\/hot-Jakarta-girl-720x486.png 720w, https:\/\/afarangabroad.com\/wp-content\/uploads\/2016\/08\/hot-Jakarta-girl.png 1038w\" sizes=\"(max-width: 600px) 100vw, 600px\" \/><\/a><\/p>\n<p>But if you are planning to go for a holiday in Indonesia, specifically Jakarta then you should read this. This is a beginner\u2019s guide on how you can hook up with a girl and have sex in Jakarta.<\/p>\n<h2><strong>Indonesische Frauen<\/strong><\/h2>\n<p>Es gibt jedoch keinen Grund, warum Sie Jakarta nicht als Ihr Sexurlaubsziel in Betracht ziehen sollten. Denken Sie an die javanischen Frauen. Sie sind extrem gut aussehend und haben gro\u00dfe Br\u00fcste. Einige dieser M\u00e4dchen k\u00f6nnen dir den besten Sex in Jakarta bieten, den du je haben wirst. Sie sind sehr willig und bereit zu ficken. Sie sind auch gro\u00dfartig im Bett, weshalb viele ausl\u00e4ndische Touristen und Expats das Land besuchen. Prostitution ist eine der wichtigsten touristischen Attraktionen in Indonesien.<\/p>\n<p>Sie sind auch gro\u00dfartig im Bett, weshalb viele ausl\u00e4ndische Touristen und Expats das Land besuchen. Prostitution ist eine der gr\u00f6\u00dften Touristenattraktionen in Indonesien.<\/p>\n<h2><a href=\"https:\/\/afarangabroad.com\/de\/indonesian-cupid\/\" target=\"_blank\" rel=\"noopener\"><img loading=\"lazy\" decoding=\"async\" class=\"aligncenter size-full wp-image-6677\" src=\"https:\/\/afarangabroad.com\/wp-content\/uploads\/2015\/12\/Indonesian-cupid.jpg\" alt=\"Indonesischer Amor\" width=\"336\" height=\"280\" srcset=\"https:\/\/afarangabroad.com\/wp-content\/uploads\/2015\/12\/Indonesian-cupid.jpg 336w, https:\/\/afarangabroad.com\/wp-content\/uploads\/2015\/12\/Indonesian-cupid-300x250.jpg 300w\" sizes=\"(max-width: 336px) 100vw, 336px\" \/><\/a><\/h2>\n<p>Sie werden sich vielleicht fragen, warum sie zu einer gro\u00dfen Touristenattraktion geworden ist. In anderen Nachbarl\u00e4ndern ist die Prostitution nicht so ausgepr\u00e4gt, aber vor allem in Jakarta ist sie noch weit verbreitet. Sie brauchen sich keine Sorgen zu machen, dass Sie sich in der Stadt nicht den Saft abdrehen m\u00fcssen.<\/p>\n<h2><strong>Isn&#8217;t Jakarta a Muslim populated city?<\/strong><\/h2>\n<p>Yes but that doesn&#8217;t mean it&#8217;s hard to get laid in Jakarta for free or by paying. The strict Muslim girls will never be out at bars or clubs, so the girls you do see are either relaxed Muslims or of another religion. During my stay in Jakarta I met dozens of girls who were up for a party and good time.<\/p>\n<p>You won&#8217;t have issues with local Muslim girls because the ones who don&#8217;t drink or party won&#8217;t be anywhere you go (online dating sites or bars and clubs).<\/p>\n<p><img loading=\"lazy\" decoding=\"async\" class=\"aligncenter size-full wp-image-8359\" src=\"https:\/\/afarangabroad.com\/wp-content\/uploads\/2016\/06\/Sex-in-Jakarta-area.jpg\" alt=\"Sex in Jakarta area\" width=\"640\" height=\"480\" srcset=\"https:\/\/afarangabroad.com\/wp-content\/uploads\/2016\/06\/Sex-in-Jakarta-area.jpg 640w, https:\/\/afarangabroad.com\/wp-content\/uploads\/2016\/06\/Sex-in-Jakarta-area-300x225.jpg 300w\" sizes=\"(max-width: 640px) 100vw, 640px\" \/><\/p>","protected":false},"excerpt":{"rendered":"<p>Indonesia is another destination for your Asian holiday, and there are lots of places to find sex in Jakarta. Its major city is Jakarta and the nightlife is as interesting in Thailand. But one word of caution, Jakarta is not as flamboyant as Bangkok or Pattaya. Mainly because it is a Muslim country and prostitution [&hellip;]<\/p>","protected":false},"author":2,"featured_media":7291,"parent":0,"menu_order":0,"comment_status":"open","ping_status":"open","template":"","meta":{"_exactmetrics_skip_tracking":false,"_exactmetrics_sitenote_active":false,"_exactmetrics_sitenote_note":"","_exactmetrics_sitenote_category":0,"footnotes":""},"categories":[318],"tags":[],"class_list":["post-7288","page","type-page","status-publish","has-post-thumbnail","hentry","category-indonesia"],"yoast_head":"<!-- This site is optimized with the Yoast SEO plugin v20.1 - https:\/\/yoast.com\/wordpress\/plugins\/seo\/ -->\n<title>Beginner&#039;s Guide To Sex In Jakarta - A Farang Abroad<\/title>\n<meta name=\"description\" content=\"Are you visiting Jakarta soon? In this article I tell you the best places to find sex in Jakarta, including clubs, bars and the best brothels in the city.\" \/>\n<meta name=\"robots\" content=\"index, follow, max-snippet:-1, max-image-preview:large, max-video-preview:-1\" \/>\n<link rel=\"canonical\" href=\"https:\/\/afarangabroad.com\/de\/sex-jakarta\/\" \/>\n<meta property=\"og:locale\" content=\"de_DE\" \/>\n<meta property=\"og:type\" content=\"article\" \/>\n<meta property=\"og:title\" content=\"Beginner&#039;s Guide To Sex In Jakarta - A Farang Abroad\" \/>\n<meta property=\"og:description\" content=\"Are you visiting Jakarta soon? In this article I tell you the best places to find sex in Jakarta, including clubs, bars and the best brothels in the city.\" \/>\n<meta property=\"og:url\" content=\"https:\/\/afarangabroad.com\/de\/sex-jakarta\/\" \/>\n<meta property=\"og:site_name\" content=\"A Farang Abroad\" \/>\n<meta property=\"article:modified_time\" content=\"2019-01-15T06:00:57+00:00\" \/>\n<meta property=\"og:image\" content=\"https:\/\/afarangabroad.com\/wp-content\/uploads\/2016\/06\/Dragonfly-Jarkata.jpg\" \/>\n\t<meta property=\"og:image:width\" content=\"745\" \/>\n\t<meta property=\"og:image:height\" content=\"745\" \/>\n\t<meta property=\"og:image:type\" content=\"image\/jpeg\" \/>\n<meta name=\"twitter:label1\" content=\"Gesch\u00e4tzte Lesezeit\" \/>\n\t<meta name=\"twitter:data1\" content=\"11\u00a0Minuten\" \/>\n<script type=\"application\/ld+json\" class=\"yoast-schema-graph\">{\"@context\":\"https:\/\/schema.org\",\"@graph\":[{\"@type\":\"WebPage\",\"@id\":\"https:\/\/afarangabroad.com\/sex-jakarta\/\",\"url\":\"https:\/\/afarangabroad.com\/sex-jakarta\/\",\"name\":\"Beginner's Guide To Sex In Jakarta - A Farang Abroad\",\"isPartOf\":{\"@id\":\"https:\/\/afarangabroad.com\/#website\"},\"datePublished\":\"2016-06-18T17:21:33+00:00\",\"dateModified\":\"2019-01-15T06:00:57+00:00\",\"description\":\"Are you visiting Jakarta soon? In this article I tell you the best places to find sex in Jakarta, including clubs, bars and the best brothels in the city.\",\"breadcrumb\":{\"@id\":\"https:\/\/afarangabroad.com\/sex-jakarta\/#breadcrumb\"},\"inLanguage\":\"de\",\"potentialAction\":[{\"@type\":\"ReadAction\",\"target\":[\"https:\/\/afarangabroad.com\/sex-jakarta\/\"]}]},{\"@type\":\"BreadcrumbList\",\"@id\":\"https:\/\/afarangabroad.com\/sex-jakarta\/#breadcrumb\",\"itemListElement\":[{\"@type\":\"ListItem\",\"position\":1,\"name\":\"Home\",\"item\":\"https:\/\/afarangabroad.com\/\"},{\"@type\":\"ListItem\",\"position\":2,\"name\":\"Beginner&#8217;s Guide To Sex In Jakarta\"}]},{\"@type\":\"WebSite\",\"@id\":\"https:\/\/afarangabroad.com\/#website\",\"url\":\"https:\/\/afarangabroad.com\/\",\"name\":\"A Farang Abroad\",\"description\":\"Your secret guide to Asia&#039;s sexiest nightlife.\",\"potentialAction\":[{\"@type\":\"SearchAction\",\"target\":{\"@type\":\"EntryPoint\",\"urlTemplate\":\"https:\/\/afarangabroad.com\/?s={search_term_string}\"},\"query-input\":\"required name=search_term_string\"}],\"inLanguage\":\"de\"}]}<\/script>\n<!-- \/ Yoast SEO plugin. -->","yoast_head_json":{"title":"Beginner's Guide To Sex In Jakarta - A Farang Abroad","description":"Are you visiting Jakarta soon? In this article I tell you the best places to find sex in Jakarta, including clubs, bars and the best brothels in the city.","robots":{"index":"index","follow":"follow","max-snippet":"max-snippet:-1","max-image-preview":"max-image-preview:large","max-video-preview":"max-video-preview:-1"},"canonical":"https:\/\/afarangabroad.com\/de\/sex-jakarta\/","og_locale":"de_DE","og_type":"article","og_title":"Beginner's Guide To Sex In Jakarta - A Farang Abroad","og_description":"Are you visiting Jakarta soon? In this article I tell you the best places to find sex in Jakarta, including clubs, bars and the best brothels in the city.","og_url":"https:\/\/afarangabroad.com\/de\/sex-jakarta\/","og_site_name":"A Farang Abroad","article_modified_time":"2019-01-15T06:00:57+00:00","og_image":[{"width":745,"height":745,"url":"https:\/\/afarangabroad.com\/wp-content\/uploads\/2016\/06\/Dragonfly-Jarkata.jpg","type":"image\/jpeg"}],"twitter_misc":{"Gesch\u00e4tzte Lesezeit":"11\u00a0Minuten"},"schema":{"@context":"https:\/\/schema.org","@graph":[{"@type":"WebPage","@id":"https:\/\/afarangabroad.com\/sex-jakarta\/","url":"https:\/\/afarangabroad.com\/sex-jakarta\/","name":"Beginner's Guide To Sex In Jakarta - A Farang Abroad","isPartOf":{"@id":"https:\/\/afarangabroad.com\/#website"},"datePublished":"2016-06-18T17:21:33+00:00","dateModified":"2019-01-15T06:00:57+00:00","description":"Are you visiting Jakarta soon? In this article I tell you the best places to find sex in Jakarta, including clubs, bars and the best brothels in the city.","breadcrumb":{"@id":"https:\/\/afarangabroad.com\/sex-jakarta\/#breadcrumb"},"inLanguage":"de","potentialAction":[{"@type":"ReadAction","target":["https:\/\/afarangabroad.com\/sex-jakarta\/"]}]},{"@type":"BreadcrumbList","@id":"https:\/\/afarangabroad.com\/sex-jakarta\/#breadcrumb","itemListElement":[{"@type":"ListItem","position":1,"name":"Home","item":"https:\/\/afarangabroad.com\/"},{"@type":"ListItem","position":2,"name":"Beginner&#8217;s Guide To Sex In Jakarta"}]},{"@type":"WebSite","@id":"https:\/\/afarangabroad.com\/#website","url":"https:\/\/afarangabroad.com\/","name":"A Farang Abroad","description":"Your secret guide to Asia&#039;s sexiest nightlife.","potentialAction":[{"@type":"SearchAction","target":{"@type":"EntryPoint","urlTemplate":"https:\/\/afarangabroad.com\/?s={search_term_string}"},"query-input":"required name=search_term_string"}],"inLanguage":"de"}]}},"_links":{"self":[{"href":"https:\/\/afarangabroad.com\/de\/wp-json\/wp\/v2\/pages\/7288"}],"collection":[{"href":"https:\/\/afarangabroad.com\/de\/wp-json\/wp\/v2\/pages"}],"about":[{"href":"https:\/\/afarangabroad.com\/de\/wp-json\/wp\/v2\/types\/page"}],"author":[{"embeddable":true,"href":"https:\/\/afarangabroad.com\/de\/wp-json\/wp\/v2\/users\/2"}],"replies":[{"embeddable":true,"href":"https:\/\/afarangabroad.com\/de\/wp-json\/wp\/v2\/comments?post=7288"}],"version-history":[{"count":0,"href":"https:\/\/afarangabroad.com\/de\/wp-json\/wp\/v2\/pages\/7288\/revisions"}],"wp:featuredmedia":[{"embeddable":true,"href":"https:\/\/afarangabroad.com\/de\/wp-json\/wp\/v2\/media\/7291"}],"wp:attachment":[{"href":"https:\/\/afarangabroad.com\/de\/wp-json\/wp\/v2\/media?parent=7288"}],"wp:term":[{"taxonomy":"category","embeddable":true,"href":"https:\/\/afarangabroad.com\/de\/wp-json\/wp\/v2\/categories?post=7288"},{"taxonomy":"post_tag","embeddable":true,"href":"https:\/\/afarangabroad.com\/de\/wp-json\/wp\/v2\/tags?post=7288"}],"curies":[{"name":"wp","href":"https:\/\/api.w.org\/{rel}","templated":true}]}}