{"id":7566,"date":"2016-08-08T17:33:34","date_gmt":"2016-08-08T16:33:34","guid":{"rendered":"https:\/\/afarangabroad.com\/?p=7566"},"modified":"2019-01-08T06:22:10","modified_gmt":"2019-01-08T06:22:10","slug":"cambodian-ladyboys","status":"publish","type":"page","link":"https:\/\/afarangabroad.com\/de\/kambodschanische-ladyboys\/","title":{"rendered":"Wo man kambodschanische Ladyboys findet"},"content":{"rendered":"<p>Some men are just risqu\u00e9 enough to not settle for the normal hook ups or dates. What it means is that while the thought of dating ladyboys make you cringe, there are still some who think of it as an exciting new adventure.<\/p>\n<p><a href=\"https:\/\/afarangabroad.com\/de\/asiatische-partnersuche\/\" target=\"_blank\" rel=\"noopener\"><img loading=\"lazy\" decoding=\"async\" class=\"aligncenter size-large wp-image-7582\" src=\"https:\/\/afarangabroad.com\/wp-content\/uploads\/2016\/08\/hot-cambo-girls-1024x691.png\" alt=\"hot cambo girls\" width=\"600\" height=\"405\" srcset=\"https:\/\/afarangabroad.com\/wp-content\/uploads\/2016\/08\/hot-cambo-girls-1024x691.png 1024w, https:\/\/afarangabroad.com\/wp-content\/uploads\/2016\/08\/hot-cambo-girls-300x202.png 300w, https:\/\/afarangabroad.com\/wp-content\/uploads\/2016\/08\/hot-cambo-girls-768x518.png 768w, https:\/\/afarangabroad.com\/wp-content\/uploads\/2016\/08\/hot-cambo-girls-720x486.png 720w, https:\/\/afarangabroad.com\/wp-content\/uploads\/2016\/08\/hot-cambo-girls.png 1038w\" sizes=\"(max-width: 600px) 100vw, 600px\" \/><\/a>If you&#8217;re looking to meet Cambo ladyboys or real <a href=\"https:\/\/afarangabroad.com\/de\/khemer-madchen\/\" target=\"_blank\" rel=\"noopener\">khmer m\u00e4dchen<\/a>, <a href=\"https:\/\/afarangabroad.com\/de\/asiatische-partnersuche\/\" target=\"_blank\" rel=\"noopener\">Lesen Sie diesen Artikel<\/a>.<\/p>\n<p>Vielleicht haben Sie auch gelesen, dass es andere gibt, die einen Ladyboy ausprobiert haben und nie wieder zur\u00fcckkehrten.<\/p>\n<p><iframe loading=\"lazy\" src=\"https:\/\/www.youtube.com\/embed\/67olMs5HjGg\" width=\"854\" height=\"480\" frameborder=\"0\" allowfullscreen=\"allowfullscreen\"><\/iframe><\/p>\n<p>Thailand ist nicht das einzige Land, in dem man Ladyboys finden kann. Kambodschanische Ladyboys sind auch ein sicherer Hit in diesem Land. Der kambodschanische Ladyboy ist auch einer der bestaussehenden Ladyboys in S\u00fcdostasien. Du kannst viele von ihnen in verschiedenen Orten wie Phnom Penh, Siem Reap und sogar Sihanoukville finden. Die meisten von ihnen sind sehr freundlich, zuvorkommend und sehen absolut umwerfend aus.<\/p>\n<h2><strong>Warum manche M\u00e4nner gerne mit kambodschanischen Ladyboys ausgehen<\/strong><\/h2>\n<p>Die meisten kambodschanischen Ladyboys sehen absolut wie eine echte Frau aus. Sie haben riesige Br\u00fcste, einige sind voroperiert, andere wurden nachoperiert. F\u00fcr manche ist das wichtig, aber anderen M\u00e4nnern ist das v\u00f6llig egal. Wie bereits in einigen anderen Ladyboy-Foren erw\u00e4hnt, haben M\u00e4nner, die sich mit Ladyboys verabredet haben, nie wieder zur\u00fcckgeschaut.<\/p>\n<p>Perhaps because they do know how to take care of them and how to give them the pleasure they want. Unlike real women who are too picky and sometimes uninterested with sex. Real women would have to play hard to get, but ladyboys would just make it seem easy for men. Cambodian ladyboys can also match every man\u2019s libido and this is just one of some foreign sexpats fantasy.<\/p>\n<p><strong>Kambodschanische Ladyboy-Jagd<\/strong><\/p>\n<p>If you are one of those men who are looking to meet Cambodian ladyboys, then you have come to the right place. This article is focused on ladyboys \u2013 how to spot them, where to find them and how to have fun with them. This can be your quick guide with hunting Cambodian ladyboys if you want to be discreet.<\/p>\n<h2><strong>Wie man kambodschanische Ladyboys erkennt<\/strong><\/h2>\n<p>Cambodian ladyboys are not different from Thailand\u2019s kathoeys. As mentioned before, most of these ladyboys actually look like real women and some are even better. This could also be a guide for you in case you would like to avoid meeting ladyboys. Here are some pointers of how you can quickly identify Cambodian ladyboys.<\/p>\n<ol>\n<li><strong>H\u00f6he<\/strong> \u2013 if you see a woman who is really tall and somehow the same height as yours, she is probably a ladyboy. Genetically speaking, only few women would stand towering tall as any foreign men unless you are a guy.<\/li>\n<li><strong>Stimme<\/strong> \u2013 let\u2019s face it, ladyboys would actually try to sound like a girl so they would speak in an octave higher than their normal tone. You can also be able to see if they have an Adam\u2019s Apple then that is most likely a ladyboy.<\/li>\n<li><strong>H\u00e4nde<\/strong> \u2013 ladyboys\u2019 hands are actually bigger than a real woman. If you try to touch their hands, you will be able to feel that a real woman\u2019s hands have a silky feel. A ladyboy\u2019s hands might feel rough.<\/li>\n<li><strong>Verhalten<\/strong> \u2013 ladyboys are not shy to do what they want to do \u2013 touch your dick! They seem to be more interested with sex and it seems that their priority is to get laid but getting paid is just a plus. They would speak out if they want to have dirty fun with you and they are not ashamed to declare it.<\/li>\n<\/ol>\n<p>Au\u00dferdem haben die kambodschanischen Ladyboys keine Angst, dir zu sagen, was sie sind. Wenn du dir unsicher bist, musst du nur fragen und sie sind immer ehrlich zu dir.<\/p>","protected":false},"excerpt":{"rendered":"<p>Some men are just risqu\u00e9 enough to not settle for the normal hook ups or dates. What it means is that while the thought of dating ladyboys make you cringe, there are still some who think of it as an exciting new adventure. If you&#8217;re looking to meet Cambo ladyboys or real khmer girls, check [&hellip;]<\/p>","protected":false},"author":2,"featured_media":7567,"parent":0,"menu_order":0,"comment_status":"open","ping_status":"open","template":"","meta":{"_exactmetrics_skip_tracking":false,"_exactmetrics_sitenote_active":false,"_exactmetrics_sitenote_note":"","_exactmetrics_sitenote_category":0,"footnotes":""},"categories":[329],"tags":[],"class_list":["post-7566","page","type-page","status-publish","has-post-thumbnail","hentry","category-laos-camboida-burma"],"yoast_head":"<!-- This site is optimized with the Yoast SEO plugin v20.1 - https:\/\/yoast.com\/wordpress\/plugins\/seo\/ -->\n<title>Where to find Cambodian Ladyboys - A Farang Abroad<\/title>\n<meta name=\"description\" content=\"Learn where to find Cambodian ladyboys, how to tell them from real girls and how to meet them in Cambodia.\" \/>\n<meta name=\"robots\" content=\"index, follow, max-snippet:-1, max-image-preview:large, max-video-preview:-1\" \/>\n<link rel=\"canonical\" href=\"https:\/\/afarangabroad.com\/de\/kambodschanische-ladyboys\/\" \/>\n<meta property=\"og:locale\" content=\"de_DE\" \/>\n<meta property=\"og:type\" content=\"article\" \/>\n<meta property=\"og:title\" content=\"Where to find Cambodian Ladyboys - A Farang Abroad\" \/>\n<meta property=\"og:description\" content=\"Learn where to find Cambodian ladyboys, how to tell them from real girls and how to meet them in Cambodia.\" \/>\n<meta property=\"og:url\" content=\"https:\/\/afarangabroad.com\/de\/kambodschanische-ladyboys\/\" \/>\n<meta property=\"og:site_name\" content=\"A Farang Abroad\" \/>\n<meta property=\"article:modified_time\" content=\"2019-01-08T06:22:10+00:00\" \/>\n<meta property=\"og:image\" content=\"https:\/\/afarangabroad.com\/wp-content\/uploads\/2016\/08\/Cambodian-Ladyboys.jpg\" \/>\n\t<meta property=\"og:image:width\" content=\"159\" \/>\n\t<meta property=\"og:image:height\" content=\"240\" \/>\n\t<meta property=\"og:image:type\" content=\"image\/jpeg\" \/>\n<meta name=\"twitter:label1\" content=\"Gesch\u00e4tzte Lesezeit\" \/>\n\t<meta name=\"twitter:data1\" content=\"8\u00a0Minuten\" \/>\n<script type=\"application\/ld+json\" class=\"yoast-schema-graph\">{\"@context\":\"https:\/\/schema.org\",\"@graph\":[{\"@type\":\"WebPage\",\"@id\":\"https:\/\/afarangabroad.com\/cambodian-ladyboys\/\",\"url\":\"https:\/\/afarangabroad.com\/cambodian-ladyboys\/\",\"name\":\"Where to find Cambodian Ladyboys - A Farang Abroad\",\"isPartOf\":{\"@id\":\"https:\/\/afarangabroad.com\/#website\"},\"datePublished\":\"2016-08-08T16:33:34+00:00\",\"dateModified\":\"2019-01-08T06:22:10+00:00\",\"description\":\"Learn where to find Cambodian ladyboys, how to tell them from real girls and how to meet them in Cambodia.\",\"breadcrumb\":{\"@id\":\"https:\/\/afarangabroad.com\/cambodian-ladyboys\/#breadcrumb\"},\"inLanguage\":\"de\",\"potentialAction\":[{\"@type\":\"ReadAction\",\"target\":[\"https:\/\/afarangabroad.com\/cambodian-ladyboys\/\"]}]},{\"@type\":\"BreadcrumbList\",\"@id\":\"https:\/\/afarangabroad.com\/cambodian-ladyboys\/#breadcrumb\",\"itemListElement\":[{\"@type\":\"ListItem\",\"position\":1,\"name\":\"Home\",\"item\":\"https:\/\/afarangabroad.com\/\"},{\"@type\":\"ListItem\",\"position\":2,\"name\":\"Where to find Cambodian Ladyboys\"}]},{\"@type\":\"WebSite\",\"@id\":\"https:\/\/afarangabroad.com\/#website\",\"url\":\"https:\/\/afarangabroad.com\/\",\"name\":\"A Farang Abroad\",\"description\":\"Your secret guide to Asia&#039;s sexiest nightlife.\",\"potentialAction\":[{\"@type\":\"SearchAction\",\"target\":{\"@type\":\"EntryPoint\",\"urlTemplate\":\"https:\/\/afarangabroad.com\/?s={search_term_string}\"},\"query-input\":\"required name=search_term_string\"}],\"inLanguage\":\"de\"}]}<\/script>\n<!-- \/ Yoast SEO plugin. -->","yoast_head_json":{"title":"Where to find Cambodian Ladyboys - A Farang Abroad","description":"Learn where to find Cambodian ladyboys, how to tell them from real girls and how to meet them in Cambodia.","robots":{"index":"index","follow":"follow","max-snippet":"max-snippet:-1","max-image-preview":"max-image-preview:large","max-video-preview":"max-video-preview:-1"},"canonical":"https:\/\/afarangabroad.com\/de\/kambodschanische-ladyboys\/","og_locale":"de_DE","og_type":"article","og_title":"Where to find Cambodian Ladyboys - A Farang Abroad","og_description":"Learn where to find Cambodian ladyboys, how to tell them from real girls and how to meet them in Cambodia.","og_url":"https:\/\/afarangabroad.com\/de\/kambodschanische-ladyboys\/","og_site_name":"A Farang Abroad","article_modified_time":"2019-01-08T06:22:10+00:00","og_image":[{"width":159,"height":240,"url":"https:\/\/afarangabroad.com\/wp-content\/uploads\/2016\/08\/Cambodian-Ladyboys.jpg","type":"image\/jpeg"}],"twitter_misc":{"Gesch\u00e4tzte Lesezeit":"8\u00a0Minuten"},"schema":{"@context":"https:\/\/schema.org","@graph":[{"@type":"WebPage","@id":"https:\/\/afarangabroad.com\/cambodian-ladyboys\/","url":"https:\/\/afarangabroad.com\/cambodian-ladyboys\/","name":"Where to find Cambodian Ladyboys - A Farang Abroad","isPartOf":{"@id":"https:\/\/afarangabroad.com\/#website"},"datePublished":"2016-08-08T16:33:34+00:00","dateModified":"2019-01-08T06:22:10+00:00","description":"Learn where to find Cambodian ladyboys, how to tell them from real girls and how to meet them in Cambodia.","breadcrumb":{"@id":"https:\/\/afarangabroad.com\/cambodian-ladyboys\/#breadcrumb"},"inLanguage":"de","potentialAction":[{"@type":"ReadAction","target":["https:\/\/afarangabroad.com\/cambodian-ladyboys\/"]}]},{"@type":"BreadcrumbList","@id":"https:\/\/afarangabroad.com\/cambodian-ladyboys\/#breadcrumb","itemListElement":[{"@type":"ListItem","position":1,"name":"Home","item":"https:\/\/afarangabroad.com\/"},{"@type":"ListItem","position":2,"name":"Where to find Cambodian Ladyboys"}]},{"@type":"WebSite","@id":"https:\/\/afarangabroad.com\/#website","url":"https:\/\/afarangabroad.com\/","name":"A Farang Abroad","description":"Your secret guide to Asia&#039;s sexiest nightlife.","potentialAction":[{"@type":"SearchAction","target":{"@type":"EntryPoint","urlTemplate":"https:\/\/afarangabroad.com\/?s={search_term_string}"},"query-input":"required name=search_term_string"}],"inLanguage":"de"}]}},"_links":{"self":[{"href":"https:\/\/afarangabroad.com\/de\/wp-json\/wp\/v2\/pages\/7566"}],"collection":[{"href":"https:\/\/afarangabroad.com\/de\/wp-json\/wp\/v2\/pages"}],"about":[{"href":"https:\/\/afarangabroad.com\/de\/wp-json\/wp\/v2\/types\/page"}],"author":[{"embeddable":true,"href":"https:\/\/afarangabroad.com\/de\/wp-json\/wp\/v2\/users\/2"}],"replies":[{"embeddable":true,"href":"https:\/\/afarangabroad.com\/de\/wp-json\/wp\/v2\/comments?post=7566"}],"version-history":[{"count":0,"href":"https:\/\/afarangabroad.com\/de\/wp-json\/wp\/v2\/pages\/7566\/revisions"}],"wp:featuredmedia":[{"embeddable":true,"href":"https:\/\/afarangabroad.com\/de\/wp-json\/wp\/v2\/media\/7567"}],"wp:attachment":[{"href":"https:\/\/afarangabroad.com\/de\/wp-json\/wp\/v2\/media?parent=7566"}],"wp:term":[{"taxonomy":"category","embeddable":true,"href":"https:\/\/afarangabroad.com\/de\/wp-json\/wp\/v2\/categories?post=7566"},{"taxonomy":"post_tag","embeddable":true,"href":"https:\/\/afarangabroad.com\/de\/wp-json\/wp\/v2\/tags?post=7566"}],"curies":[{"name":"wp","href":"https:\/\/api.w.org\/{rel}","templated":true}]}}