{"id":7780,"date":"2016-09-18T07:01:00","date_gmt":"2016-09-18T06:01:00","guid":{"rendered":"https:\/\/afarangabroad.com\/?page_id=7780"},"modified":"2019-05-31T09:07:23","modified_gmt":"2019-05-31T08:07:23","slug":"udon-thani-nightlife-guide","status":"publish","type":"page","link":"https:\/\/afarangabroad.com\/de\/udon-thani-nachtleben-fuhrer\/","title":{"rendered":"Udon Thani Nachtleben F\u00fchrer"},"content":{"rendered":"<p>In diesem Artikel erf\u00e4hrst du, wo du im Nachtleben von Udon Thani feiern kannst.<\/p>\n<p>As the country\u2019s tourism is now at its pick, every region of the Thailand was also able to adopt with the demands and one of those is Udon Thani.<\/p>\n<p><a href=\"https:\/\/afarangabroad.com\/de\/thai-friendly-dating\/\" target=\"_blank\" rel=\"noopener noreferrer\"><img loading=\"lazy\" decoding=\"async\" class=\"aligncenter wp-image-7403\" src=\"https:\/\/afarangabroad.com\/wp-content\/uploads\/2016\/07\/Meet-Thai-girls1-1024x691-min-300x202.jpg\" alt=\"Meet-Thai-girls\" width=\"358\" height=\"244\" \/><\/a>Wenn du in Udon Thani kostenlos Sex haben willst, <a href=\"https:\/\/afarangabroad.com\/de\/thai-friendly-dating\/\" target=\"_blank\" rel=\"noopener noreferrer\">Lesen Sie diesen Artikel<\/a>.<\/p>\n<p>Udon Thani may not be that famous compared to other cities and provinces in the country such as Bangkok and Pattaya but once you try Udon Thani, you would surely have fun too with their tourist spots such as the city\u2019s <a href=\"https:\/\/www.facebook.com\/pages\/Central-Plaza-Udon-Thani-Thailand\/596393313719791?fref=ts\" target=\"_blank\" rel=\"noopener noreferrer\">Zentraler Platz<\/a>, Playport Water Park, Tempel und Museen und nat\u00fcrlich das Nachtleben.<\/p>\n<p>Wenn Sie durch die Stadt Udon Thani schlendern, k\u00f6nnen Sie eine Menge Bars und Clubs in der Gegend finden, mit verschiedenen Szenen und Stilen, aus denen Sie w\u00e4hlen k\u00f6nnen, und wenn Sie in Udon Thani sind, um nach gro\u00dfartigen <a href=\"https:\/\/afarangabroad.com\/de\/girls-in-udon-thani\/\">Udon Thani M\u00e4dchen<\/a> dann sollten Sie zuerst diese Bars und Clubs besuchen.<\/p>\n<h2><strong>Bars in Udon Thani<\/strong><\/h2>\n<ul>\n<li style=\"list-style-type: none;\">\n<ul>\n<li style=\"list-style-type: none;\">\n<ul>\n<li style=\"list-style-type: none;\">\n<ul>\n<li><a href=\"https:\/\/www.facebook.com\/Sisters-Bar-109742125775907\/?fref=ts\" target=\"_blank\" rel=\"noopener noreferrer\">Sister\u2019s Bar<\/a><\/li>\n<\/ul>\n<\/li>\n<\/ul>\n<\/li>\n<\/ul>\n<\/li>\n<\/ul>\n<p>Found at Prajaksilapakom Road of Udon Thani nightlife with a great music choice. As people loves to visit the place, you can always come to Sister\u2019s bar whenever you wanted to socialize and meet new faces.<\/p>\n<p>Verwandt: lernen, wo man findet <a href=\"https:\/\/afarangabroad.com\/de\/gluckliche-massagen-bangkok\/\">Sex-Massagen in Bangkok<\/a> und die <a href=\"https:\/\/afarangabroad.com\/de\/blow-job-bars-pattaya\/\">beste Blowjob-Bars in Pattaya<\/a>.<\/p>\n<p>If you are the person who loves to party and dance all night long, then Sister\u2019s bar is a must visit for you.<\/p>\n<ul>\n<li>Mr Tong\u2019s Bar<\/li>\n<\/ul>\n<p>This bar can be found just a minute away from Sister\u2019s bar in where you can discover a great Udon Thani nightlife experience. Mr Tong\u2019s drinks may be a bit pricey compared to other bars here in Udon Thani but its vogue-ness attracts people to visit the place.<\/p>\n<p>Die Bar ist voll von einem gemischten Publikum aus Thais und Ausl\u00e4ndern, was Ihnen eine gr\u00f6\u00dfere Auswahl an Damen bietet.<\/p>\n<ul>\n<li>Tag und Nacht<\/li>\n<\/ul>\n<p>Dabei handelt es sich um einen Multibarkomplex in Udon Thani, der sich direkt hinter dem Central Plaza befindet, in dem es etwa 20 tolle Bars gibt.<\/p>","protected":false},"excerpt":{"rendered":"<p>In this article learn where to party in Udon Thani nightlife. As the country\u2019s tourism is now at its pick, every region of the Thailand was also able to adopt with the demands and one of those is Udon Thani. If you want to get laid for free in Udon Thani, check out this article. [&hellip;]<\/p>","protected":false},"author":2,"featured_media":7770,"parent":0,"menu_order":0,"comment_status":"open","ping_status":"closed","template":"","meta":{"_exactmetrics_skip_tracking":false,"_exactmetrics_sitenote_active":false,"_exactmetrics_sitenote_note":"","_exactmetrics_sitenote_category":0,"footnotes":""},"categories":[298],"tags":[],"class_list":["post-7780","page","type-page","status-publish","has-post-thumbnail","hentry","category-bangkok-nightlife"],"yoast_head":"<!-- This site is optimized with the Yoast SEO plugin v20.1 - https:\/\/yoast.com\/wordpress\/plugins\/seo\/ -->\n<title>Udon Thani Nightlife Guide - A Farang Abroad<\/title>\n<meta name=\"description\" content=\"Read my Udon Thani Nightlife Guide. In this blog you&#039;ll find out where the best bars and clubs are to meet local Udon Thani girls.\" \/>\n<meta name=\"robots\" content=\"index, follow, max-snippet:-1, max-image-preview:large, max-video-preview:-1\" \/>\n<link rel=\"canonical\" href=\"https:\/\/afarangabroad.com\/de\/udon-thani-nachtleben-fuhrer\/\" \/>\n<meta property=\"og:locale\" content=\"de_DE\" \/>\n<meta property=\"og:type\" content=\"article\" \/>\n<meta property=\"og:title\" content=\"Udon Thani Nightlife Guide - A Farang Abroad\" \/>\n<meta property=\"og:description\" content=\"Read my Udon Thani Nightlife Guide. In this blog you&#039;ll find out where the best bars and clubs are to meet local Udon Thani girls.\" \/>\n<meta property=\"og:url\" content=\"https:\/\/afarangabroad.com\/de\/udon-thani-nachtleben-fuhrer\/\" \/>\n<meta property=\"og:site_name\" content=\"A Farang Abroad\" \/>\n<meta property=\"article:modified_time\" content=\"2019-05-31T08:07:23+00:00\" \/>\n<meta property=\"og:image\" content=\"https:\/\/afarangabroad.com\/wp-content\/uploads\/2016\/09\/5977861748_7f62749581_m.jpg\" \/>\n\t<meta property=\"og:image:width\" content=\"240\" \/>\n\t<meta property=\"og:image:height\" content=\"159\" \/>\n\t<meta property=\"og:image:type\" content=\"image\/jpeg\" \/>\n<meta name=\"twitter:label1\" content=\"Gesch\u00e4tzte Lesezeit\" \/>\n\t<meta name=\"twitter:data1\" content=\"10\u00a0Minuten\" \/>\n<script type=\"application\/ld+json\" class=\"yoast-schema-graph\">{\"@context\":\"https:\/\/schema.org\",\"@graph\":[{\"@type\":\"WebPage\",\"@id\":\"https:\/\/afarangabroad.com\/udon-thani-nightlife-guide\/\",\"url\":\"https:\/\/afarangabroad.com\/udon-thani-nightlife-guide\/\",\"name\":\"Udon Thani Nightlife Guide - A Farang Abroad\",\"isPartOf\":{\"@id\":\"https:\/\/afarangabroad.com\/#website\"},\"datePublished\":\"2016-09-18T06:01:00+00:00\",\"dateModified\":\"2019-05-31T08:07:23+00:00\",\"description\":\"Read my Udon Thani Nightlife Guide. In this blog you'll find out where the best bars and clubs are to meet local Udon Thani girls.\",\"breadcrumb\":{\"@id\":\"https:\/\/afarangabroad.com\/udon-thani-nightlife-guide\/#breadcrumb\"},\"inLanguage\":\"de\",\"potentialAction\":[{\"@type\":\"ReadAction\",\"target\":[\"https:\/\/afarangabroad.com\/udon-thani-nightlife-guide\/\"]}]},{\"@type\":\"BreadcrumbList\",\"@id\":\"https:\/\/afarangabroad.com\/udon-thani-nightlife-guide\/#breadcrumb\",\"itemListElement\":[{\"@type\":\"ListItem\",\"position\":1,\"name\":\"Home\",\"item\":\"https:\/\/afarangabroad.com\/\"},{\"@type\":\"ListItem\",\"position\":2,\"name\":\"Udon Thani Nightlife Guide\"}]},{\"@type\":\"WebSite\",\"@id\":\"https:\/\/afarangabroad.com\/#website\",\"url\":\"https:\/\/afarangabroad.com\/\",\"name\":\"A Farang Abroad\",\"description\":\"Your secret guide to Asia&#039;s sexiest nightlife.\",\"potentialAction\":[{\"@type\":\"SearchAction\",\"target\":{\"@type\":\"EntryPoint\",\"urlTemplate\":\"https:\/\/afarangabroad.com\/?s={search_term_string}\"},\"query-input\":\"required name=search_term_string\"}],\"inLanguage\":\"de\"}]}<\/script>\n<!-- \/ Yoast SEO plugin. -->","yoast_head_json":{"title":"Udon Thani Nightlife Guide - A Farang Abroad","description":"Read my Udon Thani Nightlife Guide. In this blog you'll find out where the best bars and clubs are to meet local Udon Thani girls.","robots":{"index":"index","follow":"follow","max-snippet":"max-snippet:-1","max-image-preview":"max-image-preview:large","max-video-preview":"max-video-preview:-1"},"canonical":"https:\/\/afarangabroad.com\/de\/udon-thani-nachtleben-fuhrer\/","og_locale":"de_DE","og_type":"article","og_title":"Udon Thani Nightlife Guide - A Farang Abroad","og_description":"Read my Udon Thani Nightlife Guide. In this blog you'll find out where the best bars and clubs are to meet local Udon Thani girls.","og_url":"https:\/\/afarangabroad.com\/de\/udon-thani-nachtleben-fuhrer\/","og_site_name":"A Farang Abroad","article_modified_time":"2019-05-31T08:07:23+00:00","og_image":[{"width":240,"height":159,"url":"https:\/\/afarangabroad.com\/wp-content\/uploads\/2016\/09\/5977861748_7f62749581_m.jpg","type":"image\/jpeg"}],"twitter_misc":{"Gesch\u00e4tzte Lesezeit":"10\u00a0Minuten"},"schema":{"@context":"https:\/\/schema.org","@graph":[{"@type":"WebPage","@id":"https:\/\/afarangabroad.com\/udon-thani-nightlife-guide\/","url":"https:\/\/afarangabroad.com\/udon-thani-nightlife-guide\/","name":"Udon Thani Nightlife Guide - A Farang Abroad","isPartOf":{"@id":"https:\/\/afarangabroad.com\/#website"},"datePublished":"2016-09-18T06:01:00+00:00","dateModified":"2019-05-31T08:07:23+00:00","description":"Read my Udon Thani Nightlife Guide. In this blog you'll find out where the best bars and clubs are to meet local Udon Thani girls.","breadcrumb":{"@id":"https:\/\/afarangabroad.com\/udon-thani-nightlife-guide\/#breadcrumb"},"inLanguage":"de","potentialAction":[{"@type":"ReadAction","target":["https:\/\/afarangabroad.com\/udon-thani-nightlife-guide\/"]}]},{"@type":"BreadcrumbList","@id":"https:\/\/afarangabroad.com\/udon-thani-nightlife-guide\/#breadcrumb","itemListElement":[{"@type":"ListItem","position":1,"name":"Home","item":"https:\/\/afarangabroad.com\/"},{"@type":"ListItem","position":2,"name":"Udon Thani Nightlife Guide"}]},{"@type":"WebSite","@id":"https:\/\/afarangabroad.com\/#website","url":"https:\/\/afarangabroad.com\/","name":"A Farang Abroad","description":"Your secret guide to Asia&#039;s sexiest nightlife.","potentialAction":[{"@type":"SearchAction","target":{"@type":"EntryPoint","urlTemplate":"https:\/\/afarangabroad.com\/?s={search_term_string}"},"query-input":"required name=search_term_string"}],"inLanguage":"de"}]}},"_links":{"self":[{"href":"https:\/\/afarangabroad.com\/de\/wp-json\/wp\/v2\/pages\/7780"}],"collection":[{"href":"https:\/\/afarangabroad.com\/de\/wp-json\/wp\/v2\/pages"}],"about":[{"href":"https:\/\/afarangabroad.com\/de\/wp-json\/wp\/v2\/types\/page"}],"author":[{"embeddable":true,"href":"https:\/\/afarangabroad.com\/de\/wp-json\/wp\/v2\/users\/2"}],"replies":[{"embeddable":true,"href":"https:\/\/afarangabroad.com\/de\/wp-json\/wp\/v2\/comments?post=7780"}],"version-history":[{"count":0,"href":"https:\/\/afarangabroad.com\/de\/wp-json\/wp\/v2\/pages\/7780\/revisions"}],"wp:featuredmedia":[{"embeddable":true,"href":"https:\/\/afarangabroad.com\/de\/wp-json\/wp\/v2\/media\/7770"}],"wp:attachment":[{"href":"https:\/\/afarangabroad.com\/de\/wp-json\/wp\/v2\/media?parent=7780"}],"wp:term":[{"taxonomy":"category","embeddable":true,"href":"https:\/\/afarangabroad.com\/de\/wp-json\/wp\/v2\/categories?post=7780"},{"taxonomy":"post_tag","embeddable":true,"href":"https:\/\/afarangabroad.com\/de\/wp-json\/wp\/v2\/tags?post=7780"}],"curies":[{"name":"wp","href":"https:\/\/api.w.org\/{rel}","templated":true}]}}