{"id":7868,"date":"2016-10-29T06:13:39","date_gmt":"2016-10-29T05:13:39","guid":{"rendered":"https:\/\/afarangabroad.com\/?page_id=7868"},"modified":"2020-08-10T03:25:02","modified_gmt":"2020-08-10T02:25:02","slug":"hong-kong-girls","status":"publish","type":"page","link":"https:\/\/afarangabroad.com\/de\/hongkong-madchen\/","title":{"rendered":"Touristischer F\u00fchrer zum Treffen von Hongkong-M\u00e4dchen"},"content":{"rendered":"<p>Holiday seasons are now coming near, have you already planned your vacation? If you are planning to have it in Asia, why don\u2019t you try one of the top destinations in the continent?<\/p>\n<p>Hongkong ist eigentlich von verschiedenen Touristen f\u00fcr sie gro\u00dfe Attraktionen besucht und wenn Sie denken, dass Disney Land ist der einzige Ort, Hongkong bieten Ihnen dann sollten Sie diese Orte, die ich f\u00fcr die einzelnen M\u00e4nner auf der Suche nach einem gro\u00dfen Urlaub in Hongkong mit einigen Hongkong M\u00e4dchen aufgef\u00fchrt haben zu lesen.<\/p>\n<h2><strong>Hongkong-Amorette<\/strong><\/h2>\n<p>Wenn Sie nach Frauen aus Hongkong suchen m\u00f6chten, obwohl Sie noch nicht in Hongkong sind, k\u00f6nnen Sie einige Dating-Seiten nutzen, auf denen Sie verschiedene Frauen aus Hongkong finden k\u00f6nnen, die auch daran interessiert sind, Ausl\u00e4nder kennenzulernen. Ich habe eine Liste mit meinen Top 3 Dating-Seiten in Hongkong:<\/p>\n<p>A lot of people really love to use this site for it is accessible and easy to use and the site is actually much recommended for those expats looking for some Hong Kong women. Hong Kong Cupid costs $20 per month which is not that expensive thinking that you\u2019ll be able to get the Hong Kong women through this price.<\/p>\n<p><a class=\"mozbar-highlight-followed-wGA7MhRhQ3WS\" href=\"https:\/\/afarangabroad.com\/de\/hong-kong-cupid\/\" target=\"_blank\" rel=\"noopener noreferrer\"><img loading=\"lazy\" decoding=\"async\" class=\"aligncenter size-full wp-image-7857\" src=\"https:\/\/afarangabroad.com\/wp-content\/uploads\/2016\/10\/Hong-Kong-Cupid.jpg\" alt=\"hong-kong-cupid\" width=\"250\" height=\"250\" srcset=\"https:\/\/afarangabroad.com\/wp-content\/uploads\/2016\/10\/Hong-Kong-Cupid.jpg 250w, https:\/\/afarangabroad.com\/wp-content\/uploads\/2016\/10\/Hong-Kong-Cupid-150x150.jpg 150w\" sizes=\"(max-width: 250px) 100vw, 250px\" \/><\/a><\/p>\n<p>Wenn Sie mit China Love Cupid vertraut sind, werden sie tats\u00e4chlich von denselben Unternehmen betrieben. Obwohl die Seite f\u00fcr alle in China ist, k\u00f6nnen Sie immer noch viele Frauen aus Hongkong finden, die China Love Cupid benutzen.<\/p>\n<p>Klicken Sie hier, um meine Rezension zu lesen <a class=\"mozbar-highlight-followed-wGA7MhRhQ3WS\" href=\"https:\/\/afarangabroad.com\/de\/hong-kong-cupid\/\" target=\"_blank\" rel=\"noopener noreferrer\">Hongkong-Amorette<\/a>.<\/p>\n<h2>Smooci Hongkong<\/h2>\n<p>If you don&#8217;t want to shift through nightclubs to meet girls and rather have a girl come to your hotel or Airbnb discreetly, I really like Smooci Hong Kong as you can choose between in-call and out-call.<\/p>\n<p><a href=\"https:\/\/smooci.com\/hong-kong?search&amp;utm_source=afarang-HK-text\" target=\"_blank\" rel=\"noopener noreferrer\"><img loading=\"lazy\" decoding=\"async\" class=\"aligncenter wp-image-512712\" src=\"https:\/\/afarangabroad.com\/wp-content\/uploads\/2020\/08\/new-smooci-banner-300x75.gif\" alt=\"\" width=\"456\" height=\"114\" srcset=\"https:\/\/afarangabroad.com\/wp-content\/uploads\/2020\/08\/new-smooci-banner-300x75.gif 300w, https:\/\/afarangabroad.com\/wp-content\/uploads\/2020\/08\/new-smooci-banner-768x192.gif 768w\" sizes=\"(max-width: 456px) 100vw, 456px\" \/><\/a><\/p>\n<p>Their website has dozens of local Hong Kong girls who will come to your room. You simply pick your girl, time and prices are fair and their service is one of the best if not the best in Hong Kong if you&#8217;re new to the city and don&#8217;t know your way around. You can see their entire list of girls here: \u00a0<a href=\"https:\/\/smooci.com\/hong-kong?search&amp;utm_source=afarang-HK-text\" target=\"_blank\" rel=\"nofollow noopener noreferrer\" data-wplink-edit=\"true\">Smooci.de<\/a><\/p>\n<h2><strong>Das Ale-Projekt<\/strong><\/h2>\n<p>Eine Kneipe in Mongkok, Kowloon, in der man eine tolle Nacht mit Drinks und Essen verbringen kann. Der Ort wird auch TAP genannt und ist nicht nur f\u00fcr Hongkong-M\u00e4dchen bekannt, sondern auch f\u00fcr das Essen, das immer ausverkauft ist. Sie bieten auch saisonale Getr\u00e4nke an, die Ihre Stimmung auf jeden Fall aufhellen, egal welche Jahreszeit gerade ist.<\/p>","protected":false},"excerpt":{"rendered":"<p>Holiday seasons are now coming near, have you already planned your vacation? If you are planning to have it in Asia, why don\u2019t you try one of the top destinations in the continent? Hong Kong is actually being visited by various tourists for it vast attractions and if you are thinking that Disney Land is [&hellip;]<\/p>","protected":false},"author":2,"featured_media":7871,"parent":0,"menu_order":0,"comment_status":"open","ping_status":"closed","template":"","meta":{"_exactmetrics_skip_tracking":false,"_exactmetrics_sitenote_active":false,"_exactmetrics_sitenote_note":"","_exactmetrics_sitenote_category":0,"footnotes":""},"categories":[332],"tags":[],"class_list":["post-7868","page","type-page","status-publish","has-post-thumbnail","hentry","category-hong-kong"],"yoast_head":"<!-- This site is optimized with the Yoast SEO plugin v20.1 - https:\/\/yoast.com\/wordpress\/plugins\/seo\/ -->\n<title>Tourist Guide To Meeting Hong Kong Girls - A Farang Abroad<\/title>\n<meta name=\"description\" content=\"Looking to meet girls in Hong Kong? In this article I list the best spots to meet sexy girls for free and show maps of the best places to go.\" \/>\n<meta name=\"robots\" content=\"index, follow, max-snippet:-1, max-image-preview:large, max-video-preview:-1\" \/>\n<link rel=\"canonical\" href=\"https:\/\/afarangabroad.com\/de\/hongkong-madchen\/\" \/>\n<meta property=\"og:locale\" content=\"de_DE\" \/>\n<meta property=\"og:type\" content=\"article\" \/>\n<meta property=\"og:title\" content=\"Tourist Guide To Meeting Hong Kong Girls - A Farang Abroad\" \/>\n<meta property=\"og:description\" content=\"Looking to meet girls in Hong Kong? In this article I list the best spots to meet sexy girls for free and show maps of the best places to go.\" \/>\n<meta property=\"og:url\" content=\"https:\/\/afarangabroad.com\/de\/hongkong-madchen\/\" \/>\n<meta property=\"og:site_name\" content=\"A Farang Abroad\" \/>\n<meta property=\"article:modified_time\" content=\"2020-08-10T02:25:02+00:00\" \/>\n<meta property=\"og:image\" content=\"https:\/\/afarangabroad.com\/wp-content\/uploads\/2016\/10\/brick-house.jpg\" \/>\n\t<meta property=\"og:image:width\" content=\"960\" \/>\n\t<meta property=\"og:image:height\" content=\"960\" \/>\n\t<meta property=\"og:image:type\" content=\"image\/jpeg\" \/>\n<meta name=\"twitter:label1\" content=\"Gesch\u00e4tzte Lesezeit\" \/>\n\t<meta name=\"twitter:data1\" content=\"7\u00a0Minuten\" \/>\n<script type=\"application\/ld+json\" class=\"yoast-schema-graph\">{\"@context\":\"https:\/\/schema.org\",\"@graph\":[{\"@type\":\"WebPage\",\"@id\":\"https:\/\/afarangabroad.com\/hong-kong-girls\/\",\"url\":\"https:\/\/afarangabroad.com\/hong-kong-girls\/\",\"name\":\"Tourist Guide To Meeting Hong Kong Girls - A Farang Abroad\",\"isPartOf\":{\"@id\":\"https:\/\/afarangabroad.com\/#website\"},\"datePublished\":\"2016-10-29T05:13:39+00:00\",\"dateModified\":\"2020-08-10T02:25:02+00:00\",\"description\":\"Looking to meet girls in Hong Kong? In this article I list the best spots to meet sexy girls for free and show maps of the best places to go.\",\"breadcrumb\":{\"@id\":\"https:\/\/afarangabroad.com\/hong-kong-girls\/#breadcrumb\"},\"inLanguage\":\"de\",\"potentialAction\":[{\"@type\":\"ReadAction\",\"target\":[\"https:\/\/afarangabroad.com\/hong-kong-girls\/\"]}]},{\"@type\":\"BreadcrumbList\",\"@id\":\"https:\/\/afarangabroad.com\/hong-kong-girls\/#breadcrumb\",\"itemListElement\":[{\"@type\":\"ListItem\",\"position\":1,\"name\":\"Home\",\"item\":\"https:\/\/afarangabroad.com\/\"},{\"@type\":\"ListItem\",\"position\":2,\"name\":\"Tourist Guide To Meeting Hong Kong Girls\"}]},{\"@type\":\"WebSite\",\"@id\":\"https:\/\/afarangabroad.com\/#website\",\"url\":\"https:\/\/afarangabroad.com\/\",\"name\":\"A Farang Abroad\",\"description\":\"Your secret guide to Asia&#039;s sexiest nightlife.\",\"potentialAction\":[{\"@type\":\"SearchAction\",\"target\":{\"@type\":\"EntryPoint\",\"urlTemplate\":\"https:\/\/afarangabroad.com\/?s={search_term_string}\"},\"query-input\":\"required name=search_term_string\"}],\"inLanguage\":\"de\"}]}<\/script>\n<!-- \/ Yoast SEO plugin. -->","yoast_head_json":{"title":"Tourist Guide To Meeting Hong Kong Girls - A Farang Abroad","description":"Looking to meet girls in Hong Kong? In this article I list the best spots to meet sexy girls for free and show maps of the best places to go.","robots":{"index":"index","follow":"follow","max-snippet":"max-snippet:-1","max-image-preview":"max-image-preview:large","max-video-preview":"max-video-preview:-1"},"canonical":"https:\/\/afarangabroad.com\/de\/hongkong-madchen\/","og_locale":"de_DE","og_type":"article","og_title":"Tourist Guide To Meeting Hong Kong Girls - A Farang Abroad","og_description":"Looking to meet girls in Hong Kong? In this article I list the best spots to meet sexy girls for free and show maps of the best places to go.","og_url":"https:\/\/afarangabroad.com\/de\/hongkong-madchen\/","og_site_name":"A Farang Abroad","article_modified_time":"2020-08-10T02:25:02+00:00","og_image":[{"width":960,"height":960,"url":"https:\/\/afarangabroad.com\/wp-content\/uploads\/2016\/10\/brick-house.jpg","type":"image\/jpeg"}],"twitter_misc":{"Gesch\u00e4tzte Lesezeit":"7\u00a0Minuten"},"schema":{"@context":"https:\/\/schema.org","@graph":[{"@type":"WebPage","@id":"https:\/\/afarangabroad.com\/hong-kong-girls\/","url":"https:\/\/afarangabroad.com\/hong-kong-girls\/","name":"Tourist Guide To Meeting Hong Kong Girls - A Farang Abroad","isPartOf":{"@id":"https:\/\/afarangabroad.com\/#website"},"datePublished":"2016-10-29T05:13:39+00:00","dateModified":"2020-08-10T02:25:02+00:00","description":"Looking to meet girls in Hong Kong? In this article I list the best spots to meet sexy girls for free and show maps of the best places to go.","breadcrumb":{"@id":"https:\/\/afarangabroad.com\/hong-kong-girls\/#breadcrumb"},"inLanguage":"de","potentialAction":[{"@type":"ReadAction","target":["https:\/\/afarangabroad.com\/hong-kong-girls\/"]}]},{"@type":"BreadcrumbList","@id":"https:\/\/afarangabroad.com\/hong-kong-girls\/#breadcrumb","itemListElement":[{"@type":"ListItem","position":1,"name":"Home","item":"https:\/\/afarangabroad.com\/"},{"@type":"ListItem","position":2,"name":"Tourist Guide To Meeting Hong Kong Girls"}]},{"@type":"WebSite","@id":"https:\/\/afarangabroad.com\/#website","url":"https:\/\/afarangabroad.com\/","name":"A Farang Abroad","description":"Your secret guide to Asia&#039;s sexiest nightlife.","potentialAction":[{"@type":"SearchAction","target":{"@type":"EntryPoint","urlTemplate":"https:\/\/afarangabroad.com\/?s={search_term_string}"},"query-input":"required name=search_term_string"}],"inLanguage":"de"}]}},"_links":{"self":[{"href":"https:\/\/afarangabroad.com\/de\/wp-json\/wp\/v2\/pages\/7868"}],"collection":[{"href":"https:\/\/afarangabroad.com\/de\/wp-json\/wp\/v2\/pages"}],"about":[{"href":"https:\/\/afarangabroad.com\/de\/wp-json\/wp\/v2\/types\/page"}],"author":[{"embeddable":true,"href":"https:\/\/afarangabroad.com\/de\/wp-json\/wp\/v2\/users\/2"}],"replies":[{"embeddable":true,"href":"https:\/\/afarangabroad.com\/de\/wp-json\/wp\/v2\/comments?post=7868"}],"version-history":[{"count":1,"href":"https:\/\/afarangabroad.com\/de\/wp-json\/wp\/v2\/pages\/7868\/revisions"}],"predecessor-version":[{"id":512737,"href":"https:\/\/afarangabroad.com\/de\/wp-json\/wp\/v2\/pages\/7868\/revisions\/512737"}],"wp:featuredmedia":[{"embeddable":true,"href":"https:\/\/afarangabroad.com\/de\/wp-json\/wp\/v2\/media\/7871"}],"wp:attachment":[{"href":"https:\/\/afarangabroad.com\/de\/wp-json\/wp\/v2\/media?parent=7868"}],"wp:term":[{"taxonomy":"category","embeddable":true,"href":"https:\/\/afarangabroad.com\/de\/wp-json\/wp\/v2\/categories?post=7868"},{"taxonomy":"post_tag","embeddable":true,"href":"https:\/\/afarangabroad.com\/de\/wp-json\/wp\/v2\/tags?post=7868"}],"curies":[{"name":"wp","href":"https:\/\/api.w.org\/{rel}","templated":true}]}}