{"id":7880,"date":"2016-10-29T07:47:29","date_gmt":"2016-10-29T06:47:29","guid":{"rendered":"https:\/\/afarangabroad.com\/?page_id=7880"},"modified":"2024-10-16T06:32:39","modified_gmt":"2024-10-16T05:32:39","slug":"sex-hong-kong","status":"publish","type":"page","link":"https:\/\/afarangabroad.com\/de\/sex-hong-kong\/","title":{"rendered":"Wo man in Hongkong Sex bekommt"},"content":{"rendered":"<p>Hongkong ist ein bekanntes Ziel in Asien, wo man einen tollen Urlaub verbringen kann. Da das Land von vielen Ausl\u00e4ndern und Touristen besucht wurde, konnte sich auch die Prostitution ihren Weg bahnen und ist nun eine der Hauptstr\u00f6me in Hongkong.<\/p>\n<p>Wenn Sie in Hongkong kostenlos Sex haben wollen, <a href=\"https:\/\/afarangabroad.com\/de\/hong-kong-cupid\/\" target=\"_blank\" rel=\"noopener noreferrer\">Lesen Sie diesen Artikel<\/a>.<a href=\"https:\/\/afarangabroad.com\/de\/hong-kong-cupid\/\" target=\"_blank\" rel=\"noopener noreferrer\"><img loading=\"lazy\" decoding=\"async\" class=\"aligncenter wp-image-9621 size-large\" src=\"https:\/\/afarangabroad.com\/wp-content\/uploads\/2018\/04\/meet-hot-HK-girls-1024x691.png\" alt=\"\" width=\"678\" height=\"458\" srcset=\"https:\/\/afarangabroad.com\/wp-content\/uploads\/2018\/04\/meet-hot-HK-girls-1024x691.png 1024w, https:\/\/afarangabroad.com\/wp-content\/uploads\/2018\/04\/meet-hot-HK-girls-300x202.png 300w, https:\/\/afarangabroad.com\/wp-content\/uploads\/2018\/04\/meet-hot-HK-girls-768x518.png 768w, https:\/\/afarangabroad.com\/wp-content\/uploads\/2018\/04\/meet-hot-HK-girls.png 1038w\" sizes=\"(max-width: 678px) 100vw, 678px\" \/><\/a><\/p>\n<p>Prostitution selbst ist in Hongkong legal, solange es sich nicht um organisierte Prostitution handelt. Es gibt auch verschiedene M\u00f6glichkeiten, wie die Prostitution in dem Land abl\u00e4uft, wie z. B. Nachtclubs im japanischen Stil und Ein-Frau-Bordelle.<\/p>\n<p>Ich habe hier eine Liste von sechs gl\u00fccklichen Massagesalons hier in Hongkong, in denen du Sex in Hongkong finden und erleben kannst.<\/p>\n<h2><strong>Kostenlos Sex in Hongkong bekommen<\/strong><\/h2>\n<p>If you don&#8217;t want to pay hundreds of dollars or want to meet normal <a href=\"https:\/\/afarangabroad.com\/de\/hongkong-madchen\/\" target=\"_blank\" rel=\"noopener noreferrer\">M\u00e4dchen in Hongkong<\/a>, sehen Sie sich meine Rezension von <a href=\"https:\/\/afarangabroad.com\/de\/hong-kong-cupid\/\" target=\"_blank\" rel=\"noopener noreferrer\">Hongkong-Amorette<\/a>.<\/p>\n<p><a href=\"https:\/\/afarangabroad.com\/de\/hong-kong-cupid\/\" target=\"_blank\" rel=\"noopener noreferrer\"><img loading=\"lazy\" decoding=\"async\" class=\"aligncenter size-full wp-image-7857\" src=\"https:\/\/afarangabroad.com\/wp-content\/uploads\/2016\/10\/Hong-Kong-Cupid.jpg\" alt=\"hong-kong-cupid\" width=\"250\" height=\"250\" srcset=\"https:\/\/afarangabroad.com\/wp-content\/uploads\/2016\/10\/Hong-Kong-Cupid.jpg 250w, https:\/\/afarangabroad.com\/wp-content\/uploads\/2016\/10\/Hong-Kong-Cupid-150x150.jpg 150w\" sizes=\"(max-width: 250px) 100vw, 250px\" \/><\/a><\/p>\n<p>Klicken Sie auf das Bild oben, um meinen Bericht dar\u00fcber zu lesen, wie man Verabredungen mit M\u00e4dchen arrangiert, noch bevor man in Hongkong landet.<\/p>\n<h2><strong>Nuru Spa<\/strong><\/h2>\n<p>A <a href=\"https:\/\/afarangabroad.com\/de\/hong-kong-sex-massage\/\">gl\u00fcckliche Massage in Hongkong<\/a> die man in den Stra\u00dfen von Tsim Sha Tsui finden kann. Der Ort ist nicht nur f\u00fcr seine Dienstleistungen bekannt, sondern auch f\u00fcr sein Nuru-Originalgel, das aus 100% Bio-Algen hergestellt wird. Sie haben tats\u00e4chlich Fotos und Videos online, aber wenn Sie wirklich wollten, um ihre Massage zu versuchen, anstatt nur mit den blo\u00dfen H\u00e4nden, k\u00f6nnen Sie immer eine Reservierung f\u00fcr das Spa buchen.<\/p>\n<p>Wenn Sie eine Reservierung in diesem gl\u00fccklichen Massagesalon vornehmen m\u00f6chten, sollten Sie mit einem Preis von HK$1600 f\u00fcr eine 90-min\u00fctige Nuru-Massage und HK$2000 f\u00fcr eine ambulante Behandlung rechnen. Nuru Spa ist von 11:00 Uhr bis zum Morgengrauen ge\u00f6ffnet.<\/p>\n<h2><strong>Serenity Spa Hongkong<\/strong><\/h2>\n<p>A happy massage in Hong Kong that is also located at Tsim Sha Tsui and what\u2019s great with this one is it is open 24hours which gives you access to the place any time of day, depending on whenever you are horny enough to go get a lady from the spa.<\/p>\n<p>Most of the girls in this spa speak English which gives foreigners an easier communication and negotiation with the girls. The usual rate for a girl here in Serenity Spa Hong Kong is HK$16,000 but that doesn\u2019t include the \u201cextra\u201d services yet that would cost you an additional of HK$300-500.<\/p>","protected":false},"excerpt":{"rendered":"<p>Hong Kong has been a known destination in Asia where you can spend a great holiday vacation. As the country has been visited by a lot of foreigners and tourists, prostitution was also able to pave way and now one of the main streams in Hong Kong. If you want to get laid in Hong [&hellip;]<\/p>","protected":false},"author":2,"featured_media":7864,"parent":0,"menu_order":0,"comment_status":"open","ping_status":"closed","template":"","meta":{"_exactmetrics_skip_tracking":false,"_exactmetrics_sitenote_active":false,"_exactmetrics_sitenote_note":"","_exactmetrics_sitenote_category":0,"footnotes":""},"categories":[332],"tags":[],"class_list":["post-7880","page","type-page","status-publish","has-post-thumbnail","hentry","category-hong-kong"],"yoast_head":"<!-- This site is optimized with the Yoast SEO plugin v20.1 - https:\/\/yoast.com\/wordpress\/plugins\/seo\/ -->\n<title>Where To Get Sex in Hong Kong - A Farang Abroad<\/title>\n<meta name=\"description\" content=\"Are you coming to Hong Kong and looking for cheap sex? Find out where to go and how to get normal girls for FREE. Click here to learn more about sex in HK.\" \/>\n<meta name=\"robots\" content=\"index, follow, max-snippet:-1, max-image-preview:large, max-video-preview:-1\" \/>\n<link rel=\"canonical\" href=\"https:\/\/afarangabroad.com\/de\/sex-hong-kong\/\" \/>\n<meta property=\"og:locale\" content=\"de_DE\" \/>\n<meta property=\"og:type\" content=\"article\" \/>\n<meta property=\"og:title\" content=\"Where To Get Sex in Hong Kong - A Farang Abroad\" \/>\n<meta property=\"og:description\" content=\"Are you coming to Hong Kong and looking for cheap sex? Find out where to go and how to get normal girls for FREE. Click here to learn more about sex in HK.\" \/>\n<meta property=\"og:url\" content=\"https:\/\/afarangabroad.com\/de\/sex-hong-kong\/\" \/>\n<meta property=\"og:site_name\" content=\"A Farang Abroad\" \/>\n<meta property=\"article:modified_time\" content=\"2024-10-16T05:32:39+00:00\" \/>\n<meta property=\"og:image\" content=\"https:\/\/afarangabroad.com\/wp-content\/uploads\/2016\/10\/women-393930_640.jpg\" \/>\n\t<meta property=\"og:image:width\" content=\"640\" \/>\n\t<meta property=\"og:image:height\" content=\"400\" \/>\n\t<meta property=\"og:image:type\" content=\"image\/jpeg\" \/>\n<meta name=\"twitter:label1\" content=\"Gesch\u00e4tzte Lesezeit\" \/>\n\t<meta name=\"twitter:data1\" content=\"8\u00a0Minuten\" \/>\n<script type=\"application\/ld+json\" class=\"yoast-schema-graph\">{\"@context\":\"https:\/\/schema.org\",\"@graph\":[{\"@type\":\"WebPage\",\"@id\":\"https:\/\/afarangabroad.com\/sex-hong-kong\/\",\"url\":\"https:\/\/afarangabroad.com\/sex-hong-kong\/\",\"name\":\"Where To Get Sex in Hong Kong - A Farang Abroad\",\"isPartOf\":{\"@id\":\"https:\/\/afarangabroad.com\/#website\"},\"datePublished\":\"2016-10-29T06:47:29+00:00\",\"dateModified\":\"2024-10-16T05:32:39+00:00\",\"description\":\"Are you coming to Hong Kong and looking for cheap sex? Find out where to go and how to get normal girls for FREE. Click here to learn more about sex in HK.\",\"breadcrumb\":{\"@id\":\"https:\/\/afarangabroad.com\/sex-hong-kong\/#breadcrumb\"},\"inLanguage\":\"de\",\"potentialAction\":[{\"@type\":\"ReadAction\",\"target\":[\"https:\/\/afarangabroad.com\/sex-hong-kong\/\"]}]},{\"@type\":\"BreadcrumbList\",\"@id\":\"https:\/\/afarangabroad.com\/sex-hong-kong\/#breadcrumb\",\"itemListElement\":[{\"@type\":\"ListItem\",\"position\":1,\"name\":\"Home\",\"item\":\"https:\/\/afarangabroad.com\/\"},{\"@type\":\"ListItem\",\"position\":2,\"name\":\"Where To Get Sex in Hong Kong\"}]},{\"@type\":\"WebSite\",\"@id\":\"https:\/\/afarangabroad.com\/#website\",\"url\":\"https:\/\/afarangabroad.com\/\",\"name\":\"A Farang Abroad\",\"description\":\"Your secret guide to Asia&#039;s sexiest nightlife.\",\"potentialAction\":[{\"@type\":\"SearchAction\",\"target\":{\"@type\":\"EntryPoint\",\"urlTemplate\":\"https:\/\/afarangabroad.com\/?s={search_term_string}\"},\"query-input\":\"required name=search_term_string\"}],\"inLanguage\":\"de\"}]}<\/script>\n<!-- \/ Yoast SEO plugin. -->","yoast_head_json":{"title":"Where To Get Sex in Hong Kong - A Farang Abroad","description":"Are you coming to Hong Kong and looking for cheap sex? Find out where to go and how to get normal girls for FREE. Click here to learn more about sex in HK.","robots":{"index":"index","follow":"follow","max-snippet":"max-snippet:-1","max-image-preview":"max-image-preview:large","max-video-preview":"max-video-preview:-1"},"canonical":"https:\/\/afarangabroad.com\/de\/sex-hong-kong\/","og_locale":"de_DE","og_type":"article","og_title":"Where To Get Sex in Hong Kong - A Farang Abroad","og_description":"Are you coming to Hong Kong and looking for cheap sex? Find out where to go and how to get normal girls for FREE. Click here to learn more about sex in HK.","og_url":"https:\/\/afarangabroad.com\/de\/sex-hong-kong\/","og_site_name":"A Farang Abroad","article_modified_time":"2024-10-16T05:32:39+00:00","og_image":[{"width":640,"height":400,"url":"https:\/\/afarangabroad.com\/wp-content\/uploads\/2016\/10\/women-393930_640.jpg","type":"image\/jpeg"}],"twitter_misc":{"Gesch\u00e4tzte Lesezeit":"8\u00a0Minuten"},"schema":{"@context":"https:\/\/schema.org","@graph":[{"@type":"WebPage","@id":"https:\/\/afarangabroad.com\/sex-hong-kong\/","url":"https:\/\/afarangabroad.com\/sex-hong-kong\/","name":"Where To Get Sex in Hong Kong - A Farang Abroad","isPartOf":{"@id":"https:\/\/afarangabroad.com\/#website"},"datePublished":"2016-10-29T06:47:29+00:00","dateModified":"2024-10-16T05:32:39+00:00","description":"Are you coming to Hong Kong and looking for cheap sex? Find out where to go and how to get normal girls for FREE. Click here to learn more about sex in HK.","breadcrumb":{"@id":"https:\/\/afarangabroad.com\/sex-hong-kong\/#breadcrumb"},"inLanguage":"de","potentialAction":[{"@type":"ReadAction","target":["https:\/\/afarangabroad.com\/sex-hong-kong\/"]}]},{"@type":"BreadcrumbList","@id":"https:\/\/afarangabroad.com\/sex-hong-kong\/#breadcrumb","itemListElement":[{"@type":"ListItem","position":1,"name":"Home","item":"https:\/\/afarangabroad.com\/"},{"@type":"ListItem","position":2,"name":"Where To Get Sex in Hong Kong"}]},{"@type":"WebSite","@id":"https:\/\/afarangabroad.com\/#website","url":"https:\/\/afarangabroad.com\/","name":"A Farang Abroad","description":"Your secret guide to Asia&#039;s sexiest nightlife.","potentialAction":[{"@type":"SearchAction","target":{"@type":"EntryPoint","urlTemplate":"https:\/\/afarangabroad.com\/?s={search_term_string}"},"query-input":"required name=search_term_string"}],"inLanguage":"de"}]}},"_links":{"self":[{"href":"https:\/\/afarangabroad.com\/de\/wp-json\/wp\/v2\/pages\/7880"}],"collection":[{"href":"https:\/\/afarangabroad.com\/de\/wp-json\/wp\/v2\/pages"}],"about":[{"href":"https:\/\/afarangabroad.com\/de\/wp-json\/wp\/v2\/types\/page"}],"author":[{"embeddable":true,"href":"https:\/\/afarangabroad.com\/de\/wp-json\/wp\/v2\/users\/2"}],"replies":[{"embeddable":true,"href":"https:\/\/afarangabroad.com\/de\/wp-json\/wp\/v2\/comments?post=7880"}],"version-history":[{"count":2,"href":"https:\/\/afarangabroad.com\/de\/wp-json\/wp\/v2\/pages\/7880\/revisions"}],"predecessor-version":[{"id":513631,"href":"https:\/\/afarangabroad.com\/de\/wp-json\/wp\/v2\/pages\/7880\/revisions\/513631"}],"wp:featuredmedia":[{"embeddable":true,"href":"https:\/\/afarangabroad.com\/de\/wp-json\/wp\/v2\/media\/7864"}],"wp:attachment":[{"href":"https:\/\/afarangabroad.com\/de\/wp-json\/wp\/v2\/media?parent=7880"}],"wp:term":[{"taxonomy":"category","embeddable":true,"href":"https:\/\/afarangabroad.com\/de\/wp-json\/wp\/v2\/categories?post=7880"},{"taxonomy":"post_tag","embeddable":true,"href":"https:\/\/afarangabroad.com\/de\/wp-json\/wp\/v2\/tags?post=7880"}],"curies":[{"name":"wp","href":"https:\/\/api.w.org\/{rel}","templated":true}]}}