{"id":8089,"date":"2017-01-23T05:37:09","date_gmt":"2017-01-23T05:37:09","guid":{"rendered":"https:\/\/afarangabroad.com\/?page_id=8089"},"modified":"2019-06-22T15:43:09","modified_gmt":"2019-06-22T14:43:09","slug":"truly-filipina","status":"publish","type":"page","link":"https:\/\/afarangabroad.com\/de\/echt-philippinisch\/","title":{"rendered":"Wie man mit Truly Filipina beim Online-Dating Erfolg hat"},"content":{"rendered":"<p><img loading=\"lazy\" decoding=\"async\" class=\"aligncenter size-full wp-image-8090\" src=\"https:\/\/afarangabroad.com\/wp-content\/uploads\/2017\/01\/filipina-bride-and-her-husband.png\" alt=\"\" width=\"555\" height=\"325\" srcset=\"https:\/\/afarangabroad.com\/wp-content\/uploads\/2017\/01\/filipina-bride-and-her-husband.png 555w, https:\/\/afarangabroad.com\/wp-content\/uploads\/2017\/01\/filipina-bride-and-her-husband-300x176.png 300w\" sizes=\"(max-width: 555px) 100vw, 555px\" \/><\/p>\n<p>A lot of people would agree that Asian women are undeniably attractive, especially the women from the Philippines. They are known to be beautiful inside and out, intelligent, and skillful, so it\u2019s not really surprising to see a lot of Western men fall head over heels in love with them. Filipinos are known to be very active in using the Internet, that\u2019s why a lot of Western men meet their Filipina partners through online <u><a href=\"https:\/\/www.trulyfilipina.com\/\" target=\"_blank\" rel=\"noopener noreferrer\">Filipina Dating<\/a><\/u> Websites und bauten von dort aus ihre Beziehungen auf.<\/p>\n<p>TrulyFilipina is one of the largest Filipino dating sites, with over 350,000 members to date. It is safe and legit, that\u2019s why a lot of people prefer using it over other dating sites.<\/p>\n<p><img loading=\"lazy\" decoding=\"async\" class=\"aligncenter size-full wp-image-8524\" src=\"https:\/\/afarangabroad.com\/wp-content\/uploads\/2017\/01\/trulyfilipina.png\" alt=\"trulyfilipina\" width=\"844\" height=\"464\" srcset=\"https:\/\/afarangabroad.com\/wp-content\/uploads\/2017\/01\/trulyfilipina.png 844w, https:\/\/afarangabroad.com\/wp-content\/uploads\/2017\/01\/trulyfilipina-300x165.png 300w, https:\/\/afarangabroad.com\/wp-content\/uploads\/2017\/01\/trulyfilipina-768x422.png 768w, https:\/\/afarangabroad.com\/wp-content\/uploads\/2017\/01\/trulyfilipina-720x396.png 720w\" sizes=\"(max-width: 844px) 100vw, 844px\" \/><\/p>\n<p>Aber wie genau kann TrulyFilipina Ihnen helfen, die richtige philippinische Partnerin f\u00fcr Sie zu finden? Lesen Sie weiter, um einige Antworten zu finden.<\/p>\n<ul>\n<li><strong>Filtern Sie mit der erweiterten Suche durch die Menge der Nutzerprofile<\/strong><\/li>\n<\/ul>\n<p>Unlike other dating websites, TrulyFilipina has an amazing advanced search feature that will help you filter their users and easily find those that match your preferences. They have a lot of information filters that you can use \u2013 including age, gender, body type, etc. You wouldn\u2019t need to spend hours scrolling along their very long list of candidates.<\/p>\n<ul>\n<li><strong>Sofortiges Senden von Nachrichten<\/strong><\/li>\n<\/ul>\n<p>If you are an elite member \u2013 or a member who paid the registration fee \u2013 you can send messages instantly to people who caught your eye. When they reply, you will be notified immediately.<\/p>\n<p>Wenn Sie zu sch\u00fcchtern sind, um eine Nachricht zu senden, k\u00f6nnen Sie auch Ihr Interesse bekunden. Sie werden benachrichtigt, wenn Sie dies tun. Wer wei\u00df, vielleicht ist er derjenige, der ein Gespr\u00e4ch beginnt.<\/p>\n<p>When trying out Filipina dating, keep in mind that these women are romantics. They like men who are sweet and who make them feel loved. So, send them messages that show how much you appreciate them and how much you want to get to know them more. Engage in meaningful conversations. Avoid stereotyping them and do not send clich\u00e9 pick-up lines and dirty messages, as this tends to turn them off.<\/p>\n<ul>\n<li><strong>Sprechen Sie mit ihnen bei eingeschalteter Webcam<\/strong><\/li>\n<\/ul>\n<p>For elite members, TrulyFilipina also supports chatting with your device\u2019s web cam turned on. This allows you to have a better grasp on what the person you like really is and not just make conclusions based on the pictures that she posted. If you plan on taking her out on a real date, chatting with a web cam on might help you be more comfortable with each other and be less awkward on the actual date.<\/p>\n<p>Denken Sie daran: Seien Sie nett und lassen Sie sich auf sinnvolle Gespr\u00e4che ein! Sie k\u00f6nnten sich weigern, mit dir auszugehen, wenn sie herausfinden, dass du unh\u00f6flich bist.<\/p>","protected":false},"excerpt":{"rendered":"<p>A lot of people would agree that Asian women are undeniably attractive, especially the women from the Philippines. They are known to be beautiful inside and out, intelligent, and skillful, so it\u2019s not really surprising to see a lot of Western men fall head over heels in love with them. Filipinos are known to be [&hellip;]<\/p>","protected":false},"author":2,"featured_media":8091,"parent":0,"menu_order":0,"comment_status":"closed","ping_status":"closed","template":"","meta":{"_exactmetrics_skip_tracking":false,"_exactmetrics_sitenote_active":false,"_exactmetrics_sitenote_note":"","_exactmetrics_sitenote_category":0,"footnotes":""},"categories":[325],"tags":[],"class_list":["post-8089","page","type-page","status-publish","has-post-thumbnail","hentry","category-filipino-dating"],"yoast_head":"<!-- This site is optimized with the Yoast SEO plugin v20.1 - https:\/\/yoast.com\/wordpress\/plugins\/seo\/ -->\n<title>How to Use Truly Filipina to Achieve Online Dating Success<\/title>\n<meta name=\"description\" content=\"This is a review of the dating website Truly Filipina, if you&#039;re thinking about joining here&#039;s how it works and what it costs.\" \/>\n<meta name=\"robots\" content=\"index, follow, max-snippet:-1, max-image-preview:large, max-video-preview:-1\" \/>\n<link rel=\"canonical\" href=\"https:\/\/afarangabroad.com\/de\/echt-philippinisch\/\" \/>\n<meta property=\"og:locale\" content=\"de_DE\" \/>\n<meta property=\"og:type\" content=\"article\" \/>\n<meta property=\"og:title\" content=\"How to Use Truly Filipina to Achieve Online Dating Success\" \/>\n<meta property=\"og:description\" content=\"This is a review of the dating website Truly Filipina, if you&#039;re thinking about joining here&#039;s how it works and what it costs.\" \/>\n<meta property=\"og:url\" content=\"https:\/\/afarangabroad.com\/de\/echt-philippinisch\/\" \/>\n<meta property=\"og:site_name\" content=\"A Farang Abroad\" \/>\n<meta property=\"article:modified_time\" content=\"2019-06-22T14:43:09+00:00\" \/>\n<meta property=\"og:image\" content=\"https:\/\/afarangabroad.com\/wp-content\/uploads\/2017\/01\/Truely-Filipinia.png\" \/>\n\t<meta property=\"og:image:width\" content=\"1839\" \/>\n\t<meta property=\"og:image:height\" content=\"913\" \/>\n\t<meta property=\"og:image:type\" content=\"image\/png\" \/>\n<meta name=\"twitter:label1\" content=\"Gesch\u00e4tzte Lesezeit\" \/>\n\t<meta name=\"twitter:data1\" content=\"3\u00a0Minuten\" \/>\n<script type=\"application\/ld+json\" class=\"yoast-schema-graph\">{\"@context\":\"https:\/\/schema.org\",\"@graph\":[{\"@type\":\"WebPage\",\"@id\":\"https:\/\/afarangabroad.com\/truly-filipina\/\",\"url\":\"https:\/\/afarangabroad.com\/truly-filipina\/\",\"name\":\"How to Use Truly Filipina to Achieve Online Dating Success\",\"isPartOf\":{\"@id\":\"https:\/\/afarangabroad.com\/#website\"},\"datePublished\":\"2017-01-23T05:37:09+00:00\",\"dateModified\":\"2019-06-22T14:43:09+00:00\",\"description\":\"This is a review of the dating website Truly Filipina, if you're thinking about joining here's how it works and what it costs.\",\"breadcrumb\":{\"@id\":\"https:\/\/afarangabroad.com\/truly-filipina\/#breadcrumb\"},\"inLanguage\":\"de\",\"potentialAction\":[{\"@type\":\"ReadAction\",\"target\":[\"https:\/\/afarangabroad.com\/truly-filipina\/\"]}]},{\"@type\":\"BreadcrumbList\",\"@id\":\"https:\/\/afarangabroad.com\/truly-filipina\/#breadcrumb\",\"itemListElement\":[{\"@type\":\"ListItem\",\"position\":1,\"name\":\"Home\",\"item\":\"https:\/\/afarangabroad.com\/\"},{\"@type\":\"ListItem\",\"position\":2,\"name\":\"How to Use Truly Filipina to Achieve Online Dating Success\"}]},{\"@type\":\"WebSite\",\"@id\":\"https:\/\/afarangabroad.com\/#website\",\"url\":\"https:\/\/afarangabroad.com\/\",\"name\":\"A Farang Abroad\",\"description\":\"Your secret guide to Asia&#039;s sexiest nightlife.\",\"potentialAction\":[{\"@type\":\"SearchAction\",\"target\":{\"@type\":\"EntryPoint\",\"urlTemplate\":\"https:\/\/afarangabroad.com\/?s={search_term_string}\"},\"query-input\":\"required name=search_term_string\"}],\"inLanguage\":\"de\"}]}<\/script>\n<!-- \/ Yoast SEO plugin. -->","yoast_head_json":{"title":"How to Use Truly Filipina to Achieve Online Dating Success","description":"This is a review of the dating website Truly Filipina, if you're thinking about joining here's how it works and what it costs.","robots":{"index":"index","follow":"follow","max-snippet":"max-snippet:-1","max-image-preview":"max-image-preview:large","max-video-preview":"max-video-preview:-1"},"canonical":"https:\/\/afarangabroad.com\/de\/echt-philippinisch\/","og_locale":"de_DE","og_type":"article","og_title":"How to Use Truly Filipina to Achieve Online Dating Success","og_description":"This is a review of the dating website Truly Filipina, if you're thinking about joining here's how it works and what it costs.","og_url":"https:\/\/afarangabroad.com\/de\/echt-philippinisch\/","og_site_name":"A Farang Abroad","article_modified_time":"2019-06-22T14:43:09+00:00","og_image":[{"width":1839,"height":913,"url":"https:\/\/afarangabroad.com\/wp-content\/uploads\/2017\/01\/Truely-Filipinia.png","type":"image\/png"}],"twitter_misc":{"Gesch\u00e4tzte Lesezeit":"3\u00a0Minuten"},"schema":{"@context":"https:\/\/schema.org","@graph":[{"@type":"WebPage","@id":"https:\/\/afarangabroad.com\/truly-filipina\/","url":"https:\/\/afarangabroad.com\/truly-filipina\/","name":"How to Use Truly Filipina to Achieve Online Dating Success","isPartOf":{"@id":"https:\/\/afarangabroad.com\/#website"},"datePublished":"2017-01-23T05:37:09+00:00","dateModified":"2019-06-22T14:43:09+00:00","description":"This is a review of the dating website Truly Filipina, if you're thinking about joining here's how it works and what it costs.","breadcrumb":{"@id":"https:\/\/afarangabroad.com\/truly-filipina\/#breadcrumb"},"inLanguage":"de","potentialAction":[{"@type":"ReadAction","target":["https:\/\/afarangabroad.com\/truly-filipina\/"]}]},{"@type":"BreadcrumbList","@id":"https:\/\/afarangabroad.com\/truly-filipina\/#breadcrumb","itemListElement":[{"@type":"ListItem","position":1,"name":"Home","item":"https:\/\/afarangabroad.com\/"},{"@type":"ListItem","position":2,"name":"How to Use Truly Filipina to Achieve Online Dating Success"}]},{"@type":"WebSite","@id":"https:\/\/afarangabroad.com\/#website","url":"https:\/\/afarangabroad.com\/","name":"A Farang Abroad","description":"Your secret guide to Asia&#039;s sexiest nightlife.","potentialAction":[{"@type":"SearchAction","target":{"@type":"EntryPoint","urlTemplate":"https:\/\/afarangabroad.com\/?s={search_term_string}"},"query-input":"required name=search_term_string"}],"inLanguage":"de"}]}},"_links":{"self":[{"href":"https:\/\/afarangabroad.com\/de\/wp-json\/wp\/v2\/pages\/8089"}],"collection":[{"href":"https:\/\/afarangabroad.com\/de\/wp-json\/wp\/v2\/pages"}],"about":[{"href":"https:\/\/afarangabroad.com\/de\/wp-json\/wp\/v2\/types\/page"}],"author":[{"embeddable":true,"href":"https:\/\/afarangabroad.com\/de\/wp-json\/wp\/v2\/users\/2"}],"replies":[{"embeddable":true,"href":"https:\/\/afarangabroad.com\/de\/wp-json\/wp\/v2\/comments?post=8089"}],"version-history":[{"count":0,"href":"https:\/\/afarangabroad.com\/de\/wp-json\/wp\/v2\/pages\/8089\/revisions"}],"wp:featuredmedia":[{"embeddable":true,"href":"https:\/\/afarangabroad.com\/de\/wp-json\/wp\/v2\/media\/8091"}],"wp:attachment":[{"href":"https:\/\/afarangabroad.com\/de\/wp-json\/wp\/v2\/media?parent=8089"}],"wp:term":[{"taxonomy":"category","embeddable":true,"href":"https:\/\/afarangabroad.com\/de\/wp-json\/wp\/v2\/categories?post=8089"},{"taxonomy":"post_tag","embeddable":true,"href":"https:\/\/afarangabroad.com\/de\/wp-json\/wp\/v2\/tags?post=8089"}],"curies":[{"name":"wp","href":"https:\/\/api.w.org\/{rel}","templated":true}]}}