{"id":8192,"date":"2017-02-21T05:07:25","date_gmt":"2017-02-21T05:07:25","guid":{"rendered":"https:\/\/afarangabroad.com\/?p=8192"},"modified":"2019-05-19T07:23:18","modified_gmt":"2019-05-19T06:23:18","slug":"hua-hin-nightlife","status":"publish","type":"page","link":"https:\/\/afarangabroad.com\/de\/hua-hin-nachtleben\/","title":{"rendered":"Hua Hin Nightlife Guide - Die besten Orte, um M\u00e4dchen zu treffen"},"content":{"rendered":"<p>Hua Hin which is one of the districts you can found in Parachuap Khiri Khan Province of Thailand\u2019s Malay Peninsula and as you go over this beach resort town, you will surely be amazed with everything that the place can offer their tourists.<\/p>\n<p>Wenn Sie sich treffen m\u00f6chten <a href=\" \" target=\"_blank\" rel=\"noopener noreferrer\">Hua Hin M\u00e4dchen<\/a> umsonst, <a href=\"https:\/\/afarangabroad.com\/de\/thai-cupid-dating-site\/\" target=\"_blank\" rel=\"noopener noreferrer\">Lesen Sie diesen Artikel<\/a>.<\/p>\n<p><a href=\"https:\/\/afarangabroad.com\/de\/thai-cupid-dating-site\/\" target=\"_blank\" rel=\"noopener noreferrer\"><img loading=\"lazy\" decoding=\"async\" class=\"aligncenter size-large wp-image-7403\" src=\"https:\/\/afarangabroad.com\/wp-content\/uploads\/2016\/07\/Meet-Thai-girls1-1024x691-min-1024x691.jpg\" alt=\"\" width=\"600\" height=\"405\" srcset=\"https:\/\/afarangabroad.com\/wp-content\/uploads\/2016\/07\/Meet-Thai-girls1-1024x691-min.jpg 1024w, https:\/\/afarangabroad.com\/wp-content\/uploads\/2016\/07\/Meet-Thai-girls1-1024x691-min-300x202.jpg 300w, https:\/\/afarangabroad.com\/wp-content\/uploads\/2016\/07\/Meet-Thai-girls1-1024x691-min-768x518.jpg 768w, https:\/\/afarangabroad.com\/wp-content\/uploads\/2016\/07\/Meet-Thai-girls1-1024x691-min-660x445.jpg 660w\" sizes=\"(max-width: 600px) 100vw, 600px\" \/><\/a><\/p>\n<p>Hua Hin haben ihre wei\u00dfen Sandstr\u00e4nde, die jeder gehen hin und her in den Ort und wegen dieser wachsenden Touristen besuchen die genannten Strand Resort Stadt, sie waren auch in der Lage, eine gute Hua Hin Nachtleben Szene, die auch w\u00e4chst und w\u00e4chst in den letzten Jahren.<\/p>\n<p>If you&#8217;re looking for better beaches and hotter girls, then I would skip Hua Hin and go right to Phuket, you can read my guides on:<\/p>\n<ul>\n<li>Am besten <a href=\"https:\/\/afarangabroad.com\/de\/sex-massage-phuket\/\">Sex-Massagen in Phuket<\/a><\/li>\n<li>Wo man sich trifft <a href=\"https:\/\/afarangabroad.com\/de\/phuket-girls\/\">normale M\u00e4dchen in Phuket<\/a><\/li>\n<li>Die Kosten f\u00fcr <a href=\"https:\/\/afarangabroad.com\/de\/freiberufler-phuket\/\">Freiberufler in Phuket<\/a><\/li>\n<\/ul>\n<p>Der Badeort ist im Vergleich zu anderen Orten des Landes vielleicht nicht so gro\u00df, aber dennoch gibt es in der Umgebung eine Reihe von Bars, Nachtclubs und Massagesalons.<\/p>\n<p>Hier sind die Kategorien von Unterhaltungsm\u00f6glichkeiten im Nachtleben von Hua Hin und wo Sie sie finden k\u00f6nnen:<\/p>\n<h2 style=\"text-align: center;\"><strong><u><b>Bars in Hua Hin Barf\u00fchrer<\/b><\/u><\/strong><\/h2>\n<p>In Hua Hin gibt es auch viele Bars, in denen Sie und Ihre Freunde bei einem Glas Bier oder einem Cocktail eine gute Zeit haben k\u00f6nnen, w\u00e4hrend Sie den wundersch\u00f6nen Sonnenuntergang beobachten.<\/p>\n<h2><strong><b>McFarland Bar<\/b><\/strong><\/h2>\n<p>Die McFarland Bar befindet sich im Hyatt Regency Hotel und ist inzwischen nicht nur bei Einheimischen, sondern auch bei Ausl\u00e4ndern sehr beliebt. Was das Lokal besonders einzigartig und sch\u00f6n macht, ist die Tatsache, dass es sich in einem restaurierten Thai-Pavillon aus den 1920er Jahren befindet.<\/p>\n<p>Verwandt: lernen, wo man M\u00e4dchen in <a href=\"https:\/\/afarangabroad.com\/de\/hat-yai-nightlife\/\">Hat Ya Nachtleben<\/a> und warum Sie nicht verwenden sollten <a href=\"https:\/\/afarangabroad.com\/de\/tinder-thailand\/\">Tinder in Thailand<\/a>.<\/p>\n<p>They also have their cocktails and local beers that are both perfect for those who are with their colleagues and if you wanted to have a relaxing night, you can also enjoy the panoramic view of the beach while having a bit air from te refreshing sea breeze; isn\u2019t that very relaxing and soothing?<\/p>","protected":false},"excerpt":{"rendered":"<p>Hua Hin which is one of the districts you can found in Parachuap Khiri Khan Province of Thailand\u2019s Malay Peninsula and as you go over this beach resort town, you will surely be amazed with everything that the place can offer their tourists. If you want to meet Hua Hin girls for free, check out [&hellip;]<\/p>","protected":false},"author":2,"featured_media":8195,"parent":0,"menu_order":0,"comment_status":"open","ping_status":"closed","template":"","meta":{"_exactmetrics_skip_tracking":false,"_exactmetrics_sitenote_active":false,"_exactmetrics_sitenote_note":"","_exactmetrics_sitenote_category":0,"footnotes":""},"categories":[323],"tags":[],"class_list":["post-8192","page","type-page","status-publish","has-post-thumbnail","hentry","category-thailand-girls"],"yoast_head":"<!-- This site is optimized with the Yoast SEO plugin v20.1 - https:\/\/yoast.com\/wordpress\/plugins\/seo\/ -->\n<title>Hua Hin Nightlife Guide - Best Places to Meet Girls - A Farang Abroad<\/title>\n<meta name=\"description\" content=\"Learn the best clubs to visit in m Hua Hin nightlife guide. In this post I talk about the best bars and clubs to meet girls in Hua Hin.\" \/>\n<meta name=\"robots\" content=\"index, follow, max-snippet:-1, max-image-preview:large, max-video-preview:-1\" \/>\n<link rel=\"canonical\" href=\"https:\/\/afarangabroad.com\/de\/hua-hin-nachtleben\/\" \/>\n<meta property=\"og:locale\" content=\"de_DE\" \/>\n<meta property=\"og:type\" content=\"article\" \/>\n<meta property=\"og:title\" content=\"Hua Hin Nightlife Guide - Best Places to Meet Girls - A Farang Abroad\" \/>\n<meta property=\"og:description\" content=\"Learn the best clubs to visit in m Hua Hin nightlife guide. In this post I talk about the best bars and clubs to meet girls in Hua Hin.\" \/>\n<meta property=\"og:url\" content=\"https:\/\/afarangabroad.com\/de\/hua-hin-nachtleben\/\" \/>\n<meta property=\"og:site_name\" content=\"A Farang Abroad\" \/>\n<meta property=\"article:modified_time\" content=\"2019-05-19T06:23:18+00:00\" \/>\n<meta property=\"og:image\" content=\"https:\/\/afarangabroad.com\/wp-content\/uploads\/2017\/02\/Hua-hin-nightlife.jpg\" \/>\n\t<meta property=\"og:image:width\" content=\"717\" \/>\n\t<meta property=\"og:image:height\" content=\"960\" \/>\n\t<meta property=\"og:image:type\" content=\"image\/jpeg\" \/>\n<meta name=\"twitter:label1\" content=\"Gesch\u00e4tzte Lesezeit\" \/>\n\t<meta name=\"twitter:data1\" content=\"9\u00a0Minuten\" \/>\n<script type=\"application\/ld+json\" class=\"yoast-schema-graph\">{\"@context\":\"https:\/\/schema.org\",\"@graph\":[{\"@type\":\"WebPage\",\"@id\":\"https:\/\/afarangabroad.com\/hua-hin-nightlife\/\",\"url\":\"https:\/\/afarangabroad.com\/hua-hin-nightlife\/\",\"name\":\"Hua Hin Nightlife Guide - Best Places to Meet Girls - A Farang Abroad\",\"isPartOf\":{\"@id\":\"https:\/\/afarangabroad.com\/#website\"},\"datePublished\":\"2017-02-21T05:07:25+00:00\",\"dateModified\":\"2019-05-19T06:23:18+00:00\",\"description\":\"Learn the best clubs to visit in m Hua Hin nightlife guide. In this post I talk about the best bars and clubs to meet girls in Hua Hin.\",\"breadcrumb\":{\"@id\":\"https:\/\/afarangabroad.com\/hua-hin-nightlife\/#breadcrumb\"},\"inLanguage\":\"de\",\"potentialAction\":[{\"@type\":\"ReadAction\",\"target\":[\"https:\/\/afarangabroad.com\/hua-hin-nightlife\/\"]}]},{\"@type\":\"BreadcrumbList\",\"@id\":\"https:\/\/afarangabroad.com\/hua-hin-nightlife\/#breadcrumb\",\"itemListElement\":[{\"@type\":\"ListItem\",\"position\":1,\"name\":\"Home\",\"item\":\"https:\/\/afarangabroad.com\/\"},{\"@type\":\"ListItem\",\"position\":2,\"name\":\"Hua Hin Nightlife Guide &#8211; Best Places to Meet Girls\"}]},{\"@type\":\"WebSite\",\"@id\":\"https:\/\/afarangabroad.com\/#website\",\"url\":\"https:\/\/afarangabroad.com\/\",\"name\":\"A Farang Abroad\",\"description\":\"Your secret guide to Asia&#039;s sexiest nightlife.\",\"potentialAction\":[{\"@type\":\"SearchAction\",\"target\":{\"@type\":\"EntryPoint\",\"urlTemplate\":\"https:\/\/afarangabroad.com\/?s={search_term_string}\"},\"query-input\":\"required name=search_term_string\"}],\"inLanguage\":\"de\"}]}<\/script>\n<!-- \/ Yoast SEO plugin. -->","yoast_head_json":{"title":"Hua Hin Nightlife Guide - Best Places to Meet Girls - A Farang Abroad","description":"Learn the best clubs to visit in m Hua Hin nightlife guide. In this post I talk about the best bars and clubs to meet girls in Hua Hin.","robots":{"index":"index","follow":"follow","max-snippet":"max-snippet:-1","max-image-preview":"max-image-preview:large","max-video-preview":"max-video-preview:-1"},"canonical":"https:\/\/afarangabroad.com\/de\/hua-hin-nachtleben\/","og_locale":"de_DE","og_type":"article","og_title":"Hua Hin Nightlife Guide - Best Places to Meet Girls - A Farang Abroad","og_description":"Learn the best clubs to visit in m Hua Hin nightlife guide. In this post I talk about the best bars and clubs to meet girls in Hua Hin.","og_url":"https:\/\/afarangabroad.com\/de\/hua-hin-nachtleben\/","og_site_name":"A Farang Abroad","article_modified_time":"2019-05-19T06:23:18+00:00","og_image":[{"width":717,"height":960,"url":"https:\/\/afarangabroad.com\/wp-content\/uploads\/2017\/02\/Hua-hin-nightlife.jpg","type":"image\/jpeg"}],"twitter_misc":{"Gesch\u00e4tzte Lesezeit":"9\u00a0Minuten"},"schema":{"@context":"https:\/\/schema.org","@graph":[{"@type":"WebPage","@id":"https:\/\/afarangabroad.com\/hua-hin-nightlife\/","url":"https:\/\/afarangabroad.com\/hua-hin-nightlife\/","name":"Hua Hin Nightlife Guide - Best Places to Meet Girls - A Farang Abroad","isPartOf":{"@id":"https:\/\/afarangabroad.com\/#website"},"datePublished":"2017-02-21T05:07:25+00:00","dateModified":"2019-05-19T06:23:18+00:00","description":"Learn the best clubs to visit in m Hua Hin nightlife guide. In this post I talk about the best bars and clubs to meet girls in Hua Hin.","breadcrumb":{"@id":"https:\/\/afarangabroad.com\/hua-hin-nightlife\/#breadcrumb"},"inLanguage":"de","potentialAction":[{"@type":"ReadAction","target":["https:\/\/afarangabroad.com\/hua-hin-nightlife\/"]}]},{"@type":"BreadcrumbList","@id":"https:\/\/afarangabroad.com\/hua-hin-nightlife\/#breadcrumb","itemListElement":[{"@type":"ListItem","position":1,"name":"Home","item":"https:\/\/afarangabroad.com\/"},{"@type":"ListItem","position":2,"name":"Hua Hin Nightlife Guide &#8211; Best Places to Meet Girls"}]},{"@type":"WebSite","@id":"https:\/\/afarangabroad.com\/#website","url":"https:\/\/afarangabroad.com\/","name":"A Farang Abroad","description":"Your secret guide to Asia&#039;s sexiest nightlife.","potentialAction":[{"@type":"SearchAction","target":{"@type":"EntryPoint","urlTemplate":"https:\/\/afarangabroad.com\/?s={search_term_string}"},"query-input":"required name=search_term_string"}],"inLanguage":"de"}]}},"_links":{"self":[{"href":"https:\/\/afarangabroad.com\/de\/wp-json\/wp\/v2\/pages\/8192"}],"collection":[{"href":"https:\/\/afarangabroad.com\/de\/wp-json\/wp\/v2\/pages"}],"about":[{"href":"https:\/\/afarangabroad.com\/de\/wp-json\/wp\/v2\/types\/page"}],"author":[{"embeddable":true,"href":"https:\/\/afarangabroad.com\/de\/wp-json\/wp\/v2\/users\/2"}],"replies":[{"embeddable":true,"href":"https:\/\/afarangabroad.com\/de\/wp-json\/wp\/v2\/comments?post=8192"}],"version-history":[{"count":0,"href":"https:\/\/afarangabroad.com\/de\/wp-json\/wp\/v2\/pages\/8192\/revisions"}],"wp:featuredmedia":[{"embeddable":true,"href":"https:\/\/afarangabroad.com\/de\/wp-json\/wp\/v2\/media\/8195"}],"wp:attachment":[{"href":"https:\/\/afarangabroad.com\/de\/wp-json\/wp\/v2\/media?parent=8192"}],"wp:term":[{"taxonomy":"category","embeddable":true,"href":"https:\/\/afarangabroad.com\/de\/wp-json\/wp\/v2\/categories?post=8192"},{"taxonomy":"post_tag","embeddable":true,"href":"https:\/\/afarangabroad.com\/de\/wp-json\/wp\/v2\/tags?post=8192"}],"curies":[{"name":"wp","href":"https:\/\/api.w.org\/{rel}","templated":true}]}}