{"id":8233,"date":"2017-03-13T08:02:47","date_gmt":"2017-03-13T08:02:47","guid":{"rendered":"https:\/\/afarangabroad.com\/?p=8233"},"modified":"2019-01-10T06:08:20","modified_gmt":"2019-01-10T06:08:20","slug":"ao-nang-nightlife","status":"publish","type":"page","link":"https:\/\/afarangabroad.com\/de\/ao-nang-nachtleben\/","title":{"rendered":"Ao Nang Nachtleben F\u00fchrer f\u00fcr Touristen"},"content":{"rendered":"<p>Sie k\u00f6nnen tats\u00e4chlich finden Ao Nang im s\u00fcdlichen Teil von Thailand, wie Sie den Ort zu besuchen, w\u00fcrden Sie sicherlich bemerken Ao Nang Nachtleben Szene.<\/p>\n<p><a href=\"https:\/\/afarangabroad.com\/de\/thai-cupid-dating-site\/\" target=\"_blank\" rel=\"noopener\"><img loading=\"lazy\" decoding=\"async\" class=\"aligncenter size-large wp-image-7403\" src=\"https:\/\/afarangabroad.com\/wp-content\/uploads\/2016\/07\/Meet-Thai-girls1-1024x691-min-1024x691.jpg\" alt=\"\" width=\"600\" height=\"405\" srcset=\"https:\/\/afarangabroad.com\/wp-content\/uploads\/2016\/07\/Meet-Thai-girls1-1024x691-min.jpg 1024w, https:\/\/afarangabroad.com\/wp-content\/uploads\/2016\/07\/Meet-Thai-girls1-1024x691-min-300x202.jpg 300w, https:\/\/afarangabroad.com\/wp-content\/uploads\/2016\/07\/Meet-Thai-girls1-1024x691-min-768x518.jpg 768w, https:\/\/afarangabroad.com\/wp-content\/uploads\/2016\/07\/Meet-Thai-girls1-1024x691-min-660x445.jpg 660w\" sizes=\"(max-width: 600px) 100vw, 600px\" \/><\/a><\/p>\n<p>Wenn Sie kostenlos M\u00e4dchen in Krabi treffen wollen, <a href=\"https:\/\/afarangabroad.com\/de\/thai-cupid-dating-site\/\" target=\"_blank\" rel=\"noopener\">Lesen Sie diesen Artikel<\/a>.<\/p>\n<p>Obwohl Ao Nang nach Phuket nur der zweith\u00e4ufigst besuchte Ort in S\u00fcdthailand ist, hat man es geschafft, ein gutes Nachtleben zu etablieren, so dass man bereits eine Menge Bars, Nachtclubs und andere Nachtleben-Szenen im ganzen Ort finden kann.<\/p>\n<h2 style=\"text-align: center;\"><strong><u><b>Ao Nang\u00a0Nightlife<\/b><\/u><\/strong><\/h2>\n<p>If you are looking for a \u2018normal\u2019 Ao Nang nightlife, you can surely have a good time in Ao Nang\u2019s main road where you can already find a lot of bars and pubs and what\u2019s nice with these kind of bars and pubs is that you can have a good view of the beaches while having your drink.<\/p>\n<p>Related: If you&#8217;re coming to Ao Nang, you&#8217;re less than a 1 hour boat ride away from Phuket, check out my guides on the following:<\/p>\n<ul>\n<li>Wohin <a href=\"https:\/\/afarangabroad.com\/de\/phuket-girls\/\">M\u00e4dchen in Phuket treffen<\/a><\/li>\n<li><a href=\"https:\/\/afarangabroad.com\/de\/sex-massage-phuket\/\">Happy-End-Massagen in Phuket<\/a><\/li>\n<li>Wo man sich trifft <a href=\"https:\/\/afarangabroad.com\/de\/freiberufler-phuket\/\">Freiberufler in Phuket<\/a><\/li>\n<\/ul>\n<h2><strong><b>Boogie Bar<\/b><\/strong><\/h2>\n<p>Ich sch\u00e4tze, diese Bar steht ganz oben auf der Liste der besten Bars in Ao Nang, denn sie ist in der Tat ein perfekter Ort f\u00fcr Partyg\u00e4nger, die die ganze Nacht lang gute Musik h\u00f6ren und dazu tanzen wollen.<\/p>\n<p>You can find Boogie Bar in Ao Nang Walking Street and as you enter the place, you would notice its 70\u2019s style of a bar.<\/p>\n<p><iframe loading=\"lazy\" width=\"678\" height=\"381\" src=\"https:\/\/www.youtube.com\/embed\/RURslr3_usY?feature=oembed\" frameborder=\"0\" allow=\"accelerometer; autoplay; encrypted-media; gyroscope; picture-in-picture\" allowfullscreen><\/iframe><\/p>\n<p>Hier in der Boogie Bar gibt es eine eigene Live-Band, die auf einer kleinen B\u00fchne auftritt, und sie sind einer der Gr\u00fcnde, warum die Leute diesen Ort so gerne besuchen.<\/p>\n<p>Sie haben auch ihre Billardtische f\u00fcr diejenigen, die ein kleines Spiel mit ihren Freunden haben wollte, und wenn Sie einen Drink w\u00e4hrend des Spiels haben wollte, haben sie ihre Biere und Cocktails, aber lassen Sie mich Ihnen sagen, vor; Boogie Bar ist ein bisschen eine teure Bar so bereit sein, mehr zu zahlen, wenn in der Bar.<\/p>","protected":false},"excerpt":{"rendered":"<p>You can actually find Ao Nang in the Southern part of Thailand as you go visit the place, you would surely notice Ao Nang nightlife scene. If you want to meet girls for free in Krabi, check out this article. Even though Ao Nang is just second when it comes to the most visited place [&hellip;]<\/p>","protected":false},"author":2,"featured_media":8250,"parent":0,"menu_order":0,"comment_status":"open","ping_status":"open","template":"","meta":{"_exactmetrics_skip_tracking":false,"_exactmetrics_sitenote_active":false,"_exactmetrics_sitenote_note":"","_exactmetrics_sitenote_category":0,"footnotes":""},"categories":[331],"tags":[],"class_list":["post-8233","page","type-page","status-publish","has-post-thumbnail","hentry","category-phuket-nightlife"],"yoast_head":"<!-- This site is optimized with the Yoast SEO plugin v20.1 - https:\/\/yoast.com\/wordpress\/plugins\/seo\/ -->\n<title>Ao Nang Nightlife Guide for Tourists - A Farang Abroad<\/title>\n<meta name=\"description\" content=\"In this article, I show you the best of Ao Nang Nightlife. Find out the best clubs, bars and discos in Krabi. You will also know where to get massages.\" \/>\n<meta name=\"robots\" content=\"index, follow, max-snippet:-1, max-image-preview:large, max-video-preview:-1\" \/>\n<link rel=\"canonical\" href=\"https:\/\/afarangabroad.com\/de\/ao-nang-nachtleben\/\" \/>\n<meta property=\"og:locale\" content=\"de_DE\" \/>\n<meta property=\"og:type\" content=\"article\" \/>\n<meta property=\"og:title\" content=\"Ao Nang Nightlife Guide for Tourists - A Farang Abroad\" \/>\n<meta property=\"og:description\" content=\"In this article, I show you the best of Ao Nang Nightlife. Find out the best clubs, bars and discos in Krabi. You will also know where to get massages.\" \/>\n<meta property=\"og:url\" content=\"https:\/\/afarangabroad.com\/de\/ao-nang-nachtleben\/\" \/>\n<meta property=\"og:site_name\" content=\"A Farang Abroad\" \/>\n<meta property=\"article:modified_time\" content=\"2019-01-10T06:08:20+00:00\" \/>\n<meta property=\"og:image\" content=\"https:\/\/afarangabroad.com\/wp-content\/uploads\/2017\/03\/ao-nang-nightlife.jpg\" \/>\n\t<meta property=\"og:image:width\" content=\"960\" \/>\n\t<meta property=\"og:image:height\" content=\"951\" \/>\n\t<meta property=\"og:image:type\" content=\"image\/jpeg\" \/>\n<meta name=\"twitter:label1\" content=\"Gesch\u00e4tzte Lesezeit\" \/>\n\t<meta name=\"twitter:data1\" content=\"8\u00a0Minuten\" \/>\n<script type=\"application\/ld+json\" class=\"yoast-schema-graph\">{\"@context\":\"https:\/\/schema.org\",\"@graph\":[{\"@type\":\"WebPage\",\"@id\":\"https:\/\/afarangabroad.com\/ao-nang-nightlife\/\",\"url\":\"https:\/\/afarangabroad.com\/ao-nang-nightlife\/\",\"name\":\"Ao Nang Nightlife Guide for Tourists - A Farang Abroad\",\"isPartOf\":{\"@id\":\"https:\/\/afarangabroad.com\/#website\"},\"datePublished\":\"2017-03-13T08:02:47+00:00\",\"dateModified\":\"2019-01-10T06:08:20+00:00\",\"description\":\"In this article, I show you the best of Ao Nang Nightlife. Find out the best clubs, bars and discos in Krabi. You will also know where to get massages.\",\"breadcrumb\":{\"@id\":\"https:\/\/afarangabroad.com\/ao-nang-nightlife\/#breadcrumb\"},\"inLanguage\":\"de\",\"potentialAction\":[{\"@type\":\"ReadAction\",\"target\":[\"https:\/\/afarangabroad.com\/ao-nang-nightlife\/\"]}]},{\"@type\":\"BreadcrumbList\",\"@id\":\"https:\/\/afarangabroad.com\/ao-nang-nightlife\/#breadcrumb\",\"itemListElement\":[{\"@type\":\"ListItem\",\"position\":1,\"name\":\"Home\",\"item\":\"https:\/\/afarangabroad.com\/\"},{\"@type\":\"ListItem\",\"position\":2,\"name\":\"Ao Nang Nightlife Guide for Tourists\"}]},{\"@type\":\"WebSite\",\"@id\":\"https:\/\/afarangabroad.com\/#website\",\"url\":\"https:\/\/afarangabroad.com\/\",\"name\":\"A Farang Abroad\",\"description\":\"Your secret guide to Asia&#039;s sexiest nightlife.\",\"potentialAction\":[{\"@type\":\"SearchAction\",\"target\":{\"@type\":\"EntryPoint\",\"urlTemplate\":\"https:\/\/afarangabroad.com\/?s={search_term_string}\"},\"query-input\":\"required name=search_term_string\"}],\"inLanguage\":\"de\"}]}<\/script>\n<!-- \/ Yoast SEO plugin. -->","yoast_head_json":{"title":"Ao Nang Nightlife Guide for Tourists - A Farang Abroad","description":"In this article, I show you the best of Ao Nang Nightlife. Find out the best clubs, bars and discos in Krabi. You will also know where to get massages.","robots":{"index":"index","follow":"follow","max-snippet":"max-snippet:-1","max-image-preview":"max-image-preview:large","max-video-preview":"max-video-preview:-1"},"canonical":"https:\/\/afarangabroad.com\/de\/ao-nang-nachtleben\/","og_locale":"de_DE","og_type":"article","og_title":"Ao Nang Nightlife Guide for Tourists - A Farang Abroad","og_description":"In this article, I show you the best of Ao Nang Nightlife. Find out the best clubs, bars and discos in Krabi. You will also know where to get massages.","og_url":"https:\/\/afarangabroad.com\/de\/ao-nang-nachtleben\/","og_site_name":"A Farang Abroad","article_modified_time":"2019-01-10T06:08:20+00:00","og_image":[{"width":960,"height":951,"url":"https:\/\/afarangabroad.com\/wp-content\/uploads\/2017\/03\/ao-nang-nightlife.jpg","type":"image\/jpeg"}],"twitter_misc":{"Gesch\u00e4tzte Lesezeit":"8\u00a0Minuten"},"schema":{"@context":"https:\/\/schema.org","@graph":[{"@type":"WebPage","@id":"https:\/\/afarangabroad.com\/ao-nang-nightlife\/","url":"https:\/\/afarangabroad.com\/ao-nang-nightlife\/","name":"Ao Nang Nightlife Guide for Tourists - A Farang Abroad","isPartOf":{"@id":"https:\/\/afarangabroad.com\/#website"},"datePublished":"2017-03-13T08:02:47+00:00","dateModified":"2019-01-10T06:08:20+00:00","description":"In this article, I show you the best of Ao Nang Nightlife. Find out the best clubs, bars and discos in Krabi. You will also know where to get massages.","breadcrumb":{"@id":"https:\/\/afarangabroad.com\/ao-nang-nightlife\/#breadcrumb"},"inLanguage":"de","potentialAction":[{"@type":"ReadAction","target":["https:\/\/afarangabroad.com\/ao-nang-nightlife\/"]}]},{"@type":"BreadcrumbList","@id":"https:\/\/afarangabroad.com\/ao-nang-nightlife\/#breadcrumb","itemListElement":[{"@type":"ListItem","position":1,"name":"Home","item":"https:\/\/afarangabroad.com\/"},{"@type":"ListItem","position":2,"name":"Ao Nang Nightlife Guide for Tourists"}]},{"@type":"WebSite","@id":"https:\/\/afarangabroad.com\/#website","url":"https:\/\/afarangabroad.com\/","name":"A Farang Abroad","description":"Your secret guide to Asia&#039;s sexiest nightlife.","potentialAction":[{"@type":"SearchAction","target":{"@type":"EntryPoint","urlTemplate":"https:\/\/afarangabroad.com\/?s={search_term_string}"},"query-input":"required name=search_term_string"}],"inLanguage":"de"}]}},"_links":{"self":[{"href":"https:\/\/afarangabroad.com\/de\/wp-json\/wp\/v2\/pages\/8233"}],"collection":[{"href":"https:\/\/afarangabroad.com\/de\/wp-json\/wp\/v2\/pages"}],"about":[{"href":"https:\/\/afarangabroad.com\/de\/wp-json\/wp\/v2\/types\/page"}],"author":[{"embeddable":true,"href":"https:\/\/afarangabroad.com\/de\/wp-json\/wp\/v2\/users\/2"}],"replies":[{"embeddable":true,"href":"https:\/\/afarangabroad.com\/de\/wp-json\/wp\/v2\/comments?post=8233"}],"version-history":[{"count":0,"href":"https:\/\/afarangabroad.com\/de\/wp-json\/wp\/v2\/pages\/8233\/revisions"}],"wp:featuredmedia":[{"embeddable":true,"href":"https:\/\/afarangabroad.com\/de\/wp-json\/wp\/v2\/media\/8250"}],"wp:attachment":[{"href":"https:\/\/afarangabroad.com\/de\/wp-json\/wp\/v2\/media?parent=8233"}],"wp:term":[{"taxonomy":"category","embeddable":true,"href":"https:\/\/afarangabroad.com\/de\/wp-json\/wp\/v2\/categories?post=8233"},{"taxonomy":"post_tag","embeddable":true,"href":"https:\/\/afarangabroad.com\/de\/wp-json\/wp\/v2\/tags?post=8233"}],"curies":[{"name":"wp","href":"https:\/\/api.w.org\/{rel}","templated":true}]}}