{"id":8373,"date":"2017-04-13T08:56:39","date_gmt":"2017-04-13T07:56:39","guid":{"rendered":"https:\/\/afarangabroad.com\/?p=8373"},"modified":"2024-10-16T23:38:06","modified_gmt":"2024-10-16T22:38:06","slug":"sex-ho-chi-minh","status":"publish","type":"page","link":"https:\/\/afarangabroad.com\/de\/sex-ho-chi-minh\/","title":{"rendered":"6 Orte f\u00fcr Sex in Ho Chi Minh"},"content":{"rendered":"<p>Wenn Sie bereits m\u00fcde sind mit dem, was Thailand hat Ihnen angeboten, wenn es um ihre M\u00e4dchen in den letzten Wochen, dann sollten Sie definitiv versuchen, ein anderes Rennen und Land f\u00fcr Ihren n\u00e4chsten Urlaub Urlaub Urlaub.<\/p>\n<p>Wenn Sie sich treffen m\u00f6chten <a href=\"https:\/\/afarangabroad.com\/de\/girls-ho-chi-minh\/\">M\u00e4dchen in Ho Chi Minh<\/a> umsonst, <a href=\"https:\/\/afarangabroad.com\/de\/vietnamesische-amorette\/\" target=\"_blank\" rel=\"noopener noreferrer\">Lesen Sie diesen Artikel<\/a>.<\/p>\n<p><a href=\"https:\/\/afarangabroad.com\/de\/vietnamesische-amorette\/\" target=\"_blank\" rel=\"noopener noreferrer\"><img loading=\"lazy\" decoding=\"async\" class=\"aligncenter size-large wp-image-7258\" src=\"https:\/\/afarangabroad.com\/wp-content\/uploads\/2016\/06\/Meet-Viet-Girls1-1024x691.png\" alt=\"\" width=\"600\" height=\"405\" srcset=\"https:\/\/afarangabroad.com\/wp-content\/uploads\/2016\/06\/Meet-Viet-Girls1-1024x691.png 1024w, https:\/\/afarangabroad.com\/wp-content\/uploads\/2016\/06\/Meet-Viet-Girls1-300x202.png 300w, https:\/\/afarangabroad.com\/wp-content\/uploads\/2016\/06\/Meet-Viet-Girls1-720x486.png 720w, https:\/\/afarangabroad.com\/wp-content\/uploads\/2016\/06\/Meet-Viet-Girls1.png 1038w\" sizes=\"(max-width: 600px) 100vw, 600px\" \/><\/a><\/p>\n<p>Although Vietnam isn\u2019t that broad when it comes to prostitution and such, you can still find thousands of prostitutes around the country especially if you are going to visit the city of Ho Chi Minh.<\/p>\n<p>Die Stadt ist eigentlich der beste Ort, wo Sie eine Menge von h\u00fcbschen und sexy Prostituierten in Vietnam zu finden und hier ist ein einfacher Leitfaden, aber definitiv eine sehr informative, wie Sie Sex in Ho Chi Minh zu bekommen und zu finden.<\/p>\n<h2>Wie sind die M\u00e4dchen in Saigon?<\/h2>\n<p>Saigon girls are the most forward thinking type of Vietnamese girl you\u2019ll find in Vietnam.<\/p>\n<p>Sie haben mehr Ber\u00fchrungspunkte mit der westlichen Kultur und lernen eher westliche M\u00e4nner kennen und gehen mit ihnen aus.<\/p>\n<p>Allerdings sind sie immer noch ziemlich traditionell, und man kann mit einem M\u00e4dchen aus Saigon nicht so flirten, wie man es mit einem westlichen M\u00e4dchen zu Hause tun w\u00fcrde.<\/p>\n<p>Wenn du ein Gentleman bist, kommst du bei den M\u00e4dchen in Ho Chi Minh weiter, als wenn du den Weg des Spielers gehst. Behalten Sie das also im Hinterkopf, wenn Sie mit Saigonerinnen ausgehen oder sprechen.<\/p>\n<h2>Ho Chi Minh Preise f\u00fcr M\u00e4dchen<\/h2>\n<p>Die Preise f\u00fcr M\u00e4dchen in Ho-Chi-Minh-Stadt variieren je nachdem, welche Option Sie w\u00e4hlen.<\/p>\n<p>Escorts in Ho Chi Minh tend to be the most and expect the price of a girl to be from $150+.<\/p>","protected":false},"excerpt":{"rendered":"<p>If you are already getting tired with what Thailand has offered you when it comes to their girls this past few weeks then you should definitely try another race and country for your next holiday vacation. If you want to meet girls in Ho Chi Minh for free, check out this article. Although Vietnam isn\u2019t [&hellip;]<\/p>","protected":false},"author":2,"featured_media":8395,"parent":0,"menu_order":0,"comment_status":"open","ping_status":"closed","template":"","meta":{"_exactmetrics_skip_tracking":false,"_exactmetrics_sitenote_active":false,"_exactmetrics_sitenote_note":"","_exactmetrics_sitenote_category":0,"footnotes":""},"categories":[328],"tags":[],"class_list":["post-8373","page","type-page","status-publish","has-post-thumbnail","hentry","category-vietnam"],"yoast_head":"<!-- This site is optimized with the Yoast SEO plugin v20.1 - https:\/\/yoast.com\/wordpress\/plugins\/seo\/ -->\n<title>6 Places For Sex in Ho Chi Minh - A Farang Abroad<\/title>\n<meta name=\"description\" content=\"Looking for sex in Ho Chi Minh? In this article you&#039;ll find out where to go, how much HCM girls cost, how to avoid scams and locations of places.\" \/>\n<meta name=\"robots\" content=\"index, follow, max-snippet:-1, max-image-preview:large, max-video-preview:-1\" \/>\n<link rel=\"canonical\" href=\"https:\/\/afarangabroad.com\/de\/sex-ho-chi-minh\/\" \/>\n<meta property=\"og:locale\" content=\"de_DE\" \/>\n<meta property=\"og:type\" content=\"article\" \/>\n<meta property=\"og:title\" content=\"6 Places For Sex in Ho Chi Minh - A Farang Abroad\" \/>\n<meta property=\"og:description\" content=\"Looking for sex in Ho Chi Minh? In this article you&#039;ll find out where to go, how much HCM girls cost, how to avoid scams and locations of places.\" \/>\n<meta property=\"og:url\" content=\"https:\/\/afarangabroad.com\/de\/sex-ho-chi-minh\/\" \/>\n<meta property=\"og:site_name\" content=\"A Farang Abroad\" \/>\n<meta property=\"article:modified_time\" content=\"2024-10-16T22:38:06+00:00\" \/>\n<meta property=\"og:image\" content=\"https:\/\/afarangabroad.com\/wp-content\/uploads\/2017\/04\/Apocalypse-Now-Bar.jpg\" \/>\n\t<meta property=\"og:image:width\" content=\"2048\" \/>\n\t<meta property=\"og:image:height\" content=\"1365\" \/>\n\t<meta property=\"og:image:type\" content=\"image\/jpeg\" \/>\n<meta name=\"twitter:label1\" content=\"Gesch\u00e4tzte Lesezeit\" \/>\n\t<meta name=\"twitter:data1\" content=\"13\u00a0Minuten\" \/>\n<script type=\"application\/ld+json\" class=\"yoast-schema-graph\">{\"@context\":\"https:\/\/schema.org\",\"@graph\":[{\"@type\":\"WebPage\",\"@id\":\"https:\/\/afarangabroad.com\/sex-ho-chi-minh\/\",\"url\":\"https:\/\/afarangabroad.com\/sex-ho-chi-minh\/\",\"name\":\"6 Places For Sex in Ho Chi Minh - A Farang Abroad\",\"isPartOf\":{\"@id\":\"https:\/\/afarangabroad.com\/#website\"},\"datePublished\":\"2017-04-13T07:56:39+00:00\",\"dateModified\":\"2024-10-16T22:38:06+00:00\",\"description\":\"Looking for sex in Ho Chi Minh? In this article you'll find out where to go, how much HCM girls cost, how to avoid scams and locations of places.\",\"breadcrumb\":{\"@id\":\"https:\/\/afarangabroad.com\/sex-ho-chi-minh\/#breadcrumb\"},\"inLanguage\":\"de\",\"potentialAction\":[{\"@type\":\"ReadAction\",\"target\":[\"https:\/\/afarangabroad.com\/sex-ho-chi-minh\/\"]}]},{\"@type\":\"BreadcrumbList\",\"@id\":\"https:\/\/afarangabroad.com\/sex-ho-chi-minh\/#breadcrumb\",\"itemListElement\":[{\"@type\":\"ListItem\",\"position\":1,\"name\":\"Home\",\"item\":\"https:\/\/afarangabroad.com\/\"},{\"@type\":\"ListItem\",\"position\":2,\"name\":\"6 Places For Sex in Ho Chi Minh\"}]},{\"@type\":\"WebSite\",\"@id\":\"https:\/\/afarangabroad.com\/#website\",\"url\":\"https:\/\/afarangabroad.com\/\",\"name\":\"A Farang Abroad\",\"description\":\"Your secret guide to Asia&#039;s sexiest nightlife.\",\"potentialAction\":[{\"@type\":\"SearchAction\",\"target\":{\"@type\":\"EntryPoint\",\"urlTemplate\":\"https:\/\/afarangabroad.com\/?s={search_term_string}\"},\"query-input\":\"required name=search_term_string\"}],\"inLanguage\":\"de\"}]}<\/script>\n<!-- \/ Yoast SEO plugin. -->","yoast_head_json":{"title":"6 Places For Sex in Ho Chi Minh - A Farang Abroad","description":"Looking for sex in Ho Chi Minh? In this article you'll find out where to go, how much HCM girls cost, how to avoid scams and locations of places.","robots":{"index":"index","follow":"follow","max-snippet":"max-snippet:-1","max-image-preview":"max-image-preview:large","max-video-preview":"max-video-preview:-1"},"canonical":"https:\/\/afarangabroad.com\/de\/sex-ho-chi-minh\/","og_locale":"de_DE","og_type":"article","og_title":"6 Places For Sex in Ho Chi Minh - A Farang Abroad","og_description":"Looking for sex in Ho Chi Minh? In this article you'll find out where to go, how much HCM girls cost, how to avoid scams and locations of places.","og_url":"https:\/\/afarangabroad.com\/de\/sex-ho-chi-minh\/","og_site_name":"A Farang Abroad","article_modified_time":"2024-10-16T22:38:06+00:00","og_image":[{"width":2048,"height":1365,"url":"https:\/\/afarangabroad.com\/wp-content\/uploads\/2017\/04\/Apocalypse-Now-Bar.jpg","type":"image\/jpeg"}],"twitter_misc":{"Gesch\u00e4tzte Lesezeit":"13\u00a0Minuten"},"schema":{"@context":"https:\/\/schema.org","@graph":[{"@type":"WebPage","@id":"https:\/\/afarangabroad.com\/sex-ho-chi-minh\/","url":"https:\/\/afarangabroad.com\/sex-ho-chi-minh\/","name":"6 Places For Sex in Ho Chi Minh - A Farang Abroad","isPartOf":{"@id":"https:\/\/afarangabroad.com\/#website"},"datePublished":"2017-04-13T07:56:39+00:00","dateModified":"2024-10-16T22:38:06+00:00","description":"Looking for sex in Ho Chi Minh? In this article you'll find out where to go, how much HCM girls cost, how to avoid scams and locations of places.","breadcrumb":{"@id":"https:\/\/afarangabroad.com\/sex-ho-chi-minh\/#breadcrumb"},"inLanguage":"de","potentialAction":[{"@type":"ReadAction","target":["https:\/\/afarangabroad.com\/sex-ho-chi-minh\/"]}]},{"@type":"BreadcrumbList","@id":"https:\/\/afarangabroad.com\/sex-ho-chi-minh\/#breadcrumb","itemListElement":[{"@type":"ListItem","position":1,"name":"Home","item":"https:\/\/afarangabroad.com\/"},{"@type":"ListItem","position":2,"name":"6 Places For Sex in Ho Chi Minh"}]},{"@type":"WebSite","@id":"https:\/\/afarangabroad.com\/#website","url":"https:\/\/afarangabroad.com\/","name":"A Farang Abroad","description":"Your secret guide to Asia&#039;s sexiest nightlife.","potentialAction":[{"@type":"SearchAction","target":{"@type":"EntryPoint","urlTemplate":"https:\/\/afarangabroad.com\/?s={search_term_string}"},"query-input":"required name=search_term_string"}],"inLanguage":"de"}]}},"_links":{"self":[{"href":"https:\/\/afarangabroad.com\/de\/wp-json\/wp\/v2\/pages\/8373"}],"collection":[{"href":"https:\/\/afarangabroad.com\/de\/wp-json\/wp\/v2\/pages"}],"about":[{"href":"https:\/\/afarangabroad.com\/de\/wp-json\/wp\/v2\/types\/page"}],"author":[{"embeddable":true,"href":"https:\/\/afarangabroad.com\/de\/wp-json\/wp\/v2\/users\/2"}],"replies":[{"embeddable":true,"href":"https:\/\/afarangabroad.com\/de\/wp-json\/wp\/v2\/comments?post=8373"}],"version-history":[{"count":1,"href":"https:\/\/afarangabroad.com\/de\/wp-json\/wp\/v2\/pages\/8373\/revisions"}],"predecessor-version":[{"id":513643,"href":"https:\/\/afarangabroad.com\/de\/wp-json\/wp\/v2\/pages\/8373\/revisions\/513643"}],"wp:featuredmedia":[{"embeddable":true,"href":"https:\/\/afarangabroad.com\/de\/wp-json\/wp\/v2\/media\/8395"}],"wp:attachment":[{"href":"https:\/\/afarangabroad.com\/de\/wp-json\/wp\/v2\/media?parent=8373"}],"wp:term":[{"taxonomy":"category","embeddable":true,"href":"https:\/\/afarangabroad.com\/de\/wp-json\/wp\/v2\/categories?post=8373"},{"taxonomy":"post_tag","embeddable":true,"href":"https:\/\/afarangabroad.com\/de\/wp-json\/wp\/v2\/tags?post=8373"}],"curies":[{"name":"wp","href":"https:\/\/api.w.org\/{rel}","templated":true}]}}