{"id":8436,"date":"2017-04-21T14:38:11","date_gmt":"2017-04-21T13:38:11","guid":{"rendered":"https:\/\/afarangabroad.com\/?p=8436"},"modified":"2020-05-19T04:55:03","modified_gmt":"2020-05-19T03:55:03","slug":"sex-in-shanghai","status":"publish","type":"page","link":"https:\/\/afarangabroad.com\/de\/sex-in-shanghai\/","title":{"rendered":"Die besten Orte, um Sex in Shanghai zu finden"},"content":{"rendered":"<p>In this article you&#8217;ll learn where to find sex in Shanghai.<\/p>\n<p>Over the past years, China&#8217;s population has grown and for the numerous cities we can find in the country, Shanghai is the one with the most number when it comes to their population and in fact, there are already about 23 million locals in their premises.<\/p>\n<p>Wenn du in Shanghai umsonst Sex haben willst, <a href=\"https:\/\/afarangabroad.com\/de\/china-love-cupid-review\/\" target=\"_blank\" rel=\"noopener noreferrer\">Lesen Sie diesen Artikel<\/a>.<\/p>\n<p><a href=\"https:\/\/afarangabroad.com\/de\/china-love-cupid-review\/\" target=\"_blank\" rel=\"noopener noreferrer\"><img loading=\"lazy\" decoding=\"async\" class=\"aligncenter size-large wp-image-8477\" src=\"https:\/\/afarangabroad.com\/wp-content\/uploads\/2017\/05\/meet-sexy-chiense-girls-1024x691.png\" alt=\"\" width=\"600\" height=\"405\" srcset=\"https:\/\/afarangabroad.com\/wp-content\/uploads\/2017\/05\/meet-sexy-chiense-girls-1024x691.png 1024w, https:\/\/afarangabroad.com\/wp-content\/uploads\/2017\/05\/meet-sexy-chiense-girls-300x202.png 300w, https:\/\/afarangabroad.com\/wp-content\/uploads\/2017\/05\/meet-sexy-chiense-girls-768x518.png 768w, https:\/\/afarangabroad.com\/wp-content\/uploads\/2017\/05\/meet-sexy-chiense-girls-720x486.png 720w, https:\/\/afarangabroad.com\/wp-content\/uploads\/2017\/05\/meet-sexy-chiense-girls.png 1038w\" sizes=\"(max-width: 600px) 100vw, 600px\" \/><\/a><\/p>\n<p>As Shanghai&#8217;s population grew from year to year, you can already find different ways on how locals in the city tried to uplift themselves and make a living for their family. In our new generation, it is already inevitable to find prostitutes in a certain place and the same thing goes in Shanghai.<\/p>\n<p>Abgesehen von den touristischen Attraktionen, die Sie in Shanghai finden k\u00f6nnen, k\u00f6nnen Sie jetzt eine Menge von Prostituierten finden, die \u00fcberall in der Stadt wohnen. Diese Prostituierten waren definitiv in der Lage, die Stadt f\u00fcr die Einheimischen und auch Ausl\u00e4nder, die ihren Weg in das Land nicht nur um Tour herum, sondern auch um Sex in Shanghai zu erleben eindringen.<\/p>\n<h2><strong>Wo kann man in Shanghai nach Prostituierten suchen?<\/strong><\/h2>\n<p>Wenn Sie wissen wollen, wie Sie diese Art von M\u00e4dchen finden k\u00f6nnen, gibt es sicherlich eine Menge M\u00f6glichkeiten, wie Sie sie finden k\u00f6nnen. Sie k\u00f6nnen durch ihre Rotlichtviertel oder Sie k\u00f6nnen einfach auf der Liste der Orte in Shanghai, wo es eine Menge von Prostituierten sind jetzt Wohnsitz suchen.<\/p>\n<h2><strong>Rotlichtbezirke<\/strong><\/h2>\n<p>Well, as far as I know, there are 7 red light districts in the city but there&#8217;s this 3 red light districts in Shanghai that I truly find as an excellent place if what you&#8217;ve been looking for are both fun and sex in Shanghai.<\/p>\n<p><em>Fengzhuang-Stra\u00dfe<\/em> &#8211; the place may not be the biggest one in Shanghai but it is now the most visited red light district in the city. Here in Fengzhuang Road, you can certainly find a lot of prostitutes spread all throughout the place, offering you sex in Shanghai.<\/p>\n<p><strong>Verwandte Seiten<\/strong>: <em><a href=\"https:\/\/afarangabroad.com\/de\/shanghai-madchen\/\" target=\"_blank\" rel=\"noopener noreferrer\">finding girls in\u00a0Shanghai<\/a>\u00a0im Vergleich zu <a href=\"https:\/\/afarangabroad.com\/de\/beijing-girls\/\">Beijing\u00a0girls<\/a>.\u00a0<\/em><\/p>\n<p>Prostitutes in this red light district may not be the best in town and are actually just average girls but they tend\u00a0to ask more from their clients which is definitely a thing that you should take note if you wanted to give these girls a try.<\/p>","protected":false},"excerpt":{"rendered":"<p>In this article you&#8217;ll learn where to find sex in Shanghai. Over the past years, China&#8217;s population has grown and for the numerous cities we can find in the country, Shanghai is the one with the most number when it comes to their population and in fact, there are already about 23 million locals in [&hellip;]<\/p>","protected":false},"author":2,"featured_media":8451,"parent":0,"menu_order":0,"comment_status":"open","ping_status":"open","template":"","meta":{"_exactmetrics_skip_tracking":false,"_exactmetrics_sitenote_active":false,"_exactmetrics_sitenote_note":"","_exactmetrics_sitenote_category":0,"footnotes":""},"categories":[334],"tags":[],"class_list":["post-8436","page","type-page","status-publish","has-post-thumbnail","hentry","category-china"],"yoast_head":"<!-- This site is optimized with the Yoast SEO plugin v20.1 - https:\/\/yoast.com\/wordpress\/plugins\/seo\/ -->\n<title>Best Places to Find Sex in Shanghai - A Farang Abroad<\/title>\n<meta name=\"description\" content=\"Coming to China and want sex in Shanghai? In this article I&#039;ll show you where the best places are to meet girls for sex, prices and things to watch out for.\" \/>\n<meta name=\"robots\" content=\"index, follow, max-snippet:-1, max-image-preview:large, max-video-preview:-1\" \/>\n<link rel=\"canonical\" href=\"https:\/\/afarangabroad.com\/de\/sex-in-shanghai\/\" \/>\n<meta property=\"og:locale\" content=\"de_DE\" \/>\n<meta property=\"og:type\" content=\"article\" \/>\n<meta property=\"og:title\" content=\"Best Places to Find Sex in Shanghai - A Farang Abroad\" \/>\n<meta property=\"og:description\" content=\"Coming to China and want sex in Shanghai? In this article I&#039;ll show you where the best places are to meet girls for sex, prices and things to watch out for.\" \/>\n<meta property=\"og:url\" content=\"https:\/\/afarangabroad.com\/de\/sex-in-shanghai\/\" \/>\n<meta property=\"og:site_name\" content=\"A Farang Abroad\" \/>\n<meta property=\"article:modified_time\" content=\"2020-05-19T03:55:03+00:00\" \/>\n<meta property=\"og:image\" content=\"https:\/\/afarangabroad.com\/wp-content\/uploads\/2017\/04\/sexy-women-in-shanghai.jpg\" \/>\n\t<meta property=\"og:image:width\" content=\"640\" \/>\n\t<meta property=\"og:image:height\" content=\"426\" \/>\n\t<meta property=\"og:image:type\" content=\"image\/jpeg\" \/>\n<meta name=\"twitter:label1\" content=\"Gesch\u00e4tzte Lesezeit\" \/>\n\t<meta name=\"twitter:data1\" content=\"8\u00a0Minuten\" \/>\n<script type=\"application\/ld+json\" class=\"yoast-schema-graph\">{\"@context\":\"https:\/\/schema.org\",\"@graph\":[{\"@type\":\"WebPage\",\"@id\":\"https:\/\/afarangabroad.com\/sex-in-shanghai\/\",\"url\":\"https:\/\/afarangabroad.com\/sex-in-shanghai\/\",\"name\":\"Best Places to Find Sex in Shanghai - A Farang Abroad\",\"isPartOf\":{\"@id\":\"https:\/\/afarangabroad.com\/#website\"},\"datePublished\":\"2017-04-21T13:38:11+00:00\",\"dateModified\":\"2020-05-19T03:55:03+00:00\",\"description\":\"Coming to China and want sex in Shanghai? In this article I'll show you where the best places are to meet girls for sex, prices and things to watch out for.\",\"breadcrumb\":{\"@id\":\"https:\/\/afarangabroad.com\/sex-in-shanghai\/#breadcrumb\"},\"inLanguage\":\"de\",\"potentialAction\":[{\"@type\":\"ReadAction\",\"target\":[\"https:\/\/afarangabroad.com\/sex-in-shanghai\/\"]}]},{\"@type\":\"BreadcrumbList\",\"@id\":\"https:\/\/afarangabroad.com\/sex-in-shanghai\/#breadcrumb\",\"itemListElement\":[{\"@type\":\"ListItem\",\"position\":1,\"name\":\"Home\",\"item\":\"https:\/\/afarangabroad.com\/\"},{\"@type\":\"ListItem\",\"position\":2,\"name\":\"Best Places to Find Sex in Shanghai\"}]},{\"@type\":\"WebSite\",\"@id\":\"https:\/\/afarangabroad.com\/#website\",\"url\":\"https:\/\/afarangabroad.com\/\",\"name\":\"A Farang Abroad\",\"description\":\"Your secret guide to Asia&#039;s sexiest nightlife.\",\"potentialAction\":[{\"@type\":\"SearchAction\",\"target\":{\"@type\":\"EntryPoint\",\"urlTemplate\":\"https:\/\/afarangabroad.com\/?s={search_term_string}\"},\"query-input\":\"required name=search_term_string\"}],\"inLanguage\":\"de\"}]}<\/script>\n<!-- \/ Yoast SEO plugin. -->","yoast_head_json":{"title":"Best Places to Find Sex in Shanghai - A Farang Abroad","description":"Coming to China and want sex in Shanghai? In this article I'll show you where the best places are to meet girls for sex, prices and things to watch out for.","robots":{"index":"index","follow":"follow","max-snippet":"max-snippet:-1","max-image-preview":"max-image-preview:large","max-video-preview":"max-video-preview:-1"},"canonical":"https:\/\/afarangabroad.com\/de\/sex-in-shanghai\/","og_locale":"de_DE","og_type":"article","og_title":"Best Places to Find Sex in Shanghai - A Farang Abroad","og_description":"Coming to China and want sex in Shanghai? In this article I'll show you where the best places are to meet girls for sex, prices and things to watch out for.","og_url":"https:\/\/afarangabroad.com\/de\/sex-in-shanghai\/","og_site_name":"A Farang Abroad","article_modified_time":"2020-05-19T03:55:03+00:00","og_image":[{"width":640,"height":426,"url":"https:\/\/afarangabroad.com\/wp-content\/uploads\/2017\/04\/sexy-women-in-shanghai.jpg","type":"image\/jpeg"}],"twitter_misc":{"Gesch\u00e4tzte Lesezeit":"8\u00a0Minuten"},"schema":{"@context":"https:\/\/schema.org","@graph":[{"@type":"WebPage","@id":"https:\/\/afarangabroad.com\/sex-in-shanghai\/","url":"https:\/\/afarangabroad.com\/sex-in-shanghai\/","name":"Best Places to Find Sex in Shanghai - A Farang Abroad","isPartOf":{"@id":"https:\/\/afarangabroad.com\/#website"},"datePublished":"2017-04-21T13:38:11+00:00","dateModified":"2020-05-19T03:55:03+00:00","description":"Coming to China and want sex in Shanghai? In this article I'll show you where the best places are to meet girls for sex, prices and things to watch out for.","breadcrumb":{"@id":"https:\/\/afarangabroad.com\/sex-in-shanghai\/#breadcrumb"},"inLanguage":"de","potentialAction":[{"@type":"ReadAction","target":["https:\/\/afarangabroad.com\/sex-in-shanghai\/"]}]},{"@type":"BreadcrumbList","@id":"https:\/\/afarangabroad.com\/sex-in-shanghai\/#breadcrumb","itemListElement":[{"@type":"ListItem","position":1,"name":"Home","item":"https:\/\/afarangabroad.com\/"},{"@type":"ListItem","position":2,"name":"Best Places to Find Sex in Shanghai"}]},{"@type":"WebSite","@id":"https:\/\/afarangabroad.com\/#website","url":"https:\/\/afarangabroad.com\/","name":"A Farang Abroad","description":"Your secret guide to Asia&#039;s sexiest nightlife.","potentialAction":[{"@type":"SearchAction","target":{"@type":"EntryPoint","urlTemplate":"https:\/\/afarangabroad.com\/?s={search_term_string}"},"query-input":"required name=search_term_string"}],"inLanguage":"de"}]}},"_links":{"self":[{"href":"https:\/\/afarangabroad.com\/de\/wp-json\/wp\/v2\/pages\/8436"}],"collection":[{"href":"https:\/\/afarangabroad.com\/de\/wp-json\/wp\/v2\/pages"}],"about":[{"href":"https:\/\/afarangabroad.com\/de\/wp-json\/wp\/v2\/types\/page"}],"author":[{"embeddable":true,"href":"https:\/\/afarangabroad.com\/de\/wp-json\/wp\/v2\/users\/2"}],"replies":[{"embeddable":true,"href":"https:\/\/afarangabroad.com\/de\/wp-json\/wp\/v2\/comments?post=8436"}],"version-history":[{"count":0,"href":"https:\/\/afarangabroad.com\/de\/wp-json\/wp\/v2\/pages\/8436\/revisions"}],"wp:featuredmedia":[{"embeddable":true,"href":"https:\/\/afarangabroad.com\/de\/wp-json\/wp\/v2\/media\/8451"}],"wp:attachment":[{"href":"https:\/\/afarangabroad.com\/de\/wp-json\/wp\/v2\/media?parent=8436"}],"wp:term":[{"taxonomy":"category","embeddable":true,"href":"https:\/\/afarangabroad.com\/de\/wp-json\/wp\/v2\/categories?post=8436"},{"taxonomy":"post_tag","embeddable":true,"href":"https:\/\/afarangabroad.com\/de\/wp-json\/wp\/v2\/tags?post=8436"}],"curies":[{"name":"wp","href":"https:\/\/api.w.org\/{rel}","templated":true}]}}