{"id":8439,"date":"2017-04-21T14:20:35","date_gmt":"2017-04-21T13:20:35","guid":{"rendered":"https:\/\/afarangabroad.com\/?p=8439"},"modified":"2019-04-01T04:19:24","modified_gmt":"2019-04-01T03:19:24","slug":"shanghai-girls","status":"publish","type":"page","link":"https:\/\/afarangabroad.com\/de\/shanghai-madchen\/","title":{"rendered":"6 Orte, um Shanghai-M\u00e4dchen kennenzulernen"},"content":{"rendered":"<p>In this article you&#8217;ll find the best places to meet girls in Shanghai.<\/p>\n<p>China is indeed one of the countries in Asia where you can find the best girls especially with the country&#8217;s large population, you can surely go through and select through the millions of girls you can find in the country.<\/p>\n<p>Wenn du in Shanghai umsonst Sex haben willst, <a href=\"https:\/\/afarangabroad.com\/de\/china-love-cupid-review\/\" target=\"_blank\" >Lesen Sie diesen Artikel<\/a>.<\/p>\n<p><a href=\"https:\/\/afarangabroad.com\/de\/china-love-cupid-review\/\" target=\"_blank\" ><img loading=\"lazy\" decoding=\"async\" class=\"aligncenter size-large wp-image-8477\" src=\"https:\/\/afarangabroad.com\/wp-content\/uploads\/2017\/05\/meet-sexy-chiense-girls-1024x691.png\" alt=\"\" width=\"600\" height=\"405\" srcset=\"https:\/\/afarangabroad.com\/wp-content\/uploads\/2017\/05\/meet-sexy-chiense-girls-1024x691.png 1024w, https:\/\/afarangabroad.com\/wp-content\/uploads\/2017\/05\/meet-sexy-chiense-girls-300x202.png 300w, https:\/\/afarangabroad.com\/wp-content\/uploads\/2017\/05\/meet-sexy-chiense-girls-768x518.png 768w, https:\/\/afarangabroad.com\/wp-content\/uploads\/2017\/05\/meet-sexy-chiense-girls-720x486.png 720w, https:\/\/afarangabroad.com\/wp-content\/uploads\/2017\/05\/meet-sexy-chiense-girls.png 1038w\" sizes=\"(max-width: 600px) 100vw, 600px\" \/><\/a><\/p>\n<p>Als ein gro\u00dfes Land in Ostasien, k\u00f6nnten Sie Kopfschmerzen auf, wo Sie wirklich gehen wollen und beginnen, das Land zu erkunden, nur um diese gro\u00dfe und attraktive M\u00e4dchen in dem Land zu finden. Nun, f\u00fcr einen Starter in dem Land, Shanghai ist definitiv die Stadt, wo Sie anfangen sollten, f\u00fcr diese chinesischen M\u00e4dchen suchen.<\/p>\n<p>Over the years, Shanghai has been able to adapt to the fast pace that been going through our generation today thus they were also able to put up and build a large variety of events that foreigners would surely love in the city but aside from these events, you would surely appreciate Shanghai girls&#8217; beauty ones you meet them.<\/p>\n<h2><strong>Wo findet man M\u00e4dchen aus Shanghai?<\/strong><\/h2>\n<p>If you are now in Shanghai or have planned to visit the city and find these beautiful Shanghai girls, you can actually go through and try these six places I&#8217;ll be listing on where you can find, meet and hook up with some local girls.<\/p>\n<p><img loading=\"lazy\" decoding=\"async\" class=\"aligncenter size-full wp-image-8445\" src=\"https:\/\/afarangabroad.com\/wp-content\/uploads\/2017\/04\/shanghai-city.jpg\" alt=\"shanghai city\" width=\"640\" height=\"480\" srcset=\"https:\/\/afarangabroad.com\/wp-content\/uploads\/2017\/04\/shanghai-city.jpg 640w, https:\/\/afarangabroad.com\/wp-content\/uploads\/2017\/04\/shanghai-city-300x225.jpg 300w\" sizes=\"(max-width: 640px) 100vw, 640px\" \/><\/p>\n<h2><strong>Englischunterricht<\/strong><\/h2>\n<p>Da Studenten, die in der Lage sind, in einer englischen Klasse einschreiben sind eifrig, um wirklich die Sprache zu lernen, einige von ihnen versuchen, zu sprechen und ein Gespr\u00e4ch mit einem Ausl\u00e4nder sie finden, so k\u00f6nnen Sie definitiv eine Reihe von Shanghai M\u00e4dchen, die in der Klasse sind im Gespr\u00e4ch mit Ihnen zu finden.<\/p>\n<p>It might be a bit awkward for a foreigner to join an English class but after you&#8217;ll get to know one or two girls from the class, everything that you&#8217;ve done would surely be worth it. So, have fun during your English class in Shanghai while also learning new things from them.<\/p>\n<h2><strong>People&#8217;s Square<\/strong><\/h2>\n<p>If you aren&#8217;t familiar with <a href=\"https:\/\/www.travelchinaguide.com\/attraction\/shanghai\/peoples-square.htm\" target=\"_blank\" >People&#8217;s Square<\/a> yet, it is a great buzzing place in Shanghai where you can find kinds of activities. One thing I have observed in People&#8217;s Square is that a number of locals do visit the place to learn English thus if you are a foreigner, it won&#8217;t be hard for you to have someone to talk to.<\/p>","protected":false},"excerpt":{"rendered":"<p>In this article you&#8217;ll find the best places to meet girls in Shanghai. China is indeed one of the countries in Asia where you can find the best girls especially with the country&#8217;s large population, you can surely go through and select through the millions of girls you can find in the country. If you [&hellip;]<\/p>","protected":false},"author":2,"featured_media":8446,"parent":0,"menu_order":0,"comment_status":"open","ping_status":"open","template":"","meta":{"_exactmetrics_skip_tracking":false,"_exactmetrics_sitenote_active":false,"_exactmetrics_sitenote_note":"","_exactmetrics_sitenote_category":0,"footnotes":""},"categories":[334],"tags":[],"class_list":["post-8439","page","type-page","status-publish","has-post-thumbnail","hentry","category-china"],"yoast_head":"<!-- This site is optimized with the Yoast SEO plugin v20.1 - https:\/\/yoast.com\/wordpress\/plugins\/seo\/ -->\n<title>6 Places to Meet Shanghai Girls - A Farang Abroad<\/title>\n<meta name=\"description\" content=\"Looking to meet Shanghai girls on your next trip to China? In this article I&#039;ll show you the best place to meet local girls if you cannot speak Chinese.\" \/>\n<meta name=\"robots\" content=\"index, follow, max-snippet:-1, max-image-preview:large, max-video-preview:-1\" \/>\n<link rel=\"canonical\" href=\"https:\/\/afarangabroad.com\/de\/shanghai-madchen\/\" \/>\n<meta property=\"og:locale\" content=\"de_DE\" \/>\n<meta property=\"og:type\" content=\"article\" \/>\n<meta property=\"og:title\" content=\"6 Places to Meet Shanghai Girls - A Farang Abroad\" \/>\n<meta property=\"og:description\" content=\"Looking to meet Shanghai girls on your next trip to China? In this article I&#039;ll show you the best place to meet local girls if you cannot speak Chinese.\" \/>\n<meta property=\"og:url\" content=\"https:\/\/afarangabroad.com\/de\/shanghai-madchen\/\" \/>\n<meta property=\"og:site_name\" content=\"A Farang Abroad\" \/>\n<meta property=\"article:modified_time\" content=\"2019-04-01T03:19:24+00:00\" \/>\n<meta property=\"og:image\" content=\"https:\/\/afarangabroad.com\/wp-content\/uploads\/2017\/04\/shanghai-girls.jpg\" \/>\n\t<meta property=\"og:image:width\" content=\"640\" \/>\n\t<meta property=\"og:image:height\" content=\"417\" \/>\n\t<meta property=\"og:image:type\" content=\"image\/jpeg\" \/>\n<meta name=\"twitter:label1\" content=\"Gesch\u00e4tzte Lesezeit\" \/>\n\t<meta name=\"twitter:data1\" content=\"8\u00a0Minuten\" \/>\n<script type=\"application\/ld+json\" class=\"yoast-schema-graph\">{\"@context\":\"https:\/\/schema.org\",\"@graph\":[{\"@type\":\"WebPage\",\"@id\":\"https:\/\/afarangabroad.com\/shanghai-girls\/\",\"url\":\"https:\/\/afarangabroad.com\/shanghai-girls\/\",\"name\":\"6 Places to Meet Shanghai Girls - A Farang Abroad\",\"isPartOf\":{\"@id\":\"https:\/\/afarangabroad.com\/#website\"},\"datePublished\":\"2017-04-21T13:20:35+00:00\",\"dateModified\":\"2019-04-01T03:19:24+00:00\",\"description\":\"Looking to meet Shanghai girls on your next trip to China? In this article I'll show you the best place to meet local girls if you cannot speak Chinese.\",\"breadcrumb\":{\"@id\":\"https:\/\/afarangabroad.com\/shanghai-girls\/#breadcrumb\"},\"inLanguage\":\"de\",\"potentialAction\":[{\"@type\":\"ReadAction\",\"target\":[\"https:\/\/afarangabroad.com\/shanghai-girls\/\"]}]},{\"@type\":\"BreadcrumbList\",\"@id\":\"https:\/\/afarangabroad.com\/shanghai-girls\/#breadcrumb\",\"itemListElement\":[{\"@type\":\"ListItem\",\"position\":1,\"name\":\"Home\",\"item\":\"https:\/\/afarangabroad.com\/\"},{\"@type\":\"ListItem\",\"position\":2,\"name\":\"6 Places to Meet Shanghai Girls\"}]},{\"@type\":\"WebSite\",\"@id\":\"https:\/\/afarangabroad.com\/#website\",\"url\":\"https:\/\/afarangabroad.com\/\",\"name\":\"A Farang Abroad\",\"description\":\"Your secret guide to Asia&#039;s sexiest nightlife.\",\"potentialAction\":[{\"@type\":\"SearchAction\",\"target\":{\"@type\":\"EntryPoint\",\"urlTemplate\":\"https:\/\/afarangabroad.com\/?s={search_term_string}\"},\"query-input\":\"required name=search_term_string\"}],\"inLanguage\":\"de\"}]}<\/script>\n<!-- \/ Yoast SEO plugin. -->","yoast_head_json":{"title":"6 Places to Meet Shanghai Girls - A Farang Abroad","description":"Looking to meet Shanghai girls on your next trip to China? In this article I'll show you the best place to meet local girls if you cannot speak Chinese.","robots":{"index":"index","follow":"follow","max-snippet":"max-snippet:-1","max-image-preview":"max-image-preview:large","max-video-preview":"max-video-preview:-1"},"canonical":"https:\/\/afarangabroad.com\/de\/shanghai-madchen\/","og_locale":"de_DE","og_type":"article","og_title":"6 Places to Meet Shanghai Girls - A Farang Abroad","og_description":"Looking to meet Shanghai girls on your next trip to China? In this article I'll show you the best place to meet local girls if you cannot speak Chinese.","og_url":"https:\/\/afarangabroad.com\/de\/shanghai-madchen\/","og_site_name":"A Farang Abroad","article_modified_time":"2019-04-01T03:19:24+00:00","og_image":[{"width":640,"height":417,"url":"https:\/\/afarangabroad.com\/wp-content\/uploads\/2017\/04\/shanghai-girls.jpg","type":"image\/jpeg"}],"twitter_misc":{"Gesch\u00e4tzte Lesezeit":"8\u00a0Minuten"},"schema":{"@context":"https:\/\/schema.org","@graph":[{"@type":"WebPage","@id":"https:\/\/afarangabroad.com\/shanghai-girls\/","url":"https:\/\/afarangabroad.com\/shanghai-girls\/","name":"6 Places to Meet Shanghai Girls - A Farang Abroad","isPartOf":{"@id":"https:\/\/afarangabroad.com\/#website"},"datePublished":"2017-04-21T13:20:35+00:00","dateModified":"2019-04-01T03:19:24+00:00","description":"Looking to meet Shanghai girls on your next trip to China? In this article I'll show you the best place to meet local girls if you cannot speak Chinese.","breadcrumb":{"@id":"https:\/\/afarangabroad.com\/shanghai-girls\/#breadcrumb"},"inLanguage":"de","potentialAction":[{"@type":"ReadAction","target":["https:\/\/afarangabroad.com\/shanghai-girls\/"]}]},{"@type":"BreadcrumbList","@id":"https:\/\/afarangabroad.com\/shanghai-girls\/#breadcrumb","itemListElement":[{"@type":"ListItem","position":1,"name":"Home","item":"https:\/\/afarangabroad.com\/"},{"@type":"ListItem","position":2,"name":"6 Places to Meet Shanghai Girls"}]},{"@type":"WebSite","@id":"https:\/\/afarangabroad.com\/#website","url":"https:\/\/afarangabroad.com\/","name":"A Farang Abroad","description":"Your secret guide to Asia&#039;s sexiest nightlife.","potentialAction":[{"@type":"SearchAction","target":{"@type":"EntryPoint","urlTemplate":"https:\/\/afarangabroad.com\/?s={search_term_string}"},"query-input":"required name=search_term_string"}],"inLanguage":"de"}]}},"_links":{"self":[{"href":"https:\/\/afarangabroad.com\/de\/wp-json\/wp\/v2\/pages\/8439"}],"collection":[{"href":"https:\/\/afarangabroad.com\/de\/wp-json\/wp\/v2\/pages"}],"about":[{"href":"https:\/\/afarangabroad.com\/de\/wp-json\/wp\/v2\/types\/page"}],"author":[{"embeddable":true,"href":"https:\/\/afarangabroad.com\/de\/wp-json\/wp\/v2\/users\/2"}],"replies":[{"embeddable":true,"href":"https:\/\/afarangabroad.com\/de\/wp-json\/wp\/v2\/comments?post=8439"}],"version-history":[{"count":0,"href":"https:\/\/afarangabroad.com\/de\/wp-json\/wp\/v2\/pages\/8439\/revisions"}],"wp:featuredmedia":[{"embeddable":true,"href":"https:\/\/afarangabroad.com\/de\/wp-json\/wp\/v2\/media\/8446"}],"wp:attachment":[{"href":"https:\/\/afarangabroad.com\/de\/wp-json\/wp\/v2\/media?parent=8439"}],"wp:term":[{"taxonomy":"category","embeddable":true,"href":"https:\/\/afarangabroad.com\/de\/wp-json\/wp\/v2\/categories?post=8439"},{"taxonomy":"post_tag","embeddable":true,"href":"https:\/\/afarangabroad.com\/de\/wp-json\/wp\/v2\/tags?post=8439"}],"curies":[{"name":"wp","href":"https:\/\/api.w.org\/{rel}","templated":true}]}}