{"id":8651,"date":"2017-07-09T07:59:23","date_gmt":"2017-07-09T06:59:23","guid":{"rendered":"https:\/\/afarangabroad.com\/?page_id=8651"},"modified":"2019-01-08T06:10:16","modified_gmt":"2019-01-08T06:10:16","slug":"sex-phnom-penh","status":"publish","type":"page","link":"https:\/\/afarangabroad.com\/de\/sex-in-phnom-penh\/","title":{"rendered":"Beste Bars f\u00fcr Sex in Phnom Penh"},"content":{"rendered":"<p>In this article I&#8217;ll show you where to find sex in Phnom Penh<\/p>\n<p>Die M\u00f6glichkeit, ins Ausland zu reisen, ist in der Tat eine gro\u00dfe Errungenschaft f\u00fcr eine Person, vor allem, wenn man wirklich in der Lage ist, aus dieser Reise etwas zu machen.<\/p>\n<p>Es gibt tats\u00e4chlich eine Menge Gr\u00fcnde, warum eine Person liebt zu reisen, wie verschiedene Kulturen in verschiedenen L\u00e4ndern zu erkunden, zu wandern und sich auf die touristischen Destinationen dieser L\u00e4nder bieten kann und es gibt auch einige, die in Reisen nur f\u00fcr Spa\u00df und Aufregung sind.<\/p>\n<p>Wenn Sie sich treffen m\u00f6chten <a href=\"https:\/\/afarangabroad.com\/de\/khemer-madchen\/\">Khemer M\u00e4dchen<\/a> umsonst, dann <a href=\"https:\/\/afarangabroad.com\/de\/asiatische-partnersuche\/\" target=\"_blank\" rel=\"noopener\">Lesen Sie diesen Artikel<\/a>.<\/p>\n<p><a href=\"https:\/\/afarangabroad.com\/de\/asiatische-partnersuche\/\" target=\"_blank\" rel=\"noopener\"><img loading=\"lazy\" decoding=\"async\" class=\"aligncenter size-large wp-image-7582\" src=\"https:\/\/afarangabroad.com\/wp-content\/uploads\/2016\/08\/hot-cambo-girls-1024x691.png\" alt=\"hot cambo girls\" width=\"600\" height=\"405\" srcset=\"https:\/\/afarangabroad.com\/wp-content\/uploads\/2016\/08\/hot-cambo-girls-1024x691.png 1024w, https:\/\/afarangabroad.com\/wp-content\/uploads\/2016\/08\/hot-cambo-girls-300x202.png 300w, https:\/\/afarangabroad.com\/wp-content\/uploads\/2016\/08\/hot-cambo-girls-768x518.png 768w, https:\/\/afarangabroad.com\/wp-content\/uploads\/2016\/08\/hot-cambo-girls-720x486.png 720w, https:\/\/afarangabroad.com\/wp-content\/uploads\/2016\/08\/hot-cambo-girls.png 1038w\" sizes=\"(max-width: 600px) 100vw, 600px\" \/><\/a><\/p>\n<p>As a person who\u2019ve been travelling for quite a while now, a travel to a certain country is definitely not complete if I wasn\u2019t able to try their nightlife scenes which is by the way one of the most exciting things you can experience in your travels.<\/p>\n<p>Nachdem ich Kambodscha und vor allem seine Hauptstadt Phnom Penh kennengelernt habe, kann ich wirklich sagen, dass es dort ein tolles Nachtleben gibt, vor allem mit Hilfe der M\u00e4dchen, die sicherlich hei\u00df und h\u00fcbsch sind.<\/p>\n<p>Es gibt tats\u00e4chlich eine Reihe von M\u00f6glichkeiten, wie Sie diese M\u00e4dchen in der Stadt zu finden und Sie k\u00f6nnen sogar in der Lage sein, Sex in Phnom Penh zu versuchen, und wenn Sie diese M\u00f6glichkeiten wissen wollte, dann sollten Sie mit diesem Artikel zu verfolgen.<\/p>\n<p>Sex in Phnom Penh kann leicht in der Stadt gefunden werden, vor allem w\u00e4hrend der Nacht, wo diese M\u00e4dchen sind alle \u00fcber die Bars, Clubs und andere Nachtleben Szenen in Phnom Penh, aber Sie k\u00f6nnen auch gefunden werden sie w\u00e4hrend des Tages vor allem in den Happy-End-Massage-Salons in der Stadt.<\/p>\n<p>Also, hier sind einige dieser Bars, Clubs und Happy-End-Massagesalons in Phnom Penh, die Sie unbedingt ausprobieren sollten, um endlich Sex in Phnom Penh zu erleben.<\/p>\n<h2 style=\"text-align: center;\">Bars in Phnom Penh<\/h2>\n<p>As the city\u2019s nightlife is growing steadily, there are already many Phnom Penh bars you can found in the city today and some of those are Island Bar, Bars Catch 22, Sharky Bar and 69 Bar.<\/p>","protected":false},"excerpt":{"rendered":"<p>In this article I&#8217;ll show you where to find sex in Phnom Penh Being able to travel abroad is indeed a great accomplishment to a person especially if you are really able to make out of that travels. There are actually a lot of reasons why a person loves to travel such as to explore [&hellip;]<\/p>","protected":false},"author":2,"featured_media":8654,"parent":0,"menu_order":0,"comment_status":"open","ping_status":"closed","template":"","meta":{"_exactmetrics_skip_tracking":false,"_exactmetrics_sitenote_active":false,"_exactmetrics_sitenote_note":"","_exactmetrics_sitenote_category":0,"footnotes":""},"categories":[329],"tags":[],"class_list":["post-8651","page","type-page","status-publish","has-post-thumbnail","hentry","category-laos-camboida-burma"],"yoast_head":"<!-- This site is optimized with the Yoast SEO plugin v20.1 - https:\/\/yoast.com\/wordpress\/plugins\/seo\/ -->\n<title>Best Bars to Find Sex in Phnom Penh - A Farang Abroad<\/title>\n<meta name=\"description\" content=\"In this article you&#039;ll find the best bars to find sex in Phnom Penh. I&#039;ll talk about where to go, how much it goes and much more.\" \/>\n<meta name=\"robots\" content=\"index, follow, max-snippet:-1, max-image-preview:large, max-video-preview:-1\" \/>\n<link rel=\"canonical\" href=\"https:\/\/afarangabroad.com\/de\/sex-in-phnom-penh\/\" \/>\n<meta property=\"og:locale\" content=\"de_DE\" \/>\n<meta property=\"og:type\" content=\"article\" \/>\n<meta property=\"og:title\" content=\"Best Bars to Find Sex in Phnom Penh - A Farang Abroad\" \/>\n<meta property=\"og:description\" content=\"In this article you&#039;ll find the best bars to find sex in Phnom Penh. I&#039;ll talk about where to go, how much it goes and much more.\" \/>\n<meta property=\"og:url\" content=\"https:\/\/afarangabroad.com\/de\/sex-in-phnom-penh\/\" \/>\n<meta property=\"og:site_name\" content=\"A Farang Abroad\" \/>\n<meta property=\"article:modified_time\" content=\"2019-01-08T06:10:16+00:00\" \/>\n<meta property=\"og:image\" content=\"https:\/\/afarangabroad.com\/wp-content\/uploads\/2017\/07\/sex-in-phnom-penh.jpg\" \/>\n\t<meta property=\"og:image:width\" content=\"960\" \/>\n\t<meta property=\"og:image:height\" content=\"717\" \/>\n\t<meta property=\"og:image:type\" content=\"image\/jpeg\" \/>\n<meta name=\"twitter:label1\" content=\"Gesch\u00e4tzte Lesezeit\" \/>\n\t<meta name=\"twitter:data1\" content=\"10\u00a0Minuten\" \/>\n<script type=\"application\/ld+json\" class=\"yoast-schema-graph\">{\"@context\":\"https:\/\/schema.org\",\"@graph\":[{\"@type\":\"WebPage\",\"@id\":\"https:\/\/afarangabroad.com\/sex-phnom-penh\/\",\"url\":\"https:\/\/afarangabroad.com\/sex-phnom-penh\/\",\"name\":\"Best Bars to Find Sex in Phnom Penh - A Farang Abroad\",\"isPartOf\":{\"@id\":\"https:\/\/afarangabroad.com\/#website\"},\"datePublished\":\"2017-07-09T06:59:23+00:00\",\"dateModified\":\"2019-01-08T06:10:16+00:00\",\"description\":\"In this article you'll find the best bars to find sex in Phnom Penh. I'll talk about where to go, how much it goes and much more.\",\"breadcrumb\":{\"@id\":\"https:\/\/afarangabroad.com\/sex-phnom-penh\/#breadcrumb\"},\"inLanguage\":\"de\",\"potentialAction\":[{\"@type\":\"ReadAction\",\"target\":[\"https:\/\/afarangabroad.com\/sex-phnom-penh\/\"]}]},{\"@type\":\"BreadcrumbList\",\"@id\":\"https:\/\/afarangabroad.com\/sex-phnom-penh\/#breadcrumb\",\"itemListElement\":[{\"@type\":\"ListItem\",\"position\":1,\"name\":\"Home\",\"item\":\"https:\/\/afarangabroad.com\/\"},{\"@type\":\"ListItem\",\"position\":2,\"name\":\"Best Bars to Find Sex in Phnom Penh\"}]},{\"@type\":\"WebSite\",\"@id\":\"https:\/\/afarangabroad.com\/#website\",\"url\":\"https:\/\/afarangabroad.com\/\",\"name\":\"A Farang Abroad\",\"description\":\"Your secret guide to Asia&#039;s sexiest nightlife.\",\"potentialAction\":[{\"@type\":\"SearchAction\",\"target\":{\"@type\":\"EntryPoint\",\"urlTemplate\":\"https:\/\/afarangabroad.com\/?s={search_term_string}\"},\"query-input\":\"required name=search_term_string\"}],\"inLanguage\":\"de\"}]}<\/script>\n<!-- \/ Yoast SEO plugin. -->","yoast_head_json":{"title":"Best Bars to Find Sex in Phnom Penh - A Farang Abroad","description":"In this article you'll find the best bars to find sex in Phnom Penh. I'll talk about where to go, how much it goes and much more.","robots":{"index":"index","follow":"follow","max-snippet":"max-snippet:-1","max-image-preview":"max-image-preview:large","max-video-preview":"max-video-preview:-1"},"canonical":"https:\/\/afarangabroad.com\/de\/sex-in-phnom-penh\/","og_locale":"de_DE","og_type":"article","og_title":"Best Bars to Find Sex in Phnom Penh - A Farang Abroad","og_description":"In this article you'll find the best bars to find sex in Phnom Penh. I'll talk about where to go, how much it goes and much more.","og_url":"https:\/\/afarangabroad.com\/de\/sex-in-phnom-penh\/","og_site_name":"A Farang Abroad","article_modified_time":"2019-01-08T06:10:16+00:00","og_image":[{"width":"960","height":"717","url":"https:\/\/afarangabroad.com\/wp-content\/uploads\/2017\/07\/sex-in-phnom-penh.jpg","type":"image\/jpeg"}],"twitter_misc":{"Gesch\u00e4tzte Lesezeit":"10\u00a0Minuten"},"schema":{"@context":"https:\/\/schema.org","@graph":[{"@type":"WebPage","@id":"https:\/\/afarangabroad.com\/sex-phnom-penh\/","url":"https:\/\/afarangabroad.com\/sex-phnom-penh\/","name":"Best Bars to Find Sex in Phnom Penh - A Farang Abroad","isPartOf":{"@id":"https:\/\/afarangabroad.com\/#website"},"datePublished":"2017-07-09T06:59:23+00:00","dateModified":"2019-01-08T06:10:16+00:00","description":"In this article you'll find the best bars to find sex in Phnom Penh. I'll talk about where to go, how much it goes and much more.","breadcrumb":{"@id":"https:\/\/afarangabroad.com\/sex-phnom-penh\/#breadcrumb"},"inLanguage":"de","potentialAction":[{"@type":"ReadAction","target":["https:\/\/afarangabroad.com\/sex-phnom-penh\/"]}]},{"@type":"BreadcrumbList","@id":"https:\/\/afarangabroad.com\/sex-phnom-penh\/#breadcrumb","itemListElement":[{"@type":"ListItem","position":1,"name":"Home","item":"https:\/\/afarangabroad.com\/"},{"@type":"ListItem","position":2,"name":"Best Bars to Find Sex in Phnom Penh"}]},{"@type":"WebSite","@id":"https:\/\/afarangabroad.com\/#website","url":"https:\/\/afarangabroad.com\/","name":"A Farang Abroad","description":"Your secret guide to Asia&#039;s sexiest nightlife.","potentialAction":[{"@type":"SearchAction","target":{"@type":"EntryPoint","urlTemplate":"https:\/\/afarangabroad.com\/?s={search_term_string}"},"query-input":"required name=search_term_string"}],"inLanguage":"de"}]}},"_links":{"self":[{"href":"https:\/\/afarangabroad.com\/de\/wp-json\/wp\/v2\/pages\/8651"}],"collection":[{"href":"https:\/\/afarangabroad.com\/de\/wp-json\/wp\/v2\/pages"}],"about":[{"href":"https:\/\/afarangabroad.com\/de\/wp-json\/wp\/v2\/types\/page"}],"author":[{"embeddable":true,"href":"https:\/\/afarangabroad.com\/de\/wp-json\/wp\/v2\/users\/2"}],"replies":[{"embeddable":true,"href":"https:\/\/afarangabroad.com\/de\/wp-json\/wp\/v2\/comments?post=8651"}],"version-history":[{"count":0,"href":"https:\/\/afarangabroad.com\/de\/wp-json\/wp\/v2\/pages\/8651\/revisions"}],"wp:featuredmedia":[{"embeddable":true,"href":"https:\/\/afarangabroad.com\/de\/wp-json\/wp\/v2\/media\/8654"}],"wp:attachment":[{"href":"https:\/\/afarangabroad.com\/de\/wp-json\/wp\/v2\/media?parent=8651"}],"wp:term":[{"taxonomy":"category","embeddable":true,"href":"https:\/\/afarangabroad.com\/de\/wp-json\/wp\/v2\/categories?post=8651"},{"taxonomy":"post_tag","embeddable":true,"href":"https:\/\/afarangabroad.com\/de\/wp-json\/wp\/v2\/tags?post=8651"}],"curies":[{"name":"wp","href":"https:\/\/api.w.org\/{rel}","templated":true}]}}