{"id":8784,"date":"2017-09-24T19:10:22","date_gmt":"2017-09-24T18:10:22","guid":{"rendered":"https:\/\/afarangabroad.com\/?page_id=8784"},"modified":"2019-09-22T14:34:57","modified_gmt":"2019-09-22T13:34:57","slug":"ho-chi-minh-red-light-district","status":"publish","type":"page","link":"https:\/\/afarangabroad.com\/de\/ho-chi-minh-rotlichtviertel\/","title":{"rendered":"M\u00e4nnerf\u00fchrer f\u00fcr das Rotlichtviertel von Ho Chi Minh"},"content":{"rendered":"<p>Have you already planned your next holiday vacation? Well, if you haven\u2019t decided yet with where you are going this time whether you are alone or with some colleagues, then, I guess this article will be a great read for you.<\/p>\n<p>Wenn Sie sich treffen m\u00f6chten\u00a0<a href=\"https:\/\/afarangabroad.com\/de\/vietnamesische-madchen\/\" target=\"_blank\" rel=\"noopener noreferrer\">Vietnamesische M\u00e4dchen<\/a>\u00a0umsonst, dann\u00a0<a href=\"https:\/\/afarangabroad.com\/de\/vietnamesische-amorette\/\" target=\"_blank\" rel=\"noopener noreferrer\">Lesen Sie diesen Artikel<\/a>.<\/p>\n<p><a href=\"https:\/\/afarangabroad.com\/de\/vietnamesische-amorette\/\" target=\"_blank\" rel=\"noopener noreferrer\"><img loading=\"lazy\" decoding=\"async\" class=\"aligncenter size-large wp-image-7258\" src=\"https:\/\/afarangabroad.com\/wp-content\/uploads\/2016\/06\/Meet-Viet-Girls1-1024x691.png\" sizes=\"(max-width: 600px) 100vw, 600px\" srcset=\"https:\/\/afarangabroad.com\/wp-content\/uploads\/2016\/06\/Meet-Viet-Girls1-1024x691.png 1024w, https:\/\/afarangabroad.com\/wp-content\/uploads\/2016\/06\/Meet-Viet-Girls1-300x202.png 300w, https:\/\/afarangabroad.com\/wp-content\/uploads\/2016\/06\/Meet-Viet-Girls1-720x486.png 720w, https:\/\/afarangabroad.com\/wp-content\/uploads\/2016\/06\/Meet-Viet-Girls1.png 1038w\" alt=\"\" width=\"600\" height=\"405\" \/><\/a><\/p>\n<p>Wenn Sie ein Ausl\u00e4nder sind, der an einen Ort kommen m\u00f6chte, an dem Sie wirklich mehr entdecken und erforschen k\u00f6nnen, sollten Sie Vietnam auf jeden Fall in Ihre Bucket List aufnehmen. Vietnam ist ein sch\u00f6nes Land, das in Asien gefunden werden kann, die eine gro\u00dfe touristische Destination und Kultur bietet, die jeder Ausl\u00e4nder sicherlich lieben w\u00fcrde.<\/p>\n<p>Vietnam does actually have a number of cities but if you really wanted to have fun in the country then you must priorities Ho Chi Minh City when you are in Vietnam. Although the city isn\u2019t Vietnam\u2019s capital city, Ho Chi Minh is now the largest city in the country with its 3.4million population today.<\/p>\n<p>As being the largest city in Vietnam, tourists and foreigners would surely get confused with where they\u2019ll going to visit first and to where there can find a lot of fun and great things to do which is definitely why you are reading this article.<\/p>\n<h2><strong><u>Ho Chi Minh Rotlichtbezirke<\/u><\/strong><\/h2>\n<p>Ho Chi Minh doesn&#8217;t actually have a real red light district but I have a list here of places in the city that is considered a red light district with all the events and nightlife scenes that you can find as you visit these places.<\/p>\n<p>Weitere Informationen finden Sie in meinem Leitfaden unten:<\/p>\n<ol>\n<li><a href=\"https:\/\/afarangabroad.com\/de\/blow-job-bars-saigon\/\">Sagion&#8217;s best blow job bars<\/a><\/li>\n<li><a href=\"https:\/\/afarangabroad.com\/de\/sex-ho-chi-minh\/\">Wo man in Ho Chi Minh Sex findet<\/a><\/li>\n<li>Die besten Orte f\u00fcr normale Treffen <a href=\"https:\/\/afarangabroad.com\/de\/girls-ho-chi-minh\/\">M\u00e4dchen in Ho Chi Minh<\/a><\/li>\n<\/ol>\n<h2><strong><u>Hao<\/u><\/strong><strong><u> Bin Park<\/u><\/strong><\/h2>\n<p>If you\u2019ve been looking for one of the busiest places in Ho Chi Minh Red Light District then Hao Bin Park is the place you\u2019ve been looking for. Hao Bin Park is located right in the corner of Hung Vuong and Nguyen Chi Thanh Street.<\/p>\n<p>Here in Hao Bin Park you can see a lot of working girls who are with their bikes and approaching every man that they think are interested in their services thus you shouldn\u2019t get shocked if you\u2019ll be asked if you wanted to have \u2018fun\u2019 with some random girl riding her bike if you are in this park.<\/p>\n<p>Locals who live in Ho Chi Minh have a name for these prostitutes that you can find in the streets of the city which is \u201cbutterflies&#8221; of the night\u201d but still, you won\u2019t just find these Ho Chi Minh Red Light District prostitutes in the night for there are also a lot of them roaming around the city during daytime.<\/p>","protected":false},"excerpt":{"rendered":"<p>Have you already planned your next holiday vacation? Well, if you haven\u2019t decided yet with where you are going this time whether you are alone or with some colleagues, then, I guess this article will be a great read for you. If you want to meet\u00a0Vietnamese girls\u00a0for free, then\u00a0check out this article. If you are [&hellip;]<\/p>","protected":false},"author":2,"featured_media":8785,"parent":0,"menu_order":0,"comment_status":"open","ping_status":"closed","template":"","meta":{"_exactmetrics_skip_tracking":false,"_exactmetrics_sitenote_active":false,"_exactmetrics_sitenote_note":"","_exactmetrics_sitenote_category":0,"footnotes":""},"categories":[328],"tags":[],"class_list":["post-8784","page","type-page","status-publish","has-post-thumbnail","hentry","category-vietnam"],"yoast_head":"<!-- This site is optimized with the Yoast SEO plugin v20.1 - https:\/\/yoast.com\/wordpress\/plugins\/seo\/ -->\n<title>Men&#039;s Guide To Ho Chi Minh Red Light District - A Farang Abroad<\/title>\n<meta name=\"description\" content=\"Read the Men&#039;s Guide To Ho Chi Minh Red Light District. In this post I&#039;ll tell you where to go, what to watch out for and how to meet hookers in HCM.\" \/>\n<meta name=\"robots\" content=\"index, follow, max-snippet:-1, max-image-preview:large, max-video-preview:-1\" \/>\n<link rel=\"canonical\" href=\"https:\/\/afarangabroad.com\/de\/ho-chi-minh-rotlichtviertel\/\" \/>\n<meta property=\"og:locale\" content=\"de_DE\" \/>\n<meta property=\"og:type\" content=\"article\" \/>\n<meta property=\"og:title\" content=\"Men&#039;s Guide To Ho Chi Minh Red Light District - A Farang Abroad\" \/>\n<meta property=\"og:description\" content=\"Read the Men&#039;s Guide To Ho Chi Minh Red Light District. In this post I&#039;ll tell you where to go, what to watch out for and how to meet hookers in HCM.\" \/>\n<meta property=\"og:url\" content=\"https:\/\/afarangabroad.com\/de\/ho-chi-minh-rotlichtviertel\/\" \/>\n<meta property=\"og:site_name\" content=\"A Farang Abroad\" \/>\n<meta property=\"article:modified_time\" content=\"2019-09-22T13:34:57+00:00\" \/>\n<meta property=\"og:image\" content=\"https:\/\/afarangabroad.com\/wp-content\/uploads\/2017\/09\/Ho-Chi-Minh-Red-Light-District.png\" \/>\n\t<meta property=\"og:image:width\" content=\"1142\" \/>\n\t<meta property=\"og:image:height\" content=\"730\" \/>\n\t<meta property=\"og:image:type\" content=\"image\/png\" \/>\n<meta name=\"twitter:label1\" content=\"Gesch\u00e4tzte Lesezeit\" \/>\n\t<meta name=\"twitter:data1\" content=\"9\u00a0Minuten\" \/>\n<script type=\"application\/ld+json\" class=\"yoast-schema-graph\">{\"@context\":\"https:\/\/schema.org\",\"@graph\":[{\"@type\":\"WebPage\",\"@id\":\"https:\/\/afarangabroad.com\/ho-chi-minh-red-light-district\/\",\"url\":\"https:\/\/afarangabroad.com\/ho-chi-minh-red-light-district\/\",\"name\":\"Men's Guide To Ho Chi Minh Red Light District - A Farang Abroad\",\"isPartOf\":{\"@id\":\"https:\/\/afarangabroad.com\/#website\"},\"datePublished\":\"2017-09-24T18:10:22+00:00\",\"dateModified\":\"2019-09-22T13:34:57+00:00\",\"description\":\"Read the Men's Guide To Ho Chi Minh Red Light District. In this post I'll tell you where to go, what to watch out for and how to meet hookers in HCM.\",\"breadcrumb\":{\"@id\":\"https:\/\/afarangabroad.com\/ho-chi-minh-red-light-district\/#breadcrumb\"},\"inLanguage\":\"de\",\"potentialAction\":[{\"@type\":\"ReadAction\",\"target\":[\"https:\/\/afarangabroad.com\/ho-chi-minh-red-light-district\/\"]}]},{\"@type\":\"BreadcrumbList\",\"@id\":\"https:\/\/afarangabroad.com\/ho-chi-minh-red-light-district\/#breadcrumb\",\"itemListElement\":[{\"@type\":\"ListItem\",\"position\":1,\"name\":\"Home\",\"item\":\"https:\/\/afarangabroad.com\/\"},{\"@type\":\"ListItem\",\"position\":2,\"name\":\"Men&#8217;s Guide To Ho Chi Minh Red Light District\"}]},{\"@type\":\"WebSite\",\"@id\":\"https:\/\/afarangabroad.com\/#website\",\"url\":\"https:\/\/afarangabroad.com\/\",\"name\":\"A Farang Abroad\",\"description\":\"Your secret guide to Asia&#039;s sexiest nightlife.\",\"potentialAction\":[{\"@type\":\"SearchAction\",\"target\":{\"@type\":\"EntryPoint\",\"urlTemplate\":\"https:\/\/afarangabroad.com\/?s={search_term_string}\"},\"query-input\":\"required name=search_term_string\"}],\"inLanguage\":\"de\"}]}<\/script>\n<!-- \/ Yoast SEO plugin. -->","yoast_head_json":{"title":"Men's Guide To Ho Chi Minh Red Light District - A Farang Abroad","description":"Read the Men's Guide To Ho Chi Minh Red Light District. In this post I'll tell you where to go, what to watch out for and how to meet hookers in HCM.","robots":{"index":"index","follow":"follow","max-snippet":"max-snippet:-1","max-image-preview":"max-image-preview:large","max-video-preview":"max-video-preview:-1"},"canonical":"https:\/\/afarangabroad.com\/de\/ho-chi-minh-rotlichtviertel\/","og_locale":"de_DE","og_type":"article","og_title":"Men's Guide To Ho Chi Minh Red Light District - A Farang Abroad","og_description":"Read the Men's Guide To Ho Chi Minh Red Light District. In this post I'll tell you where to go, what to watch out for and how to meet hookers in HCM.","og_url":"https:\/\/afarangabroad.com\/de\/ho-chi-minh-rotlichtviertel\/","og_site_name":"A Farang Abroad","article_modified_time":"2019-09-22T13:34:57+00:00","og_image":[{"width":"1142","height":"730","url":"https:\/\/afarangabroad.com\/wp-content\/uploads\/2017\/09\/Ho-Chi-Minh-Red-Light-District.png","type":"image\/png"}],"twitter_misc":{"Gesch\u00e4tzte Lesezeit":"9\u00a0Minuten"},"schema":{"@context":"https:\/\/schema.org","@graph":[{"@type":"WebPage","@id":"https:\/\/afarangabroad.com\/ho-chi-minh-red-light-district\/","url":"https:\/\/afarangabroad.com\/ho-chi-minh-red-light-district\/","name":"Men's Guide To Ho Chi Minh Red Light District - A Farang Abroad","isPartOf":{"@id":"https:\/\/afarangabroad.com\/#website"},"datePublished":"2017-09-24T18:10:22+00:00","dateModified":"2019-09-22T13:34:57+00:00","description":"Read the Men's Guide To Ho Chi Minh Red Light District. In this post I'll tell you where to go, what to watch out for and how to meet hookers in HCM.","breadcrumb":{"@id":"https:\/\/afarangabroad.com\/ho-chi-minh-red-light-district\/#breadcrumb"},"inLanguage":"de","potentialAction":[{"@type":"ReadAction","target":["https:\/\/afarangabroad.com\/ho-chi-minh-red-light-district\/"]}]},{"@type":"BreadcrumbList","@id":"https:\/\/afarangabroad.com\/ho-chi-minh-red-light-district\/#breadcrumb","itemListElement":[{"@type":"ListItem","position":1,"name":"Home","item":"https:\/\/afarangabroad.com\/"},{"@type":"ListItem","position":2,"name":"Men&#8217;s Guide To Ho Chi Minh Red Light District"}]},{"@type":"WebSite","@id":"https:\/\/afarangabroad.com\/#website","url":"https:\/\/afarangabroad.com\/","name":"A Farang Abroad","description":"Your secret guide to Asia&#039;s sexiest nightlife.","potentialAction":[{"@type":"SearchAction","target":{"@type":"EntryPoint","urlTemplate":"https:\/\/afarangabroad.com\/?s={search_term_string}"},"query-input":"required name=search_term_string"}],"inLanguage":"de"}]}},"_links":{"self":[{"href":"https:\/\/afarangabroad.com\/de\/wp-json\/wp\/v2\/pages\/8784"}],"collection":[{"href":"https:\/\/afarangabroad.com\/de\/wp-json\/wp\/v2\/pages"}],"about":[{"href":"https:\/\/afarangabroad.com\/de\/wp-json\/wp\/v2\/types\/page"}],"author":[{"embeddable":true,"href":"https:\/\/afarangabroad.com\/de\/wp-json\/wp\/v2\/users\/2"}],"replies":[{"embeddable":true,"href":"https:\/\/afarangabroad.com\/de\/wp-json\/wp\/v2\/comments?post=8784"}],"version-history":[{"count":0,"href":"https:\/\/afarangabroad.com\/de\/wp-json\/wp\/v2\/pages\/8784\/revisions"}],"wp:featuredmedia":[{"embeddable":true,"href":"https:\/\/afarangabroad.com\/de\/wp-json\/wp\/v2\/media\/8785"}],"wp:attachment":[{"href":"https:\/\/afarangabroad.com\/de\/wp-json\/wp\/v2\/media?parent=8784"}],"wp:term":[{"taxonomy":"category","embeddable":true,"href":"https:\/\/afarangabroad.com\/de\/wp-json\/wp\/v2\/categories?post=8784"},{"taxonomy":"post_tag","embeddable":true,"href":"https:\/\/afarangabroad.com\/de\/wp-json\/wp\/v2\/tags?post=8784"}],"curies":[{"name":"wp","href":"https:\/\/api.w.org\/{rel}","templated":true}]}}