{"id":8816,"date":"2017-10-06T18:49:25","date_gmt":"2017-10-06T17:49:25","guid":{"rendered":"https:\/\/afarangabroad.com\/?page_id=8816"},"modified":"2020-05-19T04:54:54","modified_gmt":"2020-05-19T03:54:54","slug":"sex-in-beijing","status":"publish","type":"page","link":"https:\/\/afarangabroad.com\/de\/sex-in-peking\/","title":{"rendered":"6 Orte f\u00fcr besten Sex in Peking"},"content":{"rendered":"<p>Sie suchen Sex in Peking oder eine Happy End Massage?<\/p>\n<p>China ist vielleicht eines der bev\u00f6lkerungsreichsten L\u00e4nder nicht nur in Asien, sondern auch in der ganzen Welt, und bei der gro\u00dfen Zahl von Menschen, die in China leben, f\u00e4llt es einigen von ihnen schwer, einen Job zu finden, und sie entscheiden sich f\u00fcr verschiedene Jobs, auch wenn sie ein wenig riskant sind, wie z. B. Prostitution usw.<\/p>\n<p>du in Peking kostenlos Sex haben willst,\u00a0<a href=\"https:\/\/afarangabroad.com\/de\/china-love-cupid-review\/\" target=\"_blank\" rel=\"noopener noreferrer\">Lesen Sie diesen Artikel<\/a>.<\/p>\n<p><a href=\"https:\/\/afarangabroad.com\/de\/china-love-cupid-review\/\" target=\"_blank\" rel=\"noopener noreferrer\"><img loading=\"lazy\" decoding=\"async\" class=\"aligncenter size-large wp-image-8477\" src=\"https:\/\/afarangabroad.com\/wp-content\/uploads\/2017\/05\/meet-sexy-chiense-girls-1024x691.png\" alt=\"\" width=\"678\" height=\"458\" srcset=\"https:\/\/afarangabroad.com\/wp-content\/uploads\/2017\/05\/meet-sexy-chiense-girls-1024x691.png 1024w, https:\/\/afarangabroad.com\/wp-content\/uploads\/2017\/05\/meet-sexy-chiense-girls-300x202.png 300w, https:\/\/afarangabroad.com\/wp-content\/uploads\/2017\/05\/meet-sexy-chiense-girls-768x518.png 768w, https:\/\/afarangabroad.com\/wp-content\/uploads\/2017\/05\/meet-sexy-chiense-girls-720x486.png 720w, https:\/\/afarangabroad.com\/wp-content\/uploads\/2017\/05\/meet-sexy-chiense-girls.png 1038w\" sizes=\"(max-width: 678px) 100vw, 678px\" \/><\/a><\/p>\n<p>Wie wir alle wissen, ist Peking die Hauptstadt Chinas, in der sich das kulturelle, politische und bildungspolitische Zentrum des Landes befindet, aber da die Touristen in die Stadt ein- und ausgehen, ist Peking heute zu einer der wichtigsten Sexhandelsst\u00e4dte des Landes geworden, in der man definitiv eine Reihe von Prostituierten auf dem gesamten Stadtgel\u00e4nde finden kann.<\/p>\n<p>Wenn Sie rund um die Stadt Peking schlendern w\u00fcrde, w\u00fcrden Sie sicherlich bemerken, wie normal es ist f\u00fcr die Stadt, um Prostituierte in ganz Peking wie in ihren Bars, gl\u00fccklich Massage-Salons und sogar in den Stra\u00dfen der Stadt so, wenn Sie ein Expat, die zu \u00fcberpr\u00fcfen und zu erleben Sex in Peking will, w\u00fcrden Sie sicherlich Spa\u00df haben hier.<\/p>\n<h2><strong><u>Peking<\/u><\/strong><strong><u> Massage-Salons mit Happy End<\/u><\/strong><\/h2>\n<p>Sind Sie auf der Suche nach einer entspannenden Zeit in Peking? Warum geben Sie dann nicht Peking Happy End Massage Salons einen Versuch?<\/p>\n<p>Hier bekommst du nicht nur eine sch\u00f6ne und entspannende Massage, sondern kannst auch ein \"Happy End\" von der h\u00fcbschen und hei\u00dfen Masseurin bekommen.<\/p>\n<h2><strong>Wunderbarer Massage-Club<\/strong><\/h2>\n<p>Diese Peking Happy End Massage <a href=\"https:\/\/www.wonderfulmassageclub.com\/\" target=\"_blank\" rel=\"nofollow noopener noreferrer\">Der Salon befindet sich in Sanlitun<\/a>Peking und so weit, das ist mein Favorit unter den anderen Massage-Salons Sie in der Stadt finden k\u00f6nnen. Abgesehen von der Erfahrung und Ausbildung ihrer Masseusen hatte, k\u00f6nnen Sie auch ihre Masseusen h\u00fcbsch und sexy, die den Ort eine perfekte Wahl f\u00fcr alle M\u00e4nner da drau\u00dfen gemacht.<\/p>\n<p>Verwandt:\u00a0<a href=\"https:\/\/afarangabroad.com\/de\/sex-in-china\/\" target=\"_blank\" rel=\"noopener noreferrer\">Sex in China<\/a>. und erfahren, wo die besten <a href=\"https:\/\/afarangabroad.com\/de\/schanghaier-nachtleben\/\">Nachtclubs in Shanghai<\/a>.<\/p>\n<p>Wonderful Massage Club bietet verschiedene Massagedienstleistungen f\u00fcr Sie zu w\u00e4hlen, wie ihre sinnlichen Massagen mit ihren aromatischen \u00d6l und das beste ist ihre K\u00f6rper zu K\u00f6rper erotische Massage, wo Sie eine sehr entspannende Massage mit dem Einsatz Ihrer Masseurin den ganzen K\u00f6rper haben kann, ist es nicht toll?<\/p>","protected":false},"excerpt":{"rendered":"<p>Sind Sie auf der Suche nach Sex in Peking oder einer Happy End Massage? China kann eines der bev\u00f6lkerungsreichsten L\u00e4nder nicht nur in Asien, sondern auch in der ganzen Welt und mit all diesen Zahlen von Menschen in China leben, ist einige von ihnen jetzt eine harte Zeit der Suche nach einem Job und kann [...]<\/p>","protected":false},"author":2,"featured_media":8817,"parent":0,"menu_order":0,"comment_status":"open","ping_status":"closed","template":"","meta":{"_exactmetrics_skip_tracking":false,"_exactmetrics_sitenote_active":false,"_exactmetrics_sitenote_note":"","_exactmetrics_sitenote_category":0,"footnotes":""},"categories":[334],"tags":[],"class_list":["post-8816","page","type-page","status-publish","has-post-thumbnail","hentry","category-china"],"yoast_head":"<!-- This site is optimized with the Yoast SEO plugin v20.1 - https:\/\/yoast.com\/wordpress\/plugins\/seo\/ -->\n<title>6 Places for Best Sex in Beijing - A Farang Abroad<\/title>\n<meta name=\"description\" content=\"Find the best places for sex in Beijing or where to get a happy ending massage. In this article I list the best massages and prices of girls for sex.\" \/>\n<meta name=\"robots\" content=\"index, follow, max-snippet:-1, max-image-preview:large, max-video-preview:-1\" \/>\n<link rel=\"canonical\" href=\"https:\/\/afarangabroad.com\/de\/sex-in-peking\/\" \/>\n<meta property=\"og:locale\" content=\"de_DE\" \/>\n<meta property=\"og:type\" content=\"article\" \/>\n<meta property=\"og:title\" content=\"6 Places for Best Sex in Beijing - A Farang Abroad\" \/>\n<meta property=\"og:description\" content=\"Find the best places for sex in Beijing or where to get a happy ending massage. In this article I list the best massages and prices of girls for sex.\" \/>\n<meta property=\"og:url\" content=\"https:\/\/afarangabroad.com\/de\/sex-in-peking\/\" \/>\n<meta property=\"og:site_name\" content=\"A Farang Abroad\" \/>\n<meta property=\"article:modified_time\" content=\"2020-05-19T03:54:54+00:00\" \/>\n<meta property=\"og:image\" content=\"https:\/\/afarangabroad.com\/wp-content\/uploads\/2017\/10\/Beijing-sex-guide.jpg\" \/>\n\t<meta property=\"og:image:width\" content=\"640\" \/>\n\t<meta property=\"og:image:height\" content=\"426\" \/>\n\t<meta property=\"og:image:type\" content=\"image\/jpeg\" \/>\n<meta name=\"twitter:label1\" content=\"Gesch\u00e4tzte Lesezeit\" \/>\n\t<meta name=\"twitter:data1\" content=\"8\u00a0Minuten\" \/>\n<script type=\"application\/ld+json\" class=\"yoast-schema-graph\">{\"@context\":\"https:\/\/schema.org\",\"@graph\":[{\"@type\":\"WebPage\",\"@id\":\"https:\/\/afarangabroad.com\/sex-in-beijing\/\",\"url\":\"https:\/\/afarangabroad.com\/sex-in-beijing\/\",\"name\":\"6 Places for Best Sex in Beijing - A Farang Abroad\",\"isPartOf\":{\"@id\":\"https:\/\/afarangabroad.com\/#website\"},\"datePublished\":\"2017-10-06T17:49:25+00:00\",\"dateModified\":\"2020-05-19T03:54:54+00:00\",\"description\":\"Find the best places for sex in Beijing or where to get a happy ending massage. In this article I list the best massages and prices of girls for sex.\",\"breadcrumb\":{\"@id\":\"https:\/\/afarangabroad.com\/sex-in-beijing\/#breadcrumb\"},\"inLanguage\":\"de\",\"potentialAction\":[{\"@type\":\"ReadAction\",\"target\":[\"https:\/\/afarangabroad.com\/sex-in-beijing\/\"]}]},{\"@type\":\"BreadcrumbList\",\"@id\":\"https:\/\/afarangabroad.com\/sex-in-beijing\/#breadcrumb\",\"itemListElement\":[{\"@type\":\"ListItem\",\"position\":1,\"name\":\"Home\",\"item\":\"https:\/\/afarangabroad.com\/\"},{\"@type\":\"ListItem\",\"position\":2,\"name\":\"6 Places for Best Sex in Beijing\"}]},{\"@type\":\"WebSite\",\"@id\":\"https:\/\/afarangabroad.com\/#website\",\"url\":\"https:\/\/afarangabroad.com\/\",\"name\":\"A Farang Abroad\",\"description\":\"Your secret guide to Asia&#039;s sexiest nightlife.\",\"potentialAction\":[{\"@type\":\"SearchAction\",\"target\":{\"@type\":\"EntryPoint\",\"urlTemplate\":\"https:\/\/afarangabroad.com\/?s={search_term_string}\"},\"query-input\":\"required name=search_term_string\"}],\"inLanguage\":\"de\"}]}<\/script>\n<!-- \/ Yoast SEO plugin. -->","yoast_head_json":{"title":"6 Places for Best Sex in Beijing - A Farang Abroad","description":"Find the best places for sex in Beijing or where to get a happy ending massage. In this article I list the best massages and prices of girls for sex.","robots":{"index":"index","follow":"follow","max-snippet":"max-snippet:-1","max-image-preview":"max-image-preview:large","max-video-preview":"max-video-preview:-1"},"canonical":"https:\/\/afarangabroad.com\/de\/sex-in-peking\/","og_locale":"de_DE","og_type":"article","og_title":"6 Places for Best Sex in Beijing - A Farang Abroad","og_description":"Find the best places for sex in Beijing or where to get a happy ending massage. In this article I list the best massages and prices of girls for sex.","og_url":"https:\/\/afarangabroad.com\/de\/sex-in-peking\/","og_site_name":"A Farang Abroad","article_modified_time":"2020-05-19T03:54:54+00:00","og_image":[{"width":"640","height":"426","url":"https:\/\/afarangabroad.com\/wp-content\/uploads\/2017\/10\/Beijing-sex-guide.jpg","type":"image\/jpeg"}],"twitter_misc":{"Gesch\u00e4tzte Lesezeit":"8\u00a0Minuten"},"schema":{"@context":"https:\/\/schema.org","@graph":[{"@type":"WebPage","@id":"https:\/\/afarangabroad.com\/sex-in-beijing\/","url":"https:\/\/afarangabroad.com\/sex-in-beijing\/","name":"6 Places for Best Sex in Beijing - A Farang Abroad","isPartOf":{"@id":"https:\/\/afarangabroad.com\/#website"},"datePublished":"2017-10-06T17:49:25+00:00","dateModified":"2020-05-19T03:54:54+00:00","description":"Find the best places for sex in Beijing or where to get a happy ending massage. In this article I list the best massages and prices of girls for sex.","breadcrumb":{"@id":"https:\/\/afarangabroad.com\/sex-in-beijing\/#breadcrumb"},"inLanguage":"de","potentialAction":[{"@type":"ReadAction","target":["https:\/\/afarangabroad.com\/sex-in-beijing\/"]}]},{"@type":"BreadcrumbList","@id":"https:\/\/afarangabroad.com\/sex-in-beijing\/#breadcrumb","itemListElement":[{"@type":"ListItem","position":1,"name":"Home","item":"https:\/\/afarangabroad.com\/"},{"@type":"ListItem","position":2,"name":"6 Places for Best Sex in Beijing"}]},{"@type":"WebSite","@id":"https:\/\/afarangabroad.com\/#website","url":"https:\/\/afarangabroad.com\/","name":"A Farang Abroad","description":"Your secret guide to Asia&#039;s sexiest nightlife.","potentialAction":[{"@type":"SearchAction","target":{"@type":"EntryPoint","urlTemplate":"https:\/\/afarangabroad.com\/?s={search_term_string}"},"query-input":"required name=search_term_string"}],"inLanguage":"de"}]}},"_links":{"self":[{"href":"https:\/\/afarangabroad.com\/de\/wp-json\/wp\/v2\/pages\/8816"}],"collection":[{"href":"https:\/\/afarangabroad.com\/de\/wp-json\/wp\/v2\/pages"}],"about":[{"href":"https:\/\/afarangabroad.com\/de\/wp-json\/wp\/v2\/types\/page"}],"author":[{"embeddable":true,"href":"https:\/\/afarangabroad.com\/de\/wp-json\/wp\/v2\/users\/2"}],"replies":[{"embeddable":true,"href":"https:\/\/afarangabroad.com\/de\/wp-json\/wp\/v2\/comments?post=8816"}],"version-history":[{"count":0,"href":"https:\/\/afarangabroad.com\/de\/wp-json\/wp\/v2\/pages\/8816\/revisions"}],"wp:featuredmedia":[{"embeddable":true,"href":"https:\/\/afarangabroad.com\/de\/wp-json\/wp\/v2\/media\/8817"}],"wp:attachment":[{"href":"https:\/\/afarangabroad.com\/de\/wp-json\/wp\/v2\/media?parent=8816"}],"wp:term":[{"taxonomy":"category","embeddable":true,"href":"https:\/\/afarangabroad.com\/de\/wp-json\/wp\/v2\/categories?post=8816"},{"taxonomy":"post_tag","embeddable":true,"href":"https:\/\/afarangabroad.com\/de\/wp-json\/wp\/v2\/tags?post=8816"}],"curies":[{"name":"wp","href":"https:\/\/api.w.org\/{rel}","templated":true}]}}