{"id":8821,"date":"2017-10-06T19:05:27","date_gmt":"2017-10-06T18:05:27","guid":{"rendered":"https:\/\/afarangabroad.com\/?page_id=8821"},"modified":"2020-08-10T03:22:37","modified_gmt":"2020-08-10T02:22:37","slug":"macau-sex","status":"publish","type":"page","link":"https:\/\/afarangabroad.com\/de\/macau-sex\/","title":{"rendered":"Die 5 besten Sex-Saunen in Macau"},"content":{"rendered":"<p>Suchst du Sex in Macau oder eine der besten Saunamassagen? In diesem Artikel zeige ich dir, wo du die sexiesten M\u00e4dchen in Macau findest und was sie kosten.<\/p>\n<p>Today, China is one of the most visited countries in Asia and that\u2019s all because of everything China has to offer its tourists and expats. With the large area China has, it is surely difficult for a tourist to tour the entire country thus as a tourist, you surely have to choose amongst the cities in the country that you should pay a visit in your next holiday vacation.<\/p>\n<p>Wenn du in Macau kostenlos Sex haben willst,\u00a0<a href=\"https:\/\/afarangabroad.com\/de\/hong-kong-cupid\/\" target=\"_blank\" rel=\"noopener noreferrer\">Lesen Sie diesen Artikel<\/a>.<\/p>\n<p><a class=\"mozbar-highlight-followed-wGA7MhRhQ3WS\" href=\"https:\/\/afarangabroad.com\/de\/hong-kong-cupid\/\" target=\"_blank\" rel=\"noopener noreferrer\"><img loading=\"lazy\" decoding=\"async\" class=\"aligncenter wp-image-9621 size-large\" src=\"https:\/\/afarangabroad.com\/wp-content\/uploads\/2018\/04\/meet-hot-HK-girls-1024x691.png\" sizes=\"(max-width: 678px) 100vw, 678px\" srcset=\"https:\/\/afarangabroad.com\/wp-content\/uploads\/2018\/04\/meet-hot-HK-girls-1024x691.png 1024w, https:\/\/afarangabroad.com\/wp-content\/uploads\/2018\/04\/meet-hot-HK-girls-300x202.png 300w, https:\/\/afarangabroad.com\/wp-content\/uploads\/2018\/04\/meet-hot-HK-girls-768x518.png 768w, https:\/\/afarangabroad.com\/wp-content\/uploads\/2018\/04\/meet-hot-HK-girls.png 1038w\" alt=\"\" width=\"678\" height=\"458\" \/><\/a><\/p>\n<p>Macau ist eigentlich eine der St\u00e4dte in China, dass Touristen aus der ganzen Welt zu besuchen lieben. Wie Sie rund um die Stadt Macau schlendern, w\u00fcrden Sie auf jeden Fall mit all den Infrastrukturen und Attraktionen Macau hat ihre Besucher zu bieten, die im Grunde, warum sie lieben, immer wieder zu diesem Ort zu gehen erstaunt.<\/p>\n<p>As of the moment, Macau was already able to maintain its great reviews from all the tourists and even locals who have tried the city\u2019s amenities and Macau is also known by the way as \u201c<a href=\"http:\/\/www.nydailynews.com\/life-style\/macau-las-vegas-asia-article-1.1431044\" target=\"_blank\" rel=\"nofollow noopener noreferrer\">Das Las Vegas in Asien<\/a>\u201d and that&#8217;s a credit for those <a href=\"https:\/\/www.bloggeratlarge.com\/asia\/where-to-shop-in-macau\/\" target=\"_blank\" rel=\"nofollow noopener noreferrer\">Einkaufszentren und Geb\u00e4ude von Weltrang<\/a> die Sie \u00fcberall finden k\u00f6nnen.<\/p>\n<p>Abgesehen von den Einkaufszentren und Geb\u00e4uden sind es auch die M\u00e4dchen, die Touristen nach Macau locken. Ja, Macau hat sch\u00f6ne und attraktive M\u00e4dchen, die alle einen Besuch wert sind. Wenn Sie diese M\u00e4dchen oder sogar Macau Sex versuchen wollen, gibt es viele M\u00f6glichkeiten, wie Sie sie in der Stadt Macau finden k\u00f6nnen.<\/p>\n<h2>Escort Dienstleistungen in Macau<\/h2>\n<p>If you don&#8217;t want to visit a sauna and would prefer something a little more discreet, I highly recommend escort dating site Smooci. They are the safest and most reputable escort agency in Macau.<\/p>\n<p><a href=\"https:\/\/smooci.com\/macau?search&amp;utm_source=afarang-MCU-text\" target=\"_blank\" rel=\"noopener noreferrer\"><img loading=\"lazy\" decoding=\"async\" class=\"aligncenter wp-image-512712\" src=\"https:\/\/afarangabroad.com\/wp-content\/uploads\/2020\/08\/new-smooci-banner-300x75.gif\" alt=\"\" width=\"456\" height=\"114\" srcset=\"https:\/\/afarangabroad.com\/wp-content\/uploads\/2020\/08\/new-smooci-banner-300x75.gif 300w, https:\/\/afarangabroad.com\/wp-content\/uploads\/2020\/08\/new-smooci-banner-768x192.gif 768w\" sizes=\"(max-width: 456px) 100vw, 456px\" \/><\/a><\/p>\n<p>Auf ihrer Website finden Sie \u00fcber 20+ M\u00e4dchen mit Preisen, die Sie sofort buchen k\u00f6nnen. Die M\u00e4dchen kommen zu deinem Hotel oder Airbnb um den Klick. Sie k\u00f6nnen ihre Website besuchen, um ihre gesamte Liste der M\u00e4dchen zu sehen: <a href=\"https:\/\/smooci.com\/macau?search&amp;utm_source=afarang-MCU-text\" target=\"_blank\" rel=\"nofollow noopener noreferrer\">www.Smooci.com<\/a><\/p>\n<h2><strong><u>Macau-Sauna<\/u><\/strong><\/h2>\n<p>Eine der besten M\u00f6glichkeiten, wie Sie die <a href=\"https:\/\/afarangabroad.com\/de\/macau-girls\/\">M\u00e4dchen in Macau<\/a> is through their saunas that you can surely find all over the city. Through these saunas, you won\u2019t just have a relaxing massage from your masseuse but they can also offer you a \u2018happy ending\u2019.<\/p>","protected":false},"excerpt":{"rendered":"<p>Looking for sex in Macau or one of their best sauna massages? In this article I show you where to get the sexiest girls in Macau and what they cost. Today, China is one of the most visited countries in Asia and that\u2019s all because of everything China has to offer its tourists and expats. [&hellip;]<\/p>","protected":false},"author":2,"featured_media":8738,"parent":0,"menu_order":0,"comment_status":"open","ping_status":"closed","template":"","meta":{"_exactmetrics_skip_tracking":false,"_exactmetrics_sitenote_active":false,"_exactmetrics_sitenote_note":"","_exactmetrics_sitenote_category":0,"footnotes":""},"categories":[332],"tags":[],"class_list":["post-8821","page","type-page","status-publish","has-post-thumbnail","hentry","category-hong-kong"],"yoast_head":"<!-- This site is optimized with the Yoast SEO plugin v20.1 - https:\/\/yoast.com\/wordpress\/plugins\/seo\/ -->\n<title>5 Best Sex Saunas in Macau - A Farang Abroad<\/title>\n<meta name=\"description\" content=\"Looking for sex in Macau or one of their best sauna massages? In this article I show you where to get the sexiest girls in Macau and what they cost.\" \/>\n<meta name=\"robots\" content=\"index, follow, max-snippet:-1, max-image-preview:large, max-video-preview:-1\" \/>\n<link rel=\"canonical\" href=\"https:\/\/afarangabroad.com\/de\/macau-sex\/\" \/>\n<meta property=\"og:locale\" content=\"de_DE\" \/>\n<meta property=\"og:type\" content=\"article\" \/>\n<meta property=\"og:title\" content=\"5 Best Sex Saunas in Macau - A Farang Abroad\" \/>\n<meta property=\"og:description\" content=\"Looking for sex in Macau or one of their best sauna massages? In this article I show you where to get the sexiest girls in Macau and what they cost.\" \/>\n<meta property=\"og:url\" content=\"https:\/\/afarangabroad.com\/de\/macau-sex\/\" \/>\n<meta property=\"og:site_name\" content=\"A Farang Abroad\" \/>\n<meta property=\"article:modified_time\" content=\"2020-08-10T02:22:37+00:00\" \/>\n<meta property=\"og:image\" content=\"https:\/\/afarangabroad.com\/wp-content\/uploads\/2017\/08\/meetings-girls-in-Macau.jpg\" \/>\n\t<meta property=\"og:image:width\" content=\"2048\" \/>\n\t<meta property=\"og:image:height\" content=\"1272\" \/>\n\t<meta property=\"og:image:type\" content=\"image\/jpeg\" \/>\n<meta name=\"twitter:label1\" content=\"Gesch\u00e4tzte Lesezeit\" \/>\n\t<meta name=\"twitter:data1\" content=\"8\u00a0Minuten\" \/>\n<script type=\"application\/ld+json\" class=\"yoast-schema-graph\">{\"@context\":\"https:\/\/schema.org\",\"@graph\":[{\"@type\":\"WebPage\",\"@id\":\"https:\/\/afarangabroad.com\/macau-sex\/\",\"url\":\"https:\/\/afarangabroad.com\/macau-sex\/\",\"name\":\"5 Best Sex Saunas in Macau - A Farang Abroad\",\"isPartOf\":{\"@id\":\"https:\/\/afarangabroad.com\/#website\"},\"datePublished\":\"2017-10-06T18:05:27+00:00\",\"dateModified\":\"2020-08-10T02:22:37+00:00\",\"description\":\"Looking for sex in Macau or one of their best sauna massages? In this article I show you where to get the sexiest girls in Macau and what they cost.\",\"breadcrumb\":{\"@id\":\"https:\/\/afarangabroad.com\/macau-sex\/#breadcrumb\"},\"inLanguage\":\"de\",\"potentialAction\":[{\"@type\":\"ReadAction\",\"target\":[\"https:\/\/afarangabroad.com\/macau-sex\/\"]}]},{\"@type\":\"BreadcrumbList\",\"@id\":\"https:\/\/afarangabroad.com\/macau-sex\/#breadcrumb\",\"itemListElement\":[{\"@type\":\"ListItem\",\"position\":1,\"name\":\"Home\",\"item\":\"https:\/\/afarangabroad.com\/\"},{\"@type\":\"ListItem\",\"position\":2,\"name\":\"5 Best Sex Saunas in Macau\"}]},{\"@type\":\"WebSite\",\"@id\":\"https:\/\/afarangabroad.com\/#website\",\"url\":\"https:\/\/afarangabroad.com\/\",\"name\":\"A Farang Abroad\",\"description\":\"Your secret guide to Asia&#039;s sexiest nightlife.\",\"potentialAction\":[{\"@type\":\"SearchAction\",\"target\":{\"@type\":\"EntryPoint\",\"urlTemplate\":\"https:\/\/afarangabroad.com\/?s={search_term_string}\"},\"query-input\":\"required name=search_term_string\"}],\"inLanguage\":\"de\"}]}<\/script>\n<!-- \/ Yoast SEO plugin. -->","yoast_head_json":{"title":"5 Best Sex Saunas in Macau - A Farang Abroad","description":"Looking for sex in Macau or one of their best sauna massages? In this article I show you where to get the sexiest girls in Macau and what they cost.","robots":{"index":"index","follow":"follow","max-snippet":"max-snippet:-1","max-image-preview":"max-image-preview:large","max-video-preview":"max-video-preview:-1"},"canonical":"https:\/\/afarangabroad.com\/de\/macau-sex\/","og_locale":"de_DE","og_type":"article","og_title":"5 Best Sex Saunas in Macau - A Farang Abroad","og_description":"Looking for sex in Macau or one of their best sauna massages? In this article I show you where to get the sexiest girls in Macau and what they cost.","og_url":"https:\/\/afarangabroad.com\/de\/macau-sex\/","og_site_name":"A Farang Abroad","article_modified_time":"2020-08-10T02:22:37+00:00","og_image":[{"width":"2048","height":"1272","url":"https:\/\/afarangabroad.com\/wp-content\/uploads\/2017\/08\/meetings-girls-in-Macau.jpg","type":"image\/jpeg"}],"twitter_misc":{"Gesch\u00e4tzte Lesezeit":"8\u00a0Minuten"},"schema":{"@context":"https:\/\/schema.org","@graph":[{"@type":"WebPage","@id":"https:\/\/afarangabroad.com\/macau-sex\/","url":"https:\/\/afarangabroad.com\/macau-sex\/","name":"5 Best Sex Saunas in Macau - A Farang Abroad","isPartOf":{"@id":"https:\/\/afarangabroad.com\/#website"},"datePublished":"2017-10-06T18:05:27+00:00","dateModified":"2020-08-10T02:22:37+00:00","description":"Looking for sex in Macau or one of their best sauna massages? In this article I show you where to get the sexiest girls in Macau and what they cost.","breadcrumb":{"@id":"https:\/\/afarangabroad.com\/macau-sex\/#breadcrumb"},"inLanguage":"de","potentialAction":[{"@type":"ReadAction","target":["https:\/\/afarangabroad.com\/macau-sex\/"]}]},{"@type":"BreadcrumbList","@id":"https:\/\/afarangabroad.com\/macau-sex\/#breadcrumb","itemListElement":[{"@type":"ListItem","position":1,"name":"Home","item":"https:\/\/afarangabroad.com\/"},{"@type":"ListItem","position":2,"name":"5 Best Sex Saunas in Macau"}]},{"@type":"WebSite","@id":"https:\/\/afarangabroad.com\/#website","url":"https:\/\/afarangabroad.com\/","name":"A Farang Abroad","description":"Your secret guide to Asia&#039;s sexiest nightlife.","potentialAction":[{"@type":"SearchAction","target":{"@type":"EntryPoint","urlTemplate":"https:\/\/afarangabroad.com\/?s={search_term_string}"},"query-input":"required name=search_term_string"}],"inLanguage":"de"}]}},"_links":{"self":[{"href":"https:\/\/afarangabroad.com\/de\/wp-json\/wp\/v2\/pages\/8821"}],"collection":[{"href":"https:\/\/afarangabroad.com\/de\/wp-json\/wp\/v2\/pages"}],"about":[{"href":"https:\/\/afarangabroad.com\/de\/wp-json\/wp\/v2\/types\/page"}],"author":[{"embeddable":true,"href":"https:\/\/afarangabroad.com\/de\/wp-json\/wp\/v2\/users\/2"}],"replies":[{"embeddable":true,"href":"https:\/\/afarangabroad.com\/de\/wp-json\/wp\/v2\/comments?post=8821"}],"version-history":[{"count":1,"href":"https:\/\/afarangabroad.com\/de\/wp-json\/wp\/v2\/pages\/8821\/revisions"}],"predecessor-version":[{"id":512732,"href":"https:\/\/afarangabroad.com\/de\/wp-json\/wp\/v2\/pages\/8821\/revisions\/512732"}],"wp:featuredmedia":[{"embeddable":true,"href":"https:\/\/afarangabroad.com\/de\/wp-json\/wp\/v2\/media\/8738"}],"wp:attachment":[{"href":"https:\/\/afarangabroad.com\/de\/wp-json\/wp\/v2\/media?parent=8821"}],"wp:term":[{"taxonomy":"category","embeddable":true,"href":"https:\/\/afarangabroad.com\/de\/wp-json\/wp\/v2\/categories?post=8821"},{"taxonomy":"post_tag","embeddable":true,"href":"https:\/\/afarangabroad.com\/de\/wp-json\/wp\/v2\/tags?post=8821"}],"curies":[{"name":"wp","href":"https:\/\/api.w.org\/{rel}","templated":true}]}}