{"id":8842,"date":"2017-10-26T13:29:41","date_gmt":"2017-10-26T12:29:41","guid":{"rendered":"https:\/\/afarangabroad.com\/?page_id=8842"},"modified":"2020-08-10T03:22:27","modified_gmt":"2020-08-10T02:22:27","slug":"hong-kong-red-light-district","status":"publish","type":"page","link":"https:\/\/afarangabroad.com\/de\/hongkong-rotlichtviertel\/","title":{"rendered":"Ultimativer F\u00fchrer f\u00fcr das Rotlichtviertel in Hongkong"},"content":{"rendered":"<p>In diesem Artikel erf\u00e4hrst du mehr \u00fcber das Rotlichtviertel in Hongkong und wo du Nutten findest.<\/p>\n<p>Wenn Sie nach einem Ort in Asien suchen, an dem Sie sicher Spa\u00df haben k\u00f6nnen, was auch immer Sie unter Spa\u00df verstehen, dann ist Hongkong der beste Ort f\u00fcr Sie, besonders wenn Sie ein Tourist sind, der bereits verschiedene L\u00e4nder besucht hat und einen neuen Ort finden m\u00f6chte, der wirklich einen Besuch wert ist.<\/p>\n<p style=\"text-align: center;\">Willst du sexy Hong Kong Girls kostenlos treffen?\u00a0<a class=\"mozbar-highlight-followed-wGA7MhRhQ3WS\" href=\"https:\/\/afarangabroad.com\/de\/hong-kong-cupid\/\" target=\"_blank\" rel=\"noopener noreferrer\">Lesen Sie diesen Artikel<\/a><\/p>\n<p><a class=\"mozbar-highlight-followed-wGA7MhRhQ3WS\" href=\"https:\/\/afarangabroad.com\/de\/hong-kong-cupid\/\" target=\"_blank\" rel=\"noopener noreferrer\"><img loading=\"lazy\" decoding=\"async\" class=\"aligncenter wp-image-9621 size-large\" src=\"https:\/\/afarangabroad.com\/wp-content\/uploads\/2018\/04\/meet-hot-HK-girls-1024x691.png\" sizes=\"(max-width: 678px) 100vw, 678px\" srcset=\"https:\/\/afarangabroad.com\/wp-content\/uploads\/2018\/04\/meet-hot-HK-girls-1024x691.png 1024w, https:\/\/afarangabroad.com\/wp-content\/uploads\/2018\/04\/meet-hot-HK-girls-300x202.png 300w, https:\/\/afarangabroad.com\/wp-content\/uploads\/2018\/04\/meet-hot-HK-girls-768x518.png 768w, https:\/\/afarangabroad.com\/wp-content\/uploads\/2018\/04\/meet-hot-HK-girls.png 1038w\" alt=\"\" width=\"678\" height=\"458\" \/><\/a><\/p>\n<p>Wenn Sie in Hongkong sind, ist Ihr 3-Tage-Urlaub ehrlich gesagt nicht genug, denn mit all den Attraktionen und Zielen, die Sie auf der Insel finden k\u00f6nnen, w\u00fcrde es sicherlich ein paar Wochen dauern, bis Sie genug davon haben. Hier in Hongkong finden Sie verschiedene touristische Attraktionen vor allem die sehr bekannten Hong Kong Disneyland aber abgesehen von diesem Vergn\u00fcgungspark, was mehr kann diese sch\u00f6ne Insel in China k\u00f6nnen Sie bieten?<\/p>\n<p>Nun, genau wie bei einigen anderen St\u00e4dten in China, Prostitution ist auch hier in Hongkong weit verbreitet, so ist es definitiv unvermeidlich, eine Reihe von Ausl\u00e4ndern, die die Insel zu besuchen, um f\u00fcr einige sexy und hei\u00df Hong Kong Nutten oder Prostituierte suchen wollen zu finden.<\/p>\n<p><img loading=\"lazy\" decoding=\"async\" class=\"aligncenter size-large wp-image-8843\" src=\"https:\/\/afarangabroad.com\/wp-content\/uploads\/2017\/10\/hong-kong-red-light-district-1024x683.jpg\" alt=\"hongkong rotlichtviertel\" width=\"678\" height=\"452\" srcset=\"https:\/\/afarangabroad.com\/wp-content\/uploads\/2017\/10\/hong-kong-red-light-district-1024x683.jpg 1024w, https:\/\/afarangabroad.com\/wp-content\/uploads\/2017\/10\/hong-kong-red-light-district-300x200.jpg 300w, https:\/\/afarangabroad.com\/wp-content\/uploads\/2017\/10\/hong-kong-red-light-district-768x512.jpg 768w, https:\/\/afarangabroad.com\/wp-content\/uploads\/2017\/10\/hong-kong-red-light-district.jpg 2048w\" sizes=\"(max-width: 678px) 100vw, 678px\" \/><\/p>\n<p>Hongkong mag eine gro\u00dfe Insel sein, aber wenn Sie nur wissen, wohin Sie gehen m\u00fcssen, dann werden Sie es nicht schwer haben, diese Hongkong-Nutten zu finden. Wenn Sie jedoch mehr \u00fcber die Rotlichtbezirke in Hongkong w\u00fcssten, dann w\u00e4re es viel einfacher f\u00fcr Sie, sich in den Stra\u00dfen von Hongkong umzusehen.<\/p>\n<p>Verwandt: <a class=\"mozbar-highlight-followed-wGA7MhRhQ3WS\" href=\"https:\/\/afarangabroad.com\/de\/sex-hong-kong\/\">Sex in Hongkong<\/a>.<\/p>\n<h2>Smooci Hong Kong outcall und incall<\/h2>\n<p>Wenn Sie sich nicht mit zwielichtigen Bordellen und Freiberuflern herumschlagen wollen, dann ist Smooci bei weitem die beste M\u00f6glichkeit, in Hongkong Sex zu haben.<\/p>\n<p><a href=\"https:\/\/smooci.com\/hong-kong?search&amp;utm_source=afarang-HK-text\" target=\"_blank\" rel=\"noopener noreferrer\"><img loading=\"lazy\" decoding=\"async\" class=\"aligncenter wp-image-512712\" src=\"https:\/\/afarangabroad.com\/wp-content\/uploads\/2020\/08\/new-smooci-banner-300x75.gif\" alt=\"\" width=\"456\" height=\"114\" srcset=\"https:\/\/afarangabroad.com\/wp-content\/uploads\/2020\/08\/new-smooci-banner-300x75.gif 300w, https:\/\/afarangabroad.com\/wp-content\/uploads\/2020\/08\/new-smooci-banner-768x192.gif 768w\" sizes=\"(max-width: 456px) 100vw, 456px\" \/><\/a><\/p>","protected":false},"excerpt":{"rendered":"<p>In diesem Artikel erfahren Sie mehr \u00fcber das Rotlichtviertel von Hongkong und wo Sie Nutten finden. Wenn das, was Sie gesucht haben, ist ein Ort in Asien, wo Sie sicherlich Spa\u00df mit was auch immer Definition haben Sie f\u00fcr Spa\u00df dann Hongkong ist der beste Ort f\u00fcr Sie vor allem, wenn Sie die [...]<\/p>","protected":false},"author":2,"featured_media":8843,"parent":0,"menu_order":0,"comment_status":"open","ping_status":"closed","template":"","meta":{"_exactmetrics_skip_tracking":false,"_exactmetrics_sitenote_active":false,"_exactmetrics_sitenote_note":"","_exactmetrics_sitenote_category":0,"footnotes":""},"categories":[332],"tags":[],"class_list":["post-8842","page","type-page","status-publish","has-post-thumbnail","hentry","category-hong-kong"],"yoast_head":"<!-- This site is optimized with the Yoast SEO plugin v20.1 - https:\/\/yoast.com\/wordpress\/plugins\/seo\/ -->\n<title>Ultimate Hong Kong Red Light District Guide - A Farang Abroad<\/title>\n<meta name=\"description\" content=\"In this article you&#039;ll learn about the Hong Kong red light district and where to get hookers. I&#039;ll also talk about the best clubs in Hong Kong\" \/>\n<meta name=\"robots\" content=\"index, follow, max-snippet:-1, max-image-preview:large, max-video-preview:-1\" \/>\n<link rel=\"canonical\" href=\"https:\/\/afarangabroad.com\/de\/hongkong-rotlichtviertel\/\" \/>\n<meta property=\"og:locale\" content=\"de_DE\" \/>\n<meta property=\"og:type\" content=\"article\" \/>\n<meta property=\"og:title\" content=\"Ultimate Hong Kong Red Light District Guide - A Farang Abroad\" \/>\n<meta property=\"og:description\" content=\"In this article you&#039;ll learn about the Hong Kong red light district and where to get hookers. I&#039;ll also talk about the best clubs in Hong Kong\" \/>\n<meta property=\"og:url\" content=\"https:\/\/afarangabroad.com\/de\/hongkong-rotlichtviertel\/\" \/>\n<meta property=\"og:site_name\" content=\"A Farang Abroad\" \/>\n<meta property=\"article:modified_time\" content=\"2020-08-10T02:22:27+00:00\" \/>\n<meta property=\"og:image\" content=\"https:\/\/afarangabroad.com\/wp-content\/uploads\/2017\/10\/hong-kong-red-light-district.jpg\" \/>\n\t<meta property=\"og:image:width\" content=\"2048\" \/>\n\t<meta property=\"og:image:height\" content=\"1366\" \/>\n\t<meta property=\"og:image:type\" content=\"image\/jpeg\" \/>\n<meta name=\"twitter:label1\" content=\"Gesch\u00e4tzte Lesezeit\" \/>\n\t<meta name=\"twitter:data1\" content=\"11\u00a0Minuten\" \/>\n<script type=\"application\/ld+json\" class=\"yoast-schema-graph\">{\"@context\":\"https:\/\/schema.org\",\"@graph\":[{\"@type\":\"WebPage\",\"@id\":\"https:\/\/afarangabroad.com\/hong-kong-red-light-district\/\",\"url\":\"https:\/\/afarangabroad.com\/hong-kong-red-light-district\/\",\"name\":\"Ultimate Hong Kong Red Light District Guide - A Farang Abroad\",\"isPartOf\":{\"@id\":\"https:\/\/afarangabroad.com\/#website\"},\"datePublished\":\"2017-10-26T12:29:41+00:00\",\"dateModified\":\"2020-08-10T02:22:27+00:00\",\"description\":\"In this article you'll learn about the Hong Kong red light district and where to get hookers. I'll also talk about the best clubs in Hong Kong\",\"breadcrumb\":{\"@id\":\"https:\/\/afarangabroad.com\/hong-kong-red-light-district\/#breadcrumb\"},\"inLanguage\":\"de\",\"potentialAction\":[{\"@type\":\"ReadAction\",\"target\":[\"https:\/\/afarangabroad.com\/hong-kong-red-light-district\/\"]}]},{\"@type\":\"BreadcrumbList\",\"@id\":\"https:\/\/afarangabroad.com\/hong-kong-red-light-district\/#breadcrumb\",\"itemListElement\":[{\"@type\":\"ListItem\",\"position\":1,\"name\":\"Home\",\"item\":\"https:\/\/afarangabroad.com\/\"},{\"@type\":\"ListItem\",\"position\":2,\"name\":\"Ultimate Hong Kong Red Light District Guide\"}]},{\"@type\":\"WebSite\",\"@id\":\"https:\/\/afarangabroad.com\/#website\",\"url\":\"https:\/\/afarangabroad.com\/\",\"name\":\"A Farang Abroad\",\"description\":\"Your secret guide to Asia&#039;s sexiest nightlife.\",\"potentialAction\":[{\"@type\":\"SearchAction\",\"target\":{\"@type\":\"EntryPoint\",\"urlTemplate\":\"https:\/\/afarangabroad.com\/?s={search_term_string}\"},\"query-input\":\"required name=search_term_string\"}],\"inLanguage\":\"de\"}]}<\/script>\n<!-- \/ Yoast SEO plugin. -->","yoast_head_json":{"title":"Ultimate Hong Kong Red Light District Guide - A Farang Abroad","description":"In this article you'll learn about the Hong Kong red light district and where to get hookers. I'll also talk about the best clubs in Hong Kong","robots":{"index":"index","follow":"follow","max-snippet":"max-snippet:-1","max-image-preview":"max-image-preview:large","max-video-preview":"max-video-preview:-1"},"canonical":"https:\/\/afarangabroad.com\/de\/hongkong-rotlichtviertel\/","og_locale":"de_DE","og_type":"article","og_title":"Ultimate Hong Kong Red Light District Guide - A Farang Abroad","og_description":"In this article you'll learn about the Hong Kong red light district and where to get hookers. I'll also talk about the best clubs in Hong Kong","og_url":"https:\/\/afarangabroad.com\/de\/hongkong-rotlichtviertel\/","og_site_name":"A Farang Abroad","article_modified_time":"2020-08-10T02:22:27+00:00","og_image":[{"width":2048,"height":1366,"url":"https:\/\/afarangabroad.com\/wp-content\/uploads\/2017\/10\/hong-kong-red-light-district.jpg","type":"image\/jpeg"}],"twitter_misc":{"Gesch\u00e4tzte Lesezeit":"11\u00a0Minuten"},"schema":{"@context":"https:\/\/schema.org","@graph":[{"@type":"WebPage","@id":"https:\/\/afarangabroad.com\/hong-kong-red-light-district\/","url":"https:\/\/afarangabroad.com\/hong-kong-red-light-district\/","name":"Ultimate Hong Kong Red Light District Guide - A Farang Abroad","isPartOf":{"@id":"https:\/\/afarangabroad.com\/#website"},"datePublished":"2017-10-26T12:29:41+00:00","dateModified":"2020-08-10T02:22:27+00:00","description":"In this article you'll learn about the Hong Kong red light district and where to get hookers. I'll also talk about the best clubs in Hong Kong","breadcrumb":{"@id":"https:\/\/afarangabroad.com\/hong-kong-red-light-district\/#breadcrumb"},"inLanguage":"de","potentialAction":[{"@type":"ReadAction","target":["https:\/\/afarangabroad.com\/hong-kong-red-light-district\/"]}]},{"@type":"BreadcrumbList","@id":"https:\/\/afarangabroad.com\/hong-kong-red-light-district\/#breadcrumb","itemListElement":[{"@type":"ListItem","position":1,"name":"Home","item":"https:\/\/afarangabroad.com\/"},{"@type":"ListItem","position":2,"name":"Ultimate Hong Kong Red Light District Guide"}]},{"@type":"WebSite","@id":"https:\/\/afarangabroad.com\/#website","url":"https:\/\/afarangabroad.com\/","name":"A Farang Abroad","description":"Your secret guide to Asia&#039;s sexiest nightlife.","potentialAction":[{"@type":"SearchAction","target":{"@type":"EntryPoint","urlTemplate":"https:\/\/afarangabroad.com\/?s={search_term_string}"},"query-input":"required name=search_term_string"}],"inLanguage":"de"}]}},"_links":{"self":[{"href":"https:\/\/afarangabroad.com\/de\/wp-json\/wp\/v2\/pages\/8842"}],"collection":[{"href":"https:\/\/afarangabroad.com\/de\/wp-json\/wp\/v2\/pages"}],"about":[{"href":"https:\/\/afarangabroad.com\/de\/wp-json\/wp\/v2\/types\/page"}],"author":[{"embeddable":true,"href":"https:\/\/afarangabroad.com\/de\/wp-json\/wp\/v2\/users\/2"}],"replies":[{"embeddable":true,"href":"https:\/\/afarangabroad.com\/de\/wp-json\/wp\/v2\/comments?post=8842"}],"version-history":[{"count":1,"href":"https:\/\/afarangabroad.com\/de\/wp-json\/wp\/v2\/pages\/8842\/revisions"}],"predecessor-version":[{"id":512731,"href":"https:\/\/afarangabroad.com\/de\/wp-json\/wp\/v2\/pages\/8842\/revisions\/512731"}],"wp:featuredmedia":[{"embeddable":true,"href":"https:\/\/afarangabroad.com\/de\/wp-json\/wp\/v2\/media\/8843"}],"wp:attachment":[{"href":"https:\/\/afarangabroad.com\/de\/wp-json\/wp\/v2\/media?parent=8842"}],"wp:term":[{"taxonomy":"category","embeddable":true,"href":"https:\/\/afarangabroad.com\/de\/wp-json\/wp\/v2\/categories?post=8842"},{"taxonomy":"post_tag","embeddable":true,"href":"https:\/\/afarangabroad.com\/de\/wp-json\/wp\/v2\/tags?post=8842"}],"curies":[{"name":"wp","href":"https:\/\/api.w.org\/{rel}","templated":true}]}}