{"id":8858,"date":"2017-11-10T07:27:46","date_gmt":"2017-11-10T07:27:46","guid":{"rendered":"https:\/\/afarangabroad.com\/?page_id=8858"},"modified":"2019-01-06T06:28:38","modified_gmt":"2019-01-06T06:28:38","slug":"ladyboys-bali","status":"publish","type":"page","link":"https:\/\/afarangabroad.com\/de\/ladyboys-bali\/","title":{"rendered":"4 Orte, an denen man Ladyboys auf Bali findet"},"content":{"rendered":"<p>In this article I&#8217;ll show you where to find\u00a0Ladyboys in Bali, the best bars and clubs to meet them on holiday. If you want to meet normal <a href=\"https:\/\/afarangabroad.com\/de\/bali-madchen\/\">Bali Frauen lesen hier<\/a>.<\/p>\n<p>Heutzutage kann man seinen Urlaub am besten verbringen, wenn man von einem Land zum anderen reisen kann. Wenn Sie zu den Menschen geh\u00f6ren, die gerne verschiedene L\u00e4nder besuchen und neue Dinge \u00fcber deren Kultur, Traditionen und Menschen erfahren m\u00f6chten, dann sollten Sie diesen Leitfaden lesen.<\/p>\n<p>Wenn Sie kostenlos Ladyboys treffen wollen, dann\u00a0<a href=\"https:\/\/afarangabroad.com\/de\/indonesian-cupid\/\" target=\"_blank\" rel=\"noopener\">Lesen Sie diesen Artikel<\/a>.<\/p>\n<p><a href=\"https:\/\/afarangabroad.com\/de\/indonesian-cupid\/\" target=\"_blank\" rel=\"noopener\"><img loading=\"lazy\" decoding=\"async\" class=\"aligncenter size-large wp-image-7260\" src=\"https:\/\/afarangabroad.com\/wp-content\/uploads\/2016\/06\/Bali-Girls-1024x691.png\" sizes=\"(max-width: 600px) 100vw, 600px\" srcset=\"https:\/\/afarangabroad.com\/wp-content\/uploads\/2016\/06\/Bali-Girls-1024x691.png 1024w, https:\/\/afarangabroad.com\/wp-content\/uploads\/2016\/06\/Bali-Girls-300x202.png 300w, https:\/\/afarangabroad.com\/wp-content\/uploads\/2016\/06\/Bali-Girls-720x486.png 720w, https:\/\/afarangabroad.com\/wp-content\/uploads\/2016\/06\/Bali-Girls.png 1038w\" alt=\"Bali Girls\" width=\"600\" height=\"405\" \/><\/a><\/p>\n<p>Unter all den Inhalten, die die Welt hat, ist Asien in der Tat das Top-Land, wo man den Unterschied der einzelnen L\u00e4nder zu sehen, vor allem, wenn es um die verschiedenen Traditionen dieser L\u00e4nder haben, aber unter diesen 48 L\u00e4ndern in Asien, Indonesien ist wirklich einer von ihnen, die Sie als erste in Ihrem muss-besuchen-Liste setzen sollte.<\/p>\n<p>Indonesia is best known for their temples, monuments, volcanoes, and mountains but if you wanted to find more in this particular country then you shouldn\u2019t forget the beaches in Indonesia which is a must try ones you are in the country especially the beaches you can in the island of Bali, Indonesia.<\/p>\n<p>Bali ist eine kleine Insel in Indonesien, aber nicht, weil es eine Insel ist, dann k\u00f6nnen Sie diese Insel f\u00fcr hier zu verkleinern, k\u00f6nnen Sie die besten Str\u00e4nde in dem Land zu finden und abgesehen von den Str\u00e4nden, sie haben auch ihre Bali M\u00e4dchen und vor allem die Ladyboys in Bali, die absolut machen Ihren Urlaub in dieser Insel die beste ein.<\/p>\n<p>Ladyboys in Bali sind sicherlich sehr bekannt diejenigen, die alle sehr Experte und erfahren in geben Touristen und Ausl\u00e4nder eine tolle Zeit jedes Mal, wenn es auf der Insel sind. Wenn Sie denken, diese Ladyboys in Bali als nur einige Besitzt\u00fcmer f\u00fcr Sex und solche dann sind Sie absolut falsch.<\/p>\n<p>Verwandt:\u00a0<a href=\"https:\/\/afarangabroad.com\/de\/bali-hookers\/\" target=\"_blank\" rel=\"noopener\">Bali Nutten<\/a>\u00a0und wo man sie findet <a href=\"https:\/\/afarangabroad.com\/de\/jakarta-hookers\/\">Nutten in Jakarta<\/a>.<\/p>\n<p>Diese Ladyboys sind wirklich nicht nur zum Vergn\u00fcgen da, sondern sie sind auch gut darin, Sie zu begleiten, vor allem mit ihrer fr\u00f6hlichen und freundlichen Art, die die meisten Ausl\u00e4nder und Touristen suchen.<\/p>\n<h2><strong>Wo findet man Ladyboys auf Bali?<\/strong><\/h2>\n<p>There are actually a number of ways for a foreigner to find some ladyboys in Bali but if you wanted to them fast when you go and try to visit Seminyak\u2019s Dhyanapura area where you can find a number of ladyboy and gay bars spread all over the area.<\/p>","protected":false},"excerpt":{"rendered":"<p>In this article I&#8217;ll show you where to find\u00a0Ladyboys in Bali, the best bars and clubs to meet them on holiday. If you want to meet normal Bali women read here. Nowadays, holiday vacations are best spent if you are able to travel from one country to the other and if you are that person [&hellip;]<\/p>","protected":false},"author":2,"featured_media":8859,"parent":0,"menu_order":0,"comment_status":"open","ping_status":"closed","template":"","meta":{"_exactmetrics_skip_tracking":false,"_exactmetrics_sitenote_active":false,"_exactmetrics_sitenote_note":"","_exactmetrics_sitenote_category":0,"footnotes":""},"categories":[318],"tags":[],"class_list":["post-8858","page","type-page","status-publish","has-post-thumbnail","hentry","category-indonesia"],"yoast_head":"<!-- This site is optimized with the Yoast SEO plugin v20.1 - https:\/\/yoast.com\/wordpress\/plugins\/seo\/ -->\n<title>4 Places to Find Ladyboys in Bali - A Farang Abroad<\/title>\n<meta name=\"description\" content=\"In this article I&#039;ll show you where to find\u00a0Ladyboys in Bali, the best bars and clubs to meet them on your next holiday to Bali.\" \/>\n<meta name=\"robots\" content=\"index, follow, max-snippet:-1, max-image-preview:large, max-video-preview:-1\" \/>\n<link rel=\"canonical\" href=\"https:\/\/afarangabroad.com\/de\/ladyboys-bali\/\" \/>\n<meta property=\"og:locale\" content=\"de_DE\" \/>\n<meta property=\"og:type\" content=\"article\" \/>\n<meta property=\"og:title\" content=\"4 Places to Find Ladyboys in Bali - A Farang Abroad\" \/>\n<meta property=\"og:description\" content=\"In this article I&#039;ll show you where to find\u00a0Ladyboys in Bali, the best bars and clubs to meet them on your next holiday to Bali.\" \/>\n<meta property=\"og:url\" content=\"https:\/\/afarangabroad.com\/de\/ladyboys-bali\/\" \/>\n<meta property=\"og:site_name\" content=\"A Farang Abroad\" \/>\n<meta property=\"article:modified_time\" content=\"2019-01-06T06:28:38+00:00\" \/>\n<meta property=\"og:image\" content=\"https:\/\/afarangabroad.com\/wp-content\/uploads\/2017\/11\/ladyboys-in-bali.jpg\" \/>\n\t<meta property=\"og:image:width\" content=\"945\" \/>\n\t<meta property=\"og:image:height\" content=\"756\" \/>\n\t<meta property=\"og:image:type\" content=\"image\/jpeg\" \/>\n<meta name=\"twitter:label1\" content=\"Gesch\u00e4tzte Lesezeit\" \/>\n\t<meta name=\"twitter:data1\" content=\"8\u00a0Minuten\" \/>\n<script type=\"application\/ld+json\" class=\"yoast-schema-graph\">{\"@context\":\"https:\/\/schema.org\",\"@graph\":[{\"@type\":\"WebPage\",\"@id\":\"https:\/\/afarangabroad.com\/ladyboys-bali\/\",\"url\":\"https:\/\/afarangabroad.com\/ladyboys-bali\/\",\"name\":\"4 Places to Find Ladyboys in Bali - A Farang Abroad\",\"isPartOf\":{\"@id\":\"https:\/\/afarangabroad.com\/#website\"},\"datePublished\":\"2017-11-10T07:27:46+00:00\",\"dateModified\":\"2019-01-06T06:28:38+00:00\",\"description\":\"In this article I'll show you where to find\u00a0Ladyboys in Bali, the best bars and clubs to meet them on your next holiday to Bali.\",\"breadcrumb\":{\"@id\":\"https:\/\/afarangabroad.com\/ladyboys-bali\/#breadcrumb\"},\"inLanguage\":\"de\",\"potentialAction\":[{\"@type\":\"ReadAction\",\"target\":[\"https:\/\/afarangabroad.com\/ladyboys-bali\/\"]}]},{\"@type\":\"BreadcrumbList\",\"@id\":\"https:\/\/afarangabroad.com\/ladyboys-bali\/#breadcrumb\",\"itemListElement\":[{\"@type\":\"ListItem\",\"position\":1,\"name\":\"Home\",\"item\":\"https:\/\/afarangabroad.com\/\"},{\"@type\":\"ListItem\",\"position\":2,\"name\":\"4 Places to Find Ladyboys in Bali\"}]},{\"@type\":\"WebSite\",\"@id\":\"https:\/\/afarangabroad.com\/#website\",\"url\":\"https:\/\/afarangabroad.com\/\",\"name\":\"A Farang Abroad\",\"description\":\"Your secret guide to Asia&#039;s sexiest nightlife.\",\"potentialAction\":[{\"@type\":\"SearchAction\",\"target\":{\"@type\":\"EntryPoint\",\"urlTemplate\":\"https:\/\/afarangabroad.com\/?s={search_term_string}\"},\"query-input\":\"required name=search_term_string\"}],\"inLanguage\":\"de\"}]}<\/script>\n<!-- \/ Yoast SEO plugin. -->","yoast_head_json":{"title":"4 Places to Find Ladyboys in Bali - A Farang Abroad","description":"In this article I'll show you where to find\u00a0Ladyboys in Bali, the best bars and clubs to meet them on your next holiday to Bali.","robots":{"index":"index","follow":"follow","max-snippet":"max-snippet:-1","max-image-preview":"max-image-preview:large","max-video-preview":"max-video-preview:-1"},"canonical":"https:\/\/afarangabroad.com\/de\/ladyboys-bali\/","og_locale":"de_DE","og_type":"article","og_title":"4 Places to Find Ladyboys in Bali - A Farang Abroad","og_description":"In this article I'll show you where to find\u00a0Ladyboys in Bali, the best bars and clubs to meet them on your next holiday to Bali.","og_url":"https:\/\/afarangabroad.com\/de\/ladyboys-bali\/","og_site_name":"A Farang Abroad","article_modified_time":"2019-01-06T06:28:38+00:00","og_image":[{"width":945,"height":756,"url":"https:\/\/afarangabroad.com\/wp-content\/uploads\/2017\/11\/ladyboys-in-bali.jpg","type":"image\/jpeg"}],"twitter_misc":{"Gesch\u00e4tzte Lesezeit":"8\u00a0Minuten"},"schema":{"@context":"https:\/\/schema.org","@graph":[{"@type":"WebPage","@id":"https:\/\/afarangabroad.com\/ladyboys-bali\/","url":"https:\/\/afarangabroad.com\/ladyboys-bali\/","name":"4 Places to Find Ladyboys in Bali - A Farang Abroad","isPartOf":{"@id":"https:\/\/afarangabroad.com\/#website"},"datePublished":"2017-11-10T07:27:46+00:00","dateModified":"2019-01-06T06:28:38+00:00","description":"In this article I'll show you where to find\u00a0Ladyboys in Bali, the best bars and clubs to meet them on your next holiday to Bali.","breadcrumb":{"@id":"https:\/\/afarangabroad.com\/ladyboys-bali\/#breadcrumb"},"inLanguage":"de","potentialAction":[{"@type":"ReadAction","target":["https:\/\/afarangabroad.com\/ladyboys-bali\/"]}]},{"@type":"BreadcrumbList","@id":"https:\/\/afarangabroad.com\/ladyboys-bali\/#breadcrumb","itemListElement":[{"@type":"ListItem","position":1,"name":"Home","item":"https:\/\/afarangabroad.com\/"},{"@type":"ListItem","position":2,"name":"4 Places to Find Ladyboys in Bali"}]},{"@type":"WebSite","@id":"https:\/\/afarangabroad.com\/#website","url":"https:\/\/afarangabroad.com\/","name":"A Farang Abroad","description":"Your secret guide to Asia&#039;s sexiest nightlife.","potentialAction":[{"@type":"SearchAction","target":{"@type":"EntryPoint","urlTemplate":"https:\/\/afarangabroad.com\/?s={search_term_string}"},"query-input":"required name=search_term_string"}],"inLanguage":"de"}]}},"_links":{"self":[{"href":"https:\/\/afarangabroad.com\/de\/wp-json\/wp\/v2\/pages\/8858"}],"collection":[{"href":"https:\/\/afarangabroad.com\/de\/wp-json\/wp\/v2\/pages"}],"about":[{"href":"https:\/\/afarangabroad.com\/de\/wp-json\/wp\/v2\/types\/page"}],"author":[{"embeddable":true,"href":"https:\/\/afarangabroad.com\/de\/wp-json\/wp\/v2\/users\/2"}],"replies":[{"embeddable":true,"href":"https:\/\/afarangabroad.com\/de\/wp-json\/wp\/v2\/comments?post=8858"}],"version-history":[{"count":0,"href":"https:\/\/afarangabroad.com\/de\/wp-json\/wp\/v2\/pages\/8858\/revisions"}],"wp:featuredmedia":[{"embeddable":true,"href":"https:\/\/afarangabroad.com\/de\/wp-json\/wp\/v2\/media\/8859"}],"wp:attachment":[{"href":"https:\/\/afarangabroad.com\/de\/wp-json\/wp\/v2\/media?parent=8858"}],"wp:term":[{"taxonomy":"category","embeddable":true,"href":"https:\/\/afarangabroad.com\/de\/wp-json\/wp\/v2\/categories?post=8858"},{"taxonomy":"post_tag","embeddable":true,"href":"https:\/\/afarangabroad.com\/de\/wp-json\/wp\/v2\/tags?post=8858"}],"curies":[{"name":"wp","href":"https:\/\/api.w.org\/{rel}","templated":true}]}}