{"id":8878,"date":"2017-12-03T05:23:40","date_gmt":"2017-12-03T05:23:40","guid":{"rendered":"https:\/\/afarangabroad.com\/?page_id=8878"},"modified":"2024-10-11T20:56:36","modified_gmt":"2024-10-11T19:56:36","slug":"ladyboys-singapore","status":"publish","type":"page","link":"https:\/\/afarangabroad.com\/de\/ladyboys-singapur\/","title":{"rendered":"Wo man Ladyboys in Singapur findet"},"content":{"rendered":"<p>In this article you&#8217;ll learn where to find ladyboys in Singapore.<\/p>\n<p><span style=\"font-weight: 400;\">Singapore is indeed a beautiful city that is now being visited by foreigners and expats from all the countries of the world and that is all because of all the tourist attractions you can find in the city but what others didn\u2019t know is that Singapore has definitely two face<\/span><span style=\"font-weight: 400;\">s.<\/span><\/p>\n<p>Wenn Sie sich\u00a0<strong>Sex mit M\u00e4dchen in Singapur<\/strong>,\u00a0<a href=\"https:\/\/afarangabroad.com\/de\/singapore-dating\/\" target=\"_blank\" rel=\"noopener noreferrer\">diesen Artikel lesen<\/a>.<\/p>\n<p><span style=\"font-weight: 400;\">Die Stadt sieht zwar sehr kultiviert und fest aus, aber wenn die Sonne untergeht, verwandelt sich Singapur in eine Nachtleben-Szene, in der die Partyg\u00e4nger sicher eine tolle Zeit haben, wenn sie in den Clubs und Bars der Stadt ein paar Drinks trinken und sich den Arsch abtanzen.<\/span><\/p>\n<p><span style=\"font-weight: 400;\">Haben Sie schon einmal von den Ladyboys in Singapur geh\u00f6rt? Diese Ladyboys sind eigentlich die Homosexuell, Transgender, Shemales und alle anderen Namen, die Menschen nennen sie, dass Sie in den R\u00e4umlichkeiten von Singapur und auch in einigen anderen L\u00e4ndern in Asien zu finden.<\/span><\/p>\n<p><img loading=\"lazy\" decoding=\"async\" class=\"aligncenter size-full wp-image-8102\" src=\"https:\/\/afarangabroad.com\/wp-content\/uploads\/2017\/02\/31634140115_54b3826c9d_c.jpg\" alt=\"Singapur\" width=\"800\" height=\"450\" srcset=\"https:\/\/afarangabroad.com\/wp-content\/uploads\/2017\/02\/31634140115_54b3826c9d_c.jpg 800w, https:\/\/afarangabroad.com\/wp-content\/uploads\/2017\/02\/31634140115_54b3826c9d_c-300x169.jpg 300w, https:\/\/afarangabroad.com\/wp-content\/uploads\/2017\/02\/31634140115_54b3826c9d_c-768x432.jpg 768w, https:\/\/afarangabroad.com\/wp-content\/uploads\/2017\/02\/31634140115_54b3826c9d_c-720x405.jpg 720w\" sizes=\"(max-width: 800px) 100vw, 800px\" \/><\/p>\n<p><span style=\"font-weight: 400;\">If you are going to check on the countries in Asia, Thailand, Malaysia and the Philippines may be those countries in the continent with the highest number of Ladyboys but what others didn\u2019t know is that Singapore is also a place in Asia where you can surely find a number of Singapore ladyboys. <\/span><\/p>\n<p><span style=\"font-weight: 400;\">Obwohl einige es seltsam finden, Zeit mit diesen Singapur Ladyboys zu verbringen, gibt es auch viele Expats und Ausl\u00e4nder, die diese Ladyboys als gute Begleiter und nette Leute finden, mit denen man sich treffen kann. Wenn Sie mit einigen dieser Ladyboys abh\u00e4ngen, werden Sie sicherlich eine tolle Zeit haben, vor allem mit ihrer lebhaften Einstellung, die jeder liebt.<\/span><\/p>\n<p><span style=\"font-weight: 400;\">Abgesehen davon, dass diese Singapur Ladyboys als Begleiter, sie sind auch eine gro\u00dfe Entertainer und Sie k\u00f6nnen zustimmen, dass man in der Lage sind, zu besuchen und versuchen, diese Live-Shows diese Singapur Ladyboys tun in einigen Bars und Theatern in der Stadt.<\/span><\/p>\n<h2><b>Wo kann man Singapur Ladyboys finden?<\/b><\/h2>\n<h2><b>Online-Dating-Seiten<\/b><\/h2>\n<p><span style=\"font-weight: 400;\">Nun, bevor wir zu den Orten in Singapur gehen, wo Sie eine Menge Singapur Damen finden k\u00f6nnen, sollten Sie zun\u00e4chst wissen, dass Sie auch diese Online-Dating-Seiten nutzen k\u00f6nnen, wenn Sie wirklich einige Singapur Ladyboys finden wollten.<\/span><\/p>\n<p><span style=\"font-weight: 400;\">Durch diese Online-Dating-Seiten k\u00f6nnen Sie leicht mit vielen Singapur Ladyboys auf einmal und wenn Sie bereits in der Stadt sind, k\u00f6nnen Sie eine von ihnen Nachricht und haben sie zu Ihrem Hotelzimmer kommen und weil die meisten der Ladyboys mit diesen Online-Dating-Seiten f\u00fcr Spa\u00df, k\u00f6nnen Sie Gl\u00fcck haben und haben Sex mit einem hei\u00dfen Singapur Ladyboy kostenlos.<\/span><\/p>","protected":false},"excerpt":{"rendered":"<p>In this article you&#8217;ll learn where to find ladyboys in Singapore. Singapore is indeed a beautiful city that is now being visited by foreigners and expats from all the countries of the world and that is all because of all the tourist attractions you can find in the city but what others didn\u2019t know is [&hellip;]<\/p>","protected":false},"author":2,"featured_media":8880,"parent":0,"menu_order":0,"comment_status":"open","ping_status":"closed","template":"","meta":{"_exactmetrics_skip_tracking":false,"_exactmetrics_sitenote_active":false,"_exactmetrics_sitenote_note":"","_exactmetrics_sitenote_category":0,"footnotes":""},"categories":[327],"tags":[],"class_list":["post-8878","page","type-page","status-publish","has-post-thumbnail","hentry","category-singapore"],"yoast_head":"<!-- This site is optimized with the Yoast SEO plugin v20.1 - https:\/\/yoast.com\/wordpress\/plugins\/seo\/ -->\n<title>Where to find Ladyboys in Singapore - A Farang Abroad<\/title>\n<meta name=\"description\" content=\"In this article you&#039;ll learn where to find ladyboys in Singapore. I&#039;ll show you the best places to meet Singapore ladyboys for your next trip.\" \/>\n<meta name=\"robots\" content=\"index, follow, max-snippet:-1, max-image-preview:large, max-video-preview:-1\" \/>\n<link rel=\"canonical\" href=\"https:\/\/afarangabroad.com\/de\/ladyboys-singapur\/\" \/>\n<meta property=\"og:locale\" content=\"de_DE\" \/>\n<meta property=\"og:type\" content=\"article\" \/>\n<meta property=\"og:title\" content=\"Where to find Ladyboys in Singapore - A Farang Abroad\" \/>\n<meta property=\"og:description\" content=\"In this article you&#039;ll learn where to find ladyboys in Singapore. I&#039;ll show you the best places to meet Singapore ladyboys for your next trip.\" \/>\n<meta property=\"og:url\" content=\"https:\/\/afarangabroad.com\/de\/ladyboys-singapur\/\" \/>\n<meta property=\"og:site_name\" content=\"A Farang Abroad\" \/>\n<meta property=\"article:modified_time\" content=\"2024-10-11T19:56:36+00:00\" \/>\n<meta property=\"og:image\" content=\"https:\/\/afarangabroad.com\/wp-content\/uploads\/2017\/12\/singapore-ladyboys.jpg\" \/>\n\t<meta property=\"og:image:width\" content=\"640\" \/>\n\t<meta property=\"og:image:height\" content=\"320\" \/>\n\t<meta property=\"og:image:type\" content=\"image\/jpeg\" \/>\n<meta name=\"twitter:label1\" content=\"Gesch\u00e4tzte Lesezeit\" \/>\n\t<meta name=\"twitter:data1\" content=\"16\u00a0Minuten\" \/>\n<script type=\"application\/ld+json\" class=\"yoast-schema-graph\">{\"@context\":\"https:\/\/schema.org\",\"@graph\":[{\"@type\":\"WebPage\",\"@id\":\"https:\/\/afarangabroad.com\/ladyboys-singapore\/\",\"url\":\"https:\/\/afarangabroad.com\/ladyboys-singapore\/\",\"name\":\"Where to find Ladyboys in Singapore - A Farang Abroad\",\"isPartOf\":{\"@id\":\"https:\/\/afarangabroad.com\/#website\"},\"datePublished\":\"2017-12-03T05:23:40+00:00\",\"dateModified\":\"2024-10-11T19:56:36+00:00\",\"description\":\"In this article you'll learn where to find ladyboys in Singapore. I'll show you the best places to meet Singapore ladyboys for your next trip.\",\"breadcrumb\":{\"@id\":\"https:\/\/afarangabroad.com\/ladyboys-singapore\/#breadcrumb\"},\"inLanguage\":\"de\",\"potentialAction\":[{\"@type\":\"ReadAction\",\"target\":[\"https:\/\/afarangabroad.com\/ladyboys-singapore\/\"]}]},{\"@type\":\"BreadcrumbList\",\"@id\":\"https:\/\/afarangabroad.com\/ladyboys-singapore\/#breadcrumb\",\"itemListElement\":[{\"@type\":\"ListItem\",\"position\":1,\"name\":\"Home\",\"item\":\"https:\/\/afarangabroad.com\/\"},{\"@type\":\"ListItem\",\"position\":2,\"name\":\"Where to find Ladyboys in Singapore\"}]},{\"@type\":\"WebSite\",\"@id\":\"https:\/\/afarangabroad.com\/#website\",\"url\":\"https:\/\/afarangabroad.com\/\",\"name\":\"A Farang Abroad\",\"description\":\"Your secret guide to Asia&#039;s sexiest nightlife.\",\"potentialAction\":[{\"@type\":\"SearchAction\",\"target\":{\"@type\":\"EntryPoint\",\"urlTemplate\":\"https:\/\/afarangabroad.com\/?s={search_term_string}\"},\"query-input\":\"required name=search_term_string\"}],\"inLanguage\":\"de\"}]}<\/script>\n<!-- \/ Yoast SEO plugin. -->","yoast_head_json":{"title":"Where to find Ladyboys in Singapore - A Farang Abroad","description":"In this article you'll learn where to find ladyboys in Singapore. I'll show you the best places to meet Singapore ladyboys for your next trip.","robots":{"index":"index","follow":"follow","max-snippet":"max-snippet:-1","max-image-preview":"max-image-preview:large","max-video-preview":"max-video-preview:-1"},"canonical":"https:\/\/afarangabroad.com\/de\/ladyboys-singapur\/","og_locale":"de_DE","og_type":"article","og_title":"Where to find Ladyboys in Singapore - A Farang Abroad","og_description":"In this article you'll learn where to find ladyboys in Singapore. I'll show you the best places to meet Singapore ladyboys for your next trip.","og_url":"https:\/\/afarangabroad.com\/de\/ladyboys-singapur\/","og_site_name":"A Farang Abroad","article_modified_time":"2024-10-11T19:56:36+00:00","og_image":[{"width":640,"height":320,"url":"https:\/\/afarangabroad.com\/wp-content\/uploads\/2017\/12\/singapore-ladyboys.jpg","type":"image\/jpeg"}],"twitter_misc":{"Gesch\u00e4tzte Lesezeit":"16\u00a0Minuten"},"schema":{"@context":"https:\/\/schema.org","@graph":[{"@type":"WebPage","@id":"https:\/\/afarangabroad.com\/ladyboys-singapore\/","url":"https:\/\/afarangabroad.com\/ladyboys-singapore\/","name":"Where to find Ladyboys in Singapore - A Farang Abroad","isPartOf":{"@id":"https:\/\/afarangabroad.com\/#website"},"datePublished":"2017-12-03T05:23:40+00:00","dateModified":"2024-10-11T19:56:36+00:00","description":"In this article you'll learn where to find ladyboys in Singapore. I'll show you the best places to meet Singapore ladyboys for your next trip.","breadcrumb":{"@id":"https:\/\/afarangabroad.com\/ladyboys-singapore\/#breadcrumb"},"inLanguage":"de","potentialAction":[{"@type":"ReadAction","target":["https:\/\/afarangabroad.com\/ladyboys-singapore\/"]}]},{"@type":"BreadcrumbList","@id":"https:\/\/afarangabroad.com\/ladyboys-singapore\/#breadcrumb","itemListElement":[{"@type":"ListItem","position":1,"name":"Home","item":"https:\/\/afarangabroad.com\/"},{"@type":"ListItem","position":2,"name":"Where to find Ladyboys in Singapore"}]},{"@type":"WebSite","@id":"https:\/\/afarangabroad.com\/#website","url":"https:\/\/afarangabroad.com\/","name":"A Farang Abroad","description":"Your secret guide to Asia&#039;s sexiest nightlife.","potentialAction":[{"@type":"SearchAction","target":{"@type":"EntryPoint","urlTemplate":"https:\/\/afarangabroad.com\/?s={search_term_string}"},"query-input":"required name=search_term_string"}],"inLanguage":"de"}]}},"_links":{"self":[{"href":"https:\/\/afarangabroad.com\/de\/wp-json\/wp\/v2\/pages\/8878"}],"collection":[{"href":"https:\/\/afarangabroad.com\/de\/wp-json\/wp\/v2\/pages"}],"about":[{"href":"https:\/\/afarangabroad.com\/de\/wp-json\/wp\/v2\/types\/page"}],"author":[{"embeddable":true,"href":"https:\/\/afarangabroad.com\/de\/wp-json\/wp\/v2\/users\/2"}],"replies":[{"embeddable":true,"href":"https:\/\/afarangabroad.com\/de\/wp-json\/wp\/v2\/comments?post=8878"}],"version-history":[{"count":6,"href":"https:\/\/afarangabroad.com\/de\/wp-json\/wp\/v2\/pages\/8878\/revisions"}],"predecessor-version":[{"id":513609,"href":"https:\/\/afarangabroad.com\/de\/wp-json\/wp\/v2\/pages\/8878\/revisions\/513609"}],"wp:featuredmedia":[{"embeddable":true,"href":"https:\/\/afarangabroad.com\/de\/wp-json\/wp\/v2\/media\/8880"}],"wp:attachment":[{"href":"https:\/\/afarangabroad.com\/de\/wp-json\/wp\/v2\/media?parent=8878"}],"wp:term":[{"taxonomy":"category","embeddable":true,"href":"https:\/\/afarangabroad.com\/de\/wp-json\/wp\/v2\/categories?post=8878"},{"taxonomy":"post_tag","embeddable":true,"href":"https:\/\/afarangabroad.com\/de\/wp-json\/wp\/v2\/tags?post=8878"}],"curies":[{"name":"wp","href":"https:\/\/api.w.org\/{rel}","templated":true}]}}